{"id":15666,"date":"2024-04-30T11:30:38","date_gmt":"2024-04-30T09:30:38","guid":{"rendered":"https:\/\/www.anglet-tourisme.com\/willkommen-in-anglet\/"},"modified":"2025-04-15T11:28:40","modified_gmt":"2025-04-15T09:28:40","slug":"willkommen-in-anglet","status":"publish","type":"page","link":"https:\/\/www.anglet-tourisme.com\/de\/willkommen-in-anglet\/","title":{"rendered":"Willkommen in Anglet"},"content":{"rendered":"\n<div class=\"wp-block-columns is-layout-flex wp-container-core-columns-is-layout-9d6595d7 wp-block-columns-is-layout-flex\">\n<div class=\"wp-block-column is-layout-flow wp-block-column-is-layout-flow\" style=\"flex-basis:33.33%\"><div class=\"highlight-bloc-container \" id=\"ts-block-65368af54ee28\"  >\n\t<div class=\"highlight-bloc-content\">\n\t\t<div class=\"acf-innerblocks-container\">\n\n<h1 class=\"wp-block-heading suptitle\">Anglet, ein Horizont voller Emotionen<\/h1>\n\n<\/div>\t<\/div>\n<\/div>\n<\/div>\n\n\n\n<div class=\"wp-block-column is-layout-flow wp-block-column-is-layout-flow\" style=\"flex-basis:66.66%\">\n<p>Anglet ist Teil der baskischen Provinz Labourd (Das Baskenland hat 7 Provinzen, 3 auf der franz\u00f6sischen und 4 auf der spanischen Seite).<\/p>\n\n\n\n<p>Anglet liegt zwischen dem historischen Bayonne und dem kosmopolitischen Biarritz und stellt ein perfektes Gleichgewicht zwischen gesch\u00fctzter Natur und st\u00e4dtischer Dynamik dar. 4,5 Kilometer K\u00fcste, 230 Hektar Wald, ein gesch\u00fctzter Naturpark, die drittgr\u00f6\u00dfte Stadt der Pyr\u00e9n\u00e9es-Atlantiques gibt sich nicht mit ihren fabelhaften nat\u00fcrlichen Attributen zufrieden. <\/p>\n\n\n\n<p>Anglet ist ein ganzj\u00e4hriges Reiseziel, das eine einzigartige Mischung aus Kultur, Gastronomie, Sport- und Freizeitaktivit\u00e4ten bietet.<\/p>\n<\/div>\n<\/div>\n\n\n\n<div style=\"height:80px\" aria-hidden=\"true\" class=\"wp-block-spacer\"><\/div>\n\n\n\n<div class=\"wp-block-media-text is-stacked-on-mobile is-image-fill-element\"><figure class=\"wp-block-media-text__media\"><img loading=\"lazy\" decoding=\"async\" width=\"1024\" height=\"683\" src=\"https:\/\/www.anglet-tourisme.com\/wp-content\/uploads\/2024\/05\/Balade-en-foret-Anglet__RIB7761_\u00a9RiBLANC-1024x683.jpg\" alt=\"\" class=\"wp-image-1190 size-full\" style=\"object-position:50% 50%\" srcset=\"https:\/\/www.anglet-tourisme.com\/wp-content\/uploads\/2024\/05\/Balade-en-foret-Anglet__RIB7761_\u00a9RiBLANC-1024x683.jpg 1024w, https:\/\/www.anglet-tourisme.com\/wp-content\/uploads\/2024\/05\/Balade-en-foret-Anglet__RIB7761_\u00a9RiBLANC-800x534.jpg 800w, https:\/\/www.anglet-tourisme.com\/wp-content\/uploads\/2024\/05\/Balade-en-foret-Anglet__RIB7761_\u00a9RiBLANC-768x512.jpg 768w, https:\/\/www.anglet-tourisme.com\/wp-content\/uploads\/2024\/05\/Balade-en-foret-Anglet__RIB7761_\u00a9RiBLANC-1536x1025.jpg 1536w, https:\/\/www.anglet-tourisme.com\/wp-content\/uploads\/2024\/05\/Balade-en-foret-Anglet__RIB7761_\u00a9RiBLANC.jpg 2000w\" sizes=\"auto, (max-width: 1024px) 100vw, 1024px\" \/><\/figure><div class=\"wp-block-media-text__content\">\n<h2 class=\"wp-block-heading\">Brief z\u00e4hlt doppelt<\/h2>\n\n\n\n<p>Anglet&#8230; Allein die Aussprache gibt Ihnen schon einen Kick. Vergessen Sie nicht, Anglet zu sagen, wenn Sie das &#8218;T&#8216; nicht vergessen, das im Mund wie die Pelota auf dem Giebel knallt. Das baskische Wort Angelu wird &#8222;angu\u00e9lou&#8220; genannt, eine Information, die Ihnen beim Lesen von Verkehrsschildern oder beim Fragen nach dem Weg n\u00fctzlich sein kann.  <\/p>\n\n\n\n<p>Hier werden einige Egun on (Guten Tag auf Baskisch) und andere Adiou (Guten Tag auf Gaskognisch) sagen, denn ja, es ist nicht nur der Buchstabe, der doppelt z\u00e4hlt, sondern auch die Identit\u00e4t als Baske und Gascogner. Das Motto der Stadt erinnert uns daran: &#8222;Ma e pignada per m&#8217;aida&#8220;, was auf Gaskonisch &#8222;Das Meer und der Pinienwald, um mir zu helfen&#8220; bedeutet. <\/p>\n\n\n\n<div style=\"height:40px\" aria-hidden=\"true\" class=\"wp-block-spacer\"><\/div>\n\n\n\n<h2 class=\"wp-block-heading\">Anglet 4 Jahreszeiten<\/h2>\n\n\n\n<p>Anglet, die gr\u00fcne Lunge eines dynamischen Ballungsraums, liegt zwischen Ozean, Land und Wald und erstreckt sich \u00fcber eine gro\u00dfe Fl\u00e4che mit all ihrer Vielfalt. Hier kann man das ganze Jahr \u00fcber die Seeluft einatmen, die Sonne auf der Terrasse genie\u00dfen oder sich im Schatten der Kiefern erfrischen. <\/p>\n\n\n\n<div style=\"height:40px\" aria-hidden=\"true\" class=\"wp-block-spacer\"><\/div>\n\n\n\n<div class=\"wp-block-buttons is-layout-flex wp-block-buttons-is-layout-flex\">\n<div class=\"wp-block-button is-style-outline is-style-outline--1\"><a class=\"wp-block-button__link wp-element-button\" href=\"https:\/\/www.anglet-tourisme.com\/de\/anglet-4-jahreszeiten\/\">Anglet das ganze Jahr \u00fcber<\/a><\/div>\n<\/div>\n<\/div><\/div>\n\n\n\n<div style=\"height:80px\" aria-hidden=\"true\" class=\"wp-block-spacer\"><\/div>\n\n\n\n<div class=\"wp-block-media-text has-media-on-the-right is-stacked-on-mobile is-image-fill-element\"><div class=\"wp-block-media-text__content\">\n<h2 class=\"wp-block-heading\">Vom Garten der Aristokratie&#8230;<\/h2>\n\n\n\n<p>Im 19. Jahrhundert str\u00f6mte die europ\u00e4ische Aristokratie unter Napoleon III. und Eug\u00e9nie zusammen. Die Goldenen Zwanziger Jahre sind in Anglet in vollem Gange. <\/p>\n\n\n\n<p>Die Spuren dieser Zeit finden sich in den architektonischen Juwelen (Villen Suzanna, Sofia, Prinkipo&#8230;), ebenso wie der Golfplatz von Chiberta, der in den 1920er Jahren vom Herzog von Windsor in Auftrag gegeben wurde.<\/p>\n\n\n\n<div style=\"height:40px\" aria-hidden=\"true\" class=\"wp-block-spacer\"><\/div>\n\n\n\n<div class=\"wp-block-buttons is-layout-flex wp-block-buttons-is-layout-flex\">\n<div class=\"wp-block-button is-style-outline is-style-outline--2\"><a class=\"wp-block-button__link wp-element-button\" href=\"https:\/\/www.anglet-tourisme.com\/de\/die-geschichte-von-anglet\/\">Entdecken Sie die Geschichte von Anglet<\/a><\/div>\n<\/div>\n\n\n\n<div style=\"height:40px\" aria-hidden=\"true\" class=\"wp-block-spacer\"><\/div>\n\n\n\n<h2 class=\"wp-block-heading\">&#8230; In Klein-Kalifornien<\/h2>\n\n\n\n<p>Anglet, das wegen seiner Lebensart, seiner Lebensart und seiner Wintersportkultur auch das kleine Kalifornien Frankreichs genannt wird, bietet ein ideales Terrain f\u00fcr Outdoor-Aktivit\u00e4ten: Schwimmen, Thalassotherapie, Surfen, K\u00fcstenrettung, Skaten, Yoga, Golf, Radfahren, Baumklettern, Beachvolleyball, Beachrugby, Reiten, Pelota Basque&#8230; F\u00fcr Spazierg\u00e4nger und Jogger sind die zahlreichen gr\u00fcnen Wege in den W\u00e4ldern von Lazaret und Pignada und die Promenade Littorale ein idealer Rahmen f\u00fcr die Aus\u00fcbung von Sport.<\/p>\n\n\n\n<div style=\"height:40px\" aria-hidden=\"true\" class=\"wp-block-spacer\"><\/div>\n\n\n\n<div class=\"wp-block-buttons is-layout-flex wp-block-buttons-is-layout-flex\">\n<div class=\"wp-block-button is-style-outline is-style-outline--3\"><a class=\"wp-block-button__link wp-element-button\" href=\"https:\/\/www.anglet-tourisme.com\/de\/bewegung-in-anglet\/aktivitaeten\/\">W\u00e4hlen Sie Ihre Aktivit\u00e4t<\/a><\/div>\n<\/div>\n<\/div><figure class=\"wp-block-media-text__media\"><img loading=\"lazy\" decoding=\"async\" width=\"1024\" height=\"683\" src=\"https:\/\/www.anglet-tourisme.com\/wp-content\/uploads\/2024\/05\/Stand-up-Paddle-Rainbow-I-Love-Anglet__RIB2462_\u00a9RiBLANC-1024x683.jpg\" alt=\"\" class=\"wp-image-1208 size-full\" style=\"object-position:50% 50%\" srcset=\"https:\/\/www.anglet-tourisme.com\/wp-content\/uploads\/2024\/05\/Stand-up-Paddle-Rainbow-I-Love-Anglet__RIB2462_\u00a9RiBLANC-1024x683.jpg 1024w, https:\/\/www.anglet-tourisme.com\/wp-content\/uploads\/2024\/05\/Stand-up-Paddle-Rainbow-I-Love-Anglet__RIB2462_\u00a9RiBLANC-800x534.jpg 800w, https:\/\/www.anglet-tourisme.com\/wp-content\/uploads\/2024\/05\/Stand-up-Paddle-Rainbow-I-Love-Anglet__RIB2462_\u00a9RiBLANC-768x512.jpg 768w, https:\/\/www.anglet-tourisme.com\/wp-content\/uploads\/2024\/05\/Stand-up-Paddle-Rainbow-I-Love-Anglet__RIB2462_\u00a9RiBLANC-1536x1025.jpg 1536w, https:\/\/www.anglet-tourisme.com\/wp-content\/uploads\/2024\/05\/Stand-up-Paddle-Rainbow-I-Love-Anglet__RIB2462_\u00a9RiBLANC.jpg 2000w\" sizes=\"auto, (max-width: 1024px) 100vw, 1024px\" \/><\/figure><\/div>\n\n\n\n<div style=\"height:80px\" aria-hidden=\"true\" class=\"wp-block-spacer\"><\/div>\n\n\n\n<div class=\"wp-block-media-text is-stacked-on-mobile is-image-fill-element\"><figure class=\"wp-block-media-text__media\"><img loading=\"lazy\" decoding=\"async\" width=\"1024\" height=\"682\" src=\"https:\/\/www.anglet-tourisme.com\/wp-content\/uploads\/2024\/05\/Tibz-Nocturne-de-la-Chambre-d_Amour-Anglet_1RIB5269_\u00a9RiBLANC-1024x682.jpg\" alt=\"\" class=\"wp-image-1225 size-full\" style=\"object-position:50% 50%\" srcset=\"https:\/\/www.anglet-tourisme.com\/wp-content\/uploads\/2024\/05\/Tibz-Nocturne-de-la-Chambre-d_Amour-Anglet_1RIB5269_\u00a9RiBLANC-1024x682.jpg 1024w, https:\/\/www.anglet-tourisme.com\/wp-content\/uploads\/2024\/05\/Tibz-Nocturne-de-la-Chambre-d_Amour-Anglet_1RIB5269_\u00a9RiBLANC-800x533.jpg 800w, https:\/\/www.anglet-tourisme.com\/wp-content\/uploads\/2024\/05\/Tibz-Nocturne-de-la-Chambre-d_Amour-Anglet_1RIB5269_\u00a9RiBLANC-768x512.jpg 768w, https:\/\/www.anglet-tourisme.com\/wp-content\/uploads\/2024\/05\/Tibz-Nocturne-de-la-Chambre-d_Amour-Anglet_1RIB5269_\u00a9RiBLANC-1536x1024.jpg 1536w, https:\/\/www.anglet-tourisme.com\/wp-content\/uploads\/2024\/05\/Tibz-Nocturne-de-la-Chambre-d_Amour-Anglet_1RIB5269_\u00a9RiBLANC.jpg 2000w\" sizes=\"auto, (max-width: 1024px) 100vw, 1024px\" \/><\/figure><div class=\"wp-block-media-text__content\">\n<h2 class=\"wp-block-heading\">Ein inklusives Reiseziel<\/h2>\n\n\n\n<p>Neben der Blauen Flagge (Garant f\u00fcr gute Wasserqualit\u00e4t) hat der Strand der kleinen Chambre d&#8217;Amour auch das Label Handiplage erhalten. Hier gibt es eine Reihe von Einrichtungen, die es Menschen mit Behinderungen erm\u00f6glichen, das Baden in aller Sicherheit zu genie\u00dfen. Dieser Strand ist auch als rauchfreier Strand ausgezeichnet.  <\/p>\n\n\n\n<div style=\"height:40px\" aria-hidden=\"true\" class=\"wp-block-spacer\"><\/div>\n\n\n\n<div class=\"wp-block-buttons is-layout-flex wp-block-buttons-is-layout-flex\">\n<div class=\"wp-block-button is-style-outline is-style-outline--4\"><a class=\"wp-block-button__link wp-element-button\" href=\"https:\/\/www.anglet-tourisme.com\/de\/straende-gebrauchsanweisung\/\">Mehr \u00fcber die Str\u00e4nde<\/a><\/div>\n<\/div>\n\n\n\n<div style=\"height:40px\" aria-hidden=\"true\" class=\"wp-block-spacer\"><\/div>\n\n\n\n<h2 class=\"wp-block-heading\">Veranstaltungen f\u00fcr alle<\/h2>\n\n\n\n<p>Ausstellungen, Festivals, Konzerte&#8230; das ganze Jahr \u00fcber werden H\u00f6hepunkte organisiert. Ein breites Spektrum an sportlichen und kulturellen Veranstaltungen bestimmt den Terminkalender der Stadt: Festivals (Kino, Musik), kostenlose Konzerte, Theater, Sportwettk\u00e4mpfe (Surfen, Beach Rugby, Beach Volleyball, Skateboard, Pelote Basque&#8230;), traditionelle Feste (baskischer Karneval, Olentzero&#8230;) &#8211; in Anglet ist immer was los. <\/p>\n\n\n\n<div style=\"height:40px\" aria-hidden=\"true\" class=\"wp-block-spacer\"><\/div>\n\n\n\n<div class=\"wp-block-buttons is-layout-flex wp-block-buttons-is-layout-flex\">\n<div class=\"wp-block-button is-style-outline is-style-outline--5\"><a class=\"wp-block-button__link wp-element-button\" href=\"https:\/\/www.anglet-tourisme.com\/de\/hoehepunkte-in-anglet\/\">Entdecken Sie die Highlights, die Sie in Anglet nicht verpassen d\u00fcrfen<\/a><\/div>\n<\/div>\n<\/div><\/div>\n\n\n\n<div style=\"height:80px\" aria-hidden=\"true\" class=\"wp-block-spacer\"><\/div>\n\n\n\n<div class=\"wp-block-media-text has-media-on-the-right is-stacked-on-mobile is-image-fill-element\"><div class=\"wp-block-media-text__content\">\n<h2 class=\"wp-block-heading\">Die Wahl der zeitgen\u00f6ssischen Kunst<\/h2>\n\n\n\n<p>Im kulturellen Bereich hat sich die Stadt auf eine gewagte Wette eingelassen, die der zeitgen\u00f6ssischen Kunst. Seit zwei Jahrzehnten kommen gro\u00dfe Namen der internationalen Kunstszene nach Anglet (Daniel Buren, Tadashi Kawamata&#8230;). Diese Entscheidung wird alle zwei Jahre mit La Littorale, einer Biennale f\u00fcr zeitgen\u00f6ssische Kunst, au\u00dferhalb der Stadtmauern getroffen.  <\/p>\n\n\n\n<div style=\"height:40px\" aria-hidden=\"true\" class=\"wp-block-spacer\"><\/div>\n\n\n\n<div class=\"wp-block-buttons is-layout-flex wp-block-buttons-is-layout-flex\">\n<div class=\"wp-block-button is-style-outline is-style-outline--6\"><a class=\"wp-block-button__link wp-element-button\" href=\"https:\/\/www.anglet-tourisme.com\/de\/kultur-besichtigungen-und-ausstellungen\/\">Weitere Informationen<\/a><\/div>\n<\/div>\n\n\n\n<div style=\"height:40px\" aria-hidden=\"true\" class=\"wp-block-spacer\"><\/div>\n\n\n\n<h2 class=\"wp-block-heading\">Und des lebendigen Erbes<\/h2>\n\n\n\n<p>Anglet ist eine Talentschmiede des lokalen Handwerks, in der traditionelle Fertigkeiten in H\u00fclle und F\u00fclle vorhanden sind. Hier werden Leder, Erde, Eisen, Holz, Glas, Weide&#8230; mit Fachkenntnissen verarbeitet, die oft von Generation zu Generation weitergegeben werden. Institutionen wie die Chistera-Fabrik Gonzalez oder die Serres Horticoles Mendi, der Garten f\u00fcr alle, f\u00fchren diese Traditionen mit Leidenschaft fort.  <\/p>\n\n\n\n<p>Einige Kunsthandwerker teilen ihr K\u00f6nnen auch in Workshops, die f\u00fcr alle offen sind. Diese einzigartigen Erlebnisse bieten die M\u00f6glichkeit, lokale Handwerkstechniken zu entdecken und zu erlernen, w\u00e4hrend Sie in die kreative und freundliche Atmosph\u00e4re von Anglet eintauchen. <\/p>\n\n\n\n<div style=\"height:40px\" aria-hidden=\"true\" class=\"wp-block-spacer\"><\/div>\n\n\n\n<div class=\"wp-block-buttons is-layout-flex wp-block-buttons-is-layout-flex\">\n<div class=\"wp-block-button is-style-outline is-style-outline--7\"><a class=\"wp-block-button__link wp-element-button\" href=\"https:\/\/www.anglet-tourisme.com\/de\/know-how\/\">Lernen Sie unsere leidenschaftlichen Handwerker kennen<\/a><\/div>\n<\/div>\n\n\n\n<div style=\"height:40px\" aria-hidden=\"true\" class=\"wp-block-spacer\"><\/div>\n<\/div><figure class=\"wp-block-media-text__media\"><img loading=\"lazy\" decoding=\"async\" width=\"1024\" height=\"683\" src=\"https:\/\/www.anglet-tourisme.com\/wp-content\/uploads\/2024\/05\/Maison-Gonzales-Anglet__RIB1617_\u00a9RiBLANC-1024x683.jpg\" alt=\"\" class=\"wp-image-1236 size-full\" style=\"object-position:50% 50%\" srcset=\"https:\/\/www.anglet-tourisme.com\/wp-content\/uploads\/2024\/05\/Maison-Gonzales-Anglet__RIB1617_\u00a9RiBLANC-1024x683.jpg 1024w, https:\/\/www.anglet-tourisme.com\/wp-content\/uploads\/2024\/05\/Maison-Gonzales-Anglet__RIB1617_\u00a9RiBLANC-800x534.jpg 800w, https:\/\/www.anglet-tourisme.com\/wp-content\/uploads\/2024\/05\/Maison-Gonzales-Anglet__RIB1617_\u00a9RiBLANC-768x512.jpg 768w, https:\/\/www.anglet-tourisme.com\/wp-content\/uploads\/2024\/05\/Maison-Gonzales-Anglet__RIB1617_\u00a9RiBLANC-1536x1025.jpg 1536w, https:\/\/www.anglet-tourisme.com\/wp-content\/uploads\/2024\/05\/Maison-Gonzales-Anglet__RIB1617_\u00a9RiBLANC.jpg 2000w\" sizes=\"auto, (max-width: 1024px) 100vw, 1024px\" \/><\/figure><\/div>\n\n\n\n<div style=\"height:80px\" aria-hidden=\"true\" class=\"wp-block-spacer\"><\/div>\n\n\n\n<div class=\"wp-block-media-text is-stacked-on-mobile is-image-fill-element\"><figure class=\"wp-block-media-text__media\"><img loading=\"lazy\" decoding=\"async\" width=\"1024\" height=\"683\" src=\"https:\/\/www.anglet-tourisme.com\/wp-content\/uploads\/2024\/05\/Le-Sunset-La-Marinella-Anglet__RIB9723_\u00a9RiBLANC-1024x683.jpg\" alt=\"\" class=\"wp-image-1244 size-full\" style=\"object-position:50% 50%\" srcset=\"https:\/\/www.anglet-tourisme.com\/wp-content\/uploads\/2024\/05\/Le-Sunset-La-Marinella-Anglet__RIB9723_\u00a9RiBLANC-1024x683.jpg 1024w, https:\/\/www.anglet-tourisme.com\/wp-content\/uploads\/2024\/05\/Le-Sunset-La-Marinella-Anglet__RIB9723_\u00a9RiBLANC-800x534.jpg 800w, https:\/\/www.anglet-tourisme.com\/wp-content\/uploads\/2024\/05\/Le-Sunset-La-Marinella-Anglet__RIB9723_\u00a9RiBLANC-768x512.jpg 768w, https:\/\/www.anglet-tourisme.com\/wp-content\/uploads\/2024\/05\/Le-Sunset-La-Marinella-Anglet__RIB9723_\u00a9RiBLANC-1536x1025.jpg 1536w, https:\/\/www.anglet-tourisme.com\/wp-content\/uploads\/2024\/05\/Le-Sunset-La-Marinella-Anglet__RIB9723_\u00a9RiBLANC.jpg 2000w\" sizes=\"auto, (max-width: 1024px) 100vw, 1024px\" \/><\/figure><div class=\"wp-block-media-text__content\">\n<h2 class=\"wp-block-heading\">Ein Gourmet-Ziel<\/h2>\n\n\n\n<p>In diesem einzigartigen Gebiet w\u00e4chst der Piment d&#8217;Anglet (gr\u00fcn und s\u00fc\u00df). Dieses Gem\u00fcse wird in typischen Gerichten wie Piperade, Chipirons \u00e0 la plancha oder H\u00fchnchen Basquaise verwendet und ist ein echter Stolz der Stadt. <\/p>\n\n\n\n<p>Andere Spezialit\u00e4ten, die Sie probieren sollten, sind der ber\u00fchmte baskische Kuchen, das k\u00f6stliche hausgemachte Eis oder die unumg\u00e4ngliche Krakada. F\u00fcr Feinschmecker, die gerne frisch, lokal und saisonal essen m\u00f6chten, empfehlen wir den March\u00e9 de Quintaou und die Halles 5 Cantons. <\/p>\n\n\n\n<p>Ein weiterer Stolz sind die Strandh\u00fctten, die die K\u00fcstenpromenade s\u00e4umen und zu einer Pause einladen. Sie sind ein Symbol f\u00fcr Geselligkeit und ab April (bis November) ein unumg\u00e4nglicher Treffpunkt f\u00fcr die Einheimischen, um dort Kaffee zu trinken, Mittag zu essen oder den Sonnenuntergang mit Tapas zu genie\u00dfen. Sie vervollst\u00e4ndigen das Angebot an Feinschmeckeradressen und sch\u00f6nen Restaurants in Anglet.    <\/p>\n\n\n\n<div style=\"height:40px\" aria-hidden=\"true\" class=\"wp-block-spacer\"><\/div>\n\n\n\n<div class=\"wp-block-buttons is-layout-flex wp-block-buttons-is-layout-flex\">\n<div class=\"wp-block-button is-style-outline is-style-outline--8\"><a class=\"wp-block-button__link wp-element-button\" href=\"https:\/\/www.anglet-tourisme.com\/de\/feinschmecker\/\">Hunger?<\/a><\/div>\n<\/div>\n\n\n\n<div style=\"height:40px\" aria-hidden=\"true\" class=\"wp-block-spacer\"><\/div>\n<\/div><\/div>\n\n\n\n<div style=\"height:80px\" aria-hidden=\"true\" class=\"wp-block-spacer\"><\/div>\n\n\n\n<div class=\"wp-block-media-text has-media-on-the-right is-stacked-on-mobile is-image-fill-element\"><div class=\"wp-block-media-text__content\">\n<h2 class=\"wp-block-heading\">Der Sport der K\u00f6nige<\/h2>\n\n\n\n<p>Surfen (auch als Sport der K\u00f6nige bekannt) wurde in Polynesien geboren und kam in den 50er Jahren nach Frankreich, genauer gesagt an die baskische K\u00fcste. Seit dieser Zeit trainieren und bewegen sich Profis, Amateure und Anf\u00e4nger in den Wellen der K\u00fcste von Anglet. <\/p>\n\n\n\n<p>\u00dcber die Praxis hinaus hat sich eine ganze Wirtschaft und Kultur entwickelt: Surfschulen, Surf-Shops, Shapers (Bretthersteller), internationale Wettbewerbe, Surf-Filmfestival, Fu\u00dfg\u00e4nger\u00fcberwege in Form von Surfbrettern&#8230; Und sogar ein Hollywood-Boulevard, der dieser Disziplin gewidmet ist, hei\u00dft Anglet Surf Avenue, wo die Fu\u00dfspuren der ber\u00fchmtesten Pers\u00f6nlichkeiten versiegelt sind: Kelly Slater, J\u00e9r\u00e9my Flores, Johane Defaye, Michel Bourez, Mick Fanning, Tom Curren&#8230;<\/p>\n\n\n\n<div style=\"height:40px\" aria-hidden=\"true\" class=\"wp-block-spacer\"><\/div>\n\n\n\n<div class=\"wp-block-buttons is-layout-flex wp-block-buttons-is-layout-flex\">\n<div class=\"wp-block-button is-style-outline is-style-outline--9\"><a class=\"wp-block-button__link wp-element-button\" href=\"https:\/\/www.anglet-tourisme.com\/de\/anglet-surf-destination\/\">Weitere Informationen<\/a><\/div>\n<\/div>\n\n\n\n<div style=\"height:40px\" aria-hidden=\"true\" class=\"wp-block-spacer\"><\/div>\n<\/div><figure class=\"wp-block-media-text__media\"><img loading=\"lazy\" decoding=\"async\" width=\"1024\" height=\"682\" src=\"https:\/\/www.anglet-tourisme.com\/wp-content\/uploads\/2024\/12\/mathis-crozon-fra-anglet_7rib3472_copyriblanc-1024x682.jpg\" alt=\"\" class=\"wp-image-14238 size-full\" style=\"object-position:51% 49%\" srcset=\"https:\/\/www.anglet-tourisme.com\/wp-content\/uploads\/2024\/12\/mathis-crozon-fra-anglet_7rib3472_copyriblanc-1024x682.jpg 1024w, https:\/\/www.anglet-tourisme.com\/wp-content\/uploads\/2024\/12\/mathis-crozon-fra-anglet_7rib3472_copyriblanc-800x533.jpg 800w, https:\/\/www.anglet-tourisme.com\/wp-content\/uploads\/2024\/12\/mathis-crozon-fra-anglet_7rib3472_copyriblanc-150x100.jpg 150w, https:\/\/www.anglet-tourisme.com\/wp-content\/uploads\/2024\/12\/mathis-crozon-fra-anglet_7rib3472_copyriblanc-768x512.jpg 768w, https:\/\/www.anglet-tourisme.com\/wp-content\/uploads\/2024\/12\/mathis-crozon-fra-anglet_7rib3472_copyriblanc-1536x1024.jpg 1536w, https:\/\/www.anglet-tourisme.com\/wp-content\/uploads\/2024\/12\/mathis-crozon-fra-anglet_7rib3472_copyriblanc.jpg 2000w\" sizes=\"auto, (max-width: 1024px) 100vw, 1024px\" \/><\/figure><\/div>\n\n\n\n<div style=\"height:80px\" aria-hidden=\"true\" class=\"wp-block-spacer\"><\/div>\n\n\n\n<div class=\"wp-block-media-text is-stacked-on-mobile\"><figure class=\"wp-block-media-text__media\"><img loading=\"lazy\" decoding=\"async\" width=\"1024\" height=\"682\" src=\"https:\/\/www.anglet-tourisme.com\/wp-content\/uploads\/2024\/12\/yoga-i-love-anglet-anglet_1rib4458_copyriblanc-1024x682.jpg\" alt=\"\" class=\"wp-image-14246 size-full\" srcset=\"https:\/\/www.anglet-tourisme.com\/wp-content\/uploads\/2024\/12\/yoga-i-love-anglet-anglet_1rib4458_copyriblanc-1024x682.jpg 1024w, https:\/\/www.anglet-tourisme.com\/wp-content\/uploads\/2024\/12\/yoga-i-love-anglet-anglet_1rib4458_copyriblanc-800x533.jpg 800w, https:\/\/www.anglet-tourisme.com\/wp-content\/uploads\/2024\/12\/yoga-i-love-anglet-anglet_1rib4458_copyriblanc-150x100.jpg 150w, https:\/\/www.anglet-tourisme.com\/wp-content\/uploads\/2024\/12\/yoga-i-love-anglet-anglet_1rib4458_copyriblanc-768x512.jpg 768w, https:\/\/www.anglet-tourisme.com\/wp-content\/uploads\/2024\/12\/yoga-i-love-anglet-anglet_1rib4458_copyriblanc-1536x1024.jpg 1536w, https:\/\/www.anglet-tourisme.com\/wp-content\/uploads\/2024\/12\/yoga-i-love-anglet-anglet_1rib4458_copyriblanc.jpg 2000w\" sizes=\"auto, (max-width: 1024px) 100vw, 1024px\" \/><\/figure><div class=\"wp-block-media-text__content\">\n<p>Anglet ist eine Naturstadt, in der es sich gut leben l\u00e4sst, und ein Wellness-Ziel par excellence. Yoga, Surfunterricht, Einf\u00fchrung in Pelota (baskisches Ballspiel), Entspannung in der Thalassotherapie, Besichtigung der Rettungsstationen, handwerkliche und kreative Workshops&#8230; <\/p>\n\n\n\n<p>Lassen Sie sich treiben und atmen Sie auf&#8230; Sie sind in Anglet!<\/p>\n\n\n\n<div style=\"height:40px\" aria-hidden=\"true\" class=\"wp-block-spacer\"><\/div>\n\n\n\n<div class=\"wp-block-buttons is-layout-flex wp-block-buttons-is-layout-flex\">\n<div class=\"wp-block-button is-style-outline is-style-outline--10\"><a class=\"wp-block-button__link wp-element-button\" href=\"https:\/\/www.anglet-tourisme.com\/de\/fremdenverkehrs-und-freizeitamt-von-anglet\/\">Bedarf an zus\u00e4tzlichen Informationen \u00fcber das Reiseziel<\/a><\/div>\n<\/div>\n\n\n\n<div style=\"height:20px\" aria-hidden=\"true\" class=\"wp-block-spacer\"><\/div>\n<\/div><\/div>\n","protected":false},"excerpt":{"rendered":"<p>Anglet ist Teil der baskischen Provinz Labourd (Das Baskenland hat 7 Provinzen, 3 auf der franz\u00f6sischen und 4 auf der spanischen Seite). Anglet liegt zwischen dem historischen Bayonne und dem kosmopolitischen Biarritz und stellt ein perfektes Gleichgewicht zwischen gesch\u00fctzter Natur und st\u00e4dtischer Dynamik dar. 4,5 Kilometer K\u00fcste, 230 Hektar Wald, [&hellip;]<\/p>\n","protected":false},"author":1,"featured_media":15667,"parent":0,"menu_order":0,"comment_status":"closed","ping_status":"closed","template":"","meta":{"_acf_changed":false,"_seopress_robots_primary_cat":"","_seopress_titles_title":"Anglet entdecken : Willkommen in Anglet, Ihrer Stadt an der baskischen K\u00fcste.","_seopress_titles_desc":"Lassen Sie sich von der Stadt Anglet verzaubern, Ihrem idealen Reiseziel an der baskischen K\u00fcste, wo Kultur und Entspannung aufeinandertreffen.","_seopress_robots_index":"","footnotes":""},"class_list":["post-15666","page","type-page","status-publish","has-post-thumbnail"],"acf":[],"_links":{"self":[{"href":"https:\/\/www.anglet-tourisme.com\/de\/wp-json\/wp\/v2\/pages\/15666","targetHints":{"allow":["GET"]}}],"collection":[{"href":"https:\/\/www.anglet-tourisme.com\/de\/wp-json\/wp\/v2\/pages"}],"about":[{"href":"https:\/\/www.anglet-tourisme.com\/de\/wp-json\/wp\/v2\/types\/page"}],"author":[{"embeddable":true,"href":"https:\/\/www.anglet-tourisme.com\/de\/wp-json\/wp\/v2\/users\/1"}],"replies":[{"embeddable":true,"href":"https:\/\/www.anglet-tourisme.com\/de\/wp-json\/wp\/v2\/comments?post=15666"}],"version-history":[{"count":3,"href":"https:\/\/www.anglet-tourisme.com\/de\/wp-json\/wp\/v2\/pages\/15666\/revisions"}],"predecessor-version":[{"id":17214,"href":"https:\/\/www.anglet-tourisme.com\/de\/wp-json\/wp\/v2\/pages\/15666\/revisions\/17214"}],"wp:featuredmedia":[{"embeddable":true,"href":"https:\/\/www.anglet-tourisme.com\/de\/wp-json\/wp\/v2\/media\/15667"}],"wp:attachment":[{"href":"https:\/\/www.anglet-tourisme.com\/de\/wp-json\/wp\/v2\/media?parent=15666"}],"curies":[{"name":"wp","href":"https:\/\/api.w.org\/{rel}","templated":true}]}}