{"id":15871,"date":"2024-05-30T10:25:35","date_gmt":"2024-05-30T08:25:35","guid":{"rendered":"https:\/\/www.anglet-tourisme.com\/von-anglet-aus\/schloss-abbadia-in-hendaye\/"},"modified":"2025-04-01T16:13:25","modified_gmt":"2025-04-01T14:13:25","slug":"schloss-abbadia-in-hendaye","status":"publish","type":"page","link":"https:\/\/www.anglet-tourisme.com\/de\/von-anglet-aus\/schloss-abbadia-in-hendaye\/","title":{"rendered":"Schloss Abbadia in Hendaye"},"content":{"rendered":"\n<div class=\"wp-block-group\"><div class=\"wp-block-group__inner-container is-layout-constrained wp-block-group-is-layout-constrained\">\n<div class=\"wp-block-columns is-layout-flex wp-container-core-columns-is-layout-9d6595d7 wp-block-columns-is-layout-flex\">\n<div class=\"wp-block-column is-vertically-aligned-top is-layout-flow wp-block-column-is-layout-flow\">\n<figure class=\"wp-block-gallery has-nested-images columns-2 is-cropped wp-block-gallery-1 is-layout-flex wp-block-gallery-is-layout-flex\">\n<figure data-wp-context=\"{&quot;imageId&quot;:&quot;69f0f6462d367&quot;}\" data-wp-interactive=\"core\/image\" data-wp-key=\"69f0f6462d367\" class=\"wp-block-image size-large wp-lightbox-container\"><img loading=\"lazy\" decoding=\"async\" width=\"1024\" height=\"633\" data-wp-class--hide=\"state.isContentHidden\" data-wp-class--show=\"state.isContentVisible\" data-wp-init=\"callbacks.setButtonStyles\" data-wp-on--click=\"actions.showLightbox\" data-wp-on--load=\"callbacks.setButtonStyles\" data-wp-on-window--resize=\"callbacks.setButtonStyles\" data-id=\"4424\" src=\"https:\/\/www.anglet-tourisme.com\/wp-content\/uploads\/2024\/05\/Exterieur-Abbadia-le-Chateau-Observatoire-Hendaye-Tourisme-95-1024x633.jpg\" alt=\"\" class=\"wp-image-4424\" srcset=\"https:\/\/www.anglet-tourisme.com\/wp-content\/uploads\/2024\/05\/Exterieur-Abbadia-le-Chateau-Observatoire-Hendaye-Tourisme-95-1024x633.jpg 1024w, https:\/\/www.anglet-tourisme.com\/wp-content\/uploads\/2024\/05\/Exterieur-Abbadia-le-Chateau-Observatoire-Hendaye-Tourisme-95-800x494.jpg 800w, https:\/\/www.anglet-tourisme.com\/wp-content\/uploads\/2024\/05\/Exterieur-Abbadia-le-Chateau-Observatoire-Hendaye-Tourisme-95-768x475.jpg 768w, https:\/\/www.anglet-tourisme.com\/wp-content\/uploads\/2024\/05\/Exterieur-Abbadia-le-Chateau-Observatoire-Hendaye-Tourisme-95-1536x949.jpg 1536w, https:\/\/www.anglet-tourisme.com\/wp-content\/uploads\/2024\/05\/Exterieur-Abbadia-le-Chateau-Observatoire-Hendaye-Tourisme-95-scaled.jpg 2048w\" sizes=\"auto, (max-width: 1024px) 100vw, 1024px\" \/><button\n\t\t\tclass=\"lightbox-trigger\"\n\t\t\ttype=\"button\"\n\t\t\taria-haspopup=\"dialog\"\n\t\t\taria-label=\"Vergr\u00f6\u00dfern\"\n\t\t\tdata-wp-init=\"callbacks.initTriggerButton\"\n\t\t\tdata-wp-on--click=\"actions.showLightbox\"\n\t\t\tdata-wp-style--right=\"state.imageButtonRight\"\n\t\t\tdata-wp-style--top=\"state.imageButtonTop\"\n\t\t>\n\t\t\t<svg xmlns=\"http:\/\/www.w3.org\/2000\/svg\" width=\"12\" height=\"12\" fill=\"none\" viewBox=\"0 0 12 12\">\n\t\t\t\t<path fill=\"#fff\" d=\"M2 0a2 2 0 0 0-2 2v2h1.5V2a.5.5 0 0 1 .5-.5h2V0H2Zm2 10.5H2a.5.5 0 0 1-.5-.5V8H0v2a2 2 0 0 0 2 2h2v-1.5ZM8 12v-1.5h2a.5.5 0 0 0 .5-.5V8H12v2a2 2 0 0 1-2 2H8Zm2-12a2 2 0 0 1 2 2v2h-1.5V2a.5.5 0 0 0-.5-.5H8V0h2Z\" \/>\n\t\t\t<\/svg>\n\t\t<\/button><\/figure>\n\n\n\n<figure data-wp-context=\"{&quot;imageId&quot;:&quot;69f0f6462d8b8&quot;}\" data-wp-interactive=\"core\/image\" data-wp-key=\"69f0f6462d8b8\" class=\"wp-block-image size-large wp-lightbox-container\"><img loading=\"lazy\" decoding=\"async\" width=\"1024\" height=\"736\" data-wp-class--hide=\"state.isContentHidden\" data-wp-class--show=\"state.isContentVisible\" data-wp-init=\"callbacks.setButtonStyles\" data-wp-on--click=\"actions.showLightbox\" data-wp-on--load=\"callbacks.setButtonStyles\" data-wp-on-window--resize=\"callbacks.setButtonStyles\" data-id=\"4576\" src=\"https:\/\/www.anglet-tourisme.com\/wp-content\/uploads\/2024\/05\/Chambre-de-la-tour-Abbadia-le-Chateau-Observatoire-Hendaye-Tourisme-7-1-1024x736.jpg\" alt=\"\" class=\"wp-image-4576\" srcset=\"https:\/\/www.anglet-tourisme.com\/wp-content\/uploads\/2024\/05\/Chambre-de-la-tour-Abbadia-le-Chateau-Observatoire-Hendaye-Tourisme-7-1-1024x736.jpg 1024w, https:\/\/www.anglet-tourisme.com\/wp-content\/uploads\/2024\/05\/Chambre-de-la-tour-Abbadia-le-Chateau-Observatoire-Hendaye-Tourisme-7-1-800x575.jpg 800w, https:\/\/www.anglet-tourisme.com\/wp-content\/uploads\/2024\/05\/Chambre-de-la-tour-Abbadia-le-Chateau-Observatoire-Hendaye-Tourisme-7-1-768x552.jpg 768w, https:\/\/www.anglet-tourisme.com\/wp-content\/uploads\/2024\/05\/Chambre-de-la-tour-Abbadia-le-Chateau-Observatoire-Hendaye-Tourisme-7-1-1536x1104.jpg 1536w, https:\/\/www.anglet-tourisme.com\/wp-content\/uploads\/2024\/05\/Chambre-de-la-tour-Abbadia-le-Chateau-Observatoire-Hendaye-Tourisme-7-1.jpg 2000w\" sizes=\"auto, (max-width: 1024px) 100vw, 1024px\" \/><button\n\t\t\tclass=\"lightbox-trigger\"\n\t\t\ttype=\"button\"\n\t\t\taria-haspopup=\"dialog\"\n\t\t\taria-label=\"Vergr\u00f6\u00dfern\"\n\t\t\tdata-wp-init=\"callbacks.initTriggerButton\"\n\t\t\tdata-wp-on--click=\"actions.showLightbox\"\n\t\t\tdata-wp-style--right=\"state.imageButtonRight\"\n\t\t\tdata-wp-style--top=\"state.imageButtonTop\"\n\t\t>\n\t\t\t<svg xmlns=\"http:\/\/www.w3.org\/2000\/svg\" width=\"12\" height=\"12\" fill=\"none\" viewBox=\"0 0 12 12\">\n\t\t\t\t<path fill=\"#fff\" d=\"M2 0a2 2 0 0 0-2 2v2h1.5V2a.5.5 0 0 1 .5-.5h2V0H2Zm2 10.5H2a.5.5 0 0 1-.5-.5V8H0v2a2 2 0 0 0 2 2h2v-1.5ZM8 12v-1.5h2a.5.5 0 0 0 .5-.5V8H12v2a2 2 0 0 1-2 2H8Zm2-12a2 2 0 0 1 2 2v2h-1.5V2a.5.5 0 0 0-.5-.5H8V0h2Z\" \/>\n\t\t\t<\/svg>\n\t\t<\/button><\/figure>\n\n\n\n<figure data-wp-context=\"{&quot;imageId&quot;:&quot;69f0f6462dd2a&quot;}\" data-wp-interactive=\"core\/image\" data-wp-key=\"69f0f6462dd2a\" class=\"wp-block-image size-large wp-lightbox-container\"><img loading=\"lazy\" decoding=\"async\" width=\"1024\" height=\"500\" data-wp-class--hide=\"state.isContentHidden\" data-wp-class--show=\"state.isContentVisible\" data-wp-init=\"callbacks.setButtonStyles\" data-wp-on--click=\"actions.showLightbox\" data-wp-on--load=\"callbacks.setButtonStyles\" data-wp-on-window--resize=\"callbacks.setButtonStyles\" data-id=\"4586\" src=\"https:\/\/www.anglet-tourisme.com\/wp-content\/uploads\/2024\/05\/Panoramique-Abbadia-le-Chateau-Observatoire-Hendaye-Tourisme-14-1-1024x500.jpg\" alt=\"\" class=\"wp-image-4586\" srcset=\"https:\/\/www.anglet-tourisme.com\/wp-content\/uploads\/2024\/05\/Panoramique-Abbadia-le-Chateau-Observatoire-Hendaye-Tourisme-14-1-1024x500.jpg 1024w, https:\/\/www.anglet-tourisme.com\/wp-content\/uploads\/2024\/05\/Panoramique-Abbadia-le-Chateau-Observatoire-Hendaye-Tourisme-14-1-800x390.jpg 800w, https:\/\/www.anglet-tourisme.com\/wp-content\/uploads\/2024\/05\/Panoramique-Abbadia-le-Chateau-Observatoire-Hendaye-Tourisme-14-1-768x375.jpg 768w, https:\/\/www.anglet-tourisme.com\/wp-content\/uploads\/2024\/05\/Panoramique-Abbadia-le-Chateau-Observatoire-Hendaye-Tourisme-14-1-1536x750.jpg 1536w, https:\/\/www.anglet-tourisme.com\/wp-content\/uploads\/2024\/05\/Panoramique-Abbadia-le-Chateau-Observatoire-Hendaye-Tourisme-14-1.jpg 2000w\" sizes=\"auto, (max-width: 1024px) 100vw, 1024px\" \/><button\n\t\t\tclass=\"lightbox-trigger\"\n\t\t\ttype=\"button\"\n\t\t\taria-haspopup=\"dialog\"\n\t\t\taria-label=\"Vergr\u00f6\u00dfern\"\n\t\t\tdata-wp-init=\"callbacks.initTriggerButton\"\n\t\t\tdata-wp-on--click=\"actions.showLightbox\"\n\t\t\tdata-wp-style--right=\"state.imageButtonRight\"\n\t\t\tdata-wp-style--top=\"state.imageButtonTop\"\n\t\t>\n\t\t\t<svg xmlns=\"http:\/\/www.w3.org\/2000\/svg\" width=\"12\" height=\"12\" fill=\"none\" viewBox=\"0 0 12 12\">\n\t\t\t\t<path fill=\"#fff\" d=\"M2 0a2 2 0 0 0-2 2v2h1.5V2a.5.5 0 0 1 .5-.5h2V0H2Zm2 10.5H2a.5.5 0 0 1-.5-.5V8H0v2a2 2 0 0 0 2 2h2v-1.5ZM8 12v-1.5h2a.5.5 0 0 0 .5-.5V8H12v2a2 2 0 0 1-2 2H8Zm2-12a2 2 0 0 1 2 2v2h-1.5V2a.5.5 0 0 0-.5-.5H8V0h2Z\" \/>\n\t\t\t<\/svg>\n\t\t<\/button><\/figure>\n<\/figure>\n<\/div>\n\n\n\n<div class=\"wp-block-column is-vertically-aligned-top is-layout-flow wp-block-column-is-layout-flow\">\n<h2 class=\"wp-block-heading\"><strong>Ein wahres M\u00e4rchen<\/strong><\/h2>\n\n\n\n<p>Das Ch\u00e2teau-Observatoire d&#8217;Abbadia ist mehr als nur ein Ort, es ist eine Erfahrung. Dieses m\u00e4rchenhafte Schloss, das zwischen 1860 und 1870 von Viollet-Le-Duc f\u00fcr Antoine d&#8217;Abbadie gebaut wurde, \u00fcberragt die Klippen von Hendaye an der baskischen Corniche und verk\u00f6rpert Neugier und Humanismus. <\/p>\n\n\n\n<p>Antoine d&#8217;Abbadie, baskischer Abstammung, widmete sein Leben dem Studium seiner Kultur und verschiedener Disziplinen wie Ethnologie, Geographie, Astronomie und orientalischer Kultur. Er war 1892 Pr\u00e4sident der Acad\u00e9mie des Sciences und hinterlie\u00df bei seinem Tod im Jahr 1897 ein unsch\u00e4tzbares wissenschaftliches und kulturelles Erbe. <\/p>\n\n\n\n<div style=\"height:40px\" aria-hidden=\"true\" class=\"wp-block-spacer\"><\/div>\n\n\n\n<h2 class=\"wp-block-heading\"><strong>Ein eklektisches und lebendiges Erbe<\/strong><\/h2>\n\n\n\n<p>Das neugotische Schloss mit orientalischen Einfl\u00fcssen beherbergt ein au\u00dfergew\u00f6hnliches Bestiarium, afrikanische Souvenirs, ein astronomisches Observatorium und eine Kapelle. Antoine d&#8217;Abbadie hinterlie\u00df sein Schloss der Acad\u00e9mie des Sciences, die es noch immer besitzt. Im Einklang mit dem offenen Geist seines Sch\u00f6pfers beherbergt das Schloss regelm\u00e4\u00dfig K\u00fcnstler in Residenz.  <\/p>\n\n\n\n<p>Entdecken Sie diesen Schatz an der baskischen Corniche und lassen Sie sich von der Geschichte und der Vision dieses ber\u00fchmten Wissenschaftlers inspirieren.<\/p>\n<\/div>\n<\/div>\n<\/div><\/div>\n\n<div style=\"height:80px\" aria-hidden=\"true\" class=\"wp-block-spacer\"><\/div>\n\n<div class=\"wp-block-group\"><div class=\"wp-block-group__inner-container is-layout-constrained wp-block-group-is-layout-constrained\">\n<div class=\"wp-block-columns is-layout-flex wp-container-core-columns-is-layout-9d6595d7 wp-block-columns-is-layout-flex\">\n<div class=\"wp-block-column is-layout-flow wp-block-column-is-layout-flow\" style=\"flex-basis:66.66%\">\n<div class=\"wp-block-cover is-light alert\" style=\"min-height:107px;aspect-ratio:unset;\"><span aria-hidden=\"true\" class=\"wp-block-cover__background has-white-background-color has-background-dim-100 has-background-dim\"><\/span><div class=\"wp-block-cover__inner-container is-layout-constrained wp-block-cover-is-layout-constrained\">\n<div class=\"wp-block-group is-nowrap is-layout-flex wp-container-core-group-is-layout-ad2f72ca wp-block-group-is-layout-flex\"><div class=\"wp-block-image\">\n<figure class=\"alignleft size-full is-resized\"><img loading=\"lazy\" decoding=\"async\" width=\"431\" height=\"415\" src=\"https:\/\/www.anglet-tourisme.com\/wp-content\/uploads\/2024\/05\/Anglet-Cote-Basque-PICTOS-V2_page-0001-1.jpg\" alt=\"\" class=\"wp-image-2472\" style=\"aspect-ratio:1;object-fit:cover;width:67px;height:auto\"\/><\/figure>\n<\/div>\n\n\n<h3 class=\"wp-block-heading has-text-align-left has-blue-color has-text-color has-small-font-size\"><strong>INFORMATIONEN<\/strong><\/h3>\n<\/div>\n\n\n\n<p><br\/><strong>ADRESSE<\/strong><br\/><a href=\"https:\/\/www.google.com\/maps\/place\/\/data=!4m2!3m1!1s0xd510eb66238b799:0xaa48f970725976b3?sa=X&amp;ved=1t:8290&amp;ictx=111\" target=\"_blank\" rel=\"noreferrer noopener\">Route de la Corniche, 64700 HENDAYE<\/a><br\/><br\/><strong>KONTAKT<\/strong><br\/>+33 5 59 20 04 51<br\/><a href=\"https:\/\/www.chateau-abbadia.fr\/\" data-type=\"link\" data-id=\"https:\/\/www.chateau-abbadia.fr\/\" target=\"_blank\" rel=\"noreferrer noopener nofollow\">Siehe die Website<\/a><br\/><br\/> SPRACHEN<br\/>Franz\u00f6sisch, Spanisch, Englisch, Baskisch<\/p>\n\n\n\n<div style=\"height:40px\" aria-hidden=\"true\" class=\"wp-block-spacer\"><\/div>\n<\/div><\/div>\n<\/div>\n\n\n\n<div class=\"wp-block-column is-vertically-aligned-center is-layout-flow wp-block-column-is-layout-flow\" style=\"flex-basis:66.66%\">\n<div class=\"wp-block-columns is-layout-flex wp-container-core-columns-is-layout-9d6595d7 wp-block-columns-is-layout-flex\">\n<div class=\"wp-block-column is-layout-flow wp-block-column-is-layout-flow\">\n<h3 class=\"wp-block-heading\">Zug\u00e4nglichkeit<\/h3>\n\n\n\n<ul class=\"wp-block-list\">\n<li>Parkplatz f\u00fcr PKW<\/li>\n\n\n\n<li>Bushaltestellen  <\/li>\n<\/ul>\n<\/div>\n\n\n\n<div class=\"wp-block-column is-vertically-aligned-center is-layout-flow wp-block-column-is-layout-flow\">\n<div class=\"wp-block-buttons is-layout-flex wp-container-core-buttons-is-layout-6b4e3324 wp-block-buttons-is-layout-flex\">\n<div class=\"wp-block-button\"><a class=\"wp-block-button__link has-text-align-center wp-element-button\" href=\"https:\/\/itineraires.txiktxak.fr\/fr\/horaires\/Hendaye\/arret\/Abadia\/HEGOBUS:place_HECHA\" target=\"_blank\" rel=\"nofollow noreferrer noopener\">Anreise mit dem Bus<\/a><\/div>\n<\/div>\n<\/div>\n<\/div>\n\n\n\n<div class=\"frame-responsive\"><iframe loading=\"lazy\" width=\"425\" height=\"350\" src=\"https:\/\/www.openstreetmap.org\/export\/embed.html?bbox=-1.7528235912323%2C43.37579879679976%2C-1.7459249496459963%2C43.37846189654732&#038;layer=mapnik&#038;marker=43.377132331415964%2C-1.749374270439148\" style=\"border: 1px solid black\"><\/iframe><br\/><small><a href=\"https:\/\/www.openstreetmap.org\/?mlat=43.37713&#038;mlon=-1.74937#map=18\/43.37713\/-1.74937\">iframe<\/a><\/small><\/div>\n<\/div>\n<\/div>\n<\/div><\/div>\n","protected":false},"excerpt":{"rendered":"<p>Ein wahres M\u00e4rchen Das Ch\u00e2teau-Observatoire d&#8217;Abbadia ist mehr als nur ein Ort, es ist eine Erfahrung. Dieses m\u00e4rchenhafte Schloss, das zwischen 1860 und 1870 von Viollet-Le-Duc f\u00fcr Antoine d&#8217;Abbadie gebaut wurde, \u00fcberragt die Klippen von Hendaye an der baskischen Corniche und verk\u00f6rpert Neugier und Humanismus. Antoine d&#8217;Abbadie, baskischer Abstammung, widmete [&hellip;]<\/p>\n","protected":false},"author":5,"featured_media":15888,"parent":15767,"menu_order":8,"comment_status":"closed","ping_status":"closed","template":"","meta":{"_acf_changed":false,"_seopress_robots_primary_cat":"","_seopress_titles_title":"Abbadia, Observatoriumsschloss in Hendaye an der baskischen K\u00fcste: Informationen und Preise","_seopress_titles_desc":"Sie suchen nach Informationen \u00fcber Abbadia, das Observatorium in Hendaye an der baskischen K\u00fcste? Preise, \u00d6ffnungszeiten und Details finden Sie hier ","_seopress_robots_index":"","footnotes":""},"class_list":["post-15871","page","type-page","status-publish","has-post-thumbnail"],"acf":[],"_links":{"self":[{"href":"https:\/\/www.anglet-tourisme.com\/de\/wp-json\/wp\/v2\/pages\/15871","targetHints":{"allow":["GET"]}}],"collection":[{"href":"https:\/\/www.anglet-tourisme.com\/de\/wp-json\/wp\/v2\/pages"}],"about":[{"href":"https:\/\/www.anglet-tourisme.com\/de\/wp-json\/wp\/v2\/types\/page"}],"author":[{"embeddable":true,"href":"https:\/\/www.anglet-tourisme.com\/de\/wp-json\/wp\/v2\/users\/5"}],"replies":[{"embeddable":true,"href":"https:\/\/www.anglet-tourisme.com\/de\/wp-json\/wp\/v2\/comments?post=15871"}],"version-history":[{"count":1,"href":"https:\/\/www.anglet-tourisme.com\/de\/wp-json\/wp\/v2\/pages\/15871\/revisions"}],"predecessor-version":[{"id":15899,"href":"https:\/\/www.anglet-tourisme.com\/de\/wp-json\/wp\/v2\/pages\/15871\/revisions\/15899"}],"up":[{"embeddable":true,"href":"https:\/\/www.anglet-tourisme.com\/de\/wp-json\/wp\/v2\/pages\/15767"}],"wp:featuredmedia":[{"embeddable":true,"href":"https:\/\/www.anglet-tourisme.com\/de\/wp-json\/wp\/v2\/media\/15888"}],"wp:attachment":[{"href":"https:\/\/www.anglet-tourisme.com\/de\/wp-json\/wp\/v2\/media?parent=15871"}],"curies":[{"name":"wp","href":"https:\/\/api.w.org\/{rel}","templated":true}]}}