{"id":16034,"date":"2024-04-30T14:53:28","date_gmt":"2024-04-30T12:53:28","guid":{"rendered":"https:\/\/www.anglet-tourisme.com\/bewegung-in-anglet\/freizeit-und-unterhaltung\/spielparks-und-spielplaetze\/"},"modified":"2025-07-03T12:00:09","modified_gmt":"2025-07-03T10:00:09","slug":"spielparks-und-spielplaetze","status":"publish","type":"page","link":"https:\/\/www.anglet-tourisme.com\/de\/bewegung-in-anglet\/freizeit-und-unterhaltung\/spielparks-und-spielplaetze\/","title":{"rendered":"Spielparks und Spielpl\u00e4tze"},"content":{"rendered":"\n<div class=\"wp-block-columns is-layout-flex wp-container-core-columns-is-layout-9d6595d7 wp-block-columns-is-layout-flex\">\n<div class=\"wp-block-column is-layout-flow wp-block-column-is-layout-flow\" style=\"flex-basis:33.33%\"><div class=\"highlight-bloc-container \" id=\"ts-block-65368af54ee28\"  >\n\t<div class=\"highlight-bloc-content\">\n\t\t<div class=\"acf-innerblocks-container\">\n\n<h1 class=\"wp-block-heading suptitle\">Spielparks und Spielpl\u00e4tze f\u00fcr Kinder<\/h1>\n\n<\/div>\t<\/div>\n<\/div>\n<\/div>\n\n\n\n<div class=\"wp-block-column is-layout-flow wp-block-column-is-layout-flow\" style=\"flex-basis:66.66%\">\n<p>Klettern, rutschen, schaukeln, spielen, sich auspowern&#8230; <strong>In Anglet werden sich die Kinder nie langweilen<\/strong>!<\/p>\n\n\n\n<p>Entdecken Sie unsere interaktive Karte <strong><a href=\"https:\/\/carte.anglet-tourisme.com\/#map=12.11\/43.48946\/-1.55065\" target=\"_blank\" rel=\"noreferrer noopener\">Anglet auf der Karte<\/a><\/strong> um ganz einfach <strong>den idealen Spielplatz <\/strong>in Ihrer N\u00e4he zu finden.<\/p>\n\n\n\n<p>F\u00fcr spielerische Momente in geschlossenen R\u00e4umen besuchen Sie den <strong>Kinderspielplatz Grenadine et Crayonnade<\/strong>, der <strong>kreative Aktivit\u00e4ten,<\/strong> <strong>Geburtstagsanimationen<\/strong> und sogar <strong>eine Zirkusschule<\/strong> anbietet.<\/p>\n\n\n\n<p>An sonnigen Tagen bietet <strong>der Strandclub Les Petits Mailhouns<\/strong> am Strand von Marinella Spiele und <strong>Schwimmkurse<\/strong>.<\/p>\n\n\n\n<p>Gr\u00f6\u00dfere Kinder werden die <strong>City-Stadien<\/strong> mit <strong>Fu\u00dfball- und Basketballpl\u00e4tzen<\/strong>, <strong>Sportger\u00e4ten<\/strong> und dem <strong>Skatepark in La Barre<\/strong> zu sch\u00e4tzen wissen.<\/p>\n\n\n\n<p>Das Baskenland, ein Spielplatz unter freiem Himmel f\u00fcr alle!<\/p>\n<\/div>\n<\/div>\n\n\n\n<div style=\"height:80px\" aria-hidden=\"true\" class=\"wp-block-spacer\"><\/div>\n\n\n<div id=\"ts-block-667bd586796dc\"  class=\"\">\n\t<div id=\"ts-block-667bd586796dc\" class=\"tis_item_box_container columns-3 \"><article class=\"tis-box \">\r\n\t<a href=\"https:\/\/www.anglet-tourisme.com\/de\/bewegung-in-anglet\/aktivitaeten\/anglet\/LOIAQU064FS0007A-skatepark-de-la-barre\/\">\r\n\t\t<div class=\"tis-item-cover\">\r\n\t\t\t\t\t\t\t\t\t\t\t<img decoding=\"async\" src=\"https:\/\/www.anglet-tourisme.com\/wp-content\/uploads\/tis\/Skatepark-et-aire-de-jeux-1---Dario-T.jpg\" title=\"Skatepark de La Barre\" alt=\"Skatepark de La Barre\" \/>\r\n\t\t\t\t\t\t\t\t\t<div class=\"tis-item-label-container\">\r\n\t\t\t\t\t\t\t<!--<span class=\"tis-item-handicap\"><img decoding=\"async\" src=\"https:\/\/www.anglet-tourisme.com\/wp-content\/plugins\/tourinsoft-syndication\/assets\/images\/icon-handicap.svg\" title=\"\" alt=\"\" \/><\/span>-->\r\n\t\t\t\t\t\t\t\t\t<\/div>\r\n\t\t\t\t\t\t\r\n\t\t\t\t\t<\/div>\r\n\t\t\t\t<h3>Skatepark de La Barre<\/h3>\r\n\t\t\t\t\r\n\t<\/a>\r\n\t\r\n\t<p>Zwischen dem Ozean und dem \u00f6kologischen Park Izadia, neben der Eislaufbahn und dem Strand von La Barre, befindet sich ein 1700 m\u00b2 gro\u00dfer Bereich mit einer Street-Area (zwei Bowls und andere Module)&hellip;<\/p>\t<strong class=\"tis-box-city\">ANGLET<\/strong>\t\r\n\t\t\t\t\t\t\t\t\t<\/article><article class=\"tis-box \">\r\n\t<a href=\"https:\/\/www.anglet-tourisme.com\/de\/bewegung-in-anglet\/aktivitaeten\/anglet\/LOIAQU064FS000ER-city-stade-de-lespes\/\">\r\n\t\t<div class=\"tis-item-cover\">\r\n\t\t\t\t\t\t\t\t\t\t\t<img decoding=\"async\" src=\"https:\/\/www.anglet-tourisme.com\/wp-content\/uploads\/tis\/DSC-37967.jpg\" title=\"City Stade de Lesp\u00e8s\" alt=\"City Stade de Lesp\u00e8s\" \/>\r\n\t\t\t\t\t\t\t\t\t<div class=\"tis-item-label-container\">\r\n\t\t\t\t\t\t\t<!--<span class=\"tis-item-handicap\"><img decoding=\"async\" src=\"https:\/\/www.anglet-tourisme.com\/wp-content\/plugins\/tourinsoft-syndication\/assets\/images\/icon-handicap.svg\" title=\"\" alt=\"\" \/><\/span>-->\r\n\t\t\t\t\t\t\t\t\t<\/div>\r\n\t\t\t\t\t\t\r\n\t\t\t\t\t<\/div>\r\n\t\t\t\t<h3>City Stade de Lesp\u00e8s<\/h3>\r\n\t\t\t\t\r\n\t<\/a>\r\n\t\r\n\t<p>Multisportbereich f\u00fcr Kinder mit Basketball- und Fu\u00dfballfeld.<\/p>\t<strong class=\"tis-box-city\">ANGLET<\/strong>\t\r\n\t\t\t\t\t\t\t\t\t<\/article><article class=\"tis-box \">\r\n\t<a href=\"https:\/\/www.anglet-tourisme.com\/de\/bewegung-in-anglet\/aktivitaeten\/anglet\/LOIAQU064V506CCL-grenadine-crayonnade\/\">\r\n\t\t<div class=\"tis-item-cover\">\r\n\t\t\t\t\t\t\t\t\t\t\t<img decoding=\"async\" src=\"https:\/\/www.anglet-tourisme.com\/wp-content\/uploads\/tis\/Grenadine-et-crayonnade-1-2.jpg\" title=\"Grenadine &#038; Crayonnade\" alt=\"Grenadine &#038; Crayonnade\" \/>\r\n\t\t\t\t\t\t\t\t\t<div class=\"tis-item-label-container\">\r\n\t\t\t\t\t\t\t<!--<span class=\"tis-item-handicap\"><img decoding=\"async\" src=\"https:\/\/www.anglet-tourisme.com\/wp-content\/plugins\/tourinsoft-syndication\/assets\/images\/icon-handicap.svg\" title=\"\" alt=\"\" \/><\/span>-->\r\n\t\t\t\t\t\t\t\t\t<\/div>\r\n\t\t\t\t\t\t<div class=\"tis-item-online-booking\">\r\n\t\t\t\t<span>Online buchbar<\/span>\r\n\t\t\t<\/div>\r\n\t\t\t\t\t\t\r\n\t\t\t\t\t<\/div>\r\n\t\t\t\t<h3>Grenadine &#038; Crayonnade<\/h3>\r\n\t\t\t\t\r\n\t<\/a>\r\n\t\r\n\t<p>Grenadine &#038; Crayonnade ist ein einzigartiger Spielpark in Frankreich&#8230; und zwar in Anglet! Er entstand im Kopf einer Mutter, die f\u00fcr ihre beiden Kinder eine Alternative zu Spielparks suchte, in denen sie&hellip;<\/p>\t<strong class=\"tis-box-city\">ANGLET<\/strong>\t\r\n\t\t\t\t\t\t<div class=\"wp-block-button\">\r\n\t\t\t\t<a target=\"_blank\" href=\"https:\/\/grenadine-et-crayonnade.qweekle.com\/shop\/grenadine-et-crayonnade?lang=fr&#038;_ga=2.85695641.1697388420.1773407621-1415818344.1773407621\" class=\"wp-block-button__link has-white-color has-btn-background-color\">Online buchen<\/a>\r\n\t\t\t<\/div>\r\n\t\t\t<\/article><article class=\"tis-box \">\r\n\t<a href=\"https:\/\/www.anglet-tourisme.com\/de\/bewegung-in-anglet\/aktivitaeten\/anglet\/LOIAQU064V50FIJN-city-stade-de-la-barre\/\">\r\n\t\t<div class=\"tis-item-cover\">\r\n\t\t\t\t\t\t\t\t\t\t\t<img decoding=\"async\" src=\"https:\/\/www.anglet-tourisme.com\/wp-content\/uploads\/tis\/Skatepark-et-aire-de-jeux-5---Dario-T-2.jpg\" title=\"City Stade de La Barre\" alt=\"City Stade de La Barre\" \/>\r\n\t\t\t\t\t\t\t\t\t<div class=\"tis-item-label-container\">\r\n\t\t\t\t\t\t\t<!--<span class=\"tis-item-handicap\"><img decoding=\"async\" src=\"https:\/\/www.anglet-tourisme.com\/wp-content\/plugins\/tourinsoft-syndication\/assets\/images\/icon-handicap.svg\" title=\"\" alt=\"\" \/><\/span>-->\r\n\t\t\t\t\t\t\t\t\t<\/div>\r\n\t\t\t\t\t\t\r\n\t\t\t\t\t<\/div>\r\n\t\t\t\t<h3>City Stade de La Barre<\/h3>\r\n\t\t\t\t\r\n\t<\/a>\r\n\t\r\n\t<p>Multisportbereich f\u00fcr Kinder mit Basketball- und Fu\u00dfballfeld.<\/p>\t<strong class=\"tis-box-city\">ANGLET<\/strong>\t\r\n\t\t\t\t\t\t\t\t\t<\/article><article class=\"tis-box \">\r\n\t<a href=\"https:\/\/www.anglet-tourisme.com\/de\/bewegung-in-anglet\/aktivitaeten\/anglet\/LOIAQU064V5BT9KY-club-de-plage-les-petits-mailhouns\/\">\r\n\t\t<div class=\"tis-item-cover\">\r\n\t\t\t\t\t\t\t\t\t\t\t<img decoding=\"async\" src=\"https:\/\/www.anglet-tourisme.com\/wp-content\/uploads\/tis\/Les-petits-Mailhouns-4---Dario-T.jpg\" title=\"Club de plage Les Petits Mailhouns\" alt=\"Club de plage Les Petits Mailhouns\" \/>\r\n\t\t\t\t\t\t\t\t\t<div class=\"tis-item-label-container\">\r\n\t\t\t\t\t\t\t<!--<span class=\"tis-item-handicap\"><img decoding=\"async\" src=\"https:\/\/www.anglet-tourisme.com\/wp-content\/plugins\/tourinsoft-syndication\/assets\/images\/icon-handicap.svg\" title=\"\" alt=\"\" \/><\/span>-->\r\n\t\t\t\t\t\t\t\t\t<\/div>\r\n\t\t\t\t\t\t\r\n\t\t\t\t\t<\/div>\r\n\t\t\t\t<h3>Club de plage Les Petits Mailhouns<\/h3>\r\n\t\t\t\t\r\n\t<\/a>\r\n\t\r\n\t<p>Der Strandclub empf\u00e4ngt Kinder von 3 bis 12 Jahren. Im Juli und August: zahlreiche Aktivit\u00e4ten, die an jedes Alter angepasst sind (gemeinsame Sportspiele, verschiedene Wettbewerbe und Turniere, Umweltbewusstsein&#8230;). Ab Mai: Gruppen- oder&hellip;<\/p>\t<strong class=\"tis-box-city\">ANGLET<\/strong>\t\r\n\t\t\t\t\t\t\t\t\t<\/article><\/div><\/div>\n\n\n\n<div style=\"height:80px\" aria-hidden=\"true\" class=\"wp-block-spacer\"><\/div>\n\n\n\n<section class=\"wp-block-group alignwide has-light-green-background-color has-background\"><div class=\"wp-block-group__inner-container is-layout-constrained wp-block-group-is-layout-constrained\"><div id=\"ts-block-66390544d3551\"  class=\"title-bloc-container px-xl aligncenter\">\n\t\t<div class=\"title-bloc-content\">\n\t\t<div class=\"title-bloc\" >\n\t\t\t<div class=\"acf-innerblocks-container\">\n\n<h2 class=\"wp-block-heading\">Sie werden auch m\u00f6gen<\/h2>\n\n<\/div>\t\t<\/div>\n\t\t\t<\/div>\n<\/div>\n\n\n<div id=\"ts-block-66390544d64d3\"  class=\"is-style-horizontal\">\n\t<div class=\"swiper-container tis_item_box-swiper\"><div data-block_id=\"ts-block-66390544d64d3\" class=\"tis_item_box_container columns-2 img-zoom  with-slide slide-ts-block-66390544d64d3\"><div class=\"swiper-wrapper\" data-nb_col=\"2\" id=\"ts-block-66390544d64d3\"><article class=\"tis-box swiper-slide \">\n\t<a href=\"https:\/\/www.anglet-tourisme.com\/de\/bewegung-in-anglet\/aktivitaeten\/anglet\/LOIAQU064V57LXPF-escape-you\/\">\n\t\t<div class=\"tis-item-cover \">\n\t\t\t\t\t\t<img decoding=\"async\" src=\"https:\/\/cdt64.media.tourinsoft.eu\/upload\/Escape-You-logo.jpg?width=450\" title=\"Escape You\" alt=\"Escape You\" loading=\"lazy\" \/>\n\t\t\t\t\t<div class=\"tis-item-label-container\">\n\t\t\t\t\t\t\t<!--<span class=\"tis-item-handicap\"><img decoding=\"async\" src=\"https:\/\/www.anglet-tourisme.com\/wp-content\/plugins\/tourinsoft-syndication\/assets\/images\/icon-handicap.svg\" title=\"\" alt=\"\" \/><\/span>-->\n\t\t\t\t\t\t\t\t\t<\/div>\n\t\t\t\t\t<\/div>\t\t\n\t<\/a>\n\t<div class=\"tis-item-info\">\n\t\t<span class=\"tis-item-type\"><\/span>\t\t<h3>Escape You<\/h3>\n\t\t\t\t\t\t\t\t<p>Willkommen bei Escape You, Ihrem ultimativen Ziel f\u00fcr ein unvergessliches Abenteuer! Tauchen Sie ein in&hellip;<\/p>\t\t<strong class=\"tis-box-city\">ANGLET<\/strong>\t\t\n\t\t\n\t\t\t\t\t<div class=\"wp-block-button\">\n\t\t\t\t<a href=\"https:\/\/www.anglet-tourisme.com\/de\/bewegung-in-anglet\/aktivitaeten\/anglet\/LOIAQU064V57LXPF-escape-you\/\" class=\"has-black-color has-white-background-color has-text-color has-background has-link-color wp-element-button\"><img decoding=\"async\" src=\"https:\/\/www.anglet-tourisme.com\/wp-content\/themes\/onk-tourisme\/assets\/images\/arrow-right-2.svg\" alt=\"Mehr sehen\" \/><\/a>\n\t\t\t<\/div>\n\t\t\t\t\n\t<\/div>\n<\/article><article class=\"tis-box swiper-slide \">\n\t<a href=\"https:\/\/www.anglet-tourisme.com\/de\/bewegung-in-anglet\/aktivitaeten\/anglet\/LOIAQU064V5AYEPB-escape-game-ilusiom\/\">\n\t\t<div class=\"tis-item-cover \">\n\t\t\t\t\t\t<img decoding=\"async\" src=\"https:\/\/cdt64.media.tourinsoft.eu\/upload\/Escape-game-Ilusiom-2.jpg?width=450\" title=\"Escape game ilusiom\" alt=\"Escape game ilusiom\" loading=\"lazy\" \/>\n\t\t\t\t\t<div class=\"tis-item-label-container\">\n\t\t\t\t\t\t\t<!--<span class=\"tis-item-handicap\"><img decoding=\"async\" src=\"https:\/\/www.anglet-tourisme.com\/wp-content\/plugins\/tourinsoft-syndication\/assets\/images\/icon-handicap.svg\" title=\"\" alt=\"\" \/><\/span>-->\n\t\t\t\t\t\t\t\t\t<\/div>\n\t\t\t\t\t<\/div>\t\t\n\t<\/a>\n\t<div class=\"tis-item-info\">\n\t\t<span class=\"tis-item-type\"><\/span>\t\t<h3>Escape game ilusiom<\/h3>\n\t\t\t\t\t\t\t\t<p>Ilusiom, das neue Escape Game in Anglet, das Sie herausfordert! Werden Sie es wagen? Treffen&hellip;<\/p>\t\t<strong class=\"tis-box-city\">ANGLET<\/strong>\t\t\n\t\t\n\t\t\t\t\t<div class=\"wp-block-button\">\n\t\t\t\t<a href=\"https:\/\/www.anglet-tourisme.com\/de\/bewegung-in-anglet\/aktivitaeten\/anglet\/LOIAQU064V5AYEPB-escape-game-ilusiom\/\" class=\"has-black-color has-white-background-color has-text-color has-background has-link-color wp-element-button\"><img decoding=\"async\" src=\"https:\/\/www.anglet-tourisme.com\/wp-content\/themes\/onk-tourisme\/assets\/images\/arrow-right-2.svg\" alt=\"Mehr sehen\" \/><\/a>\n\t\t\t<\/div>\n\t\t\t\t\n\t<\/div>\n<\/article><\/div><\/div><div class=\"swiper-button-prev prev-ts-block-66390544d64d3\"><\/div><div class=\"swiper-button-next next-ts-block-66390544d64d3\"><\/div><\/div><\/div>\n<\/div><\/section>\n","protected":false},"excerpt":{"rendered":"<p>Klettern, rutschen, schaukeln, spielen, sich auspowern&#8230; In Anglet werden sich die Kinder nie langweilen! Entdecken Sie unsere interaktive Karte Anglet auf der Karte um ganz einfach den idealen Spielplatz in Ihrer N\u00e4he zu finden. F\u00fcr spielerische Momente in geschlossenen R\u00e4umen besuchen Sie den Kinderspielplatz Grenadine et Crayonnade, der kreative Aktivit\u00e4ten, [&hellip;]<\/p>\n","protected":false},"author":1,"featured_media":16035,"parent":16015,"menu_order":0,"comment_status":"closed","ping_status":"closed","template":"","meta":{"_acf_changed":false,"_seopress_robots_primary_cat":"","_seopress_titles_title":"","_seopress_titles_desc":"","_seopress_robots_index":"","footnotes":""},"class_list":["post-16034","page","type-page","status-publish","has-post-thumbnail"],"acf":[],"_links":{"self":[{"href":"https:\/\/www.anglet-tourisme.com\/de\/wp-json\/wp\/v2\/pages\/16034","targetHints":{"allow":["GET"]}}],"collection":[{"href":"https:\/\/www.anglet-tourisme.com\/de\/wp-json\/wp\/v2\/pages"}],"about":[{"href":"https:\/\/www.anglet-tourisme.com\/de\/wp-json\/wp\/v2\/types\/page"}],"author":[{"embeddable":true,"href":"https:\/\/www.anglet-tourisme.com\/de\/wp-json\/wp\/v2\/users\/1"}],"replies":[{"embeddable":true,"href":"https:\/\/www.anglet-tourisme.com\/de\/wp-json\/wp\/v2\/comments?post=16034"}],"version-history":[{"count":2,"href":"https:\/\/www.anglet-tourisme.com\/de\/wp-json\/wp\/v2\/pages\/16034\/revisions"}],"predecessor-version":[{"id":18146,"href":"https:\/\/www.anglet-tourisme.com\/de\/wp-json\/wp\/v2\/pages\/16034\/revisions\/18146"}],"up":[{"embeddable":true,"href":"https:\/\/www.anglet-tourisme.com\/de\/wp-json\/wp\/v2\/pages\/16015"}],"wp:featuredmedia":[{"embeddable":true,"href":"https:\/\/www.anglet-tourisme.com\/de\/wp-json\/wp\/v2\/media\/16035"}],"wp:attachment":[{"href":"https:\/\/www.anglet-tourisme.com\/de\/wp-json\/wp\/v2\/media?parent=16034"}],"curies":[{"name":"wp","href":"https:\/\/api.w.org\/{rel}","templated":true}]}}