{"id":16103,"date":"2024-05-30T10:26:31","date_gmt":"2024-05-30T08:26:31","guid":{"rendered":"https:\/\/www.anglet-tourisme.com\/von-anglet-aus\/hoehlen-von-isturitz-und-oxocelhaya\/"},"modified":"2025-04-01T16:32:20","modified_gmt":"2025-04-01T14:32:20","slug":"hoehlen-von-isturitz-und-oxocelhaya","status":"publish","type":"page","link":"https:\/\/www.anglet-tourisme.com\/de\/von-anglet-aus\/hoehlen-von-isturitz-und-oxocelhaya\/","title":{"rendered":"H\u00f6hlen von Isturitz und Oxocelhaya"},"content":{"rendered":"\n<div class=\"wp-block-group\"><div class=\"wp-block-group__inner-container is-layout-constrained wp-block-group-is-layout-constrained\">\n<div class=\"wp-block-columns is-layout-flex wp-container-core-columns-is-layout-9d6595d7 wp-block-columns-is-layout-flex\">\n<div class=\"wp-block-column is-vertically-aligned-top is-layout-flow wp-block-column-is-layout-flow\">\n<figure class=\"wp-block-gallery has-nested-images columns-2 is-cropped wp-block-gallery-1 is-layout-flex wp-block-gallery-is-layout-flex\">\n<figure data-wp-context=\"{&quot;imageId&quot;:&quot;69f0f646a438d&quot;}\" data-wp-interactive=\"core\/image\" data-wp-key=\"69f0f646a438d\" class=\"wp-block-image size-large wp-lightbox-container\"><img decoding=\"async\" data-wp-class--hide=\"state.isContentHidden\" data-wp-class--show=\"state.isContentVisible\" data-wp-init=\"callbacks.setButtonStyles\" data-wp-on--click=\"actions.showLightbox\" data-wp-on--load=\"callbacks.setButtonStyles\" data-wp-on-window--resize=\"callbacks.setButtonStyles\" data-id=\"4611\" src=\"https:\/\/www.anglet-tourisme.com\/wp-content\/uploads\/2024\/05\/Photo&#xA9;GROTTES_ISTURITZ_006-1-1024x682.jpg\" alt=\"\" class=\"wp-image-4611\"\/><button\n\t\t\tclass=\"lightbox-trigger\"\n\t\t\ttype=\"button\"\n\t\t\taria-haspopup=\"dialog\"\n\t\t\taria-label=\"Vergr\u00f6\u00dfern\"\n\t\t\tdata-wp-init=\"callbacks.initTriggerButton\"\n\t\t\tdata-wp-on--click=\"actions.showLightbox\"\n\t\t\tdata-wp-style--right=\"state.imageButtonRight\"\n\t\t\tdata-wp-style--top=\"state.imageButtonTop\"\n\t\t>\n\t\t\t<svg xmlns=\"http:\/\/www.w3.org\/2000\/svg\" width=\"12\" height=\"12\" fill=\"none\" viewBox=\"0 0 12 12\">\n\t\t\t\t<path fill=\"#fff\" d=\"M2 0a2 2 0 0 0-2 2v2h1.5V2a.5.5 0 0 1 .5-.5h2V0H2Zm2 10.5H2a.5.5 0 0 1-.5-.5V8H0v2a2 2 0 0 0 2 2h2v-1.5ZM8 12v-1.5h2a.5.5 0 0 0 .5-.5V8H12v2a2 2 0 0 1-2 2H8Zm2-12a2 2 0 0 1 2 2v2h-1.5V2a.5.5 0 0 0-.5-.5H8V0h2Z\" \/>\n\t\t\t<\/svg>\n\t\t<\/button><\/figure>\n\n\n\n<figure data-wp-context=\"{&quot;imageId&quot;:&quot;69f0f646a4960&quot;}\" data-wp-interactive=\"core\/image\" data-wp-key=\"69f0f646a4960\" class=\"wp-block-image size-large wp-lightbox-container\"><img decoding=\"async\" data-wp-class--hide=\"state.isContentHidden\" data-wp-class--show=\"state.isContentVisible\" data-wp-init=\"callbacks.setButtonStyles\" data-wp-on--click=\"actions.showLightbox\" data-wp-on--load=\"callbacks.setButtonStyles\" data-wp-on-window--resize=\"callbacks.setButtonStyles\" data-id=\"4608\" src=\"https:\/\/www.anglet-tourisme.com\/wp-content\/uploads\/2024\/05\/Photo&#xA9;GROTTES_ISTURITZ_005-1-1024x682.jpg\" alt=\"\" class=\"wp-image-4608\"\/><button\n\t\t\tclass=\"lightbox-trigger\"\n\t\t\ttype=\"button\"\n\t\t\taria-haspopup=\"dialog\"\n\t\t\taria-label=\"Vergr\u00f6\u00dfern\"\n\t\t\tdata-wp-init=\"callbacks.initTriggerButton\"\n\t\t\tdata-wp-on--click=\"actions.showLightbox\"\n\t\t\tdata-wp-style--right=\"state.imageButtonRight\"\n\t\t\tdata-wp-style--top=\"state.imageButtonTop\"\n\t\t>\n\t\t\t<svg xmlns=\"http:\/\/www.w3.org\/2000\/svg\" width=\"12\" height=\"12\" fill=\"none\" viewBox=\"0 0 12 12\">\n\t\t\t\t<path fill=\"#fff\" d=\"M2 0a2 2 0 0 0-2 2v2h1.5V2a.5.5 0 0 1 .5-.5h2V0H2Zm2 10.5H2a.5.5 0 0 1-.5-.5V8H0v2a2 2 0 0 0 2 2h2v-1.5ZM8 12v-1.5h2a.5.5 0 0 0 .5-.5V8H12v2a2 2 0 0 1-2 2H8Zm2-12a2 2 0 0 1 2 2v2h-1.5V2a.5.5 0 0 0-.5-.5H8V0h2Z\" \/>\n\t\t\t<\/svg>\n\t\t<\/button><\/figure>\n\n\n\n<figure data-wp-context=\"{&quot;imageId&quot;:&quot;69f0f646a4de6&quot;}\" data-wp-interactive=\"core\/image\" data-wp-key=\"69f0f646a4de6\" class=\"wp-block-image size-large wp-lightbox-container\"><img loading=\"lazy\" decoding=\"async\" width=\"1024\" height=\"683\" data-wp-class--hide=\"state.isContentHidden\" data-wp-class--show=\"state.isContentVisible\" data-wp-init=\"callbacks.setButtonStyles\" data-wp-on--click=\"actions.showLightbox\" data-wp-on--load=\"callbacks.setButtonStyles\" data-wp-on-window--resize=\"callbacks.setButtonStyles\" data-id=\"4605\" src=\"https:\/\/www.anglet-tourisme.com\/wp-content\/uploads\/2024\/05\/banner-to-zigor-1-1-1024x683.jpg\" alt=\"\" class=\"wp-image-4605\" srcset=\"https:\/\/www.anglet-tourisme.com\/wp-content\/uploads\/2024\/05\/banner-to-zigor-1-1-1024x683.jpg 1024w, https:\/\/www.anglet-tourisme.com\/wp-content\/uploads\/2024\/05\/banner-to-zigor-1-1-800x534.jpg 800w, https:\/\/www.anglet-tourisme.com\/wp-content\/uploads\/2024\/05\/banner-to-zigor-1-1-768x512.jpg 768w, https:\/\/www.anglet-tourisme.com\/wp-content\/uploads\/2024\/05\/banner-to-zigor-1-1-1536x1025.jpg 1536w, https:\/\/www.anglet-tourisme.com\/wp-content\/uploads\/2024\/05\/banner-to-zigor-1-1.jpg 1920w\" sizes=\"auto, (max-width: 1024px) 100vw, 1024px\" \/><button\n\t\t\tclass=\"lightbox-trigger\"\n\t\t\ttype=\"button\"\n\t\t\taria-haspopup=\"dialog\"\n\t\t\taria-label=\"Vergr\u00f6\u00dfern\"\n\t\t\tdata-wp-init=\"callbacks.initTriggerButton\"\n\t\t\tdata-wp-on--click=\"actions.showLightbox\"\n\t\t\tdata-wp-style--right=\"state.imageButtonRight\"\n\t\t\tdata-wp-style--top=\"state.imageButtonTop\"\n\t\t>\n\t\t\t<svg xmlns=\"http:\/\/www.w3.org\/2000\/svg\" width=\"12\" height=\"12\" fill=\"none\" viewBox=\"0 0 12 12\">\n\t\t\t\t<path fill=\"#fff\" d=\"M2 0a2 2 0 0 0-2 2v2h1.5V2a.5.5 0 0 1 .5-.5h2V0H2Zm2 10.5H2a.5.5 0 0 1-.5-.5V8H0v2a2 2 0 0 0 2 2h2v-1.5ZM8 12v-1.5h2a.5.5 0 0 0 .5-.5V8H12v2a2 2 0 0 1-2 2H8Zm2-12a2 2 0 0 1 2 2v2h-1.5V2a.5.5 0 0 0-.5-.5H8V0h2Z\" \/>\n\t\t\t<\/svg>\n\t\t<\/button><\/figure>\n<\/figure>\n<\/div>\n\n\n\n<div class=\"wp-block-column is-vertically-aligned-top is-layout-flow wp-block-column-is-layout-flow\">\n<h2 class=\"wp-block-heading\"><strong>Reise zum Mittelpunkt der Erde<\/strong><\/h2>\n\n\n\n<p>Nur 30 Minuten von Anglet entfernt k\u00f6nnen Sie eine der reichsten arch\u00e4ologischen St\u00e4tten Europas erkunden: die H\u00f6hlen von Isturitz und Oxocelhaya. Die H\u00f6hlen liegen im Arberoue-Tal unter dem Gaztelu-H\u00fcgel und bieten einen 600 Meter langen, faszinierenden Rundgang.   <\/p>\n\n\n\n<p>Isturitz ist mit H\u00f6hlenmalereien geschm\u00fcckt, die das t\u00e4gliche Leben unserer Vorfahren illustrieren, w\u00e4hrend Oxocelhaya, eine wahre Mineralkathedrale, mit ihren jahrtausendealten Konkretionen und ihrer stillen Atmosph\u00e4re beeindruckt. Der Besuch dauert etwa eine Stunde und ist eine Reise durch die Zeit. <\/p>\n\n\n\n<div style=\"height:40px\" aria-hidden=\"true\" class=\"wp-block-spacer\"><\/div>\n\n\n\n<h2 class=\"wp-block-heading\"><strong>Eine unvergleichliche Vielfalt an Objekten und M\u00f6beln<\/strong><\/h2>\n\n\n\n<p>W\u00e4hrend des Sommers beherbergen die H\u00f6hlen von Isturitz und Oxocelhaya Forscher, die ihr Wissen gerne mit den Besuchern teilen. T\u00e4gliche F\u00fchrungen bieten einen Einblick in die tausendj\u00e4hrige Geschichte dieses au\u00dfergew\u00f6hnlichen Ortes. Thematische F\u00fchrungen beleuchten spezifische Aspekte wie Geologie oder Anthropologie.  <\/p>\n\n\n\n<p>Verpassen Sie nicht diese einzigartige Gelegenheit, an unsere Vorgeschichte anzukn\u00fcpfen und die Sch\u00e4tze zu entdecken, die unter dem H\u00fcgel von Gaztelu verborgen sind. Tauchen Sie ein in eine Welt, in der die Vergangenheit zum Leben erwacht und lassen Sie sich von der Magie dieser H\u00f6hlen mitrei\u00dfen. <\/p>\n<\/div>\n<\/div>\n<\/div><\/div>\n\n<div style=\"height:80px\" aria-hidden=\"true\" class=\"wp-block-spacer\"><\/div>\n\n<div class=\"wp-block-group\"><div class=\"wp-block-group__inner-container is-layout-constrained wp-block-group-is-layout-constrained\">\n<div class=\"wp-block-columns is-layout-flex wp-container-core-columns-is-layout-9d6595d7 wp-block-columns-is-layout-flex\">\n<div class=\"wp-block-column is-layout-flow wp-block-column-is-layout-flow\" style=\"flex-basis:66.66%\">\n<div class=\"wp-block-cover is-light alert\" style=\"min-height:107px;aspect-ratio:unset;\"><span aria-hidden=\"true\" class=\"wp-block-cover__background has-white-background-color has-background-dim-100 has-background-dim\"><\/span><div class=\"wp-block-cover__inner-container is-layout-constrained wp-block-cover-is-layout-constrained\">\n<div class=\"wp-block-group is-nowrap is-layout-flex wp-container-core-group-is-layout-ad2f72ca wp-block-group-is-layout-flex\"><div class=\"wp-block-image\">\n<figure class=\"alignleft size-full is-resized\"><img loading=\"lazy\" decoding=\"async\" width=\"431\" height=\"415\" src=\"https:\/\/www.anglet-tourisme.com\/wp-content\/uploads\/2024\/05\/Anglet-Cote-Basque-PICTOS-V2_page-0001-1.jpg\" alt=\"\" class=\"wp-image-2472\" style=\"aspect-ratio:1;object-fit:cover;width:67px;height:auto\"\/><\/figure>\n<\/div>\n\n\n<h3 class=\"wp-block-heading has-text-align-left has-blue-color has-text-color has-small-font-size\"><strong>INFORMATIONEN<\/strong><\/h3>\n<\/div>\n\n\n\n<p><br\/><strong>ADRESSE<\/strong><br\/><a href=\"https:\/\/www.google.com\/maps\/place\/\/data=!4m2!3m1!1s0xd56cd3efa9fa343:0xf81b84d4893c5a0f?sa=X&amp;ved=1t:8290&amp;ictx=111\" target=\"_blank\" rel=\"noreferrer noopener\">Quartier Hiribehere, 64640 SAINT-MARTIN-D&#8217;ARBEROUE<\/a><br\/><br\/><strong>KONTAKT<\/strong><br\/>+33 5 59 29 64 72<br\/><a href=\"https:\/\/www.grottes-isturitz.com\/\" data-type=\"link\" data-id=\"https:\/\/www.grottes-isturitz.com\/\" target=\"_blank\" rel=\"noreferrer noopener nofollow\">Siehe die Website<\/a><br\/><br\/> SPRACHEN<br\/>Franz\u00f6sisch, Englisch, Spanisch, Baskisch<\/p>\n\n\n\n<div style=\"height:40px\" aria-hidden=\"true\" class=\"wp-block-spacer\"><\/div>\n<\/div><\/div>\n<\/div>\n\n\n\n<div class=\"wp-block-column is-vertically-aligned-center is-layout-flow wp-block-column-is-layout-flow\" style=\"flex-basis:66.66%\">\n<div class=\"wp-block-columns is-layout-flex wp-container-core-columns-is-layout-9d6595d7 wp-block-columns-is-layout-flex\">\n<div class=\"wp-block-column is-layout-flow wp-block-column-is-layout-flow\">\n<h3 class=\"wp-block-heading\">Zug\u00e4nglichkeit<\/h3>\n\n\n\n<ul class=\"wp-block-list\">\n<li>Parkplatz f\u00fcr PKW<\/li>\n<\/ul>\n<\/div>\n<\/div>\n\n\n\n<div class=\"frame-responsive\"><iframe loading=\"lazy\" width=\"425\" height=\"350\" src=\"https:\/\/www.openstreetmap.org\/export\/embed.html?bbox=-1.2085443735122683%2C43.351778730977905%2C-1.2035232782363894%2C43.354442885398036&#038;layer=mapnik&#038;marker=43.35311082280727%2C-1.2060338258743286\" style=\"border: 1px solid black\"><\/iframe><br\/><small><a href=\"https:\/\/www.openstreetmap.org\/?mlat=43.35311&#038;mlon=-1.20603#map=18\/43.35311\/-1.20603\">iframe<\/a><\/small><\/div>\n<\/div>\n<\/div>\n<\/div><\/div>\n","protected":false},"excerpt":{"rendered":"<p>Reise zum Mittelpunkt der Erde Nur 30 Minuten von Anglet entfernt k\u00f6nnen Sie eine der reichsten arch\u00e4ologischen St\u00e4tten Europas erkunden: die H\u00f6hlen von Isturitz und Oxocelhaya. Die H\u00f6hlen liegen im Arberoue-Tal unter dem Gaztelu-H\u00fcgel und bieten einen 600 Meter langen, faszinierenden Rundgang. Isturitz ist mit H\u00f6hlenmalereien geschm\u00fcckt, die das t\u00e4gliche [&hellip;]<\/p>\n","protected":false},"author":5,"featured_media":16111,"parent":15767,"menu_order":9,"comment_status":"closed","ping_status":"closed","template":"","meta":{"_acf_changed":false,"_seopress_robots_primary_cat":"","_seopress_titles_title":"Grotte d'Isturitz und Oxocelhaya: pr\u00e4historische H\u00f6hlen im Baskenland","_seopress_titles_desc":"Erkunden Sie die H\u00f6hle von Isturitz und Oxocelhaya, einen pr\u00e4historischen Schatz im Herzen des Baskenlandes, und erleben Sie ein zeitloses Abenteuer.","_seopress_robots_index":"","footnotes":""},"class_list":["post-16103","page","type-page","status-publish","has-post-thumbnail"],"acf":[],"_links":{"self":[{"href":"https:\/\/www.anglet-tourisme.com\/de\/wp-json\/wp\/v2\/pages\/16103","targetHints":{"allow":["GET"]}}],"collection":[{"href":"https:\/\/www.anglet-tourisme.com\/de\/wp-json\/wp\/v2\/pages"}],"about":[{"href":"https:\/\/www.anglet-tourisme.com\/de\/wp-json\/wp\/v2\/types\/page"}],"author":[{"embeddable":true,"href":"https:\/\/www.anglet-tourisme.com\/de\/wp-json\/wp\/v2\/users\/5"}],"replies":[{"embeddable":true,"href":"https:\/\/www.anglet-tourisme.com\/de\/wp-json\/wp\/v2\/comments?post=16103"}],"version-history":[{"count":1,"href":"https:\/\/www.anglet-tourisme.com\/de\/wp-json\/wp\/v2\/pages\/16103\/revisions"}],"predecessor-version":[{"id":16112,"href":"https:\/\/www.anglet-tourisme.com\/de\/wp-json\/wp\/v2\/pages\/16103\/revisions\/16112"}],"up":[{"embeddable":true,"href":"https:\/\/www.anglet-tourisme.com\/de\/wp-json\/wp\/v2\/pages\/15767"}],"wp:featuredmedia":[{"embeddable":true,"href":"https:\/\/www.anglet-tourisme.com\/de\/wp-json\/wp\/v2\/media\/16111"}],"wp:attachment":[{"href":"https:\/\/www.anglet-tourisme.com\/de\/wp-json\/wp\/v2\/media?parent=16103"}],"curies":[{"name":"wp","href":"https:\/\/api.w.org\/{rel}","templated":true}]}}