{"id":16669,"date":"2024-05-24T14:44:42","date_gmt":"2024-05-24T12:44:42","guid":{"rendered":"https:\/\/www.anglet-tourisme.com\/hoehepunkte-in-anglet\/pyrolodianisches-spektakel-ein-grosses-spektakel-in-aussicht\/"},"modified":"2025-05-12T11:59:42","modified_gmt":"2025-05-12T09:59:42","slug":"pyrolodianisches-spektakel-ein-grosses-spektakel-in-aussicht","status":"publish","type":"page","link":"https:\/\/www.anglet-tourisme.com\/de\/hoehepunkte-in-anglet\/pyrolodianisches-spektakel-ein-grosses-spektakel-in-aussicht\/","title":{"rendered":"Pyrolodianisches Spektakel: Ein gro\u00dfes Spektakel in Aussicht!"},"content":{"rendered":"\n<div class=\"wp-block-group\"><div class=\"wp-block-group__inner-container is-layout-constrained wp-block-group-is-layout-constrained\">\n<div class=\"wp-block-columns is-layout-flex wp-container-core-columns-is-layout-9d6595d7 wp-block-columns-is-layout-flex\">\n<div class=\"wp-block-column is-vertically-aligned-top is-layout-flow wp-block-column-is-layout-flow\">\n<figure class=\"wp-block-gallery has-nested-images columns-2 is-cropped wp-block-gallery-1 is-layout-flex wp-block-gallery-is-layout-flex\">\n<figure data-wp-context=\"{&quot;imageId&quot;:&quot;69f0f85e6820a&quot;}\" data-wp-interactive=\"core\/image\" data-wp-key=\"69f0f85e6820a\" class=\"wp-block-image size-large wp-lightbox-container\"><img loading=\"lazy\" decoding=\"async\" width=\"1024\" height=\"683\" data-wp-class--hide=\"state.isContentHidden\" data-wp-class--show=\"state.isContentVisible\" data-wp-init=\"callbacks.setButtonStyles\" data-wp-on--click=\"actions.showLightbox\" data-wp-on--load=\"callbacks.setButtonStyles\" data-wp-on-window--resize=\"callbacks.setButtonStyles\" data-id=\"14999\" src=\"https:\/\/www.anglet-tourisme.com\/wp-content\/uploads\/2025\/02\/pyromelodique-anglet-riblanc-2-1024x683.jpg\" alt=\"\" class=\"wp-image-14999\" srcset=\"https:\/\/www.anglet-tourisme.com\/wp-content\/uploads\/2025\/02\/pyromelodique-anglet-riblanc-2-1024x683.jpg 1024w, https:\/\/www.anglet-tourisme.com\/wp-content\/uploads\/2025\/02\/pyromelodique-anglet-riblanc-2-800x534.jpg 800w, https:\/\/www.anglet-tourisme.com\/wp-content\/uploads\/2025\/02\/pyromelodique-anglet-riblanc-2-150x100.jpg 150w, https:\/\/www.anglet-tourisme.com\/wp-content\/uploads\/2025\/02\/pyromelodique-anglet-riblanc-2-768x513.jpg 768w, https:\/\/www.anglet-tourisme.com\/wp-content\/uploads\/2025\/02\/pyromelodique-anglet-riblanc-2.jpg 1500w\" sizes=\"auto, (max-width: 1024px) 100vw, 1024px\" \/><button\n\t\t\tclass=\"lightbox-trigger\"\n\t\t\ttype=\"button\"\n\t\t\taria-haspopup=\"dialog\"\n\t\t\taria-label=\"Vergr\u00f6\u00dfern\"\n\t\t\tdata-wp-init=\"callbacks.initTriggerButton\"\n\t\t\tdata-wp-on--click=\"actions.showLightbox\"\n\t\t\tdata-wp-style--right=\"state.imageButtonRight\"\n\t\t\tdata-wp-style--top=\"state.imageButtonTop\"\n\t\t>\n\t\t\t<svg xmlns=\"http:\/\/www.w3.org\/2000\/svg\" width=\"12\" height=\"12\" fill=\"none\" viewBox=\"0 0 12 12\">\n\t\t\t\t<path fill=\"#fff\" d=\"M2 0a2 2 0 0 0-2 2v2h1.5V2a.5.5 0 0 1 .5-.5h2V0H2Zm2 10.5H2a.5.5 0 0 1-.5-.5V8H0v2a2 2 0 0 0 2 2h2v-1.5ZM8 12v-1.5h2a.5.5 0 0 0 .5-.5V8H12v2a2 2 0 0 1-2 2H8Zm2-12a2 2 0 0 1 2 2v2h-1.5V2a.5.5 0 0 0-.5-.5H8V0h2Z\" \/>\n\t\t\t<\/svg>\n\t\t<\/button><\/figure>\n\n\n\n<figure data-wp-context=\"{&quot;imageId&quot;:&quot;69f0f85e68818&quot;}\" data-wp-interactive=\"core\/image\" data-wp-key=\"69f0f85e68818\" class=\"wp-block-image size-large wp-lightbox-container\"><img loading=\"lazy\" decoding=\"async\" width=\"1024\" height=\"683\" data-wp-class--hide=\"state.isContentHidden\" data-wp-class--show=\"state.isContentVisible\" data-wp-init=\"callbacks.setButtonStyles\" data-wp-on--click=\"actions.showLightbox\" data-wp-on--load=\"callbacks.setButtonStyles\" data-wp-on-window--resize=\"callbacks.setButtonStyles\" data-id=\"15003\" src=\"https:\/\/www.anglet-tourisme.com\/wp-content\/uploads\/2025\/02\/pyromelodique-anglet-riblanc-1024x683.jpg\" alt=\"\" class=\"wp-image-15003\" srcset=\"https:\/\/www.anglet-tourisme.com\/wp-content\/uploads\/2025\/02\/pyromelodique-anglet-riblanc-1024x683.jpg 1024w, https:\/\/www.anglet-tourisme.com\/wp-content\/uploads\/2025\/02\/pyromelodique-anglet-riblanc-800x534.jpg 800w, https:\/\/www.anglet-tourisme.com\/wp-content\/uploads\/2025\/02\/pyromelodique-anglet-riblanc-150x100.jpg 150w, https:\/\/www.anglet-tourisme.com\/wp-content\/uploads\/2025\/02\/pyromelodique-anglet-riblanc-768x513.jpg 768w, https:\/\/www.anglet-tourisme.com\/wp-content\/uploads\/2025\/02\/pyromelodique-anglet-riblanc.jpg 1500w\" sizes=\"auto, (max-width: 1024px) 100vw, 1024px\" \/><button\n\t\t\tclass=\"lightbox-trigger\"\n\t\t\ttype=\"button\"\n\t\t\taria-haspopup=\"dialog\"\n\t\t\taria-label=\"Vergr\u00f6\u00dfern\"\n\t\t\tdata-wp-init=\"callbacks.initTriggerButton\"\n\t\t\tdata-wp-on--click=\"actions.showLightbox\"\n\t\t\tdata-wp-style--right=\"state.imageButtonRight\"\n\t\t\tdata-wp-style--top=\"state.imageButtonTop\"\n\t\t>\n\t\t\t<svg xmlns=\"http:\/\/www.w3.org\/2000\/svg\" width=\"12\" height=\"12\" fill=\"none\" viewBox=\"0 0 12 12\">\n\t\t\t\t<path fill=\"#fff\" d=\"M2 0a2 2 0 0 0-2 2v2h1.5V2a.5.5 0 0 1 .5-.5h2V0H2Zm2 10.5H2a.5.5 0 0 1-.5-.5V8H0v2a2 2 0 0 0 2 2h2v-1.5ZM8 12v-1.5h2a.5.5 0 0 0 .5-.5V8H12v2a2 2 0 0 1-2 2H8Zm2-12a2 2 0 0 1 2 2v2h-1.5V2a.5.5 0 0 0-.5-.5H8V0h2Z\" \/>\n\t\t\t<\/svg>\n\t\t<\/button><\/figure>\n\n\n\n<figure data-wp-context=\"{&quot;imageId&quot;:&quot;69f0f85e68d29&quot;}\" data-wp-interactive=\"core\/image\" data-wp-key=\"69f0f85e68d29\" class=\"wp-block-image size-large wp-lightbox-container\"><img loading=\"lazy\" decoding=\"async\" width=\"1024\" height=\"683\" data-wp-class--hide=\"state.isContentHidden\" data-wp-class--show=\"state.isContentVisible\" data-wp-init=\"callbacks.setButtonStyles\" data-wp-on--click=\"actions.showLightbox\" data-wp-on--load=\"callbacks.setButtonStyles\" data-wp-on-window--resize=\"callbacks.setButtonStyles\" data-id=\"8364\" src=\"https:\/\/www.anglet-tourisme.com\/wp-content\/uploads\/2024\/07\/Pyromelodique-Anglet_RIB3272_\u00a9RiBLANC-1024x683.jpg\" alt=\"\" class=\"wp-image-8364\" srcset=\"https:\/\/www.anglet-tourisme.com\/wp-content\/uploads\/2024\/07\/Pyromelodique-Anglet_RIB3272_\u00a9RiBLANC-1024x683.jpg 1024w, https:\/\/www.anglet-tourisme.com\/wp-content\/uploads\/2024\/07\/Pyromelodique-Anglet_RIB3272_\u00a9RiBLANC-800x534.jpg 800w, https:\/\/www.anglet-tourisme.com\/wp-content\/uploads\/2024\/07\/Pyromelodique-Anglet_RIB3272_\u00a9RiBLANC-768x512.jpg 768w, https:\/\/www.anglet-tourisme.com\/wp-content\/uploads\/2024\/07\/Pyromelodique-Anglet_RIB3272_\u00a9RiBLANC-1536x1025.jpg 1536w, https:\/\/www.anglet-tourisme.com\/wp-content\/uploads\/2024\/07\/Pyromelodique-Anglet_RIB3272_\u00a9RiBLANC.jpg 2000w\" sizes=\"auto, (max-width: 1024px) 100vw, 1024px\" \/><button\n\t\t\tclass=\"lightbox-trigger\"\n\t\t\ttype=\"button\"\n\t\t\taria-haspopup=\"dialog\"\n\t\t\taria-label=\"Vergr\u00f6\u00dfern\"\n\t\t\tdata-wp-init=\"callbacks.initTriggerButton\"\n\t\t\tdata-wp-on--click=\"actions.showLightbox\"\n\t\t\tdata-wp-style--right=\"state.imageButtonRight\"\n\t\t\tdata-wp-style--top=\"state.imageButtonTop\"\n\t\t>\n\t\t\t<svg xmlns=\"http:\/\/www.w3.org\/2000\/svg\" width=\"12\" height=\"12\" fill=\"none\" viewBox=\"0 0 12 12\">\n\t\t\t\t<path fill=\"#fff\" d=\"M2 0a2 2 0 0 0-2 2v2h1.5V2a.5.5 0 0 1 .5-.5h2V0H2Zm2 10.5H2a.5.5 0 0 1-.5-.5V8H0v2a2 2 0 0 0 2 2h2v-1.5ZM8 12v-1.5h2a.5.5 0 0 0 .5-.5V8H12v2a2 2 0 0 1-2 2H8Zm2-12a2 2 0 0 1 2 2v2h-1.5V2a.5.5 0 0 0-.5-.5H8V0h2Z\" \/>\n\t\t\t<\/svg>\n\t\t<\/button><\/figure>\n<\/figure>\n<\/div>\n\n\n\n<div class=\"wp-block-column is-vertically-aligned-top is-layout-flow wp-block-column-is-layout-flow\">\n<h2 class=\"wp-block-heading\"><strong>Ein einzigartiges Spektakel aus Feuerwerk und Musik<\/strong><\/h2>\n\n\n\n<p>Die <strong>Feuerwerksshow<\/strong> ist ein unumg\u00e4ngliches Ereignis der Sommersaison in Anglet und zieht Tausende von Zuschauern an den wundersch\u00f6nen Strand der Cavaliers.<\/p>\n\n\n\n<p>Jedes Jahr <strong>im August<\/strong> wird Anglet mit einer Feuerwerksshow beleuchtet, die mit einem sorgf\u00e4ltig ausgew\u00e4hlten Soundtrack synchronisiert wird.<\/p>\n\n\n\n<div style=\"height:38px\" aria-hidden=\"true\" class=\"wp-block-spacer\"><\/div>\n\n\n\n<h2 class=\"wp-block-heading\"><strong>Eine fulminante Ton- und Lichtshow, die Gro\u00df und Klein in Staunen versetzt.<\/strong><\/h2>\n\n\n\n<p>Diese pyrotechnische Show kombiniert atemberaubende visuelle Effekte mit fesselnder Musik und bietet ein einzigartiges, immersives Erlebnis, das perfekt f\u00fcr Familien auf der Suche nach unvergesslichen Momenten ist.<\/p>\n<\/div>\n<\/div>\n<\/div><\/div>\n\n\n\n<div style=\"height:80px\" aria-hidden=\"true\" class=\"wp-block-spacer\"><\/div>\n\n\n\n<div class=\"wp-block-group\"><div class=\"wp-block-group__inner-container is-layout-constrained wp-block-group-is-layout-constrained\">\n<div class=\"wp-block-columns is-layout-flex wp-container-core-columns-is-layout-9d6595d7 wp-block-columns-is-layout-flex\">\n<div class=\"wp-block-column is-layout-flow wp-block-column-is-layout-flow\" style=\"flex-basis:66.66%\">\n<div class=\"wp-block-cover is-light alert\" style=\"min-height:107px;aspect-ratio:unset;\"><span aria-hidden=\"true\" class=\"wp-block-cover__background has-white-background-color has-background-dim-100 has-background-dim\"><\/span><div class=\"wp-block-cover__inner-container is-layout-constrained wp-block-cover-is-layout-constrained\">\n<div class=\"wp-block-group is-nowrap is-layout-flex wp-container-core-group-is-layout-ad2f72ca wp-block-group-is-layout-flex\"><div class=\"wp-block-image\">\n<figure class=\"alignleft size-full is-resized\"><img loading=\"lazy\" decoding=\"async\" width=\"431\" height=\"415\" src=\"https:\/\/www.anglet-tourisme.com\/wp-content\/uploads\/2024\/05\/Anglet-Cote-Basque-PICTOS-V2_page-0001-1.jpg\" alt=\"\" class=\"wp-image-2472\" style=\"aspect-ratio:1;object-fit:cover;width:67px;height:auto\"\/><\/figure>\n<\/div>\n\n\n<h3 class=\"wp-block-heading has-text-align-left has-blue-color has-text-color has-small-font-size\"><strong>INFORMATIONEN<\/strong><\/h3>\n<\/div>\n\n\n\n<p><br><strong>ADRESSE<\/strong><br>Strand von Cavaliers, 64600 ANGLET<br><br><strong>KONTAKT<\/strong><br>+33 5 59 03 77 01<br><br><strong>ORGANISATION<\/strong><br>Fremdenverkehrs- und Freizeitamt von Anglet<\/p>\n\n\n\n<div style=\"height:40px\" aria-hidden=\"true\" class=\"wp-block-spacer\"><\/div>\n<\/div><\/div>\n<\/div>\n\n\n\n<div class=\"wp-block-column is-vertically-aligned-center is-layout-flow wp-block-column-is-layout-flow\" style=\"flex-basis:66.66%\">\n<div class=\"wp-block-columns is-layout-flex wp-container-core-columns-is-layout-9d6595d7 wp-block-columns-is-layout-flex\">\n<div class=\"wp-block-column is-layout-flow wp-block-column-is-layout-flow\">\n<h3 class=\"wp-block-heading\">Zug\u00e4nglichkeit<\/h3>\n\n\n\n<ul class=\"wp-block-list\">\n<li>Parkplatz f\u00fcr PKW<\/li>\n\n\n\n<li>Bushaltestellen  <\/li>\n<\/ul>\n<\/div>\n\n\n\n<div class=\"wp-block-column is-vertically-aligned-center is-layout-flow wp-block-column-is-layout-flow\">\n<div class=\"wp-block-buttons is-layout-flex wp-container-core-buttons-is-layout-6b4e3324 wp-block-buttons-is-layout-flex\">\n<div class=\"wp-block-button\"><a class=\"wp-block-button__link has-text-align-center wp-element-button\" href=\"https:\/\/itineraires.txiktxak.fr\/fr\/horaires\/Anglet\/arret\/Les-Cavaliers\/place_CAVA\" target=\"_blank\" rel=\"nofollow noreferrer noopener\">Anreise mit dem Bus<\/a><\/div>\n<\/div>\n<\/div>\n<\/div>\n\n\n\n<div class=\"frame-responsive\"><iframe loading=\"lazy\" width=\"425\" height=\"350\" src=\"https:\/\/www.openstreetmap.org\/export\/embed.html?bbox=-1.5279096364974976%2C43.520343206781114%2C-1.5243691205978396%2C43.5220936363982&#038;layer=mapnik&#038;marker=43.521218427937825%2C-1.5261393785476685\" style=\"border: 1px solid black\"><\/iframe><br\/><small><a href=\"https:\/\/www.openstreetmap.org\/?mlat=43.521218&#038;mlon=-1.526139#map=19\/43.521218\/-1.526139\">Eine gr\u00f6\u00dfere Karte anzeigen<\/a><\/small><\/div>\n<\/div>\n<\/div>\n<\/div><\/div>\n","protected":false},"excerpt":{"rendered":"<p>Ein einzigartiges Spektakel aus Feuerwerk und Musik Die Feuerwerksshow ist ein unumg\u00e4ngliches Ereignis der Sommersaison in Anglet und zieht Tausende von Zuschauern an den wundersch\u00f6nen Strand der Cavaliers. Jedes Jahr im August wird Anglet mit einer Feuerwerksshow beleuchtet, die mit einem sorgf\u00e4ltig ausgew\u00e4hlten Soundtrack synchronisiert wird. Eine fulminante Ton- und [&hellip;]<\/p>\n","protected":false},"author":2,"featured_media":15734,"parent":15733,"menu_order":8,"comment_status":"closed","ping_status":"closed","template":"","meta":{"_acf_changed":false,"_seopress_robots_primary_cat":"","_seopress_titles_title":"Pyromelodie-Show in Anglet: Feuerwerk mit Musik in Anglet","_seopress_titles_desc":"Erleben Sie Pyrom\u00e9lodie in Anglet, ein einzigartiges Feuerwerk am Strand, das Musik und Licht in der majest\u00e4tischen Umgebung des Baskenlandes in der N\u00e4he von Biarritz, Frankreich, vereint.","_seopress_robots_index":"","footnotes":""},"class_list":["post-16669","page","type-page","status-publish","has-post-thumbnail"],"acf":[],"_links":{"self":[{"href":"https:\/\/www.anglet-tourisme.com\/de\/wp-json\/wp\/v2\/pages\/16669","targetHints":{"allow":["GET"]}}],"collection":[{"href":"https:\/\/www.anglet-tourisme.com\/de\/wp-json\/wp\/v2\/pages"}],"about":[{"href":"https:\/\/www.anglet-tourisme.com\/de\/wp-json\/wp\/v2\/types\/page"}],"author":[{"embeddable":true,"href":"https:\/\/www.anglet-tourisme.com\/de\/wp-json\/wp\/v2\/users\/2"}],"replies":[{"embeddable":true,"href":"https:\/\/www.anglet-tourisme.com\/de\/wp-json\/wp\/v2\/comments?post=16669"}],"version-history":[{"count":2,"href":"https:\/\/www.anglet-tourisme.com\/de\/wp-json\/wp\/v2\/pages\/16669\/revisions"}],"predecessor-version":[{"id":17662,"href":"https:\/\/www.anglet-tourisme.com\/de\/wp-json\/wp\/v2\/pages\/16669\/revisions\/17662"}],"up":[{"embeddable":true,"href":"https:\/\/www.anglet-tourisme.com\/de\/wp-json\/wp\/v2\/pages\/15733"}],"wp:featuredmedia":[{"embeddable":true,"href":"https:\/\/www.anglet-tourisme.com\/de\/wp-json\/wp\/v2\/media\/15734"}],"wp:attachment":[{"href":"https:\/\/www.anglet-tourisme.com\/de\/wp-json\/wp\/v2\/media?parent=16669"}],"curies":[{"name":"wp","href":"https:\/\/api.w.org\/{rel}","templated":true}]}}