{"id":16675,"date":"2024-05-24T14:45:22","date_gmt":"2024-05-24T12:45:22","guid":{"rendered":"https:\/\/www.anglet-tourisme.com\/hoehepunkte-in-anglet\/anglet-beach-rugby-festival-ein-muss-fuer-rugby-fans\/"},"modified":"2025-04-15T17:29:40","modified_gmt":"2025-04-15T15:29:40","slug":"anglet-beach-rugby-festival-ein-muss-fuer-rugby-fans","status":"publish","type":"page","link":"https:\/\/www.anglet-tourisme.com\/de\/hoehepunkte-in-anglet\/anglet-beach-rugby-festival-ein-muss-fuer-rugby-fans\/","title":{"rendered":"Anglet Beach Rugby Festival: Ein Muss f\u00fcr Rugby-Fans"},"content":{"rendered":"\n<div class=\"wp-block-group\"><div class=\"wp-block-group__inner-container is-layout-constrained wp-block-group-is-layout-constrained\">\n<div class=\"wp-block-columns is-layout-flex wp-container-core-columns-is-layout-9d6595d7 wp-block-columns-is-layout-flex\">\n<div class=\"wp-block-column is-vertically-aligned-top is-layout-flow wp-block-column-is-layout-flow\">\n<figure class=\"wp-block-gallery has-nested-images columns-2 is-cropped wp-block-gallery-1 is-layout-flex wp-block-gallery-is-layout-flex\">\n<figure data-wp-context=\"{&quot;imageId&quot;:&quot;69f644e1d9914&quot;}\" data-wp-interactive=\"core\/image\" data-wp-key=\"69f644e1d9914\" class=\"wp-block-image size-large wp-lightbox-container\"><img loading=\"lazy\" decoding=\"async\" width=\"1024\" height=\"683\" data-wp-class--hide=\"state.isContentHidden\" data-wp-class--show=\"state.isContentVisible\" data-wp-init=\"callbacks.setButtonStyles\" data-wp-on--click=\"actions.showLightbox\" data-wp-on--load=\"callbacks.setButtonStyles\" data-wp-on-window--resize=\"callbacks.setButtonStyles\" data-id=\"14462\" src=\"https:\/\/www.anglet-tourisme.com\/wp-content\/uploads\/2025\/01\/anglet-beach-rugby-festival-24-02-1024x683.jpg\" alt=\"\" class=\"wp-image-14462\" srcset=\"https:\/\/www.anglet-tourisme.com\/wp-content\/uploads\/2025\/01\/anglet-beach-rugby-festival-24-02-1024x683.jpg 1024w, https:\/\/www.anglet-tourisme.com\/wp-content\/uploads\/2025\/01\/anglet-beach-rugby-festival-24-02-800x533.jpg 800w, https:\/\/www.anglet-tourisme.com\/wp-content\/uploads\/2025\/01\/anglet-beach-rugby-festival-24-02-150x100.jpg 150w, https:\/\/www.anglet-tourisme.com\/wp-content\/uploads\/2025\/01\/anglet-beach-rugby-festival-24-02-768x512.jpg 768w, https:\/\/www.anglet-tourisme.com\/wp-content\/uploads\/2025\/01\/anglet-beach-rugby-festival-24-02.jpg 1500w\" sizes=\"auto, (max-width: 1024px) 100vw, 1024px\" \/><button\n\t\t\tclass=\"lightbox-trigger\"\n\t\t\ttype=\"button\"\n\t\t\taria-haspopup=\"dialog\"\n\t\t\taria-label=\"Vergr\u00f6\u00dfern\"\n\t\t\tdata-wp-init=\"callbacks.initTriggerButton\"\n\t\t\tdata-wp-on--click=\"actions.showLightbox\"\n\t\t\tdata-wp-style--right=\"state.imageButtonRight\"\n\t\t\tdata-wp-style--top=\"state.imageButtonTop\"\n\t\t>\n\t\t\t<svg xmlns=\"http:\/\/www.w3.org\/2000\/svg\" width=\"12\" height=\"12\" fill=\"none\" viewBox=\"0 0 12 12\">\n\t\t\t\t<path fill=\"#fff\" d=\"M2 0a2 2 0 0 0-2 2v2h1.5V2a.5.5 0 0 1 .5-.5h2V0H2Zm2 10.5H2a.5.5 0 0 1-.5-.5V8H0v2a2 2 0 0 0 2 2h2v-1.5ZM8 12v-1.5h2a.5.5 0 0 0 .5-.5V8H12v2a2 2 0 0 1-2 2H8Zm2-12a2 2 0 0 1 2 2v2h-1.5V2a.5.5 0 0 0-.5-.5H8V0h2Z\" \/>\n\t\t\t<\/svg>\n\t\t<\/button><\/figure>\n\n\n\n<figure data-wp-context=\"{&quot;imageId&quot;:&quot;69f644e1d9ed7&quot;}\" data-wp-interactive=\"core\/image\" data-wp-key=\"69f644e1d9ed7\" class=\"wp-block-image size-large wp-lightbox-container\"><img loading=\"lazy\" decoding=\"async\" width=\"1024\" height=\"683\" data-wp-class--hide=\"state.isContentHidden\" data-wp-class--show=\"state.isContentVisible\" data-wp-init=\"callbacks.setButtonStyles\" data-wp-on--click=\"actions.showLightbox\" data-wp-on--load=\"callbacks.setButtonStyles\" data-wp-on-window--resize=\"callbacks.setButtonStyles\" data-id=\"14470\" src=\"https:\/\/www.anglet-tourisme.com\/wp-content\/uploads\/2025\/01\/anglet-beach-rugby-festival-24-10-1024x683.jpg\" alt=\"\" class=\"wp-image-14470\" srcset=\"https:\/\/www.anglet-tourisme.com\/wp-content\/uploads\/2025\/01\/anglet-beach-rugby-festival-24-10-1024x683.jpg 1024w, https:\/\/www.anglet-tourisme.com\/wp-content\/uploads\/2025\/01\/anglet-beach-rugby-festival-24-10-800x533.jpg 800w, https:\/\/www.anglet-tourisme.com\/wp-content\/uploads\/2025\/01\/anglet-beach-rugby-festival-24-10-150x100.jpg 150w, https:\/\/www.anglet-tourisme.com\/wp-content\/uploads\/2025\/01\/anglet-beach-rugby-festival-24-10-768x512.jpg 768w, https:\/\/www.anglet-tourisme.com\/wp-content\/uploads\/2025\/01\/anglet-beach-rugby-festival-24-10.jpg 1500w\" sizes=\"auto, (max-width: 1024px) 100vw, 1024px\" \/><button\n\t\t\tclass=\"lightbox-trigger\"\n\t\t\ttype=\"button\"\n\t\t\taria-haspopup=\"dialog\"\n\t\t\taria-label=\"Vergr\u00f6\u00dfern\"\n\t\t\tdata-wp-init=\"callbacks.initTriggerButton\"\n\t\t\tdata-wp-on--click=\"actions.showLightbox\"\n\t\t\tdata-wp-style--right=\"state.imageButtonRight\"\n\t\t\tdata-wp-style--top=\"state.imageButtonTop\"\n\t\t>\n\t\t\t<svg xmlns=\"http:\/\/www.w3.org\/2000\/svg\" width=\"12\" height=\"12\" fill=\"none\" viewBox=\"0 0 12 12\">\n\t\t\t\t<path fill=\"#fff\" d=\"M2 0a2 2 0 0 0-2 2v2h1.5V2a.5.5 0 0 1 .5-.5h2V0H2Zm2 10.5H2a.5.5 0 0 1-.5-.5V8H0v2a2 2 0 0 0 2 2h2v-1.5ZM8 12v-1.5h2a.5.5 0 0 0 .5-.5V8H12v2a2 2 0 0 1-2 2H8Zm2-12a2 2 0 0 1 2 2v2h-1.5V2a.5.5 0 0 0-.5-.5H8V0h2Z\" \/>\n\t\t\t<\/svg>\n\t\t<\/button><\/figure>\n\n\n\n<figure data-wp-context=\"{&quot;imageId&quot;:&quot;69f644e1da3de&quot;}\" data-wp-interactive=\"core\/image\" data-wp-key=\"69f644e1da3de\" class=\"wp-block-image size-large wp-lightbox-container\"><img loading=\"lazy\" decoding=\"async\" width=\"1024\" height=\"683\" data-wp-class--hide=\"state.isContentHidden\" data-wp-class--show=\"state.isContentVisible\" data-wp-init=\"callbacks.setButtonStyles\" data-wp-on--click=\"actions.showLightbox\" data-wp-on--load=\"callbacks.setButtonStyles\" data-wp-on-window--resize=\"callbacks.setButtonStyles\" data-id=\"14466\" src=\"https:\/\/www.anglet-tourisme.com\/wp-content\/uploads\/2025\/01\/anglet-beach-rugby-festival-24-01-1024x683.jpg\" alt=\"\" class=\"wp-image-14466\" srcset=\"https:\/\/www.anglet-tourisme.com\/wp-content\/uploads\/2025\/01\/anglet-beach-rugby-festival-24-01-1024x683.jpg 1024w, https:\/\/www.anglet-tourisme.com\/wp-content\/uploads\/2025\/01\/anglet-beach-rugby-festival-24-01-800x533.jpg 800w, https:\/\/www.anglet-tourisme.com\/wp-content\/uploads\/2025\/01\/anglet-beach-rugby-festival-24-01-150x100.jpg 150w, https:\/\/www.anglet-tourisme.com\/wp-content\/uploads\/2025\/01\/anglet-beach-rugby-festival-24-01-768x512.jpg 768w, https:\/\/www.anglet-tourisme.com\/wp-content\/uploads\/2025\/01\/anglet-beach-rugby-festival-24-01.jpg 1500w\" sizes=\"auto, (max-width: 1024px) 100vw, 1024px\" \/><button\n\t\t\tclass=\"lightbox-trigger\"\n\t\t\ttype=\"button\"\n\t\t\taria-haspopup=\"dialog\"\n\t\t\taria-label=\"Vergr\u00f6\u00dfern\"\n\t\t\tdata-wp-init=\"callbacks.initTriggerButton\"\n\t\t\tdata-wp-on--click=\"actions.showLightbox\"\n\t\t\tdata-wp-style--right=\"state.imageButtonRight\"\n\t\t\tdata-wp-style--top=\"state.imageButtonTop\"\n\t\t>\n\t\t\t<svg xmlns=\"http:\/\/www.w3.org\/2000\/svg\" width=\"12\" height=\"12\" fill=\"none\" viewBox=\"0 0 12 12\">\n\t\t\t\t<path fill=\"#fff\" d=\"M2 0a2 2 0 0 0-2 2v2h1.5V2a.5.5 0 0 1 .5-.5h2V0H2Zm2 10.5H2a.5.5 0 0 1-.5-.5V8H0v2a2 2 0 0 0 2 2h2v-1.5ZM8 12v-1.5h2a.5.5 0 0 0 .5-.5V8H12v2a2 2 0 0 1-2 2H8Zm2-12a2 2 0 0 1 2 2v2h-1.5V2a.5.5 0 0 0-.5-.5H8V0h2Z\" \/>\n\t\t\t<\/svg>\n\t\t<\/button><\/figure>\n<\/figure>\n<\/div>\n\n\n\n<div class=\"wp-block-column is-vertically-aligned-top is-layout-flow wp-block-column-is-layout-flow\">\n<h2 class=\"wp-block-heading\"><strong>Beach-Rugby-Turniere und Unterhaltung am Strand<\/strong><\/h2>\n\n\n\n<p>Das <strong>Anglet Beach Rugby Festival<\/strong> ist das Sommerereignis f\u00fcr alle Rugby-Fans.<\/p>\n\n\n\n<p>Das Festival, das am Strand von Les Sables d&#8217;Or in La Chambre d&#8217;Amour stattfand, zieht dieses Jahr nach La Barre um und bietet Beach-Rugby-Turniere f\u00fcr Amateure, aber auch Einf\u00fchrungen und Unterhaltung f\u00fcr das Publikum.<\/p>\n\n\n\n<div style=\"height:40px\" aria-hidden=\"true\" class=\"wp-block-spacer\"><\/div>\n\n\n\n<h2 class=\"wp-block-heading\"><strong>Ein renommiertes Ereignis an der baskischen K\u00fcste<\/strong><\/h2>\n\n\n\n<p>Seit 2005 wird die Veranstaltung in Anglet organisiert.  <br>Das Festival gewann schnell an Bekanntheit und wurde zu einer wichtigen Sommerveranstaltung an der baskischen K\u00fcste.<\/p>\n\n\n\n<div style=\"height:40px\" aria-hidden=\"true\" class=\"wp-block-spacer\"><\/div>\n\n\n\n<h2 class=\"wp-block-heading\"><strong>Eine aufstrebende Disziplin<\/strong><\/h2>\n\n\n\n<p>Mit einer mehr als drei\u00dfigj\u00e4hrigen Geschichte ist Beach Rugby mehr als nur eine einfache Variante des XV-Rugby geworden. Das Turnier in Anglet, ein echtes Schaufenster des Beach Rugby zum Anfassen, hat sich einen soliden Ruf erworben und sich in der Welt des Rugby einen Namen gemacht. Verpassen Sie nicht diese au\u00dfergew\u00f6hnliche Veranstaltung, die dem Beach Rugby gewidmet ist und kommen Sie zu uns an den Strand, um eine unvergessliche Erfahrung im Herzen des Sommers zu erleben.  <\/p>\n<\/div>\n<\/div>\n<\/div><\/div>\n\n\n\n<div style=\"height:80px\" aria-hidden=\"true\" class=\"wp-block-spacer\"><\/div>\n\n\n\n<div class=\"wp-block-group\"><div class=\"wp-block-group__inner-container is-layout-constrained wp-block-group-is-layout-constrained\">\n<div class=\"wp-block-columns is-layout-flex wp-container-core-columns-is-layout-9d6595d7 wp-block-columns-is-layout-flex\">\n<div class=\"wp-block-column is-layout-flow wp-block-column-is-layout-flow\" style=\"flex-basis:66.66%\">\n<div class=\"wp-block-cover is-light alert\" style=\"min-height:107px;aspect-ratio:unset;\"><span aria-hidden=\"true\" class=\"wp-block-cover__background has-white-background-color has-background-dim-100 has-background-dim\"><\/span><div class=\"wp-block-cover__inner-container is-layout-constrained wp-block-cover-is-layout-constrained\">\n<div class=\"wp-block-group is-nowrap is-layout-flex wp-container-core-group-is-layout-ad2f72ca wp-block-group-is-layout-flex\"><div class=\"wp-block-image\">\n<figure class=\"alignleft size-full is-resized\"><img loading=\"lazy\" decoding=\"async\" width=\"431\" height=\"415\" src=\"https:\/\/www.anglet-tourisme.com\/wp-content\/uploads\/2024\/05\/Anglet-Cote-Basque-PICTOS-V2_page-0001-1.jpg\" alt=\"\" class=\"wp-image-2472\" style=\"aspect-ratio:1;object-fit:cover;width:67px;height:auto\"\/><\/figure>\n<\/div>\n\n\n<h3 class=\"wp-block-heading has-text-align-left has-blue-color has-text-color has-small-font-size\"><strong>INFORMATIONEN<\/strong><\/h3>\n<\/div>\n\n\n\n<p><br><strong>ADRESSE<\/strong><br>La Barre, 64600 ANGLET<br><br><strong>KONTAKT<\/strong><br><a href=\"https:\/\/beachrugbyfestival.fr\/\" data-type=\"link\" data-id=\"https:\/\/www.agora-evenements.fr\/\" target=\"_blank\" rel=\"noreferrer noopener nofollow\">Siehe die Website<\/a><br><br><strong>ORGANISATION<\/strong><br>Hondarra<\/p>\n\n\n\n<div style=\"height:40px\" aria-hidden=\"true\" class=\"wp-block-spacer\"><\/div>\n<\/div><\/div>\n<\/div>\n\n\n\n<div class=\"wp-block-column is-vertically-aligned-center is-layout-flow wp-block-column-is-layout-flow\" style=\"flex-basis:66.66%\">\n<div class=\"wp-block-columns is-layout-flex wp-container-core-columns-is-layout-9d6595d7 wp-block-columns-is-layout-flex\">\n<div class=\"wp-block-column is-layout-flow wp-block-column-is-layout-flow\">\n<h3 class=\"wp-block-heading\">Zug\u00e4nglichkeit<\/h3>\n\n\n\n<ul class=\"wp-block-list\">\n<li>Parkplatz f\u00fcr PKW<\/li>\n\n\n\n<li>Bushaltestellen  <\/li>\n<\/ul>\n<\/div>\n\n\n\n<div class=\"wp-block-column is-vertically-aligned-center is-layout-flow wp-block-column-is-layout-flow\">\n<div class=\"wp-block-buttons is-layout-flex wp-container-core-buttons-is-layout-6b4e3324 wp-block-buttons-is-layout-flex\">\n<div class=\"wp-block-button\"><a class=\"wp-block-button__link has-text-align-center wp-element-button\" href=\"https:\/\/itineraires.txiktxak.fr\/fr\/horaires\/Anglet\/arret\/La-Barre\/place_BARR\" target=\"_blank\" rel=\"noreferrer noopener\">Anreise mit dem Bus<\/a><\/div>\n<\/div>\n<\/div>\n<\/div>\n\n\n\n<div class=\"frame-responsive\"><iframe loading=\"lazy\" width=\"425\" height=\"350\" src=\"https:\/\/www.openstreetmap.org\/export\/embed.html?bbox=-1.530275344848633%2C43.524374953436514%2C-1.5161132812500002%2C43.53137589928477&#038;layer=mapnik&#038;marker=43.52787552793265%2C-1.5231943130493164\" style=\"border: 1px solid black\"><\/iframe><br\/><small><a href=\"https:\/\/www.openstreetmap.org\/?mlat=43.527876&#038;mlon=-1.523194#map=17\/43.527876\/-1.523194\">Eine gr\u00f6\u00dfere Karte anzeigen<\/a><\/small><\/div>\n<\/div>\n<\/div>\n<\/div><\/div>\n\n\n\n<div style=\"height:80px\" aria-hidden=\"true\" class=\"wp-block-spacer\"><\/div>\n\n\n\n<figure class=\"wp-block-embed is-type-video is-provider-youtube wp-block-embed-youtube wp-embed-aspect-16-9 wp-has-aspect-ratio\"><div class=\"wp-block-embed__wrapper\">\n<script>document.addEventListener('DOMContentLoaded', function() {(tarteaucitron.job = tarteaucitron.job || []).push('youtube');});<\/script><div class=\"youtube_player\" videoID=\"pl2jlbKOfkY\" width=\"100%\" height=\"100%\" style=\"height:50vw\" theme=\"light\" rel=\"0\" controls=\"1\" showinfo=\"1\" autoplay=\"0\"><\/div>\n<\/div><\/figure>\n","protected":false},"excerpt":{"rendered":"<p>Beach-Rugby-Turniere und Unterhaltung am Strand Das Anglet Beach Rugby Festival ist das Sommerereignis f\u00fcr alle Rugby-Fans. Das Festival, das am Strand von Les Sables d&#8217;Or in La Chambre d&#8217;Amour stattfand, zieht dieses Jahr nach La Barre um und bietet Beach-Rugby-Turniere f\u00fcr Amateure, aber auch Einf\u00fchrungen und Unterhaltung f\u00fcr das Publikum. [&hellip;]<\/p>\n","protected":false},"author":2,"featured_media":16678,"parent":15733,"menu_order":9,"comment_status":"closed","ping_status":"closed","template":"","meta":{"_acf_changed":false,"_seopress_robots_primary_cat":"","_seopress_titles_title":"Anglet Beach Rugby: Anmeldung, Programm und Informationen \u00fcber das Anglet Beach Rugby Festival","_seopress_titles_desc":"Entdecken Sie das Beach-Rugby-Turnier in Anglet! Erleben Sie mit uns spannende Spiele und versuchen Sie, die Troph\u00e4e an den sonnigen Str\u00e4nden zu gewinnen. Erleben Sie Rugby einmal anders!","_seopress_robots_index":"","footnotes":""},"class_list":["post-16675","page","type-page","status-publish","has-post-thumbnail"],"acf":[],"_links":{"self":[{"href":"https:\/\/www.anglet-tourisme.com\/de\/wp-json\/wp\/v2\/pages\/16675","targetHints":{"allow":["GET"]}}],"collection":[{"href":"https:\/\/www.anglet-tourisme.com\/de\/wp-json\/wp\/v2\/pages"}],"about":[{"href":"https:\/\/www.anglet-tourisme.com\/de\/wp-json\/wp\/v2\/types\/page"}],"author":[{"embeddable":true,"href":"https:\/\/www.anglet-tourisme.com\/de\/wp-json\/wp\/v2\/users\/2"}],"replies":[{"embeddable":true,"href":"https:\/\/www.anglet-tourisme.com\/de\/wp-json\/wp\/v2\/comments?post=16675"}],"version-history":[{"count":2,"href":"https:\/\/www.anglet-tourisme.com\/de\/wp-json\/wp\/v2\/pages\/16675\/revisions"}],"predecessor-version":[{"id":17264,"href":"https:\/\/www.anglet-tourisme.com\/de\/wp-json\/wp\/v2\/pages\/16675\/revisions\/17264"}],"up":[{"embeddable":true,"href":"https:\/\/www.anglet-tourisme.com\/de\/wp-json\/wp\/v2\/pages\/15733"}],"wp:featuredmedia":[{"embeddable":true,"href":"https:\/\/www.anglet-tourisme.com\/de\/wp-json\/wp\/v2\/media\/16678"}],"wp:attachment":[{"href":"https:\/\/www.anglet-tourisme.com\/de\/wp-json\/wp\/v2\/media?parent=16675"}],"curies":[{"name":"wp","href":"https:\/\/api.w.org\/{rel}","templated":true}]}}