{"id":16682,"date":"2024-05-24T14:46:03","date_gmt":"2024-05-24T12:46:03","guid":{"rendered":"https:\/\/www.anglet-tourisme.com\/hoehepunkte-in-anglet\/festival-des-chineurs-eine-reise-in-die-vergangenheit\/"},"modified":"2025-04-15T17:37:56","modified_gmt":"2025-04-15T15:37:56","slug":"festival-des-chineurs-eine-reise-in-die-vergangenheit","status":"publish","type":"page","link":"https:\/\/www.anglet-tourisme.com\/de\/hoehepunkte-in-anglet\/festival-des-chineurs-eine-reise-in-die-vergangenheit\/","title":{"rendered":"Festival des Chineurs: eine Reise in die Vergangenheit"},"content":{"rendered":"\n<div class=\"wp-block-group\"><div class=\"wp-block-group__inner-container is-layout-constrained wp-block-group-is-layout-constrained\">\n<div class=\"wp-block-columns is-layout-flex wp-container-core-columns-is-layout-9d6595d7 wp-block-columns-is-layout-flex\">\n<div class=\"wp-block-column is-vertically-aligned-top is-layout-flow wp-block-column-is-layout-flow\">\n<figure class=\"wp-block-gallery has-nested-images columns-2 is-cropped wp-block-gallery-1 is-layout-flex wp-block-gallery-is-layout-flex\">\n<figure data-wp-context=\"{&quot;imageId&quot;:&quot;69f0f98cccc85&quot;}\" data-wp-interactive=\"core\/image\" data-wp-key=\"69f0f98cccc85\" class=\"wp-block-image size-large wp-lightbox-container\"><img loading=\"lazy\" decoding=\"async\" width=\"1024\" height=\"768\" data-wp-class--hide=\"state.isContentHidden\" data-wp-class--show=\"state.isContentVisible\" data-wp-init=\"callbacks.setButtonStyles\" data-wp-on--click=\"actions.showLightbox\" data-wp-on--load=\"callbacks.setButtonStyles\" data-wp-on-window--resize=\"callbacks.setButtonStyles\" data-id=\"5804\" src=\"https:\/\/www.anglet-tourisme.com\/wp-content\/uploads\/2024\/06\/Festival_des_chineurs_4-1024x768.jpg\" alt=\"\" class=\"wp-image-5804\" srcset=\"https:\/\/www.anglet-tourisme.com\/wp-content\/uploads\/2024\/06\/Festival_des_chineurs_4-1024x768.jpg 1024w, https:\/\/www.anglet-tourisme.com\/wp-content\/uploads\/2024\/06\/Festival_des_chineurs_4-800x600.jpg 800w, https:\/\/www.anglet-tourisme.com\/wp-content\/uploads\/2024\/06\/Festival_des_chineurs_4-768x576.jpg 768w, https:\/\/www.anglet-tourisme.com\/wp-content\/uploads\/2024\/06\/Festival_des_chineurs_4.jpg 1500w\" sizes=\"auto, (max-width: 1024px) 100vw, 1024px\" \/><button\n\t\t\tclass=\"lightbox-trigger\"\n\t\t\ttype=\"button\"\n\t\t\taria-haspopup=\"dialog\"\n\t\t\taria-label=\"Vergr\u00f6\u00dfern\"\n\t\t\tdata-wp-init=\"callbacks.initTriggerButton\"\n\t\t\tdata-wp-on--click=\"actions.showLightbox\"\n\t\t\tdata-wp-style--right=\"state.imageButtonRight\"\n\t\t\tdata-wp-style--top=\"state.imageButtonTop\"\n\t\t>\n\t\t\t<svg xmlns=\"http:\/\/www.w3.org\/2000\/svg\" width=\"12\" height=\"12\" fill=\"none\" viewBox=\"0 0 12 12\">\n\t\t\t\t<path fill=\"#fff\" d=\"M2 0a2 2 0 0 0-2 2v2h1.5V2a.5.5 0 0 1 .5-.5h2V0H2Zm2 10.5H2a.5.5 0 0 1-.5-.5V8H0v2a2 2 0 0 0 2 2h2v-1.5ZM8 12v-1.5h2a.5.5 0 0 0 .5-.5V8H12v2a2 2 0 0 1-2 2H8Zm2-12a2 2 0 0 1 2 2v2h-1.5V2a.5.5 0 0 0-.5-.5H8V0h2Z\" \/>\n\t\t\t<\/svg>\n\t\t<\/button><\/figure>\n\n\n\n<figure data-wp-context=\"{&quot;imageId&quot;:&quot;69f0f98ccd200&quot;}\" data-wp-interactive=\"core\/image\" data-wp-key=\"69f0f98ccd200\" class=\"wp-block-image size-large wp-lightbox-container\"><img loading=\"lazy\" decoding=\"async\" width=\"1024\" height=\"768\" data-wp-class--hide=\"state.isContentHidden\" data-wp-class--show=\"state.isContentVisible\" data-wp-init=\"callbacks.setButtonStyles\" data-wp-on--click=\"actions.showLightbox\" data-wp-on--load=\"callbacks.setButtonStyles\" data-wp-on-window--resize=\"callbacks.setButtonStyles\" data-id=\"3478\" src=\"https:\/\/www.anglet-tourisme.com\/wp-content\/uploads\/2024\/05\/Festival_des_chineurs_3-1024x768.jpg\" alt=\"\" class=\"wp-image-3478\" srcset=\"https:\/\/www.anglet-tourisme.com\/wp-content\/uploads\/2024\/05\/Festival_des_chineurs_3-1024x768.jpg 1024w, https:\/\/www.anglet-tourisme.com\/wp-content\/uploads\/2024\/05\/Festival_des_chineurs_3-800x600.jpg 800w, https:\/\/www.anglet-tourisme.com\/wp-content\/uploads\/2024\/05\/Festival_des_chineurs_3-768x576.jpg 768w, https:\/\/www.anglet-tourisme.com\/wp-content\/uploads\/2024\/05\/Festival_des_chineurs_3.jpg 1500w\" sizes=\"auto, (max-width: 1024px) 100vw, 1024px\" \/><button\n\t\t\tclass=\"lightbox-trigger\"\n\t\t\ttype=\"button\"\n\t\t\taria-haspopup=\"dialog\"\n\t\t\taria-label=\"Vergr\u00f6\u00dfern\"\n\t\t\tdata-wp-init=\"callbacks.initTriggerButton\"\n\t\t\tdata-wp-on--click=\"actions.showLightbox\"\n\t\t\tdata-wp-style--right=\"state.imageButtonRight\"\n\t\t\tdata-wp-style--top=\"state.imageButtonTop\"\n\t\t>\n\t\t\t<svg xmlns=\"http:\/\/www.w3.org\/2000\/svg\" width=\"12\" height=\"12\" fill=\"none\" viewBox=\"0 0 12 12\">\n\t\t\t\t<path fill=\"#fff\" d=\"M2 0a2 2 0 0 0-2 2v2h1.5V2a.5.5 0 0 1 .5-.5h2V0H2Zm2 10.5H2a.5.5 0 0 1-.5-.5V8H0v2a2 2 0 0 0 2 2h2v-1.5ZM8 12v-1.5h2a.5.5 0 0 0 .5-.5V8H12v2a2 2 0 0 1-2 2H8Zm2-12a2 2 0 0 1 2 2v2h-1.5V2a.5.5 0 0 0-.5-.5H8V0h2Z\" \/>\n\t\t\t<\/svg>\n\t\t<\/button><\/figure>\n\n\n\n<figure data-wp-context=\"{&quot;imageId&quot;:&quot;69f0f98ccd5d0&quot;}\" data-wp-interactive=\"core\/image\" data-wp-key=\"69f0f98ccd5d0\" class=\"wp-block-image size-large wp-lightbox-container\"><img loading=\"lazy\" decoding=\"async\" width=\"1024\" height=\"683\" data-wp-class--hide=\"state.isContentHidden\" data-wp-class--show=\"state.isContentVisible\" data-wp-init=\"callbacks.setButtonStyles\" data-wp-on--click=\"actions.showLightbox\" data-wp-on--load=\"callbacks.setButtonStyles\" data-wp-on-window--resize=\"callbacks.setButtonStyles\" data-id=\"3475\" src=\"https:\/\/www.anglet-tourisme.com\/wp-content\/uploads\/2024\/05\/Festival_des_chineurs_2-1024x683.jpg\" alt=\"\" class=\"wp-image-3475\" srcset=\"https:\/\/www.anglet-tourisme.com\/wp-content\/uploads\/2024\/05\/Festival_des_chineurs_2-1024x683.jpg 1024w, https:\/\/www.anglet-tourisme.com\/wp-content\/uploads\/2024\/05\/Festival_des_chineurs_2-800x533.jpg 800w, https:\/\/www.anglet-tourisme.com\/wp-content\/uploads\/2024\/05\/Festival_des_chineurs_2-768x512.jpg 768w, https:\/\/www.anglet-tourisme.com\/wp-content\/uploads\/2024\/05\/Festival_des_chineurs_2.jpg 1500w\" sizes=\"auto, (max-width: 1024px) 100vw, 1024px\" \/><button\n\t\t\tclass=\"lightbox-trigger\"\n\t\t\ttype=\"button\"\n\t\t\taria-haspopup=\"dialog\"\n\t\t\taria-label=\"Vergr\u00f6\u00dfern\"\n\t\t\tdata-wp-init=\"callbacks.initTriggerButton\"\n\t\t\tdata-wp-on--click=\"actions.showLightbox\"\n\t\t\tdata-wp-style--right=\"state.imageButtonRight\"\n\t\t\tdata-wp-style--top=\"state.imageButtonTop\"\n\t\t>\n\t\t\t<svg xmlns=\"http:\/\/www.w3.org\/2000\/svg\" width=\"12\" height=\"12\" fill=\"none\" viewBox=\"0 0 12 12\">\n\t\t\t\t<path fill=\"#fff\" d=\"M2 0a2 2 0 0 0-2 2v2h1.5V2a.5.5 0 0 1 .5-.5h2V0H2Zm2 10.5H2a.5.5 0 0 1-.5-.5V8H0v2a2 2 0 0 0 2 2h2v-1.5ZM8 12v-1.5h2a.5.5 0 0 0 .5-.5V8H12v2a2 2 0 0 1-2 2H8Zm2-12a2 2 0 0 1 2 2v2h-1.5V2a.5.5 0 0 0-.5-.5H8V0h2Z\" \/>\n\t\t\t<\/svg>\n\t\t<\/button><\/figure>\n<\/figure>\n<\/div>\n\n\n\n<div class=\"wp-block-column is-vertically-aligned-top is-layout-flow wp-block-column-is-layout-flow\">\n<h2 class=\"wp-block-heading\"><strong>Der Treffpunkt f\u00fcr Liebhaber von Tr\u00f6del und Antiquit\u00e4ten<\/strong><\/h2>\n\n\n\n<p>Verpassen Sie nicht diesen unumg\u00e4nglichen Termin f\u00fcr alle Liebhaber von Tr\u00f6del, Antiquit\u00e4ten und Dekoration auf der Esplanade Quintaou. Jedes Jahr <strong>Anfang August<\/strong> kommen mehr als 3.000 Besucher, um die St\u00e4nde der 100 professionellen und qualitativ hochwertigen Aussteller aus ganz Frankreich zu besuchen. <\/p>\n\n\n\n<p>Seit mehr als 20 Jahren werden zwei Tage lang eine gro\u00dfe Vielfalt an antiken Gegenst\u00e4nden ausgestellt, die von leidenschaftlichen Kennern angeboten werden und ihre sch\u00f6nsten Geheimnisse offenbaren.<\/p>\n\n\n\n<div style=\"height:40px\" aria-hidden=\"true\" class=\"wp-block-spacer\"><\/div>\n\n\n\n<h2 class=\"wp-block-heading\"><strong>Eine Auswahl an verschiedenen Sch\u00e4tzen<\/strong><\/h2>\n\n\n\n<p>Diese qualitativ hochwertigen Aussteller pr\u00e4sentieren eine beeindruckende Vielfalt an Artikeln: Industriem\u00f6bel, Design des <sup>20<\/sup>. Jahrhunderts, Leuchten, Gem\u00e4lde, Nippes, Silber, Geschirr, Kristallwaren, Steingut, Modeschmuck, Volkskunst, Uhren, Postkarten, B\u00fccher, M\u00f6bel, Vintage-Objekte, Werbung, Garagenobjekte, Regionalismus&#8230;<\/p>\n\n\n\n<p>Jeder dieser Sch\u00e4tze erz\u00e4hlt eine einzigartige Geschichte und bietet den Besuchern die M\u00f6glichkeit, seltene und wertvolle St\u00fccke zu entdecken.<\/p>\n<\/div>\n<\/div>\n<\/div><\/div>\n\n\n\n<div style=\"height:80px\" aria-hidden=\"true\" class=\"wp-block-spacer\"><\/div>\n\n\n\n<div class=\"wp-block-group\"><div class=\"wp-block-group__inner-container is-layout-constrained wp-block-group-is-layout-constrained\">\n<div class=\"wp-block-columns is-layout-flex wp-container-core-columns-is-layout-9d6595d7 wp-block-columns-is-layout-flex\">\n<div class=\"wp-block-column is-layout-flow wp-block-column-is-layout-flow\" style=\"flex-basis:66.66%\">\n<div class=\"wp-block-cover is-light alert\" style=\"min-height:107px;aspect-ratio:unset;\"><span aria-hidden=\"true\" class=\"wp-block-cover__background has-white-background-color has-background-dim-100 has-background-dim\"><\/span><div class=\"wp-block-cover__inner-container is-layout-constrained wp-block-cover-is-layout-constrained\">\n<div class=\"wp-block-group is-nowrap is-layout-flex wp-container-core-group-is-layout-ad2f72ca wp-block-group-is-layout-flex\"><div class=\"wp-block-image\">\n<figure class=\"alignleft size-full is-resized\"><img loading=\"lazy\" decoding=\"async\" width=\"431\" height=\"415\" src=\"https:\/\/www.anglet-tourisme.com\/wp-content\/uploads\/2024\/05\/Anglet-Cote-Basque-PICTOS-V2_page-0001-1.jpg\" alt=\"\" class=\"wp-image-2472\" style=\"aspect-ratio:1;object-fit:cover;width:67px;height:auto\"\/><\/figure>\n<\/div>\n\n\n<h3 class=\"wp-block-heading has-text-align-left has-blue-color has-text-color has-small-font-size\"><strong>INFORMATIONEN<\/strong><\/h3>\n<\/div>\n\n\n\n<p><br><strong>ADRESSE<\/strong><br>Esplanade de Quintaou, 64600 ANGLET<br><br><strong>KONTAKT<\/strong><br>+33 6 87 01 72 25<br>contact@agora-evenements.fr<br><a href=\"https:\/\/chineurs.agora-evenements.fr\/\" data-type=\"link\" data-id=\"https:\/\/www.agora-evenements.fr\/\" target=\"_blank\" rel=\"noreferrer noopener nofollow\">Siehe die Website<\/a><br><br><strong>ORGANISATION<\/strong><br>Agora Events<br><\/p>\n\n\n\n<div style=\"height:40px\" aria-hidden=\"true\" class=\"wp-block-spacer\"><\/div>\n<\/div><\/div>\n<\/div>\n\n\n\n<div class=\"wp-block-column is-vertically-aligned-center is-layout-flow wp-block-column-is-layout-flow\" style=\"flex-basis:66.66%\">\n<div class=\"wp-block-columns is-layout-flex wp-container-core-columns-is-layout-9d6595d7 wp-block-columns-is-layout-flex\">\n<div class=\"wp-block-column is-layout-flow wp-block-column-is-layout-flow\">\n<h3 class=\"wp-block-heading\">Zug\u00e4nglichkeit<\/h3>\n\n\n\n<ul class=\"wp-block-list\">\n<li>Parkplatz f\u00fcr PKW<\/li>\n\n\n\n<li>Bushaltestellen  <\/li>\n<\/ul>\n<\/div>\n\n\n\n<div class=\"wp-block-column is-vertically-aligned-center is-layout-flow wp-block-column-is-layout-flow\">\n<div class=\"wp-block-buttons is-layout-flex wp-container-core-buttons-is-layout-6b4e3324 wp-block-buttons-is-layout-flex\">\n<div class=\"wp-block-button\"><a class=\"wp-block-button__link has-text-align-center wp-element-button\" href=\"https:\/\/itineraires.txiktxak.fr\/fr\/horaires\/Anglet\/arret\/Quintaou-Endarra\/place_ENDA\" target=\"_blank\" rel=\"nofollow noreferrer noopener\">Anreise mit dem Bus<\/a><\/div>\n<\/div>\n<\/div>\n<\/div>\n\n\n\n<div class=\"frame-responsive\"><iframe loading=\"lazy\" width=\"425\" height=\"350\" src=\"https:\/\/www.openstreetmap.org\/export\/embed.html?bbox=-1.5263485908508303%2C43.478335177486144%2C-1.4987540245056152%2C43.48896884487057&#038;layer=mapnik&#038;marker=43.48366090543956%2C-1.5125513076782227\" style=\"border: 1px solid black\"><\/iframe><br\/><small><a href=\"https:\/\/www.openstreetmap.org\/?mlat=43.4837&#038;mlon=-1.5126#map=16\/43.4837\/-1.5126\">iframe<\/a><\/small><\/div>\n<\/div>\n<\/div>\n<\/div><\/div>\n","protected":false},"excerpt":{"rendered":"<p>Der Treffpunkt f\u00fcr Liebhaber von Tr\u00f6del und Antiquit\u00e4ten Verpassen Sie nicht diesen unumg\u00e4nglichen Termin f\u00fcr alle Liebhaber von Tr\u00f6del, Antiquit\u00e4ten und Dekoration auf der Esplanade Quintaou. Jedes Jahr Anfang August kommen mehr als 3.000 Besucher, um die St\u00e4nde der 100 professionellen und qualitativ hochwertigen Aussteller aus ganz Frankreich zu besuchen. [&hellip;]<\/p>\n","protected":false},"author":5,"featured_media":16704,"parent":15733,"menu_order":10,"comment_status":"closed","ping_status":"closed","template":"","meta":{"_acf_changed":false,"_seopress_robots_primary_cat":"","_seopress_titles_title":"Anglet Chineurs' Festival: Angloy Chineurs' Meeting in Quintaou","_seopress_titles_desc":"Entdecken Sie das Festival der Schn\u00e4ppchenj\u00e4ger in Anglet, ein unumg\u00e4ngliches Ereignis im Baskenland! Schlie\u00dfen Sie sich den lokalen Ausstellern in Quintaou f\u00fcr einen au\u00dfergew\u00f6hnlichen Tr\u00f6delmarkt an.","_seopress_robots_index":"","footnotes":""},"class_list":["post-16682","page","type-page","status-publish","has-post-thumbnail"],"acf":[],"_links":{"self":[{"href":"https:\/\/www.anglet-tourisme.com\/de\/wp-json\/wp\/v2\/pages\/16682","targetHints":{"allow":["GET"]}}],"collection":[{"href":"https:\/\/www.anglet-tourisme.com\/de\/wp-json\/wp\/v2\/pages"}],"about":[{"href":"https:\/\/www.anglet-tourisme.com\/de\/wp-json\/wp\/v2\/types\/page"}],"author":[{"embeddable":true,"href":"https:\/\/www.anglet-tourisme.com\/de\/wp-json\/wp\/v2\/users\/5"}],"replies":[{"embeddable":true,"href":"https:\/\/www.anglet-tourisme.com\/de\/wp-json\/wp\/v2\/comments?post=16682"}],"version-history":[{"count":2,"href":"https:\/\/www.anglet-tourisme.com\/de\/wp-json\/wp\/v2\/pages\/16682\/revisions"}],"predecessor-version":[{"id":17271,"href":"https:\/\/www.anglet-tourisme.com\/de\/wp-json\/wp\/v2\/pages\/16682\/revisions\/17271"}],"up":[{"embeddable":true,"href":"https:\/\/www.anglet-tourisme.com\/de\/wp-json\/wp\/v2\/pages\/15733"}],"wp:featuredmedia":[{"embeddable":true,"href":"https:\/\/www.anglet-tourisme.com\/de\/wp-json\/wp\/v2\/media\/16704"}],"wp:attachment":[{"href":"https:\/\/www.anglet-tourisme.com\/de\/wp-json\/wp\/v2\/media?parent=16682"}],"curies":[{"name":"wp","href":"https:\/\/api.w.org\/{rel}","templated":true}]}}