{"id":16712,"date":"2024-05-24T14:46:47","date_gmt":"2024-05-24T12:46:47","guid":{"rendered":"https:\/\/www.anglet-tourisme.com\/hoehepunkte-in-anglet\/internationales-surffilmfestival-kino-und-surfen-in-der-chambre-damour\/"},"modified":"2025-07-02T12:31:53","modified_gmt":"2025-07-02T10:31:53","slug":"internationales-surffilmfestival-kino-und-surfen-in-der-chambre-damour","status":"publish","type":"page","link":"https:\/\/www.anglet-tourisme.com\/de\/hoehepunkte-in-anglet\/internationales-surffilmfestival-kino-und-surfen-in-der-chambre-damour\/","title":{"rendered":"Internationales Surffilmfestival: Kino und Surfen in der Chambre d&#8217;Amour"},"content":{"rendered":"\n<div class=\"wp-block-group\"><div class=\"wp-block-group__inner-container is-layout-constrained wp-block-group-is-layout-constrained\">\n<div class=\"wp-block-columns is-layout-flex wp-container-core-columns-is-layout-9d6595d7 wp-block-columns-is-layout-flex\">\n<div class=\"wp-block-column is-vertically-aligned-top is-layout-flow wp-block-column-is-layout-flow\">\n<figure class=\"wp-block-gallery has-nested-images columns-2 is-cropped wp-block-gallery-1 is-layout-flex wp-block-gallery-is-layout-flex\">\n<figure data-wp-context=\"{&quot;imageId&quot;:&quot;69f0f88c49f1c&quot;}\" data-wp-interactive=\"core\/image\" data-wp-key=\"69f0f88c49f1c\" class=\"wp-block-image size-large wp-lightbox-container\"><img loading=\"lazy\" decoding=\"async\" width=\"1024\" height=\"683\" data-wp-class--hide=\"state.isContentHidden\" data-wp-class--show=\"state.isContentVisible\" data-wp-init=\"callbacks.setButtonStyles\" data-wp-on--click=\"actions.showLightbox\" data-wp-on--load=\"callbacks.setButtonStyles\" data-wp-on-window--resize=\"callbacks.setButtonStyles\" data-id=\"5758\" src=\"https:\/\/www.anglet-tourisme.com\/wp-content\/uploads\/2024\/06\/FIFS-Anglet5-1024x683.jpeg\" alt=\"\" class=\"wp-image-5758\" srcset=\"https:\/\/www.anglet-tourisme.com\/wp-content\/uploads\/2024\/06\/FIFS-Anglet5-1024x683.jpeg 1024w, https:\/\/www.anglet-tourisme.com\/wp-content\/uploads\/2024\/06\/FIFS-Anglet5-800x533.jpeg 800w, https:\/\/www.anglet-tourisme.com\/wp-content\/uploads\/2024\/06\/FIFS-Anglet5-768x512.jpeg 768w, https:\/\/www.anglet-tourisme.com\/wp-content\/uploads\/2024\/06\/FIFS-Anglet5-1536x1024.jpeg 1536w, https:\/\/www.anglet-tourisme.com\/wp-content\/uploads\/2024\/06\/FIFS-Anglet5-scaled.jpeg 2048w\" sizes=\"auto, (max-width: 1024px) 100vw, 1024px\" \/><button\n\t\t\tclass=\"lightbox-trigger\"\n\t\t\ttype=\"button\"\n\t\t\taria-haspopup=\"dialog\"\n\t\t\taria-label=\"Vergr\u00f6\u00dfern\"\n\t\t\tdata-wp-init=\"callbacks.initTriggerButton\"\n\t\t\tdata-wp-on--click=\"actions.showLightbox\"\n\t\t\tdata-wp-style--right=\"state.imageButtonRight\"\n\t\t\tdata-wp-style--top=\"state.imageButtonTop\"\n\t\t>\n\t\t\t<svg xmlns=\"http:\/\/www.w3.org\/2000\/svg\" width=\"12\" height=\"12\" fill=\"none\" viewBox=\"0 0 12 12\">\n\t\t\t\t<path fill=\"#fff\" d=\"M2 0a2 2 0 0 0-2 2v2h1.5V2a.5.5 0 0 1 .5-.5h2V0H2Zm2 10.5H2a.5.5 0 0 1-.5-.5V8H0v2a2 2 0 0 0 2 2h2v-1.5ZM8 12v-1.5h2a.5.5 0 0 0 .5-.5V8H12v2a2 2 0 0 1-2 2H8Zm2-12a2 2 0 0 1 2 2v2h-1.5V2a.5.5 0 0 0-.5-.5H8V0h2Z\" \/>\n\t\t\t<\/svg>\n\t\t<\/button><\/figure>\n\n\n\n<figure data-wp-context=\"{&quot;imageId&quot;:&quot;69f0f88c4a5bf&quot;}\" data-wp-interactive=\"core\/image\" data-wp-key=\"69f0f88c4a5bf\" class=\"wp-block-image size-large wp-lightbox-container\"><img loading=\"lazy\" decoding=\"async\" width=\"1024\" height=\"683\" data-wp-class--hide=\"state.isContentHidden\" data-wp-class--show=\"state.isContentVisible\" data-wp-init=\"callbacks.setButtonStyles\" data-wp-on--click=\"actions.showLightbox\" data-wp-on--load=\"callbacks.setButtonStyles\" data-wp-on-window--resize=\"callbacks.setButtonStyles\" data-id=\"3169\" src=\"https:\/\/www.anglet-tourisme.com\/wp-content\/uploads\/2024\/05\/FIFS-Anglet4-1024x683.jpeg\" alt=\"\" class=\"wp-image-3169\" srcset=\"https:\/\/www.anglet-tourisme.com\/wp-content\/uploads\/2024\/05\/FIFS-Anglet4-1024x683.jpeg 1024w, https:\/\/www.anglet-tourisme.com\/wp-content\/uploads\/2024\/05\/FIFS-Anglet4-800x533.jpeg 800w, https:\/\/www.anglet-tourisme.com\/wp-content\/uploads\/2024\/05\/FIFS-Anglet4-768x512.jpeg 768w, https:\/\/www.anglet-tourisme.com\/wp-content\/uploads\/2024\/05\/FIFS-Anglet4-1536x1024.jpeg 1536w, https:\/\/www.anglet-tourisme.com\/wp-content\/uploads\/2024\/05\/FIFS-Anglet4-scaled.jpeg 2048w\" sizes=\"auto, (max-width: 1024px) 100vw, 1024px\" \/><button\n\t\t\tclass=\"lightbox-trigger\"\n\t\t\ttype=\"button\"\n\t\t\taria-haspopup=\"dialog\"\n\t\t\taria-label=\"Vergr\u00f6\u00dfern\"\n\t\t\tdata-wp-init=\"callbacks.initTriggerButton\"\n\t\t\tdata-wp-on--click=\"actions.showLightbox\"\n\t\t\tdata-wp-style--right=\"state.imageButtonRight\"\n\t\t\tdata-wp-style--top=\"state.imageButtonTop\"\n\t\t>\n\t\t\t<svg xmlns=\"http:\/\/www.w3.org\/2000\/svg\" width=\"12\" height=\"12\" fill=\"none\" viewBox=\"0 0 12 12\">\n\t\t\t\t<path fill=\"#fff\" d=\"M2 0a2 2 0 0 0-2 2v2h1.5V2a.5.5 0 0 1 .5-.5h2V0H2Zm2 10.5H2a.5.5 0 0 1-.5-.5V8H0v2a2 2 0 0 0 2 2h2v-1.5ZM8 12v-1.5h2a.5.5 0 0 0 .5-.5V8H12v2a2 2 0 0 1-2 2H8Zm2-12a2 2 0 0 1 2 2v2h-1.5V2a.5.5 0 0 0-.5-.5H8V0h2Z\" \/>\n\t\t\t<\/svg>\n\t\t<\/button><\/figure>\n\n\n\n<figure data-wp-context=\"{&quot;imageId&quot;:&quot;69f0f88c4ab3d&quot;}\" data-wp-interactive=\"core\/image\" data-wp-key=\"69f0f88c4ab3d\" class=\"wp-block-image size-large wp-lightbox-container\"><img loading=\"lazy\" decoding=\"async\" width=\"1024\" height=\"683\" data-wp-class--hide=\"state.isContentHidden\" data-wp-class--show=\"state.isContentVisible\" data-wp-init=\"callbacks.setButtonStyles\" data-wp-on--click=\"actions.showLightbox\" data-wp-on--load=\"callbacks.setButtonStyles\" data-wp-on-window--resize=\"callbacks.setButtonStyles\" data-id=\"3172\" src=\"https:\/\/www.anglet-tourisme.com\/wp-content\/uploads\/2024\/05\/FIFS-Anglet9-1024x683.jpeg\" alt=\"\" class=\"wp-image-3172\" srcset=\"https:\/\/www.anglet-tourisme.com\/wp-content\/uploads\/2024\/05\/FIFS-Anglet9-1024x683.jpeg 1024w, https:\/\/www.anglet-tourisme.com\/wp-content\/uploads\/2024\/05\/FIFS-Anglet9-800x533.jpeg 800w, https:\/\/www.anglet-tourisme.com\/wp-content\/uploads\/2024\/05\/FIFS-Anglet9-768x512.jpeg 768w, https:\/\/www.anglet-tourisme.com\/wp-content\/uploads\/2024\/05\/FIFS-Anglet9-1536x1024.jpeg 1536w, https:\/\/www.anglet-tourisme.com\/wp-content\/uploads\/2024\/05\/FIFS-Anglet9-scaled.jpeg 2048w\" sizes=\"auto, (max-width: 1024px) 100vw, 1024px\" \/><button\n\t\t\tclass=\"lightbox-trigger\"\n\t\t\ttype=\"button\"\n\t\t\taria-haspopup=\"dialog\"\n\t\t\taria-label=\"Vergr\u00f6\u00dfern\"\n\t\t\tdata-wp-init=\"callbacks.initTriggerButton\"\n\t\t\tdata-wp-on--click=\"actions.showLightbox\"\n\t\t\tdata-wp-style--right=\"state.imageButtonRight\"\n\t\t\tdata-wp-style--top=\"state.imageButtonTop\"\n\t\t>\n\t\t\t<svg xmlns=\"http:\/\/www.w3.org\/2000\/svg\" width=\"12\" height=\"12\" fill=\"none\" viewBox=\"0 0 12 12\">\n\t\t\t\t<path fill=\"#fff\" d=\"M2 0a2 2 0 0 0-2 2v2h1.5V2a.5.5 0 0 1 .5-.5h2V0H2Zm2 10.5H2a.5.5 0 0 1-.5-.5V8H0v2a2 2 0 0 0 2 2h2v-1.5ZM8 12v-1.5h2a.5.5 0 0 0 .5-.5V8H12v2a2 2 0 0 1-2 2H8Zm2-12a2 2 0 0 1 2 2v2h-1.5V2a.5.5 0 0 0-.5-.5H8V0h2Z\" \/>\n\t\t\t<\/svg>\n\t\t<\/button><\/figure>\n<\/figure>\n<\/div>\n\n\n\n<div class=\"wp-block-column is-vertically-aligned-top is-layout-flow wp-block-column-is-layout-flow\">\n<h2 class=\"wp-block-heading\">Ein Ereignis f\u00fcr Surf- und Filmliebhaber  <\/h2>\n\n\n\n<p>Jeden Sommer, <strong>Ende August<\/strong>, versammeln sich Surf- und Filmliebhaber abends im Jardin de la Grotte de la Chambre d&#8217;Amour oder tags\u00fcber im Espace de l&#8217;Oc\u00e9an, um die Freiluftvorf\u00fchrungen der besten Surffilme und -dokumentationen zu sehen.<\/p>\n\n\n\n<p>Vor den Nachtvorf\u00fchrungen k\u00f6nnen Sie auch das Partnerdorf nutzen.<\/p>\n\n\n\n<div style=\"height:40px\" aria-hidden=\"true\" class=\"wp-block-spacer\"><\/div>\n\n\n\n<h2 class=\"wp-block-heading\"><strong>Eine Feier der besten Surf-Filme und Dokumentationen<\/strong><\/h2>\n\n\n\n<p>Das <strong>Internationale Surffilmfestival<\/strong> ist eine Pionierveranstaltung, die die besten Produktionen und Leistungen des Jahres hervorhebt und auszeichnet.<\/p>\n\n\n\n<p>Eine internationale Jury, die sich aus Pers\u00f6nlichkeiten aus der Welt des Surfens und der Bilder zusammensetzt, wird die Gewinner bekannt geben und bei der Abschlusszeremonie 7 Preise verleihen.<\/p>\n<\/div>\n<\/div>\n<\/div><\/div>\n\n\n\n<div style=\"height:80px\" aria-hidden=\"true\" class=\"wp-block-spacer\"><\/div>\n\n\n\n<div class=\"wp-block-group\"><div class=\"wp-block-group__inner-container is-layout-constrained wp-block-group-is-layout-constrained\">\n<div class=\"wp-block-columns is-layout-flex wp-container-core-columns-is-layout-9d6595d7 wp-block-columns-is-layout-flex\">\n<div class=\"wp-block-column is-layout-flow wp-block-column-is-layout-flow\" style=\"flex-basis:66.66%\">\n<div class=\"wp-block-cover is-light alert\" style=\"min-height:107px;aspect-ratio:unset;\"><span aria-hidden=\"true\" class=\"wp-block-cover__background has-white-background-color has-background-dim-100 has-background-dim\"><\/span><div class=\"wp-block-cover__inner-container is-layout-constrained wp-block-cover-is-layout-constrained\">\n<div class=\"wp-block-group is-nowrap is-layout-flex wp-container-core-group-is-layout-ad2f72ca wp-block-group-is-layout-flex\"><div class=\"wp-block-image\">\n<figure class=\"alignleft size-full is-resized\"><img loading=\"lazy\" decoding=\"async\" width=\"431\" height=\"415\" src=\"https:\/\/www.anglet-tourisme.com\/wp-content\/uploads\/2024\/05\/Anglet-Cote-Basque-PICTOS-V2_page-0001-1.jpg\" alt=\"\" class=\"wp-image-2472\" style=\"aspect-ratio:1;object-fit:cover;width:67px;height:auto\"\/><\/figure>\n<\/div>\n\n\n<h3 class=\"wp-block-heading has-text-align-left has-blue-color has-text-color has-small-font-size\"><strong>INFORMATIONEN<\/strong><\/h3>\n<\/div>\n\n\n\n<p><br><strong>ADRESSE<\/strong><br>Jardin de la Grotte, Chambre d&#8217;Amour, 64600 ANGLET<br><br><strong>KONTAKT<\/strong><br><a href=\"https:\/\/surf-film.com\/\" target=\"_blank\" rel=\"noreferrer noopener\">Siehe Website<\/a><br><br><strong>ORGANISATION<\/strong><br>Fremdenverkehrs- und Freizeitamt von Anglet<\/p>\n\n\n\n<div style=\"height:40px\" aria-hidden=\"true\" class=\"wp-block-spacer\"><\/div>\n<\/div><\/div>\n<\/div>\n\n\n\n<div class=\"wp-block-column is-vertically-aligned-center is-layout-flow wp-block-column-is-layout-flow\" style=\"flex-basis:66.66%\">\n<div class=\"wp-block-columns is-layout-flex wp-container-core-columns-is-layout-9d6595d7 wp-block-columns-is-layout-flex\">\n<div class=\"wp-block-column is-layout-flow wp-block-column-is-layout-flow\">\n<h3 class=\"wp-block-heading\">Zug\u00e4nglichkeit<\/h3>\n\n\n\n<ul class=\"wp-block-list\">\n<li>Parkplatz f\u00fcr PKW<\/li>\n\n\n\n<li>Bushaltestellen  <\/li>\n<\/ul>\n<\/div>\n\n\n\n<div class=\"wp-block-column is-vertically-aligned-center is-layout-flow wp-block-column-is-layout-flow\">\n<div class=\"wp-block-buttons is-layout-flex wp-container-core-buttons-is-layout-6b4e3324 wp-block-buttons-is-layout-flex\">\n<div class=\"wp-block-button\"><a class=\"wp-block-button__link has-text-align-center wp-element-button\" href=\"https:\/\/itineraires.txiktxak.fr\/fr\/horaires\/Anglet\/arret\/Chambre-d-Amour\/place_PLAG\" target=\"_blank\" rel=\"nofollow noreferrer noopener\">Anreise mit dem Bus<\/a><\/div>\n<\/div>\n<\/div>\n<\/div>\n\n\n\n<div class=\"frame-responsive\"><iframe loading=\"lazy\" width=\"425\" height=\"350\" src=\"https:\/\/www.openstreetmap.org\/export\/embed.html?bbox=-1.5561318397521975%2C43.49298516594072%2C-1.5285372734069824%2C43.503616254512146&#038;layer=mapnik&#038;marker=43.49830094420016%2C-1.5423345565795898\" style=\"border: 1px solid black\"><\/iframe><br\/><small><a href=\"https:\/\/www.openstreetmap.org\/?mlat=43.4983&#038;mlon=-1.5423#map=16\/43.4983\/-1.5423\">Eine gr\u00f6\u00dfere Karte anzeigen<\/a><\/small>iframe<\/div>\n<\/div>\n<\/div>\n<\/div><\/div>\n\n\n\n<div style=\"height:80px\" aria-hidden=\"true\" class=\"wp-block-spacer\"><\/div>\n\n\n\n<figure class=\"wp-block-embed is-type-video is-provider-youtube wp-block-embed-youtube wp-embed-aspect-16-9 wp-has-aspect-ratio\"><div class=\"wp-block-embed__wrapper\">\n<script>document.addEventListener('DOMContentLoaded', function() {(tarteaucitron.job = tarteaucitron.job || []).push('youtube');});<\/script><div class=\"youtube_player\" videoID=\"Ga2IOFMmO-4\" width=\"100%\" height=\"100%\" style=\"height:50vw\" theme=\"light\" rel=\"0\" controls=\"1\" showinfo=\"1\" autoplay=\"0\"><\/div>\n<\/div><\/figure>\n","protected":false},"excerpt":{"rendered":"<p>Ein Ereignis f\u00fcr Surf- und Filmliebhaber Jeden Sommer, Ende August, versammeln sich Surf- und Filmliebhaber abends im Jardin de la Grotte de la Chambre d&#8217;Amour oder tags\u00fcber im Espace de l&#8217;Oc\u00e9an, um die Freiluftvorf\u00fchrungen der besten Surffilme und -dokumentationen zu sehen. Vor den Nachtvorf\u00fchrungen k\u00f6nnen Sie auch das Partnerdorf nutzen. [&hellip;]<\/p>\n","protected":false},"author":5,"featured_media":16713,"parent":15733,"menu_order":11,"comment_status":"closed","ping_status":"closed","template":"","meta":{"_acf_changed":false,"_seopress_robots_primary_cat":"","_seopress_titles_title":"Surf-Festival Anglet: Festlichkeiten rund um den Surf-Film von Anglet","_seopress_titles_desc":"Entdecken Sie das Internationale Surf-Festival in Anglet, Frankreich! Filme und Vorf\u00fchrungen \u00fcber den Ozean, die Liebe zum Surfen und weltweite Wettbewerbe. Begleiten Sie uns zu diesem einzigartigen Ereignis!","_seopress_robots_index":"","footnotes":""},"class_list":["post-16712","page","type-page","status-publish","has-post-thumbnail"],"acf":[],"_links":{"self":[{"href":"https:\/\/www.anglet-tourisme.com\/de\/wp-json\/wp\/v2\/pages\/16712","targetHints":{"allow":["GET"]}}],"collection":[{"href":"https:\/\/www.anglet-tourisme.com\/de\/wp-json\/wp\/v2\/pages"}],"about":[{"href":"https:\/\/www.anglet-tourisme.com\/de\/wp-json\/wp\/v2\/types\/page"}],"author":[{"embeddable":true,"href":"https:\/\/www.anglet-tourisme.com\/de\/wp-json\/wp\/v2\/users\/5"}],"replies":[{"embeddable":true,"href":"https:\/\/www.anglet-tourisme.com\/de\/wp-json\/wp\/v2\/comments?post=16712"}],"version-history":[{"count":3,"href":"https:\/\/www.anglet-tourisme.com\/de\/wp-json\/wp\/v2\/pages\/16712\/revisions"}],"predecessor-version":[{"id":18126,"href":"https:\/\/www.anglet-tourisme.com\/de\/wp-json\/wp\/v2\/pages\/16712\/revisions\/18126"}],"up":[{"embeddable":true,"href":"https:\/\/www.anglet-tourisme.com\/de\/wp-json\/wp\/v2\/pages\/15733"}],"wp:featuredmedia":[{"embeddable":true,"href":"https:\/\/www.anglet-tourisme.com\/de\/wp-json\/wp\/v2\/media\/16713"}],"wp:attachment":[{"href":"https:\/\/www.anglet-tourisme.com\/de\/wp-json\/wp\/v2\/media?parent=16712"}],"curies":[{"name":"wp","href":"https:\/\/api.w.org\/{rel}","templated":true}]}}