{"id":16759,"date":"2020-02-07T17:15:52","date_gmt":"2020-02-07T16:15:52","guid":{"rendered":"https:\/\/www.anglet-tourisme.com\/rechtliche-hinweise\/"},"modified":"2025-04-18T15:20:34","modified_gmt":"2025-04-18T13:20:34","slug":"rechtliche-hinweise","status":"publish","type":"page","link":"https:\/\/www.anglet-tourisme.com\/de\/rechtliche-hinweise\/","title":{"rendered":"Rechtliche Hinweise"},"content":{"rendered":"\n<p>Die <strong>Agence D\u00e9partementale du Tourisme 64 B\u00e9arn Pays Basque<\/strong> hat ihr Web-\u00d6kosystem mit den Fremdenverkehrsb\u00fcros von Anglet, Bayonne, Cambo-les-Bains und Hendaye geteilt.<br>Eine gemeinsame Dynamik, die Gr\u00f6\u00dfenvorteile f\u00fcr die K\u00f6rperschaften, die Arbeit am \u00d6kodesign und an der Zug\u00e4nglichkeit der Seiten sowie eine gemeinsame Benutzererfahrung (UX) f\u00fcr unsere Besucher erm\u00f6glichte. Eine fruchtbare Zusammenarbeit im Dienste unserer Besucher, unserer Gebiete und eines verantwortungsvolleren Tourismus.<\/p>\n\n\n\n<div style=\"height:40px\" aria-hidden=\"true\" class=\"wp-block-spacer\"><\/div>\n\n\n\n<p class=\"has-text-align-left\">Gem\u00e4\u00df Artikel 6 des Gesetzes vom 21. Juni 2004 \u00fcber das Vertrauen in die digitale Wirtschaft informieren wir Sie dar\u00fcber, dass dieser \u00f6ffentliche Online-Kommunikationsdienst von :<\/p>\n\n\n\n<div style=\"height:80px\" aria-hidden=\"true\" class=\"wp-block-spacer\"><\/div>\n\n\n\n<h2 class=\"wp-block-heading\">Diese Website wird herausgegeben von :  <\/h2>\n\n\n\n<p>Das <strong>Fremdenverkehrs- und Freizeitamt von Anglet<\/strong> mit Sitz in:<br>1 avenue de la Chambre d&#8217;Amour &#8211; 64600 ANGLET<\/p>\n\n\n\n<p><strong>SIRET:<\/strong> 78223460300010<br><strong>APE-Code:<\/strong> 7990Z<\/p>\n\n\n\n<p><strong>Telefon:<\/strong> +33 5 59 03 77 01<br><strong>E-Mail:<\/strong> <a href=\"mailto:information@anglet-tourisme.com\">information@anglet-tourisme.com<\/a><br><strong>Publikationsdirektorin:<\/strong> Frau Pantxika LABROUCHE<br><strong>Verantwortlich f\u00fcr die Website:<\/strong> Herr Fran\u00e7ois IRIARTE<\/p>\n\n\n\n<div style=\"height:80px\" aria-hidden=\"true\" class=\"wp-block-spacer\"><\/div>\n\n\n\n<div class=\"wp-block-columns has-2-columns is-layout-flex wp-container-core-columns-is-layout-9d6595d7 wp-block-columns-is-layout-flex\">\n<div class=\"wp-block-column is-layout-flow wp-block-column-is-layout-flow\">\n<h2 class=\"wp-block-heading\">Diese Website wird gehostet von :<\/h2>\n\n\n\n<p><strong>SARL O2Switch<\/strong><br>222 Boulevard Gustave Flaubert &#8211; 63000 Clermont-Ferrand<\/p>\n\n\n\n<p><strong>SIRET:<\/strong> 510 909 80700024<br> Handelsregister<strong>:<\/strong> Clermont-Ferrand<\/p>\n\n\n\n<p><strong>Telefon:<\/strong> +33 4 44 44 60 40<\/p>\n<\/div>\n\n\n\n<div class=\"wp-block-column is-layout-flow wp-block-column-is-layout-flow\">\n<h2 class=\"wp-block-heading\">Erstellung der Website durch :<\/h2>\n\n\n\n<p><strong>Webdesign<\/strong><\/p>\n\n\n\n<p><strong>Studio Svelt<\/strong><br>30 rue Tran &#8211; 64000 Pau<\/p>\n\n\n\n<p><strong>Telefon:<\/strong> +33 9 84 31 86 15<br><strong>E-Mail:<\/strong> <a href=\"mailto:contact@sveltstudio.com\">contact@sveltstudio.com<\/a><br><strong>Website:<\/strong> <a href=\"https:\/\/sveltstudio.com\/\" target=\"_blank\" rel=\"noreferrer noopener\">www.sveltstudio.com<\/a><\/p>\n\n\n\n<p><strong>Entwicklung<\/strong><\/p>\n\n\n\n<p><strong>Agentur Onokaa<\/strong><br>14 avenue du Stade Nautique &#8211; 64000 Pau<\/p>\n\n\n\n<p><strong>SIRET:<\/strong> 83394811000022<\/p>\n\n\n\n<p><strong>Telefon:<\/strong> +33 7 63 48 03 30<br><strong>E-Mail:<\/strong> <a href=\"mailto:contact@onokaa.com\">contact@onokaa.com<\/a><br><strong>Website:<\/strong> <a href=\"https:\/\/www.onokaa.com\" target=\"_blank\" rel=\"noreferrer noopener\">www.onokaa.com<\/a><\/p>\n<\/div>\n<\/div>\n\n\n\n<div style=\"height:80px\" aria-hidden=\"true\" class=\"wp-block-spacer\"><\/div>\n\n\n\n<h2 class=\"wp-block-heading\">Fotos :<\/h2>\n\n\n\n<p>Die meisten Fotos auf der Website stammen aus der Fotothek des Office de Tourisme et de Loisirs d&#8217;Anglet.<br>@ Fotos: R\u00e9mi Blanc, Karine Pierret-Delage, L\u00e9o Micouin, Christophe Rambeau, Loicia Fouillen, Pierre Chambion, Jean-Charles Rivas, Kevin Jeanneteau, Tommy Pierucki, Christopher Turckoski, World Archery, WSL \/ Laurant Masurel, William Morice \/ Flickr, Martin Einer, Dario Tonini.<\/p>\n\n\n\n<div style=\"height:80px\" aria-hidden=\"true\" class=\"wp-block-spacer\"><\/div>\n\n\n\n<h2 class=\"wp-block-heading\">Urheberrecht, Reproduktion :<\/h2>\n\n\n\n<p>Der Inhalt der Website besteht aus Texten, Fotos und herunterladbaren Dokumenten, die die Website <strong>www.anglet-tourisme.com<\/strong> bilden.<\/p>\n\n\n\n<p>Die teilweise oder vollst\u00e4ndige Vervielf\u00e4ltigung der Inhalte im Hinblick auf eine Ver\u00f6ffentlichung ist ohne vorherige schriftliche Genehmigung des Office de Tourisme et de Loisirs d&#8217;Anglet strengstens untersagt.<\/p>\n\n\n\n<div style=\"height:80px\" aria-hidden=\"true\" class=\"wp-block-spacer\"><\/div>\n\n\n\n<h2 class=\"wp-block-heading\">CNIL-Erkl\u00e4rung :<\/h2>\n\n\n\n<p>Die Website des Office de Tourisme et de Loisirs d&#8217;Anglet ist bei der Commission Nationale de l&#8217;Informatique et des Libert\u00e9s (CNIL) <strong>www.cnil.fr<\/strong> registriert.<\/p>\n\n\n\n<div style=\"height:80px\" aria-hidden=\"true\" class=\"wp-block-spacer\"><\/div>\n\n\n\n<h2 class=\"wp-block-heading\">Touristische Daten :<\/h2>\n\n\n\n<p>SIRTAQUI ist das Regionale Tourismusinformationssystem von AQUItaine.<br>Informationen \u00fcber Unterk\u00fcnfte, Aktivit\u00e4ten und Freizeit, Kulturerbe, Restaurants, Feste und Veranstaltungen werden vom Office de Tourisme et de Loisirs d&#8217;Anglet und einem Netzwerk von Partnern (Fremdenverkehrsb\u00fcros) gesammelt und in einer gemeinsamen Datenbank konsolidiert, die Qualit\u00e4tsanforderungen bei der Sammlung, Erfassung, Formatierung, \u00dcberpr\u00fcfung, Aktualisierung und Verbreitung der Informationen erf\u00fcllt.<br>Dieses von Europa und der Region Nouvelle-Aquitaine kofinanzierte und vom Comit\u00e9 R\u00e9gional du Tourisme de Nouvelle-Aquitaine geleitete System umfasst Gironde Tourisme, die Comit\u00e9s D\u00e9partementaux du Tourisme de la Dordogne, des Landes, des Lot-et-Garonne, die Departementsr\u00e4te von Deux-S\u00e8vres und Vienne sowie ADT64 B\u00e9arn Pays Basque. Letztere organisieren und verwalten ihr departementales Netzwerk. <\/p>\n","protected":false},"excerpt":{"rendered":"<p>Die Agence D\u00e9partementale du Tourisme 64 B\u00e9arn Pays Basque hat ihr Web-\u00d6kosystem mit den Fremdenverkehrsb\u00fcros von Anglet, Bayonne, Cambo-les-Bains und Hendaye geteilt.Eine gemeinsame Dynamik, die Gr\u00f6\u00dfenvorteile f\u00fcr die K\u00f6rperschaften, die Arbeit am \u00d6kodesign und an der Zug\u00e4nglichkeit der Seiten sowie eine gemeinsame Benutzererfahrung (UX) f\u00fcr unsere Besucher erm\u00f6glichte. Eine fruchtbare [&hellip;]<\/p>\n","protected":false},"author":1,"featured_media":16760,"parent":0,"menu_order":0,"comment_status":"closed","ping_status":"closed","template":"","meta":{"_acf_changed":false,"_seopress_robots_primary_cat":"","_seopress_titles_title":"","_seopress_titles_desc":"","_seopress_robots_index":"","footnotes":""},"class_list":["post-16759","page","type-page","status-publish","has-post-thumbnail"],"acf":[],"_links":{"self":[{"href":"https:\/\/www.anglet-tourisme.com\/de\/wp-json\/wp\/v2\/pages\/16759","targetHints":{"allow":["GET"]}}],"collection":[{"href":"https:\/\/www.anglet-tourisme.com\/de\/wp-json\/wp\/v2\/pages"}],"about":[{"href":"https:\/\/www.anglet-tourisme.com\/de\/wp-json\/wp\/v2\/types\/page"}],"author":[{"embeddable":true,"href":"https:\/\/www.anglet-tourisme.com\/de\/wp-json\/wp\/v2\/users\/1"}],"replies":[{"embeddable":true,"href":"https:\/\/www.anglet-tourisme.com\/de\/wp-json\/wp\/v2\/comments?post=16759"}],"version-history":[{"count":3,"href":"https:\/\/www.anglet-tourisme.com\/de\/wp-json\/wp\/v2\/pages\/16759\/revisions"}],"predecessor-version":[{"id":17510,"href":"https:\/\/www.anglet-tourisme.com\/de\/wp-json\/wp\/v2\/pages\/16759\/revisions\/17510"}],"wp:featuredmedia":[{"embeddable":true,"href":"https:\/\/www.anglet-tourisme.com\/de\/wp-json\/wp\/v2\/media\/16760"}],"wp:attachment":[{"href":"https:\/\/www.anglet-tourisme.com\/de\/wp-json\/wp\/v2\/media?parent=16759"}],"curies":[{"name":"wp","href":"https:\/\/api.w.org\/{rel}","templated":true}]}}