{"id":16884,"date":"2024-05-01T09:34:36","date_gmt":"2024-05-01T07:34:36","guid":{"rendered":"https:\/\/www.anglet-tourisme.com\/fremdenverkehrs-und-freizeitamt-von-anglet\/zielgebietsmagazin-und-broschueren\/"},"modified":"2026-03-04T16:25:35","modified_gmt":"2026-03-04T15:25:35","slug":"zielgebietsmagazin-und-broschueren","status":"publish","type":"page","link":"https:\/\/www.anglet-tourisme.com\/de\/fremdenverkehrs-und-freizeitamt-von-anglet\/zielgebietsmagazin-und-broschueren\/","title":{"rendered":"Zielgebietsmagazin und Brosch\u00fcren"},"content":{"rendered":"\n<div class=\"wp-block-columns is-layout-flex wp-container-core-columns-is-layout-9d6595d7 wp-block-columns-is-layout-flex\">\n<div class=\"wp-block-column is-layout-flow wp-block-column-is-layout-flow\" style=\"flex-basis:33.33%\"><div class=\"highlight-bloc-container \" id=\"ts-block-65368af54ee28\"  >\n\t<div class=\"highlight-bloc-content\">\n\t\t<div class=\"acf-innerblocks-container\">\n\n<h1 class=\"wp-block-heading suptitle\">Unsere Ausgaben Anglet Baskische K\u00fcste<\/h1>\n\n<\/div>\t<\/div>\n<\/div>\n<\/div>\n\n\n\n<div class=\"wp-block-column is-layout-flow wp-block-column-is-layout-flow\" style=\"flex-basis:66.66%\">\n<p><strong>Das Fremdenverkehrs- und Freizeitamt von Anglet<\/strong> freut sich, Ihnen seine touristischen Brosch\u00fcren vorzustellen, damit Sie das Reiseziel <strong>Anglet C\u00f4te Basque<\/strong> <strong>entdecken oder wiederentdecken<\/strong> k\u00f6nnen.<\/p>\n\n\n\n<p>Angloy oder auf der Durchreise in Anglet, hier sind unsere wichtigsten Medien!<\/p>\n\n\n\n<ul class=\"wp-block-list\">\n<li><strong>Anglet Emotions Magazine <\/strong>: Unser j\u00e4hrliches Magazin ist voll von Inspirationen und guten Adressen, damit Sie Ihre Erfahrungen an der baskischen K\u00fcste voll auskosten k\u00f6nnen.<\/li>\n\n\n\n<li><strong>Entdeckungsreisef\u00fchrer f\u00fcr Anglet <\/strong>: Hier finden Sie alle praktischen Informationen f\u00fcr Ihren Aufenthalt.<\/li>\n\n\n\n<li><strong>Stadtplan von Anglet <\/strong>: Navigieren Sie einfach durch Anglet mit unserem detaillierten Stadtplan, der perfekt ist, um sich in den verschiedenen Stadtteilen zu orientieren.<\/li>\n<\/ul>\n\n\n\n<p>Reisen Sie mit einer Gruppe oder organisieren Sie ein Seminar in Anglet? Schauen Sie sich unsere <strong>Brosch\u00fcre<\/strong> <strong>Gruppen und Seminare<\/strong> an, um das komplette Angebot f\u00fcr Ihre Veranstaltungen zu entdecken. <\/p>\n\n\n\n<p><strong>Gezeitenkalender:<\/strong> Verpassen Sie keine ideale Zeit, um den Ozean zu genie\u00dfen.<\/p>\n\n\n\n<p>Sie sind <strong>online verf\u00fcgbar und k\u00f6nnen kostenlos heruntergeladen<\/strong> werden.<\/p>\n\n\n\n<p>Schauen Sie sich unsere touristischen Brosch\u00fcren an und laden Sie sie herunter, um Ihren Besuch an der Baskischen K\u00fcste optimal vorzubereiten.<\/p>\n\n\n\n<p>Viel Spa\u00df beim Lesen!<\/p>\n<\/div>\n<\/div>\n\n\n\n<div style=\"height:80px\" aria-hidden=\"true\" class=\"wp-block-spacer\"><\/div>\n\n\n\n<h2 class=\"wp-block-heading\">MAGAZIN ANGLET \u00c9MOTIONS<\/h2>\n\n\n\n<div style=\"height:40px\" aria-hidden=\"true\" class=\"wp-block-spacer\"><\/div>\n\n\n\n<div class=\"wp-block-columns is-layout-flex wp-container-core-columns-is-layout-9d6595d7 wp-block-columns-is-layout-flex\">\n<div class=\"wp-block-column is-layout-flow wp-block-column-is-layout-flow\" style=\"flex-basis:0%\"><\/div>\n\n\n\n<div class=\"wp-block-column is-layout-flow wp-block-column-is-layout-flow\" style=\"flex-basis:27%\">\n<figure class=\"wp-block-image size-full is-resized\"><a href=\"https:\/\/www.calameo.com\/read\/000123217125cd39d5ca6\" target=\"_blank\" rel=\" noreferrer noopener\"><img loading=\"lazy\" decoding=\"async\" width=\"400\" height=\"566\" src=\"https:\/\/www.anglet-tourisme.com\/wp-content\/uploads\/2025\/07\/es_revista-anglet-emotion_2025.jpg\" alt=\"\" class=\"wp-image-18218\" style=\"width:400px\" srcset=\"https:\/\/www.anglet-tourisme.com\/wp-content\/uploads\/2025\/07\/es_revista-anglet-emotion_2025.jpg 400w, https:\/\/www.anglet-tourisme.com\/wp-content\/uploads\/2025\/07\/es_revista-anglet-emotion_2025-106x150.jpg 106w\" sizes=\"auto, (max-width: 400px) 100vw, 400px\" \/><\/a><\/figure>\n<\/div>\n\n\n\n<div class=\"wp-block-column is-layout-flow wp-block-column-is-layout-flow\" style=\"flex-basis:70%\">\n<div style=\"height:40px\" aria-hidden=\"true\" class=\"wp-block-spacer\"><\/div>\n\n\n\n<h2 class=\"wp-block-heading\">Anglet Emotions Magazine #6 (2025-2026)<\/h2>\n\n\n\n<p>Ver\u00f6ffentlichung: Juli 2025<br>PDF-Format &#8211; Gr\u00f6\u00dfe: 9,2 MB<\/p>\n\n\n\n<p>Dieses Jahr st\u00fcrzen wir uns ins Wasser!<br>Aus der Luft betrachtet verwandelt sich der Strand von Marinella in ein wahres Gem\u00e4lde.<br>Man k\u00f6nnte meinen, dass es sich um eine Montage handelt, ein Bild, das direkt aus einer KI stammt\u2026<br>Aber nein! Diese reale Aufnahme wurde vom scharfen Auge eines unserer talentierten Fotografen eingefangen. Wie w\u00e4re es mit einem anderen Blick auf Anglet?<\/p>\n\n\n\n<div style=\"height:40px\" aria-hidden=\"true\" class=\"wp-block-spacer\"><\/div>\n\n\n\n<div class=\"wp-block-buttons is-layout-flex wp-block-buttons-is-layout-flex\">\n<div class=\"wp-block-button is-style-outline is-style-outline--1\"><a class=\"wp-block-button__link wp-element-button\" href=\"https:\/\/www.calameo.com\/read\/000123217125cd39d5ca6\" target=\"_blank\" rel=\"noreferrer noopener\">Herunterladen von<\/a><\/div>\n<\/div>\n<\/div>\n<\/div>\n\n\n\n<div style=\"height:40px\" aria-hidden=\"true\" class=\"wp-block-spacer\"><\/div>\n\n\n\n<div class=\"wp-block-columns is-layout-flex wp-container-core-columns-is-layout-9d6595d7 wp-block-columns-is-layout-flex\">\n<div class=\"wp-block-column has-orange-light-background-color has-background is-layout-flow wp-block-column-is-layout-flow\">\n<div class=\"wp-block-media-text is-stacked-on-mobile\" style=\"grid-template-columns:25% auto\"><figure class=\"wp-block-media-text__media\"><a href=\"https:\/\/www.calameo.com\/read\/0001232176f17a99516f2\" target=\"_blank\" rel=\"noreferrer noopener\"><img loading=\"lazy\" decoding=\"async\" width=\"723\" height=\"1024\" src=\"https:\/\/www.anglet-tourisme.com\/wp-content\/uploads\/2024\/09\/anglet-emotions-5-723x1024-1.jpg\" alt=\"\" class=\"wp-image-17542 size-full\" srcset=\"https:\/\/www.anglet-tourisme.com\/wp-content\/uploads\/2024\/09\/anglet-emotions-5-723x1024-1.jpg 723w, https:\/\/www.anglet-tourisme.com\/wp-content\/uploads\/2024\/09\/anglet-emotions-5-723x1024-1-424x600.jpg 424w\" sizes=\"auto, (max-width: 723px) 100vw, 723px\" \/><\/a><\/figure><div class=\"wp-block-media-text__content\">\n<p><strong>Anglet Emotions #5 (2024)<\/strong><br>Format: PDF &#8211; Gr\u00f6\u00dfe: 9,2 MB<\/p>\n\n\n\n<div style=\"height:25px\" aria-hidden=\"true\" class=\"wp-block-spacer\"><\/div>\n\n\n\n<div class=\"wp-block-buttons is-layout-flex wp-block-buttons-is-layout-flex\">\n<div class=\"wp-block-button is-style-outline is-style-outline--2\"><a class=\"wp-block-button__link wp-element-button\" href=\"https:\/\/www.calameo.com\/read\/0001232176f17a99516f2\" target=\"_blank\" rel=\"noreferrer noopener\">Herunterladen von<\/a><\/div>\n<\/div>\n<\/div><\/div>\n<\/div>\n\n\n\n<div class=\"wp-block-column has-orange-light-background-color has-background is-layout-flow wp-block-column-is-layout-flow\">\n<div class=\"wp-block-media-text is-stacked-on-mobile\" style=\"grid-template-columns:25% auto\"><figure class=\"wp-block-media-text__media\"><a href=\"https:\/\/www.calameo.com\/read\/000123217b433ab6a7f79\" target=\"_blank\" rel=\"noreferrer noopener\"><img loading=\"lazy\" decoding=\"async\" width=\"724\" height=\"1024\" src=\"https:\/\/www.anglet-tourisme.com\/wp-content\/uploads\/2024\/07\/ANGLET-EMOTIONS_2023-724x1024.jpg\" alt=\"\" class=\"wp-image-7456 size-full\" srcset=\"https:\/\/www.anglet-tourisme.com\/wp-content\/uploads\/2024\/07\/ANGLET-EMOTIONS_2023-724x1024.jpg 724w, https:\/\/www.anglet-tourisme.com\/wp-content\/uploads\/2024\/07\/ANGLET-EMOTIONS_2023-424x600.jpg 424w, https:\/\/www.anglet-tourisme.com\/wp-content\/uploads\/2024\/07\/ANGLET-EMOTIONS_2023-768x1086.jpg 768w, https:\/\/www.anglet-tourisme.com\/wp-content\/uploads\/2024\/07\/ANGLET-EMOTIONS_2023-1086x1536.jpg 1086w, https:\/\/www.anglet-tourisme.com\/wp-content\/uploads\/2024\/07\/ANGLET-EMOTIONS_2023.jpg 1414w\" sizes=\"auto, (max-width: 724px) 100vw, 724px\" \/><\/a><\/figure><div class=\"wp-block-media-text__content\">\n<p><strong>Anglet Emotions #4 (2023)<\/strong><br>Format: PDF &#8211; Gr\u00f6\u00dfe: 4,7 MB<\/p>\n\n\n\n<div style=\"height:25px\" aria-hidden=\"true\" class=\"wp-block-spacer\"><\/div>\n\n\n\n<div class=\"wp-block-buttons is-layout-flex wp-block-buttons-is-layout-flex\">\n<div class=\"wp-block-button is-style-outline is-style-outline--3\"><a class=\"wp-block-button__link wp-element-button\" href=\"https:\/\/www.calameo.com\/read\/000123217b433ab6a7f79\" target=\"_blank\" rel=\"noreferrer noopener\">Herunterladen von<\/a><\/div>\n<\/div>\n<\/div><\/div>\n<\/div>\n<\/div>\n\n\n\n<div class=\"wp-block-columns is-layout-flex wp-container-core-columns-is-layout-9d6595d7 wp-block-columns-is-layout-flex\">\n<div class=\"wp-block-column has-orange-light-background-color has-background is-layout-flow wp-block-column-is-layout-flow\">\n<div class=\"wp-block-media-text is-stacked-on-mobile\" style=\"grid-template-columns:25% auto\"><figure class=\"wp-block-media-text__media\"><a href=\"https:\/\/www.calameo.com\/read\/000123217e87721f61602\" target=\"_blank\" rel=\"noreferrer noopener\"><img loading=\"lazy\" decoding=\"async\" width=\"724\" height=\"1024\" src=\"https:\/\/www.anglet-tourisme.com\/wp-content\/uploads\/2024\/07\/ANGLET-EMOTIONS_2022-724x1024.jpg\" alt=\"\" class=\"wp-image-7453 size-full\" srcset=\"https:\/\/www.anglet-tourisme.com\/wp-content\/uploads\/2024\/07\/ANGLET-EMOTIONS_2022-724x1024.jpg 724w, https:\/\/www.anglet-tourisme.com\/wp-content\/uploads\/2024\/07\/ANGLET-EMOTIONS_2022-424x600.jpg 424w, https:\/\/www.anglet-tourisme.com\/wp-content\/uploads\/2024\/07\/ANGLET-EMOTIONS_2022-768x1086.jpg 768w, https:\/\/www.anglet-tourisme.com\/wp-content\/uploads\/2024\/07\/ANGLET-EMOTIONS_2022-1086x1536.jpg 1086w, https:\/\/www.anglet-tourisme.com\/wp-content\/uploads\/2024\/07\/ANGLET-EMOTIONS_2022.jpg 1414w\" sizes=\"auto, (max-width: 724px) 100vw, 724px\" \/><\/a><\/figure><div class=\"wp-block-media-text__content\">\n<p><strong>Anglet Emotions #3 (2022)<\/strong><br>Format: PDF &#8211; Gr\u00f6\u00dfe: 8,4 MB<\/p>\n\n\n\n<div style=\"height:25px\" aria-hidden=\"true\" class=\"wp-block-spacer\"><\/div>\n\n\n\n<div class=\"wp-block-buttons is-layout-flex wp-block-buttons-is-layout-flex\">\n<div class=\"wp-block-button is-style-outline is-style-outline--4\"><a class=\"wp-block-button__link wp-element-button\" href=\"https:\/\/www.calameo.com\/read\/000123217e87721f61602\" target=\"_blank\" rel=\"noreferrer noopener\">Herunterladen von<\/a><\/div>\n<\/div>\n<\/div><\/div>\n<\/div>\n\n\n\n<div class=\"wp-block-column has-orange-light-background-color has-background is-layout-flow wp-block-column-is-layout-flow\">\n<div class=\"wp-block-media-text is-stacked-on-mobile\" style=\"grid-template-columns:25% auto\"><figure class=\"wp-block-media-text__media\"><a href=\"https:\/\/www.calameo.com\/read\/00012321750196545b74a\" target=\"_blank\" rel=\"noreferrer noopener\"><img loading=\"lazy\" decoding=\"async\" width=\"724\" height=\"1024\" src=\"https:\/\/www.anglet-tourisme.com\/wp-content\/uploads\/2024\/07\/ANGLET-EMOTIONS_2001-724x1024.jpg\" alt=\"\" class=\"wp-image-7447 size-full\" srcset=\"https:\/\/www.anglet-tourisme.com\/wp-content\/uploads\/2024\/07\/ANGLET-EMOTIONS_2001-724x1024.jpg 724w, https:\/\/www.anglet-tourisme.com\/wp-content\/uploads\/2024\/07\/ANGLET-EMOTIONS_2001-424x600.jpg 424w, https:\/\/www.anglet-tourisme.com\/wp-content\/uploads\/2024\/07\/ANGLET-EMOTIONS_2001-768x1086.jpg 768w, https:\/\/www.anglet-tourisme.com\/wp-content\/uploads\/2024\/07\/ANGLET-EMOTIONS_2001-1086x1536.jpg 1086w, https:\/\/www.anglet-tourisme.com\/wp-content\/uploads\/2024\/07\/ANGLET-EMOTIONS_2001.jpg 1414w\" sizes=\"auto, (max-width: 724px) 100vw, 724px\" \/><\/a><\/figure><div class=\"wp-block-media-text__content\">\n<p><strong>Anglet Emotions #2 (2021)<\/strong><br>Format: PDF &#8211; Gr\u00f6\u00dfe: 12,1 MB<\/p>\n\n\n\n<div style=\"height:25px\" aria-hidden=\"true\" class=\"wp-block-spacer\"><\/div>\n\n\n\n<div class=\"wp-block-buttons is-layout-flex wp-block-buttons-is-layout-flex\">\n<div class=\"wp-block-button is-style-outline is-style-outline--5\"><a class=\"wp-block-button__link wp-element-button\" href=\"https:\/\/www.calameo.com\/read\/00012321750196545b74a\" target=\"_blank\" rel=\"noreferrer noopener\">Herunterladen von<\/a><\/div>\n<\/div>\n<\/div><\/div>\n<\/div>\n<\/div>\n\n\n\n<div class=\"wp-block-columns is-layout-flex wp-container-core-columns-is-layout-9d6595d7 wp-block-columns-is-layout-flex\">\n<div class=\"wp-block-column has-orange-light-background-color has-background is-layout-flow wp-block-column-is-layout-flow\">\n<div class=\"wp-block-media-text is-stacked-on-mobile\" style=\"grid-template-columns:25% auto\"><figure class=\"wp-block-media-text__media\"><a href=\"https:\/\/www.calameo.com\/read\/00012321721092398f84a\" target=\"_blank\" rel=\"noreferrer noopener\"><img loading=\"lazy\" decoding=\"async\" width=\"724\" height=\"1024\" src=\"https:\/\/www.anglet-tourisme.com\/wp-content\/uploads\/2024\/07\/ANGLET-EMOTIONS_2000-724x1024.jpg\" alt=\"\" class=\"wp-image-7430 size-full\" srcset=\"https:\/\/www.anglet-tourisme.com\/wp-content\/uploads\/2024\/07\/ANGLET-EMOTIONS_2000-724x1024.jpg 724w, https:\/\/www.anglet-tourisme.com\/wp-content\/uploads\/2024\/07\/ANGLET-EMOTIONS_2000-424x600.jpg 424w, https:\/\/www.anglet-tourisme.com\/wp-content\/uploads\/2024\/07\/ANGLET-EMOTIONS_2000-768x1086.jpg 768w, https:\/\/www.anglet-tourisme.com\/wp-content\/uploads\/2024\/07\/ANGLET-EMOTIONS_2000-1086x1536.jpg 1086w, https:\/\/www.anglet-tourisme.com\/wp-content\/uploads\/2024\/07\/ANGLET-EMOTIONS_2000.jpg 1414w\" sizes=\"auto, (max-width: 724px) 100vw, 724px\" \/><\/a><\/figure><div class=\"wp-block-media-text__content\">\n<p><strong>Anglet Emotions #1 (2020)<\/strong><br>Format: PDF &#8211; Gr\u00f6\u00dfe: 15,9 MB<\/p>\n\n\n\n<div style=\"height:25px\" aria-hidden=\"true\" class=\"wp-block-spacer\"><\/div>\n\n\n\n<div class=\"wp-block-buttons is-layout-flex wp-block-buttons-is-layout-flex\">\n<div class=\"wp-block-button is-style-outline is-style-outline--6\"><a class=\"wp-block-button__link wp-element-button\" href=\"https:\/\/www.calameo.com\/read\/00012321721092398f84a\" target=\"_blank\" rel=\"noreferrer noopener\">Herunterladen von<\/a><\/div>\n<\/div>\n<\/div><\/div>\n<\/div>\n\n\n\n<div class=\"wp-block-column has-orange-light-background-color has-background is-layout-flow wp-block-column-is-layout-flow\"><\/div>\n<\/div>\n\n\n\n<div style=\"height:80px\" aria-hidden=\"true\" class=\"wp-block-spacer\"><\/div>\n\n\n\n<h2 class=\"wp-block-heading\">REISEF\u00dcHRER ANGLET<\/h2>\n\n\n\n<div style=\"height:40px\" aria-hidden=\"true\" class=\"wp-block-spacer\"><\/div>\n\n\n\n<div class=\"wp-block-columns is-layout-flex wp-container-core-columns-is-layout-9d6595d7 wp-block-columns-is-layout-flex\">\n<div class=\"wp-block-column is-layout-flow wp-block-column-is-layout-flow\" style=\"flex-basis:0%\"><\/div>\n\n\n\n<div class=\"wp-block-column is-layout-flow wp-block-column-is-layout-flow\" style=\"flex-basis:27%\">\n<figure class=\"wp-block-image size-full is-resized\"><a href=\"https:\/\/www.calameo.com\/read\/000123217892d39473122\" target=\"_blank\" rel=\"noreferrer noopener\"><img loading=\"lazy\" decoding=\"async\" width=\"400\" height=\"568\" src=\"https:\/\/www.anglet-tourisme.com\/wp-content\/uploads\/2025\/07\/en_the-anglet-discovery-guide.jpg\" alt=\"\" class=\"wp-image-18180\" style=\"width:400px\" srcset=\"https:\/\/www.anglet-tourisme.com\/wp-content\/uploads\/2025\/07\/en_the-anglet-discovery-guide.jpg 400w, https:\/\/www.anglet-tourisme.com\/wp-content\/uploads\/2025\/07\/en_the-anglet-discovery-guide-106x150.jpg 106w\" sizes=\"auto, (max-width: 400px) 100vw, 400px\" \/><\/a><\/figure>\n<\/div>\n\n\n\n<div class=\"wp-block-column is-layout-flow wp-block-column-is-layout-flow\" style=\"flex-basis:70%\">\n<div style=\"height:40px\" aria-hidden=\"true\" class=\"wp-block-spacer\"><\/div>\n\n\n\n<h2 class=\"wp-block-heading\">Reisef\u00fchrer Entdeckung (2025-2026)<\/h2>\n\n\n\n<p>Ver\u00f6ffentlichung: Juni 2025<br>PDF-Format &#8211; Gr\u00f6\u00dfe: 8,5 MB<\/p>\n\n\n\n<p>Infos \u00fcber Str\u00e4nde, Spazierg\u00e4nge, Besichtigungen, Aktivit\u00e4ten, Unterk\u00fcnfte, M\u00e4rkte, Restaurants, Highlights, Mobilit\u00e4t &#8211; in diesem Reisef\u00fchrer finden Sie alles, was Sie in Anglet wissen, sehen und tun m\u00fcssen. Er wird von einem engagierten Team erstellt und im Baskenland auf Papier aus nachhaltig bewirtschafteten W\u00e4ldern gedruckt. Z\u00f6gern Sie nicht, ihn in Ihrer Bibliothek aufzubewahren, er wird Ihr F\u00fchrer sein, um Anglet zu entdecken oder wiederzuentdecken. Wir w\u00fcnschen Ihnen viel Spa\u00df beim Entdecken und unvergessliche Momente in unserem sch\u00f6nen Reiseziel!   <\/p>\n\n\n\n<div style=\"height:40px\" aria-hidden=\"true\" class=\"wp-block-spacer\"><\/div>\n\n\n\n<div class=\"wp-block-buttons is-layout-flex wp-block-buttons-is-layout-flex\">\n<div class=\"wp-block-button is-style-outline is-style-outline--7\"><a class=\"wp-block-button__link wp-element-button\" href=\"https:\/\/www.calameo.com\/read\/000123217892d39473122\" target=\"_blank\" rel=\"noreferrer noopener\">Herunterladen von<\/a><\/div>\n<\/div>\n<\/div>\n<\/div>\n\n\n\n<div style=\"height:80px\" aria-hidden=\"true\" class=\"wp-block-spacer\"><\/div>\n\n\n\n<h2 class=\"wp-block-heading\">STADTPLAN ANGLET<\/h2>\n\n\n\n<div style=\"height:40px\" aria-hidden=\"true\" class=\"wp-block-spacer\"><\/div>\n\n\n\n<div class=\"wp-block-columns is-layout-flex wp-container-core-columns-is-layout-9d6595d7 wp-block-columns-is-layout-flex\">\n<div class=\"wp-block-column is-layout-flow wp-block-column-is-layout-flow\" style=\"flex-basis:0%\"><\/div>\n\n\n\n<div class=\"wp-block-column is-layout-flow wp-block-column-is-layout-flow\" style=\"flex-basis:27%\">\n<figure class=\"wp-block-image size-full is-resized\"><a href=\"https:\/\/www.anglet-tourisme.com\/wp-content\/uploads\/2025\/05\/plan-anglet-2025.pdf\" target=\"_blank\" rel=\" noreferrer noopener\"><img loading=\"lazy\" decoding=\"async\" width=\"415\" height=\"415\" src=\"https:\/\/www.anglet-tourisme.com\/wp-content\/uploads\/2025\/06\/plan-anglet_couv.jpg\" alt=\"\" class=\"wp-image-17850\" style=\"aspect-ratio:1;object-fit:cover;width:400px\" srcset=\"https:\/\/www.anglet-tourisme.com\/wp-content\/uploads\/2025\/06\/plan-anglet_couv.jpg 415w, https:\/\/www.anglet-tourisme.com\/wp-content\/uploads\/2025\/06\/plan-anglet_couv-150x150.jpg 150w\" sizes=\"auto, (max-width: 415px) 100vw, 415px\" \/><\/a><\/figure>\n<\/div>\n\n\n\n<div class=\"wp-block-column is-layout-flow wp-block-column-is-layout-flow\" style=\"flex-basis:70%\">\n<div style=\"height:40px\" aria-hidden=\"true\" class=\"wp-block-spacer\"><\/div>\n\n\n\n<h2 class=\"wp-block-heading\">Anglet Plan (2025-2026)<\/h2>\n\n\n\n<p>PDF-Format &#8211; Gr\u00f6\u00dfe: 18,2 MB<\/p>\n\n\n\n<div style=\"height:40px\" aria-hidden=\"true\" class=\"wp-block-spacer\"><\/div>\n\n\n\n<div class=\"wp-block-buttons is-layout-flex wp-block-buttons-is-layout-flex\">\n<div class=\"wp-block-button is-style-outline is-style-outline--8\"><a class=\"wp-block-button__link wp-element-button\" href=\"https:\/\/www.anglet-tourisme.com\/wp-content\/uploads\/2025\/05\/plan-anglet-2025.pdf\" target=\"_blank\" rel=\"noreferrer noopener\">Herunterladen von<\/a><\/div>\n<\/div>\n<\/div>\n<\/div>\n\n\n\n<div style=\"height:80px\" aria-hidden=\"true\" class=\"wp-block-spacer\"><\/div>\n\n\n\n<h2 class=\"wp-block-heading\">GRUPPEN- UND SEMINARF\u00dcHRER<\/h2>\n\n\n\n<div style=\"height:40px\" aria-hidden=\"true\" class=\"wp-block-spacer\"><\/div>\n\n\n\n<div class=\"wp-block-columns is-layout-flex wp-container-core-columns-is-layout-9d6595d7 wp-block-columns-is-layout-flex\">\n<div class=\"wp-block-column is-layout-flow wp-block-column-is-layout-flow\" style=\"flex-basis:0%\"><\/div>\n\n\n\n<div class=\"wp-block-column is-layout-flow wp-block-column-is-layout-flow\" style=\"flex-basis:50%\">\n<figure class=\"wp-block-image size-full is-resized\"><a href=\"https:\/\/www.anglet-tourisme.com\/wp-content\/uploads\/2026\/01\/anglet_brochure_groupes_seminaire_web.pdf\" target=\"_blank\" rel=\"noreferrer noopener\"><img loading=\"lazy\" decoding=\"async\" width=\"768\" height=\"527\" src=\"https:\/\/www.anglet-tourisme.com\/wp-content\/uploads\/2026\/01\/couv-guide-groupes-et-seminaires.jpg\" alt=\"\" class=\"wp-image-19834\" style=\"width:auto;height:400px\" srcset=\"https:\/\/www.anglet-tourisme.com\/wp-content\/uploads\/2026\/01\/couv-guide-groupes-et-seminaires.jpg 768w, https:\/\/www.anglet-tourisme.com\/wp-content\/uploads\/2026\/01\/couv-guide-groupes-et-seminaires-150x103.jpg 150w\" sizes=\"auto, (max-width: 768px) 100vw, 768px\" \/><\/a><\/figure>\n<\/div>\n\n\n\n<div class=\"wp-block-column is-layout-flow wp-block-column-is-layout-flow\" style=\"flex-basis:70%\">\n<div style=\"height:40px\" aria-hidden=\"true\" class=\"wp-block-spacer\"><\/div>\n\n\n\n<h2 class=\"wp-block-heading\">Reisef\u00fchrer Gruppen und Seminare (2026)<\/h2>\n\n\n\n<p>PDF-Format &#8211; Gr\u00f6\u00dfe: 2,7 MB<\/p>\n\n\n\n<div style=\"height:40px\" aria-hidden=\"true\" class=\"wp-block-spacer\"><\/div>\n\n\n\n<div class=\"wp-block-buttons is-layout-flex wp-block-buttons-is-layout-flex\">\n<div class=\"wp-block-button is-style-outline is-style-outline--9\"><a class=\"wp-block-button__link wp-element-button\" href=\"https:\/\/www.anglet-tourisme.com\/wp-content\/uploads\/2026\/01\/anglet_brochure_groupes_seminaire_web.pdf\" target=\"_blank\" rel=\"noreferrer noopener\">Herunterladen von<\/a><\/div>\n<\/div>\n<\/div>\n<\/div>\n\n\n\n<div style=\"height:80px\" aria-hidden=\"true\" class=\"wp-block-spacer\"><\/div>\n\n\n\n<h2 class=\"wp-block-heading\">GEZEITENKALENDER<\/h2>\n\n\n\n<div style=\"height:40px\" aria-hidden=\"true\" class=\"wp-block-spacer\"><\/div>\n\n\n\n<div class=\"wp-block-columns is-layout-flex wp-container-core-columns-is-layout-9d6595d7 wp-block-columns-is-layout-flex\">\n<div class=\"wp-block-column is-layout-flow wp-block-column-is-layout-flow\" style=\"flex-basis:0%\"><\/div>\n\n\n\n<div class=\"wp-block-column is-layout-flow wp-block-column-is-layout-flow\" style=\"flex-basis:27%\">\n<figure class=\"wp-block-image size-full is-resized\"><a href=\"https:\/\/www.calameo.com\/read\/00012321790ee4fb1b402\" target=\"_blank\" rel=\"noreferrer noopener\"><img loading=\"lazy\" decoding=\"async\" width=\"500\" height=\"705\" src=\"https:\/\/www.anglet-tourisme.com\/wp-content\/uploads\/2026\/03\/calendrier-des-marees-2026.jpg\" alt=\"Calendrier des mar\u00e9es 2026\" class=\"wp-image-20521\" style=\"width:400px\" srcset=\"https:\/\/www.anglet-tourisme.com\/wp-content\/uploads\/2026\/03\/calendrier-des-marees-2026.jpg 500w, https:\/\/www.anglet-tourisme.com\/wp-content\/uploads\/2026\/03\/calendrier-des-marees-2026-426x600.jpg 426w, https:\/\/www.anglet-tourisme.com\/wp-content\/uploads\/2026\/03\/calendrier-des-marees-2026-106x150.jpg 106w\" sizes=\"auto, (max-width: 500px) 100vw, 500px\" \/><\/a><\/figure>\n<\/div>\n\n\n\n<div class=\"wp-block-column is-layout-flow wp-block-column-is-layout-flow\" style=\"flex-basis:70%\">\n<div style=\"height:40px\" aria-hidden=\"true\" class=\"wp-block-spacer\"><\/div>\n\n\n\n<h2 class=\"wp-block-heading\">Gezeitenkalender (2026)<\/h2>\n\n\n\n<p><strong>\u00a9SHOM<\/strong><br>Reproduktion der SHOM Gezeitenvorhersagen f\u00fcr Boucau-Bayonne &#8211; nicht von SHOM \u00fcberpr\u00fcft und unter der alleinigen Verantwortung des Herausgebers erstellt.<\/p>\n\n\n\n<p>PDF-Format &#8211; Gr\u00f6\u00dfe: 3,0 MB<\/p>\n\n\n\n<div style=\"height:40px\" aria-hidden=\"true\" class=\"wp-block-spacer\"><\/div>\n\n\n\n<div class=\"wp-block-buttons is-layout-flex wp-block-buttons-is-layout-flex\">\n<div class=\"wp-block-button is-style-outline is-style-outline--10\"><a class=\"wp-block-button__link wp-element-button\" href=\"https:\/\/www.calameo.com\/read\/00012321790ee4fb1b402\" target=\"_blank\" rel=\"noreferrer noopener\">Herunterladen von<\/a><\/div>\n<\/div>\n<\/div>\n<\/div>\n","protected":false},"excerpt":{"rendered":"<p>Das Fremdenverkehrs- und Freizeitamt von Anglet freut sich, Ihnen seine touristischen Brosch\u00fcren vorzustellen, damit Sie das Reiseziel Anglet C\u00f4te Basque entdecken oder wiederentdecken k\u00f6nnen. Angloy oder auf der Durchreise in Anglet, hier sind unsere wichtigsten Medien! Reisen Sie mit einer Gruppe oder organisieren Sie ein Seminar in Anglet? Schauen Sie [&hellip;]<\/p>\n","protected":false},"author":1,"featured_media":16895,"parent":16864,"menu_order":0,"comment_status":"closed","ping_status":"closed","template":"","meta":{"_acf_changed":false,"_seopress_robots_primary_cat":"","_seopress_titles_title":"Anglet Emotionen: das Reisemagazin des Tourismus- und Freizeitb\u00fcros von Anglet.","_seopress_titles_desc":"Tauchen Sie ein in \"Anglet \u00e9motions\", unser Reisemagazin, die bevorzugte Quelle f\u00fcr Nachrichten und gute Tipps in Anglet, um auf dem Laufenden zu bleiben.","_seopress_robots_index":"","footnotes":""},"class_list":["post-16884","page","type-page","status-publish","has-post-thumbnail"],"acf":[],"_links":{"self":[{"href":"https:\/\/www.anglet-tourisme.com\/de\/wp-json\/wp\/v2\/pages\/16884","targetHints":{"allow":["GET"]}}],"collection":[{"href":"https:\/\/www.anglet-tourisme.com\/de\/wp-json\/wp\/v2\/pages"}],"about":[{"href":"https:\/\/www.anglet-tourisme.com\/de\/wp-json\/wp\/v2\/types\/page"}],"author":[{"embeddable":true,"href":"https:\/\/www.anglet-tourisme.com\/de\/wp-json\/wp\/v2\/users\/1"}],"replies":[{"embeddable":true,"href":"https:\/\/www.anglet-tourisme.com\/de\/wp-json\/wp\/v2\/comments?post=16884"}],"version-history":[{"count":3,"href":"https:\/\/www.anglet-tourisme.com\/de\/wp-json\/wp\/v2\/pages\/16884\/revisions"}],"predecessor-version":[{"id":20545,"href":"https:\/\/www.anglet-tourisme.com\/de\/wp-json\/wp\/v2\/pages\/16884\/revisions\/20545"}],"up":[{"embeddable":true,"href":"https:\/\/www.anglet-tourisme.com\/de\/wp-json\/wp\/v2\/pages\/16864"}],"wp:featuredmedia":[{"embeddable":true,"href":"https:\/\/www.anglet-tourisme.com\/de\/wp-json\/wp\/v2\/media\/16895"}],"wp:attachment":[{"href":"https:\/\/www.anglet-tourisme.com\/de\/wp-json\/wp\/v2\/media?parent=16884"}],"curies":[{"name":"wp","href":"https:\/\/api.w.org\/{rel}","templated":true}]}}