{"id":16899,"date":"2024-06-06T17:21:40","date_gmt":"2024-06-06T15:21:40","guid":{"rendered":"https:\/\/www.anglet-tourisme.com\/fremdenverkehrs-und-freizeitamt-von-anglet\/unser-shop\/"},"modified":"2025-04-14T16:35:30","modified_gmt":"2025-04-14T14:35:30","slug":"unser-shop","status":"publish","type":"page","link":"https:\/\/www.anglet-tourisme.com\/de\/fremdenverkehrs-und-freizeitamt-von-anglet\/unser-shop\/","title":{"rendered":"Unser Shop"},"content":{"rendered":"\n<div class=\"wp-block-columns is-layout-flex wp-container-core-columns-is-layout-9d6595d7 wp-block-columns-is-layout-flex\">\n<div class=\"wp-block-column is-layout-flow wp-block-column-is-layout-flow\" style=\"flex-basis:33.33%\"><div class=\"highlight-bloc-container \" id=\"ts-block-65368af54ee28\"  >\n\t<div class=\"highlight-bloc-content\">\n\t\t<div class=\"acf-innerblocks-container\">\n\n<h1 class=\"wp-block-heading suptitle\">Ein Souvenirladen, der dem Reiseziel gewidmet ist<\/h1>\n\n<\/div>\t<\/div>\n<\/div>\n<\/div>\n\n\n\n<div class=\"wp-block-column is-layout-flow wp-block-column-is-layout-flow\" style=\"flex-basis:66.66%\">\n<p>Ob Sie nun stolz darauf sind, ein Angler zu sein, oder ob Sie Ihr Reiseziel lieben, es ist ein Vergn\u00fcgen, ein wenig Anglet in Ihrem Zuhause zu zeigen.<\/p>\n\n\n\n<p>Das ist es, was das Office de Tourisme et de Loisirs d&#8217;Anglet Ihnen mit seiner Marke <strong>&#8222;Anglet C\u00f4te Basque&#8220;<\/strong> und seiner Auswahl an lokalen Designern und Handwerkern anbietet.<\/p>\n\n\n\n<p>Unsere Produkte sind ausschlie\u00dflich in unseren Gesch\u00e4ften vor Ort erh\u00e4ltlich, also warten Sie nicht l\u00e4nger, um diese sch\u00f6ne Kollektion zu entdecken!<\/p>\n<\/div>\n<\/div>\n\n<div style=\"height:80px\" aria-hidden=\"true\" class=\"wp-block-spacer\"><\/div>\n\n<div class=\"wp-block-columns is-layout-flex wp-container-core-columns-is-layout-9d6595d7 wp-block-columns-is-layout-flex\">\n<div class=\"wp-block-column is-vertically-aligned-center is-layout-flow wp-block-column-is-layout-flow\">\n<figure class=\"wp-block-gallery has-nested-images columns-2 is-cropped wp-block-gallery-1 is-layout-flex wp-block-gallery-is-layout-flex\">\n<figure data-wp-context=\"{&quot;imageId&quot;:&quot;69f0e661263b8&quot;}\" data-wp-interactive=\"core\/image\" data-wp-key=\"69f0e661263b8\" class=\"wp-block-image size-large wp-lightbox-container\"><img decoding=\"async\" data-wp-class--hide=\"state.isContentHidden\" data-wp-class--show=\"state.isContentVisible\" data-wp-init=\"callbacks.setButtonStyles\" data-wp-on--click=\"actions.showLightbox\" data-wp-on--load=\"callbacks.setButtonStyles\" data-wp-on-window--resize=\"callbacks.setButtonStyles\" data-id=\"5925\" src=\"https:\/\/www.anglet-tourisme.com\/wp-content\/uploads\/2024\/06\/Office-I-Love-Anglet_RIB0027_&#xA9;RiBLANC-1024x683.jpg\" alt=\"\" class=\"wp-image-5925\"\/><button\n\t\t\tclass=\"lightbox-trigger\"\n\t\t\ttype=\"button\"\n\t\t\taria-haspopup=\"dialog\"\n\t\t\taria-label=\"Vergr\u00f6\u00dfern\"\n\t\t\tdata-wp-init=\"callbacks.initTriggerButton\"\n\t\t\tdata-wp-on--click=\"actions.showLightbox\"\n\t\t\tdata-wp-style--right=\"state.imageButtonRight\"\n\t\t\tdata-wp-style--top=\"state.imageButtonTop\"\n\t\t>\n\t\t\t<svg xmlns=\"http:\/\/www.w3.org\/2000\/svg\" width=\"12\" height=\"12\" fill=\"none\" viewBox=\"0 0 12 12\">\n\t\t\t\t<path fill=\"#fff\" d=\"M2 0a2 2 0 0 0-2 2v2h1.5V2a.5.5 0 0 1 .5-.5h2V0H2Zm2 10.5H2a.5.5 0 0 1-.5-.5V8H0v2a2 2 0 0 0 2 2h2v-1.5ZM8 12v-1.5h2a.5.5 0 0 0 .5-.5V8H12v2a2 2 0 0 1-2 2H8Zm2-12a2 2 0 0 1 2 2v2h-1.5V2a.5.5 0 0 0-.5-.5H8V0h2Z\" \/>\n\t\t\t<\/svg>\n\t\t<\/button><\/figure>\n\n\n\n<figure data-wp-context=\"{&quot;imageId&quot;:&quot;69f0e66126987&quot;}\" data-wp-interactive=\"core\/image\" data-wp-key=\"69f0e66126987\" class=\"wp-block-image size-large wp-lightbox-container\"><img decoding=\"async\" data-wp-class--hide=\"state.isContentHidden\" data-wp-class--show=\"state.isContentVisible\" data-wp-init=\"callbacks.setButtonStyles\" data-wp-on--click=\"actions.showLightbox\" data-wp-on--load=\"callbacks.setButtonStyles\" data-wp-on-window--resize=\"callbacks.setButtonStyles\" data-id=\"5931\" src=\"https:\/\/www.anglet-tourisme.com\/wp-content\/uploads\/2024\/06\/Office-I-Love-Anglet_RIB0042_&#xA9;RiBLANC-1024x683.jpg\" alt=\"\" class=\"wp-image-5931\"\/><button\n\t\t\tclass=\"lightbox-trigger\"\n\t\t\ttype=\"button\"\n\t\t\taria-haspopup=\"dialog\"\n\t\t\taria-label=\"Vergr\u00f6\u00dfern\"\n\t\t\tdata-wp-init=\"callbacks.initTriggerButton\"\n\t\t\tdata-wp-on--click=\"actions.showLightbox\"\n\t\t\tdata-wp-style--right=\"state.imageButtonRight\"\n\t\t\tdata-wp-style--top=\"state.imageButtonTop\"\n\t\t>\n\t\t\t<svg xmlns=\"http:\/\/www.w3.org\/2000\/svg\" width=\"12\" height=\"12\" fill=\"none\" viewBox=\"0 0 12 12\">\n\t\t\t\t<path fill=\"#fff\" d=\"M2 0a2 2 0 0 0-2 2v2h1.5V2a.5.5 0 0 1 .5-.5h2V0H2Zm2 10.5H2a.5.5 0 0 1-.5-.5V8H0v2a2 2 0 0 0 2 2h2v-1.5ZM8 12v-1.5h2a.5.5 0 0 0 .5-.5V8H12v2a2 2 0 0 1-2 2H8Zm2-12a2 2 0 0 1 2 2v2h-1.5V2a.5.5 0 0 0-.5-.5H8V0h2Z\" \/>\n\t\t\t<\/svg>\n\t\t<\/button><\/figure>\n\n\n\n<figure data-wp-context=\"{&quot;imageId&quot;:&quot;69f0e66126ede&quot;}\" data-wp-interactive=\"core\/image\" data-wp-key=\"69f0e66126ede\" class=\"wp-block-image size-large wp-lightbox-container\"><img decoding=\"async\" data-wp-class--hide=\"state.isContentHidden\" data-wp-class--show=\"state.isContentVisible\" data-wp-init=\"callbacks.setButtonStyles\" data-wp-on--click=\"actions.showLightbox\" data-wp-on--load=\"callbacks.setButtonStyles\" data-wp-on-window--resize=\"callbacks.setButtonStyles\" data-id=\"5898\" src=\"https:\/\/www.anglet-tourisme.com\/wp-content\/uploads\/2024\/06\/Office-I-Love-Anglet_RIB0044_&#xA9;RiBLANC-1024x683.jpg\" alt=\"\" class=\"wp-image-5898\"\/><button\n\t\t\tclass=\"lightbox-trigger\"\n\t\t\ttype=\"button\"\n\t\t\taria-haspopup=\"dialog\"\n\t\t\taria-label=\"Vergr\u00f6\u00dfern\"\n\t\t\tdata-wp-init=\"callbacks.initTriggerButton\"\n\t\t\tdata-wp-on--click=\"actions.showLightbox\"\n\t\t\tdata-wp-style--right=\"state.imageButtonRight\"\n\t\t\tdata-wp-style--top=\"state.imageButtonTop\"\n\t\t>\n\t\t\t<svg xmlns=\"http:\/\/www.w3.org\/2000\/svg\" width=\"12\" height=\"12\" fill=\"none\" viewBox=\"0 0 12 12\">\n\t\t\t\t<path fill=\"#fff\" d=\"M2 0a2 2 0 0 0-2 2v2h1.5V2a.5.5 0 0 1 .5-.5h2V0H2Zm2 10.5H2a.5.5 0 0 1-.5-.5V8H0v2a2 2 0 0 0 2 2h2v-1.5ZM8 12v-1.5h2a.5.5 0 0 0 .5-.5V8H12v2a2 2 0 0 1-2 2H8Zm2-12a2 2 0 0 1 2 2v2h-1.5V2a.5.5 0 0 0-.5-.5H8V0h2Z\" \/>\n\t\t\t<\/svg>\n\t\t<\/button><\/figure>\n<\/figure>\n<\/div>\n\n\n\n<div class=\"wp-block-column is-vertically-aligned-center is-layout-flow wp-block-column-is-layout-flow\">\n<h2 class=\"wp-block-heading\">Neues Schaufenster f\u00fcr lokale Kreationen  <\/h2>\n\n\n\n<p>Das Office de Tourisme et de Loisirs d&#8217;Anglet hat f\u00fcr 2021 einen neuartigen Souvenirladen in seinen beiden Empfangsbereichen eingerichtet. Ein Concept Store, in dem das lokale Know-how im Vordergrund steht, um den Besuchern ein noch intensiveres Erlebnis des Reiseziels zu bieten, mit Souvenirs aus lokalem Handwerk und lokaler Produktion. <\/p>\n\n\n\n<p>Wenn Sie die Eingangst\u00fcr zu diesem nat\u00fcrlichen und klaren Ort mit Holzm\u00f6beln und Upcycling-Elementen \u00f6ffnen, begeben Sie sich in eine Welt des Sports, der Natur und des Wohlbefindens, in der Kreativit\u00e4t und verantwortungsbewusstes Engagement im Vordergrund stehen. Kerzen, Heimtextilien, Poster, Feinschmeckerpakete&#8230; Die Souvenirs sind zahlreich. <\/p>\n\n\n\n<p>Das Team bietet sogar eine eigene Marke <strong>Anglet C\u00f4te Basque<\/strong> und <strong>La Chambre d&#8217;Amour Anglet<\/strong> an. T-Shirt, Sweatshirt und andere Variationen in einer neuen Kollektion aus Bio-Baumwolle, die es zu entdecken gilt! <\/p>\n\n\n\n<p>Das lokale Know-how wird auch durch sch\u00f6ne thematische und saisonale Schaufenster aufgewertet, um die Passanten zu ermutigen, das authentische Anglet der Stadtviertel und des Handwerks zu entdecken, weit weg von der K\u00fcste und dem Wald. Sch\u00f6ne Kooperationen und neue Kreationen sind zu entdecken, wie die der Konditorei Maison Gautier und ihre k\u00f6stlichen Sabl\u00e9s d&#8217;Or! <\/p>\n<\/div>\n<\/div>\n\n<div style=\"height:70px\" aria-hidden=\"true\" class=\"wp-block-spacer\"><\/div>\n\n<div class=\"wp-block-group\"><div class=\"wp-block-group__inner-container is-layout-constrained wp-block-group-is-layout-constrained\">\n<div class=\"wp-block-columns is-layout-flex wp-container-core-columns-is-layout-9d6595d7 wp-block-columns-is-layout-flex\">\n<div class=\"wp-block-column is-layout-flow wp-block-column-is-layout-flow\" style=\"flex-basis:100%\">\n<div class=\"wp-block-cover is-light alert\" style=\"min-height:107px;aspect-ratio:unset;\"><span aria-hidden=\"true\" class=\"wp-block-cover__background has-white-background-color has-background-dim-100 has-background-dim\"><\/span><div class=\"wp-block-cover__inner-container is-layout-constrained wp-block-cover-is-layout-constrained\">\n<div class=\"wp-block-group is-nowrap is-layout-flex wp-container-core-group-is-layout-ad2f72ca wp-block-group-is-layout-flex\"><div class=\"wp-block-image\">\n<figure class=\"alignleft size-full is-resized\"><img loading=\"lazy\" decoding=\"async\" width=\"431\" height=\"415\" src=\"https:\/\/www.anglet-tourisme.com\/wp-content\/uploads\/2024\/05\/Anglet-Cote-Basque-PICTOS-V2_page-0001-1.jpg\" alt=\"\" class=\"wp-image-2472\" style=\"aspect-ratio:1;object-fit:cover;width:43px;height:auto\"\/><\/figure>\n<\/div>\n\n\n<h2 class=\"wp-block-heading has-text-align-left has-blue-color has-text-color has-small-font-size\"><strong>BESUCHEN SIE UNSERE BOUTIQUEN<\/strong><\/h2>\n<\/div>\n\n\n\n<p><br\/><strong>Boutique des Cinq Cantons<\/strong> <br\/>1 avenue de la Chambre d&#8217;Amour, Anglet<br\/><br\/><strong>Boutique de la Chambre d&#8217;Amour<\/strong><br\/>Avenue des Dauphins, Anglet<\/p>\n\n\n\n<div style=\"height:40px\" aria-hidden=\"true\" class=\"wp-block-spacer\"><\/div>\n<\/div><\/div>\n<\/div>\n\n\n\n<div class=\"wp-block-column is-layout-flow wp-block-column-is-layout-flow\" style=\"flex-basis:100%\">\n<div class=\"wp-block-cover is-light alert\" style=\"min-height:107px;aspect-ratio:unset;\"><span aria-hidden=\"true\" class=\"wp-block-cover__background has-white-background-color has-background-dim-100 has-background-dim\"><\/span><div class=\"wp-block-cover__inner-container is-layout-constrained wp-block-cover-is-layout-constrained\">\n<div class=\"wp-block-group is-nowrap is-layout-flex wp-container-core-group-is-layout-ad2f72ca wp-block-group-is-layout-flex\"><div class=\"wp-block-image\">\n<figure class=\"alignleft size-full is-resized\"><img loading=\"lazy\" decoding=\"async\" width=\"431\" height=\"415\" src=\"https:\/\/www.anglet-tourisme.com\/wp-content\/uploads\/2024\/05\/Anglet-Cote-Basque-PICTOS-V2_page-0001-1.jpg\" alt=\"\" class=\"wp-image-2472\" style=\"aspect-ratio:1;object-fit:cover;width:43px;height:auto\"\/><\/figure>\n<\/div>\n\n\n<h2 class=\"wp-block-heading has-text-align-left has-blue-color has-text-color has-small-font-size\"><strong>GESCHENKKARTE<\/strong><\/h2>\n<\/div>\n\n\n\n<div class=\"wp-block-media-text is-stacked-on-mobile\"><figure class=\"wp-block-media-text__media\"><img loading=\"lazy\" decoding=\"async\" width=\"1000\" height=\"820\" src=\"https:\/\/www.anglet-tourisme.com\/wp-content\/uploads\/2024\/12\/carte-cadeau-2024.jpg\" alt=\"\" class=\"wp-image-14118 size-full\" srcset=\"https:\/\/www.anglet-tourisme.com\/wp-content\/uploads\/2024\/12\/carte-cadeau-2024.jpg 1000w, https:\/\/www.anglet-tourisme.com\/wp-content\/uploads\/2024\/12\/carte-cadeau-2024-732x600.jpg 732w, https:\/\/www.anglet-tourisme.com\/wp-content\/uploads\/2024\/12\/carte-cadeau-2024-150x123.jpg 150w, https:\/\/www.anglet-tourisme.com\/wp-content\/uploads\/2024\/12\/carte-cadeau-2024-768x630.jpg 768w\" sizes=\"auto, (max-width: 1000px) 100vw, 1000px\" \/><\/figure><div class=\"wp-block-media-text__content\">\n<p><strong>Die Geschenkkarte &#8222;Anglet C\u00f4te Basque&#8220;<\/strong> ist eine originelle Geschenkidee, um lokale Talente zu unterst\u00fctzen, w\u00e4hrend Sie Ihren Lieben die Wahl eines Geschenks \u00fcberlassen, das zu ihnen passt.<\/p>\n<\/div><\/div>\n<\/div><\/div>\n<\/div>\n<\/div>\n\n\n\n<div style=\"height:63px\" aria-hidden=\"true\" class=\"wp-block-spacer\"><\/div>\n\n\n\n<h2 class=\"wp-block-heading\">Entdecken Sie unseren Shop!<\/h2>\n\n\n\n<div style=\"height:26px\" aria-hidden=\"true\" class=\"wp-block-spacer\"><\/div>\n\n\n\n<figure class=\"wp-block-gallery aligncenter has-nested-images columns-3 is-cropped has-white-background-color has-background wp-block-gallery-2 is-layout-flex wp-block-gallery-is-layout-flex\">\n<figure class=\"wp-block-image size-medium\"><img loading=\"lazy\" decoding=\"async\" width=\"800\" height=\"533\" data-id=\"13858\" src=\"https:\/\/www.anglet-tourisme.com\/wp-content\/uploads\/2024\/11\/image00002-800x533.jpeg\" alt=\"\" class=\"wp-image-13858\" srcset=\"https:\/\/www.anglet-tourisme.com\/wp-content\/uploads\/2024\/11\/image00002-800x533.jpeg 800w, https:\/\/www.anglet-tourisme.com\/wp-content\/uploads\/2024\/11\/image00002-1024x683.jpeg 1024w, https:\/\/www.anglet-tourisme.com\/wp-content\/uploads\/2024\/11\/image00002-150x100.jpeg 150w, https:\/\/www.anglet-tourisme.com\/wp-content\/uploads\/2024\/11\/image00002-768x512.jpeg 768w, https:\/\/www.anglet-tourisme.com\/wp-content\/uploads\/2024\/11\/image00002-1536x1024.jpeg 1536w, https:\/\/www.anglet-tourisme.com\/wp-content\/uploads\/2024\/11\/image00002-scaled.jpeg 2048w\" sizes=\"auto, (max-width: 800px) 100vw, 800px\" \/><figcaption class=\"wp-element-caption\">Kleine Autos aus Holz<br\/>Mathieu Palette<\/figcaption><\/figure>\n\n\n\n<figure class=\"wp-block-image size-medium\"><img loading=\"lazy\" decoding=\"async\" width=\"400\" height=\"600\" data-id=\"13866\" src=\"https:\/\/www.anglet-tourisme.com\/wp-content\/uploads\/2024\/11\/image00013-400x600.jpeg\" alt=\"\" class=\"wp-image-13866\" srcset=\"https:\/\/www.anglet-tourisme.com\/wp-content\/uploads\/2024\/11\/image00013-400x600.jpeg 400w, https:\/\/www.anglet-tourisme.com\/wp-content\/uploads\/2024\/11\/image00013-683x1024.jpeg 683w, https:\/\/www.anglet-tourisme.com\/wp-content\/uploads\/2024\/11\/image00013-100x150.jpeg 100w, https:\/\/www.anglet-tourisme.com\/wp-content\/uploads\/2024\/11\/image00013-768x1152.jpeg 768w, https:\/\/www.anglet-tourisme.com\/wp-content\/uploads\/2024\/11\/image00013-1024x1536.jpeg 1024w, https:\/\/www.anglet-tourisme.com\/wp-content\/uploads\/2024\/11\/image00013-scaled.jpeg 1365w\" sizes=\"auto, (max-width: 400px) 100vw, 400px\" \/><figcaption class=\"wp-element-caption\">Sweatshirts Chambre d&#8217;Amour<\/figcaption><\/figure>\n\n\n\n<figure class=\"wp-block-image size-medium\"><img loading=\"lazy\" decoding=\"async\" width=\"400\" height=\"600\" data-id=\"13850\" src=\"https:\/\/www.anglet-tourisme.com\/wp-content\/uploads\/2024\/11\/shooping-i-love-anglet_rib4690_copyriblanc-400x600.jpg\" alt=\"\" class=\"wp-image-13850\" srcset=\"https:\/\/www.anglet-tourisme.com\/wp-content\/uploads\/2024\/11\/shooping-i-love-anglet_rib4690_copyriblanc-400x600.jpg 400w, https:\/\/www.anglet-tourisme.com\/wp-content\/uploads\/2024\/11\/shooping-i-love-anglet_rib4690_copyriblanc-683x1024.jpg 683w, https:\/\/www.anglet-tourisme.com\/wp-content\/uploads\/2024\/11\/shooping-i-love-anglet_rib4690_copyriblanc-100x150.jpg 100w, https:\/\/www.anglet-tourisme.com\/wp-content\/uploads\/2024\/11\/shooping-i-love-anglet_rib4690_copyriblanc-768x1151.jpg 768w, https:\/\/www.anglet-tourisme.com\/wp-content\/uploads\/2024\/11\/shooping-i-love-anglet_rib4690_copyriblanc-1025x1536.jpg 1025w, https:\/\/www.anglet-tourisme.com\/wp-content\/uploads\/2024\/11\/shooping-i-love-anglet_rib4690_copyriblanc-scaled.jpg 1366w\" sizes=\"auto, (max-width: 400px) 100vw, 400px\" \/><figcaption class=\"wp-element-caption\">Schl\u00fcsselanh\u00e4nger mit Surfbrett und Herz<br\/>Little Anana<\/figcaption><\/figure>\n\n\n\n<figure class=\"wp-block-image size-medium\"><img loading=\"lazy\" decoding=\"async\" width=\"800\" height=\"534\" data-id=\"13878\" src=\"https:\/\/www.anglet-tourisme.com\/wp-content\/uploads\/2024\/11\/boutique-i-love-anglet__rib2030_copyriblanc-800x534.jpg\" alt=\"\" class=\"wp-image-13878\" srcset=\"https:\/\/www.anglet-tourisme.com\/wp-content\/uploads\/2024\/11\/boutique-i-love-anglet__rib2030_copyriblanc-800x534.jpg 800w, https:\/\/www.anglet-tourisme.com\/wp-content\/uploads\/2024\/11\/boutique-i-love-anglet__rib2030_copyriblanc-1024x683.jpg 1024w, https:\/\/www.anglet-tourisme.com\/wp-content\/uploads\/2024\/11\/boutique-i-love-anglet__rib2030_copyriblanc-150x100.jpg 150w, https:\/\/www.anglet-tourisme.com\/wp-content\/uploads\/2024\/11\/boutique-i-love-anglet__rib2030_copyriblanc-768x512.jpg 768w, https:\/\/www.anglet-tourisme.com\/wp-content\/uploads\/2024\/11\/boutique-i-love-anglet__rib2030_copyriblanc-1536x1025.jpg 1536w, https:\/\/www.anglet-tourisme.com\/wp-content\/uploads\/2024\/11\/boutique-i-love-anglet__rib2030_copyriblanc-scaled.jpg 2048w\" sizes=\"auto, (max-width: 800px) 100vw, 800px\" \/><figcaption class=\"wp-element-caption\">Pochettes Petite Surfeuse<br\/>Seshat Cr\u00e9ation<\/figcaption><\/figure>\n\n\n\n<figure class=\"wp-block-image size-medium\"><img loading=\"lazy\" decoding=\"async\" width=\"400\" height=\"600\" data-id=\"13874\" src=\"https:\/\/www.anglet-tourisme.com\/wp-content\/uploads\/2024\/11\/image00020-400x600.jpeg\" alt=\"\" class=\"wp-image-13874\" srcset=\"https:\/\/www.anglet-tourisme.com\/wp-content\/uploads\/2024\/11\/image00020-400x600.jpeg 400w, https:\/\/www.anglet-tourisme.com\/wp-content\/uploads\/2024\/11\/image00020-683x1024.jpeg 683w, https:\/\/www.anglet-tourisme.com\/wp-content\/uploads\/2024\/11\/image00020-100x150.jpeg 100w, https:\/\/www.anglet-tourisme.com\/wp-content\/uploads\/2024\/11\/image00020-768x1152.jpeg 768w, https:\/\/www.anglet-tourisme.com\/wp-content\/uploads\/2024\/11\/image00020-1024x1536.jpeg 1024w, https:\/\/www.anglet-tourisme.com\/wp-content\/uploads\/2024\/11\/image00020-scaled.jpeg 1365w\" sizes=\"auto, (max-width: 400px) 100vw, 400px\" \/><figcaption class=\"wp-element-caption\">Les Sabl\u00e9s d&#8217;Or<br\/>Zusammenarbeit mit Maison Gautier<\/figcaption><\/figure>\n\n\n\n<figure class=\"wp-block-image size-medium\"><img loading=\"lazy\" decoding=\"async\" width=\"800\" height=\"534\" data-id=\"13882\" src=\"https:\/\/www.anglet-tourisme.com\/wp-content\/uploads\/2024\/11\/boutique-i-love-anglet__rib2163_copyriblanc-800x534.jpg\" alt=\"\" class=\"wp-image-13882\" srcset=\"https:\/\/www.anglet-tourisme.com\/wp-content\/uploads\/2024\/11\/boutique-i-love-anglet__rib2163_copyriblanc-800x534.jpg 800w, https:\/\/www.anglet-tourisme.com\/wp-content\/uploads\/2024\/11\/boutique-i-love-anglet__rib2163_copyriblanc-1024x683.jpg 1024w, https:\/\/www.anglet-tourisme.com\/wp-content\/uploads\/2024\/11\/boutique-i-love-anglet__rib2163_copyriblanc-150x100.jpg 150w, https:\/\/www.anglet-tourisme.com\/wp-content\/uploads\/2024\/11\/boutique-i-love-anglet__rib2163_copyriblanc-768x512.jpg 768w, https:\/\/www.anglet-tourisme.com\/wp-content\/uploads\/2024\/11\/boutique-i-love-anglet__rib2163_copyriblanc-1536x1025.jpg 1536w, https:\/\/www.anglet-tourisme.com\/wp-content\/uploads\/2024\/11\/boutique-i-love-anglet__rib2163_copyriblanc-scaled.jpg 2048w\" sizes=\"auto, (max-width: 800px) 100vw, 800px\" \/><figcaption class=\"wp-element-caption\">Kinder T-Shirts Muxu<br\/>Makadam Poppins<\/figcaption><\/figure>\n\n\n\n<figure class=\"wp-block-image size-medium\"><img loading=\"lazy\" decoding=\"async\" width=\"400\" height=\"600\" data-id=\"13900\" src=\"https:\/\/www.anglet-tourisme.com\/wp-content\/uploads\/2024\/11\/image00005-400x600.jpeg\" alt=\"\" class=\"wp-image-13900\" srcset=\"https:\/\/www.anglet-tourisme.com\/wp-content\/uploads\/2024\/11\/image00005-400x600.jpeg 400w, https:\/\/www.anglet-tourisme.com\/wp-content\/uploads\/2024\/11\/image00005-683x1024.jpeg 683w, https:\/\/www.anglet-tourisme.com\/wp-content\/uploads\/2024\/11\/image00005-100x150.jpeg 100w, https:\/\/www.anglet-tourisme.com\/wp-content\/uploads\/2024\/11\/image00005-768x1152.jpeg 768w, https:\/\/www.anglet-tourisme.com\/wp-content\/uploads\/2024\/11\/image00005-1024x1536.jpeg 1024w, https:\/\/www.anglet-tourisme.com\/wp-content\/uploads\/2024\/11\/image00005-scaled.jpeg 1365w\" sizes=\"auto, (max-width: 400px) 100vw, 400px\" \/><figcaption class=\"wp-element-caption\">Kerzenhalter<br\/>Yvette At Home<\/figcaption><\/figure>\n\n\n\n<figure class=\"wp-block-image size-medium\"><img loading=\"lazy\" decoding=\"async\" width=\"400\" height=\"600\" data-id=\"13854\" src=\"https:\/\/www.anglet-tourisme.com\/wp-content\/uploads\/2024\/11\/shooping-i-love-anglet_rib4540_copyriblanc-400x600.jpg\" alt=\"\" class=\"wp-image-13854\" srcset=\"https:\/\/www.anglet-tourisme.com\/wp-content\/uploads\/2024\/11\/shooping-i-love-anglet_rib4540_copyriblanc-400x600.jpg 400w, https:\/\/www.anglet-tourisme.com\/wp-content\/uploads\/2024\/11\/shooping-i-love-anglet_rib4540_copyriblanc-683x1024.jpg 683w, https:\/\/www.anglet-tourisme.com\/wp-content\/uploads\/2024\/11\/shooping-i-love-anglet_rib4540_copyriblanc-100x150.jpg 100w, https:\/\/www.anglet-tourisme.com\/wp-content\/uploads\/2024\/11\/shooping-i-love-anglet_rib4540_copyriblanc-768x1151.jpg 768w, https:\/\/www.anglet-tourisme.com\/wp-content\/uploads\/2024\/11\/shooping-i-love-anglet_rib4540_copyriblanc-1025x1536.jpg 1025w, https:\/\/www.anglet-tourisme.com\/wp-content\/uploads\/2024\/11\/shooping-i-love-anglet_rib4540_copyriblanc-scaled.jpg 1366w\" sizes=\"auto, (max-width: 400px) 100vw, 400px\" \/><figcaption class=\"wp-element-caption\">T-Shirts Liebeszimmer<\/figcaption><\/figure>\n\n\n\n<figure class=\"wp-block-image size-medium\"><img loading=\"lazy\" decoding=\"async\" width=\"337\" height=\"600\" data-id=\"13862\" src=\"https:\/\/www.anglet-tourisme.com\/wp-content\/uploads\/2024\/11\/carnet-1-dario-t-337x600.jpeg\" alt=\"\" class=\"wp-image-13862\" srcset=\"https:\/\/www.anglet-tourisme.com\/wp-content\/uploads\/2024\/11\/carnet-1-dario-t-337x600.jpeg 337w, https:\/\/www.anglet-tourisme.com\/wp-content\/uploads\/2024\/11\/carnet-1-dario-t-576x1024.jpeg 576w, https:\/\/www.anglet-tourisme.com\/wp-content\/uploads\/2024\/11\/carnet-1-dario-t-84x150.jpeg 84w, https:\/\/www.anglet-tourisme.com\/wp-content\/uploads\/2024\/11\/carnet-1-dario-t-768x1365.jpeg 768w, https:\/\/www.anglet-tourisme.com\/wp-content\/uploads\/2024\/11\/carnet-1-dario-t-864x1536.jpeg 864w, https:\/\/www.anglet-tourisme.com\/wp-content\/uploads\/2024\/11\/carnet-1-dario-t-scaled.jpeg 1152w\" sizes=\"auto, (max-width: 337px) 100vw, 337px\" \/><figcaption class=\"wp-element-caption\">Notizb\u00fccher<br\/> Makadam Poppins<\/figcaption><\/figure>\n\n\n\n<figure class=\"wp-block-image size-large\"><img loading=\"lazy\" decoding=\"async\" width=\"496\" height=\"496\" data-id=\"13890\" src=\"https:\/\/www.anglet-tourisme.com\/wp-content\/uploads\/2024\/11\/jolis-mots-biarritz-2.jpg\" alt=\"\" class=\"wp-image-13890\" srcset=\"https:\/\/www.anglet-tourisme.com\/wp-content\/uploads\/2024\/11\/jolis-mots-biarritz-2.jpg 496w, https:\/\/www.anglet-tourisme.com\/wp-content\/uploads\/2024\/11\/jolis-mots-biarritz-2-150x150.jpg 150w\" sizes=\"auto, (max-width: 496px) 100vw, 496px\" \/><figcaption class=\"wp-element-caption\">Kissen<br\/>Jolis Mots<\/figcaption><\/figure>\n\n\n\n<figure class=\"wp-block-image size-medium\"><img loading=\"lazy\" decoding=\"async\" width=\"400\" height=\"600\" data-id=\"13896\" src=\"https:\/\/www.anglet-tourisme.com\/wp-content\/uploads\/2024\/11\/image00007-400x600.jpeg\" alt=\"\" class=\"wp-image-13896\" srcset=\"https:\/\/www.anglet-tourisme.com\/wp-content\/uploads\/2024\/11\/image00007-400x600.jpeg 400w, https:\/\/www.anglet-tourisme.com\/wp-content\/uploads\/2024\/11\/image00007-683x1024.jpeg 683w, https:\/\/www.anglet-tourisme.com\/wp-content\/uploads\/2024\/11\/image00007-100x150.jpeg 100w, https:\/\/www.anglet-tourisme.com\/wp-content\/uploads\/2024\/11\/image00007-768x1152.jpeg 768w, https:\/\/www.anglet-tourisme.com\/wp-content\/uploads\/2024\/11\/image00007-1024x1536.jpeg 1024w, https:\/\/www.anglet-tourisme.com\/wp-content\/uploads\/2024\/11\/image00007-scaled.jpeg 1365w\" sizes=\"auto, (max-width: 400px) 100vw, 400px\" \/><figcaption class=\"wp-element-caption\">Schneidebretter<br\/>Charbo Art<\/figcaption><\/figure>\n\n\n\n<figure class=\"wp-block-image size-medium\"><img loading=\"lazy\" decoding=\"async\" width=\"338\" height=\"600\" data-id=\"13870\" src=\"https:\/\/www.anglet-tourisme.com\/wp-content\/uploads\/2024\/11\/sac-de-plage-2-dario-t-338x600.jpeg\" alt=\"\" class=\"wp-image-13870\" srcset=\"https:\/\/www.anglet-tourisme.com\/wp-content\/uploads\/2024\/11\/sac-de-plage-2-dario-t-338x600.jpeg 338w, https:\/\/www.anglet-tourisme.com\/wp-content\/uploads\/2024\/11\/sac-de-plage-2-dario-t-576x1024.jpeg 576w, https:\/\/www.anglet-tourisme.com\/wp-content\/uploads\/2024\/11\/sac-de-plage-2-dario-t-84x150.jpeg 84w, https:\/\/www.anglet-tourisme.com\/wp-content\/uploads\/2024\/11\/sac-de-plage-2-dario-t-768x1365.jpeg 768w, https:\/\/www.anglet-tourisme.com\/wp-content\/uploads\/2024\/11\/sac-de-plage-2-dario-t-864x1536.jpeg 864w, https:\/\/www.anglet-tourisme.com\/wp-content\/uploads\/2024\/11\/sac-de-plage-2-dario-t-scaled.jpeg 1152w\" sizes=\"auto, (max-width: 338px) 100vw, 338px\" \/><figcaption class=\"wp-element-caption\">Einkaufstaschen<\/figcaption><\/figure>\n<\/figure>\n\n\n\n<p>Es werden keine Online-Verk\u00e4ufe get\u00e4tigt.<\/p>\n<\/div><\/div>\n","protected":false},"excerpt":{"rendered":"<p>Ob Sie nun stolz darauf sind, ein Angler zu sein, oder ob Sie Ihr Reiseziel lieben, es ist ein Vergn\u00fcgen, ein wenig Anglet in Ihrem Zuhause zu zeigen. Das ist es, was das Office de Tourisme et de Loisirs d&#8217;Anglet Ihnen mit seiner Marke &#8222;Anglet C\u00f4te Basque&#8220; und seiner Auswahl [&hellip;]<\/p>\n","protected":false},"author":5,"featured_media":16901,"parent":16864,"menu_order":0,"comment_status":"closed","ping_status":"closed","template":"","meta":{"_acf_changed":false,"_seopress_robots_primary_cat":"","_seopress_titles_title":"Boutique Anglet C\u00f4te Basque: Neues Schaufenster f\u00fcr lokale Designs.","_seopress_titles_desc":"Ein Souvenirladen in Anglet, in dem das lokale Know-how im Vordergrund steht, um den Besuchern ein noch intensiveres Erlebnis des Reiseziels zu bieten.","_seopress_robots_index":"","footnotes":""},"class_list":["post-16899","page","type-page","status-publish","has-post-thumbnail"],"acf":[],"_links":{"self":[{"href":"https:\/\/www.anglet-tourisme.com\/de\/wp-json\/wp\/v2\/pages\/16899","targetHints":{"allow":["GET"]}}],"collection":[{"href":"https:\/\/www.anglet-tourisme.com\/de\/wp-json\/wp\/v2\/pages"}],"about":[{"href":"https:\/\/www.anglet-tourisme.com\/de\/wp-json\/wp\/v2\/types\/page"}],"author":[{"embeddable":true,"href":"https:\/\/www.anglet-tourisme.com\/de\/wp-json\/wp\/v2\/users\/5"}],"replies":[{"embeddable":true,"href":"https:\/\/www.anglet-tourisme.com\/de\/wp-json\/wp\/v2\/comments?post=16899"}],"version-history":[{"count":1,"href":"https:\/\/www.anglet-tourisme.com\/de\/wp-json\/wp\/v2\/pages\/16899\/revisions"}],"predecessor-version":[{"id":16914,"href":"https:\/\/www.anglet-tourisme.com\/de\/wp-json\/wp\/v2\/pages\/16899\/revisions\/16914"}],"up":[{"embeddable":true,"href":"https:\/\/www.anglet-tourisme.com\/de\/wp-json\/wp\/v2\/pages\/16864"}],"wp:featuredmedia":[{"embeddable":true,"href":"https:\/\/www.anglet-tourisme.com\/de\/wp-json\/wp\/v2\/media\/16901"}],"wp:attachment":[{"href":"https:\/\/www.anglet-tourisme.com\/de\/wp-json\/wp\/v2\/media?parent=16899"}],"curies":[{"name":"wp","href":"https:\/\/api.w.org\/{rel}","templated":true}]}}