{"id":17074,"date":"2024-04-30T15:36:51","date_gmt":"2024-04-30T13:36:51","guid":{"rendered":"https:\/\/www.anglet-tourisme.com\/know-how\/baskisches-kunsthandwerk-und-know-how\/shapers\/"},"modified":"2025-04-14T16:39:04","modified_gmt":"2025-04-14T14:39:04","slug":"shapers","status":"publish","type":"page","link":"https:\/\/www.anglet-tourisme.com\/de\/know-how\/baskisches-kunsthandwerk-und-know-how\/shapers\/","title":{"rendered":"Shapers"},"content":{"rendered":"\n<div class=\"wp-block-group\"><div class=\"wp-block-group__inner-container is-layout-constrained wp-block-group-is-layout-constrained\">\n<div class=\"wp-block-columns is-layout-flex wp-container-core-columns-is-layout-9d6595d7 wp-block-columns-is-layout-flex\">\n<div class=\"wp-block-column is-vertically-aligned-top is-layout-flow wp-block-column-is-layout-flow\">\n<figure class=\"wp-block-gallery has-nested-images columns-2 is-cropped wp-block-gallery-1 is-layout-flex wp-block-gallery-is-layout-flex\">\n<figure data-wp-context=\"{&quot;imageId&quot;:&quot;69f0f645379a3&quot;}\" data-wp-interactive=\"core\/image\" data-wp-key=\"69f0f645379a3\" class=\"wp-block-image size-large wp-lightbox-container\"><img decoding=\"async\" data-wp-class--hide=\"state.isContentHidden\" data-wp-class--show=\"state.isContentVisible\" data-wp-init=\"callbacks.setButtonStyles\" data-wp-on--click=\"actions.showLightbox\" data-wp-on--load=\"callbacks.setButtonStyles\" data-wp-on-window--resize=\"callbacks.setButtonStyles\" data-id=\"5110\" src=\"https:\/\/www.anglet-tourisme.com\/wp-content\/uploads\/2024\/05\/Eric-Rouge-Surfboards_1RIB1607_&#xA9;RiBLANC-1024x682.jpg\" alt=\"\" class=\"wp-image-5110\"\/><button\n\t\t\tclass=\"lightbox-trigger\"\n\t\t\ttype=\"button\"\n\t\t\taria-haspopup=\"dialog\"\n\t\t\taria-label=\"Vergr\u00f6\u00dfern\"\n\t\t\tdata-wp-init=\"callbacks.initTriggerButton\"\n\t\t\tdata-wp-on--click=\"actions.showLightbox\"\n\t\t\tdata-wp-style--right=\"state.imageButtonRight\"\n\t\t\tdata-wp-style--top=\"state.imageButtonTop\"\n\t\t>\n\t\t\t<svg xmlns=\"http:\/\/www.w3.org\/2000\/svg\" width=\"12\" height=\"12\" fill=\"none\" viewBox=\"0 0 12 12\">\n\t\t\t\t<path fill=\"#fff\" d=\"M2 0a2 2 0 0 0-2 2v2h1.5V2a.5.5 0 0 1 .5-.5h2V0H2Zm2 10.5H2a.5.5 0 0 1-.5-.5V8H0v2a2 2 0 0 0 2 2h2v-1.5ZM8 12v-1.5h2a.5.5 0 0 0 .5-.5V8H12v2a2 2 0 0 1-2 2H8Zm2-12a2 2 0 0 1 2 2v2h-1.5V2a.5.5 0 0 0-.5-.5H8V0h2Z\" \/>\n\t\t\t<\/svg>\n\t\t<\/button><\/figure>\n\n\n\n<figure data-wp-context=\"{&quot;imageId&quot;:&quot;69f0f64537fdc&quot;}\" data-wp-interactive=\"core\/image\" data-wp-key=\"69f0f64537fdc\" class=\"wp-block-image size-large wp-lightbox-container\"><img decoding=\"async\" data-wp-class--hide=\"state.isContentHidden\" data-wp-class--show=\"state.isContentVisible\" data-wp-init=\"callbacks.setButtonStyles\" data-wp-on--click=\"actions.showLightbox\" data-wp-on--load=\"callbacks.setButtonStyles\" data-wp-on-window--resize=\"callbacks.setButtonStyles\" data-id=\"4996\" src=\"https:\/\/www.anglet-tourisme.com\/wp-content\/uploads\/2024\/05\/MixmiX-Handcraft_1RIB1374_&#xA9;RiBLANC-1024x682.jpg\" alt=\"\" class=\"wp-image-4996\"\/><button\n\t\t\tclass=\"lightbox-trigger\"\n\t\t\ttype=\"button\"\n\t\t\taria-haspopup=\"dialog\"\n\t\t\taria-label=\"Vergr\u00f6\u00dfern\"\n\t\t\tdata-wp-init=\"callbacks.initTriggerButton\"\n\t\t\tdata-wp-on--click=\"actions.showLightbox\"\n\t\t\tdata-wp-style--right=\"state.imageButtonRight\"\n\t\t\tdata-wp-style--top=\"state.imageButtonTop\"\n\t\t>\n\t\t\t<svg xmlns=\"http:\/\/www.w3.org\/2000\/svg\" width=\"12\" height=\"12\" fill=\"none\" viewBox=\"0 0 12 12\">\n\t\t\t\t<path fill=\"#fff\" d=\"M2 0a2 2 0 0 0-2 2v2h1.5V2a.5.5 0 0 1 .5-.5h2V0H2Zm2 10.5H2a.5.5 0 0 1-.5-.5V8H0v2a2 2 0 0 0 2 2h2v-1.5ZM8 12v-1.5h2a.5.5 0 0 0 .5-.5V8H12v2a2 2 0 0 1-2 2H8Zm2-12a2 2 0 0 1 2 2v2h-1.5V2a.5.5 0 0 0-.5-.5H8V0h2Z\" \/>\n\t\t\t<\/svg>\n\t\t<\/button><\/figure>\n\n\n\n<figure data-wp-context=\"{&quot;imageId&quot;:&quot;69f0f64538553&quot;}\" data-wp-interactive=\"core\/image\" data-wp-key=\"69f0f64538553\" class=\"wp-block-image size-large wp-lightbox-container\"><img decoding=\"async\" data-wp-class--hide=\"state.isContentHidden\" data-wp-class--show=\"state.isContentVisible\" data-wp-init=\"callbacks.setButtonStyles\" data-wp-on--click=\"actions.showLightbox\" data-wp-on--load=\"callbacks.setButtonStyles\" data-wp-on-window--resize=\"callbacks.setButtonStyles\" data-id=\"5098\" src=\"https:\/\/www.anglet-tourisme.com\/wp-content\/uploads\/2024\/05\/MixmiX-Handcraft_1RIB1568_&#xA9;RiBLANC-1024x682.jpg\" alt=\"\" class=\"wp-image-5098\"\/><button\n\t\t\tclass=\"lightbox-trigger\"\n\t\t\ttype=\"button\"\n\t\t\taria-haspopup=\"dialog\"\n\t\t\taria-label=\"Vergr\u00f6\u00dfern\"\n\t\t\tdata-wp-init=\"callbacks.initTriggerButton\"\n\t\t\tdata-wp-on--click=\"actions.showLightbox\"\n\t\t\tdata-wp-style--right=\"state.imageButtonRight\"\n\t\t\tdata-wp-style--top=\"state.imageButtonTop\"\n\t\t>\n\t\t\t<svg xmlns=\"http:\/\/www.w3.org\/2000\/svg\" width=\"12\" height=\"12\" fill=\"none\" viewBox=\"0 0 12 12\">\n\t\t\t\t<path fill=\"#fff\" d=\"M2 0a2 2 0 0 0-2 2v2h1.5V2a.5.5 0 0 1 .5-.5h2V0H2Zm2 10.5H2a.5.5 0 0 1-.5-.5V8H0v2a2 2 0 0 0 2 2h2v-1.5ZM8 12v-1.5h2a.5.5 0 0 0 .5-.5V8H12v2a2 2 0 0 1-2 2H8Zm2-12a2 2 0 0 1 2 2v2h-1.5V2a.5.5 0 0 0-.5-.5H8V0h2Z\" \/>\n\t\t\t<\/svg>\n\t\t<\/button><\/figure>\n<\/figure>\n<\/div>\n\n\n\n<div class=\"wp-block-column is-vertically-aligned-top is-layout-flow wp-block-column-is-layout-flow\">\n<h2 class=\"wp-block-heading\"><strong>Die Handwerker des Skifahrens<\/strong><\/h2>\n\n\n\n<p>Brauchen Sie ein einzigartiges und leistungsstarkes Surfbrett? Einige der besten Shaper der Welt \u00fcben ihre Kunst nicht weit vom Jachthafen Brise Lames oder am Rande des For\u00eat du Lazaret aus. <\/p>\n\n\n\n<p>An den Ufern des Adour ist ein Ort, der von Surfern verehrt wird und an dem ein Teil der Geschichte des Surfens an der baskischen K\u00fcste geschrieben wurde&#8230; W\u00e4hrend einige Musiknoten und Harzd\u00fcfte aus dem Hangar dringen, werfen wir einen Blick ins Innere: Hier arbeiten einige der talentiertesten &#8222;Shaper&#8220; Frankreichs! <\/p>\n\n\n\n<div style=\"height:40px\" aria-hidden=\"true\" class=\"wp-block-spacer\"><\/div>\n\n\n\n<h2 class=\"wp-block-heading\"><strong>Shaper, Eismacher, Schleifer&#8230; jeder hat seinen eigenen Stil<\/strong><\/h2>\n\n\n\n<p>Die &#8222;Shaper Family Angloye&#8220; stellt jede Woche in einem regen Austausch von Hand etwa 100 Bretter her, die zu den besten auf dem Markt geh\u00f6ren. Handwerker und K\u00fcnstler, Shaper, Eismacher, Schleifer&#8230; jeder bringt mit seinem Stil und seinen Techniken seine pers\u00f6nliche Note ein, und man kann hier die Legenden Eric Roug\u00e9 und Alain Minvielle oder den atypischen Xavier von MixMix Surfboard mit seinen Retro-Boards treffen&#8230; und viele andere Figuren aus der Welt des angloyischen Surfens! <\/p>\n<\/div>\n<\/div>\n<\/div><\/div>\n\n<div style=\"height:80px\" aria-hidden=\"true\" class=\"wp-block-spacer\"><\/div>\n\n<div class=\"wp-block-group\"><div class=\"wp-block-group__inner-container is-layout-constrained wp-block-group-is-layout-constrained\">\n<div class=\"wp-block-columns is-layout-flex wp-container-core-columns-is-layout-9d6595d7 wp-block-columns-is-layout-flex\">\n<div class=\"wp-block-column is-vertically-aligned-top is-layout-flow wp-block-column-is-layout-flow\"><div id=\"ts-block-66390544d34f8\"  class=\"title-bloc-container\">\n\t\t<div class=\"title-bloc-content\">\n\t\t<div class=\"title-bloc\" >\n\t\t\t<div class=\"acf-innerblocks-container\">\n\n<p class=\"suptitle\">Zoom auf&#8230;<\/p>\n\n\n\n<h2 class=\"wp-block-heading\">Der K\u00fcnstler, der shaped: Luc Rolland, Shaper mit vielen Talenten<\/h2>\n\n<\/div>\t\t<\/div>\n\t\t\t<\/div>\n<\/div>\n\n\n\n<p>Er war bei Courr\u00e8ges und ist der Meinung, dass Surfen in erster Linie eine spielerische Wassersportart ist und stellt seine Bretter bis nach Japan aus. Dieser Mann mit den lachenden Augen arbeitet auch gerne mit Keramik, ist Maler und Bildhauer und das Portr\u00e4t von Luc Rolland, dem facettenreichen Shaper, wird noch dichter. Die klaren Linien seiner Surfbretter machen sie zu wahren Kunstwerken, was man versteht, wenn man sich sein Motto ansieht: &#8222;Nie das Gleiche zweimal tun&#8220;. Am besten ist es, wenn Sie sich die Arbeit selbst ansehen.   <\/p>\n\n\n\n<div style=\"height:40px\" aria-hidden=\"true\" class=\"wp-block-spacer\"><\/div>\n\n\n\n<div class=\"wp-block-buttons is-layout-flex wp-block-buttons-is-layout-flex\">\n<div class=\"wp-block-button\"><a class=\"wp-block-button__link wp-element-button\" href=\"https:\/\/www.facebook.com\/luc.rolland.surfart\" target=\"_blank\" rel=\"noreferrer noopener\">Weitere Informationen<\/a><\/div>\n<\/div>\n<\/div>\n\n\n\n<div class=\"wp-block-column is-layout-flow wp-block-column-is-layout-flow\" style=\"flex-basis:50%\">\n<div class=\"wp-block-cover is-light alert\" style=\"min-height:107px;aspect-ratio:unset;\"><span aria-hidden=\"true\" class=\"wp-block-cover__background has-white-background-color has-background-dim-100 has-background-dim\"><\/span><div class=\"wp-block-cover__inner-container is-layout-constrained wp-block-cover-is-layout-constrained\">\n<div class=\"wp-block-group is-nowrap is-layout-flex wp-container-core-group-is-layout-ad2f72ca wp-block-group-is-layout-flex\"><div class=\"wp-block-image\">\n<figure class=\"alignleft size-full is-resized\"><img loading=\"lazy\" decoding=\"async\" width=\"431\" height=\"415\" src=\"https:\/\/www.anglet-tourisme.com\/wp-content\/uploads\/2024\/05\/Anglet-Cote-Basque-PICTOS-V2_page-0001-1.jpg\" alt=\"\" class=\"wp-image-2472\" style=\"aspect-ratio:1;object-fit:cover;width:67px;height:auto\"\/><\/figure>\n<\/div>\n\n\n<h3 class=\"wp-block-heading has-text-align-left has-blue-color has-text-color has-small-font-size\"><strong>LISTE DER ENGLISCHSPRACHIGEN SHAPER<\/strong><\/h3>\n<\/div>\n\n\n\n<p>Shaper von internationalem Ruf, einige mit neuartigen Verfahren, andere mit \u00f6kologisch verantwortungsvollem Engagement:<\/p>\n\n\n\n<div style=\"height:40px\" aria-hidden=\"true\" class=\"wp-block-spacer\"><\/div>\n\n\n\n<div class=\"wp-block-columns is-layout-flex wp-container-core-columns-is-layout-9d6595d7 wp-block-columns-is-layout-flex\">\n<div class=\"wp-block-column is-layout-flow wp-block-column-is-layout-flow\">\n<ul class=\"wp-block-list\">\n<li>Stark Surfboard<\/li>\n\n\n\n<li>Minvielle Surfboard<\/li>\n\n\n\n<li>Eric Roug\u00e9<\/li>\n\n\n\n<li>Fantascic Acid<\/li>\n\n\n\n<li>Samy<\/li>\n\n\n\n<li>Fatlines<\/li>\n\n\n\n<li>Mix Mix Surfboard<\/li>\n\n\n\n<li>Circus<\/li>\n<\/ul>\n<\/div>\n\n\n\n<div class=\"wp-block-column is-vertically-aligned-top is-layout-flow wp-block-column-is-layout-flow\">\n<ul class=\"wp-block-list\">\n<li>Clean Cut Surfboards<\/li>\n\n\n\n<li>RT Surfboards Surfboard<\/li>\n\n\n\n<li>Daniel&#8217;s Surfboard<\/li>\n\n\n\n<li>Notox<\/li>\n\n\n\n<li>Johan Surfboard<\/li>\n\n\n\n<li>Wyve Surfboard<\/li>\n\n\n\n<li>Luc Rolland<\/li>\n<\/ul>\n<\/div>\n<\/div>\n<\/div><\/div>\n<\/div>\n<\/div>\n<\/div><\/div>\n","protected":false},"excerpt":{"rendered":"<p>Die Handwerker des Skifahrens Brauchen Sie ein einzigartiges und leistungsstarkes Surfbrett? Einige der besten Shaper der Welt \u00fcben ihre Kunst nicht weit vom Jachthafen Brise Lames oder am Rande des For\u00eat du Lazaret aus. An den Ufern des Adour ist ein Ort, der von Surfern verehrt wird und an dem [&hellip;]<\/p>\n","protected":false},"author":1,"featured_media":17076,"parent":16966,"menu_order":0,"comment_status":"closed","ping_status":"closed","template":"","meta":{"_acf_changed":false,"_seopress_robots_primary_cat":"","_seopress_titles_title":"","_seopress_titles_desc":"","_seopress_robots_index":"","footnotes":""},"class_list":["post-17074","page","type-page","status-publish","has-post-thumbnail"],"acf":[],"_links":{"self":[{"href":"https:\/\/www.anglet-tourisme.com\/de\/wp-json\/wp\/v2\/pages\/17074","targetHints":{"allow":["GET"]}}],"collection":[{"href":"https:\/\/www.anglet-tourisme.com\/de\/wp-json\/wp\/v2\/pages"}],"about":[{"href":"https:\/\/www.anglet-tourisme.com\/de\/wp-json\/wp\/v2\/types\/page"}],"author":[{"embeddable":true,"href":"https:\/\/www.anglet-tourisme.com\/de\/wp-json\/wp\/v2\/users\/1"}],"replies":[{"embeddable":true,"href":"https:\/\/www.anglet-tourisme.com\/de\/wp-json\/wp\/v2\/comments?post=17074"}],"version-history":[{"count":1,"href":"https:\/\/www.anglet-tourisme.com\/de\/wp-json\/wp\/v2\/pages\/17074\/revisions"}],"predecessor-version":[{"id":17077,"href":"https:\/\/www.anglet-tourisme.com\/de\/wp-json\/wp\/v2\/pages\/17074\/revisions\/17077"}],"up":[{"embeddable":true,"href":"https:\/\/www.anglet-tourisme.com\/de\/wp-json\/wp\/v2\/pages\/16966"}],"wp:featuredmedia":[{"embeddable":true,"href":"https:\/\/www.anglet-tourisme.com\/de\/wp-json\/wp\/v2\/media\/17076"}],"wp:attachment":[{"href":"https:\/\/www.anglet-tourisme.com\/de\/wp-json\/wp\/v2\/media?parent=17074"}],"curies":[{"name":"wp","href":"https:\/\/api.w.org\/{rel}","templated":true}]}}