{"id":17119,"date":"2024-09-04T17:16:43","date_gmt":"2024-09-04T15:16:43","guid":{"rendered":"https:\/\/www.anglet-tourisme.com\/know-how\/gartenbauliches-und-landwirtschaftliches-know-how\/naturworkshop-mit-mendi-dem-garten-fuer-alle\/"},"modified":"2025-05-12T15:26:56","modified_gmt":"2025-05-12T13:26:56","slug":"naturworkshop-mit-mendi-dem-garten-fuer-alle","status":"publish","type":"page","link":"https:\/\/www.anglet-tourisme.com\/de\/know-how\/gartenbauliches-und-landwirtschaftliches-know-how\/naturworkshop-mit-mendi-dem-garten-fuer-alle\/","title":{"rendered":"Naturworkshop mit Mendi, dem Garten f\u00fcr alle"},"content":{"rendered":"\n<div class=\"wp-block-group\"><div class=\"wp-block-group__inner-container is-layout-constrained wp-block-group-is-layout-constrained\">\n<div class=\"wp-block-columns is-layout-flex wp-container-core-columns-is-layout-9d6595d7 wp-block-columns-is-layout-flex\">\n<div class=\"wp-block-column is-vertically-aligned-top is-layout-flow wp-block-column-is-layout-flow\">\n<figure class=\"wp-block-gallery has-nested-images columns-2 is-cropped wp-block-gallery-1 is-layout-flex wp-block-gallery-is-layout-flex\">\n<figure data-wp-context=\"{&quot;imageId&quot;:&quot;69f65b589d068&quot;}\" data-wp-interactive=\"core\/image\" data-wp-key=\"69f65b589d068\" class=\"wp-block-image size-large wp-lightbox-container\"><img loading=\"lazy\" decoding=\"async\" width=\"1024\" height=\"517\" data-wp-class--hide=\"state.isContentHidden\" data-wp-class--show=\"state.isContentVisible\" data-wp-init=\"callbacks.setButtonStyles\" data-wp-on--click=\"actions.showLightbox\" data-wp-on--load=\"callbacks.setButtonStyles\" data-wp-on-window--resize=\"callbacks.setButtonStyles\" data-id=\"5259\" src=\"https:\/\/www.anglet-tourisme.com\/wp-content\/uploads\/2024\/05\/MEA81D1-e1717161960323-1024x517.jpg\" alt=\"\" class=\"wp-image-5259\" srcset=\"https:\/\/www.anglet-tourisme.com\/wp-content\/uploads\/2024\/05\/MEA81D1-e1717161960323-1024x517.jpg 1024w, https:\/\/www.anglet-tourisme.com\/wp-content\/uploads\/2024\/05\/MEA81D1-e1717161960323-800x404.jpg 800w, https:\/\/www.anglet-tourisme.com\/wp-content\/uploads\/2024\/05\/MEA81D1-e1717161960323-768x388.jpg 768w, https:\/\/www.anglet-tourisme.com\/wp-content\/uploads\/2024\/05\/MEA81D1-e1717161960323-1536x776.jpg 1536w, https:\/\/www.anglet-tourisme.com\/wp-content\/uploads\/2024\/05\/MEA81D1-e1717161960323.jpg 2000w\" sizes=\"auto, (max-width: 1024px) 100vw, 1024px\" \/><button\n\t\t\tclass=\"lightbox-trigger\"\n\t\t\ttype=\"button\"\n\t\t\taria-haspopup=\"dialog\"\n\t\t\taria-label=\"Vergr\u00f6\u00dfern\"\n\t\t\tdata-wp-init=\"callbacks.initTriggerButton\"\n\t\t\tdata-wp-on--click=\"actions.showLightbox\"\n\t\t\tdata-wp-style--right=\"state.imageButtonRight\"\n\t\t\tdata-wp-style--top=\"state.imageButtonTop\"\n\t\t>\n\t\t\t<svg xmlns=\"http:\/\/www.w3.org\/2000\/svg\" width=\"12\" height=\"12\" fill=\"none\" viewBox=\"0 0 12 12\">\n\t\t\t\t<path fill=\"#fff\" d=\"M2 0a2 2 0 0 0-2 2v2h1.5V2a.5.5 0 0 1 .5-.5h2V0H2Zm2 10.5H2a.5.5 0 0 1-.5-.5V8H0v2a2 2 0 0 0 2 2h2v-1.5ZM8 12v-1.5h2a.5.5 0 0 0 .5-.5V8H12v2a2 2 0 0 1-2 2H8Zm2-12a2 2 0 0 1 2 2v2h-1.5V2a.5.5 0 0 0-.5-.5H8V0h2Z\" \/>\n\t\t\t<\/svg>\n\t\t<\/button><\/figure>\n\n\n\n<figure data-wp-context=\"{&quot;imageId&quot;:&quot;69f65b589d741&quot;}\" data-wp-interactive=\"core\/image\" data-wp-key=\"69f65b589d741\" class=\"wp-block-image size-large wp-lightbox-container\"><img loading=\"lazy\" decoding=\"async\" width=\"1024\" height=\"683\" data-wp-class--hide=\"state.isContentHidden\" data-wp-class--show=\"state.isContentVisible\" data-wp-init=\"callbacks.setButtonStyles\" data-wp-on--click=\"actions.showLightbox\" data-wp-on--load=\"callbacks.setButtonStyles\" data-wp-on-window--resize=\"callbacks.setButtonStyles\" data-id=\"5139\" src=\"https:\/\/www.anglet-tourisme.com\/wp-content\/uploads\/2024\/05\/ME6DD21-1024x683.jpg\" alt=\"\" class=\"wp-image-5139\" srcset=\"https:\/\/www.anglet-tourisme.com\/wp-content\/uploads\/2024\/05\/ME6DD21-1024x683.jpg 1024w, https:\/\/www.anglet-tourisme.com\/wp-content\/uploads\/2024\/05\/ME6DD21-800x534.jpg 800w, https:\/\/www.anglet-tourisme.com\/wp-content\/uploads\/2024\/05\/ME6DD21-768x512.jpg 768w, https:\/\/www.anglet-tourisme.com\/wp-content\/uploads\/2024\/05\/ME6DD21-1536x1025.jpg 1536w, https:\/\/www.anglet-tourisme.com\/wp-content\/uploads\/2024\/05\/ME6DD21.jpg 2000w\" sizes=\"auto, (max-width: 1024px) 100vw, 1024px\" \/><button\n\t\t\tclass=\"lightbox-trigger\"\n\t\t\ttype=\"button\"\n\t\t\taria-haspopup=\"dialog\"\n\t\t\taria-label=\"Vergr\u00f6\u00dfern\"\n\t\t\tdata-wp-init=\"callbacks.initTriggerButton\"\n\t\t\tdata-wp-on--click=\"actions.showLightbox\"\n\t\t\tdata-wp-style--right=\"state.imageButtonRight\"\n\t\t\tdata-wp-style--top=\"state.imageButtonTop\"\n\t\t>\n\t\t\t<svg xmlns=\"http:\/\/www.w3.org\/2000\/svg\" width=\"12\" height=\"12\" fill=\"none\" viewBox=\"0 0 12 12\">\n\t\t\t\t<path fill=\"#fff\" d=\"M2 0a2 2 0 0 0-2 2v2h1.5V2a.5.5 0 0 1 .5-.5h2V0H2Zm2 10.5H2a.5.5 0 0 1-.5-.5V8H0v2a2 2 0 0 0 2 2h2v-1.5ZM8 12v-1.5h2a.5.5 0 0 0 .5-.5V8H12v2a2 2 0 0 1-2 2H8Zm2-12a2 2 0 0 1 2 2v2h-1.5V2a.5.5 0 0 0-.5-.5H8V0h2Z\" \/>\n\t\t\t<\/svg>\n\t\t<\/button><\/figure>\n\n\n\n<figure data-wp-context=\"{&quot;imageId&quot;:&quot;69f65b589dcf2&quot;}\" data-wp-interactive=\"core\/image\" data-wp-key=\"69f65b589dcf2\" class=\"wp-block-image size-large wp-lightbox-container\"><img loading=\"lazy\" decoding=\"async\" width=\"1024\" height=\"683\" data-wp-class--hide=\"state.isContentHidden\" data-wp-class--show=\"state.isContentVisible\" data-wp-init=\"callbacks.setButtonStyles\" data-wp-on--click=\"actions.showLightbox\" data-wp-on--load=\"callbacks.setButtonStyles\" data-wp-on-window--resize=\"callbacks.setButtonStyles\" data-id=\"10361\" src=\"https:\/\/www.anglet-tourisme.com\/wp-content\/uploads\/2024\/09\/ME803F1-1024x683.jpg\" alt=\"\" class=\"wp-image-10361\" srcset=\"https:\/\/www.anglet-tourisme.com\/wp-content\/uploads\/2024\/09\/ME803F1-1024x683.jpg 1024w, https:\/\/www.anglet-tourisme.com\/wp-content\/uploads\/2024\/09\/ME803F1-800x534.jpg 800w, https:\/\/www.anglet-tourisme.com\/wp-content\/uploads\/2024\/09\/ME803F1-768x512.jpg 768w, https:\/\/www.anglet-tourisme.com\/wp-content\/uploads\/2024\/09\/ME803F1-1536x1025.jpg 1536w, https:\/\/www.anglet-tourisme.com\/wp-content\/uploads\/2024\/09\/ME803F1.jpg 2000w\" sizes=\"auto, (max-width: 1024px) 100vw, 1024px\" \/><button\n\t\t\tclass=\"lightbox-trigger\"\n\t\t\ttype=\"button\"\n\t\t\taria-haspopup=\"dialog\"\n\t\t\taria-label=\"Vergr\u00f6\u00dfern\"\n\t\t\tdata-wp-init=\"callbacks.initTriggerButton\"\n\t\t\tdata-wp-on--click=\"actions.showLightbox\"\n\t\t\tdata-wp-style--right=\"state.imageButtonRight\"\n\t\t\tdata-wp-style--top=\"state.imageButtonTop\"\n\t\t>\n\t\t\t<svg xmlns=\"http:\/\/www.w3.org\/2000\/svg\" width=\"12\" height=\"12\" fill=\"none\" viewBox=\"0 0 12 12\">\n\t\t\t\t<path fill=\"#fff\" d=\"M2 0a2 2 0 0 0-2 2v2h1.5V2a.5.5 0 0 1 .5-.5h2V0H2Zm2 10.5H2a.5.5 0 0 1-.5-.5V8H0v2a2 2 0 0 0 2 2h2v-1.5ZM8 12v-1.5h2a.5.5 0 0 0 .5-.5V8H12v2a2 2 0 0 1-2 2H8Zm2-12a2 2 0 0 1 2 2v2h-1.5V2a.5.5 0 0 0-.5-.5H8V0h2Z\" \/>\n\t\t\t<\/svg>\n\t\t<\/button><\/figure>\n<\/figure>\n\n\n\n<div style=\"height:40px\" aria-hidden=\"true\" class=\"wp-block-spacer\"><\/div>\n\n\n\n<h2 class=\"wp-block-heading\"><strong>Gew\u00e4chsh\u00e4user f\u00fcr jeden zug\u00e4nglich<\/strong><\/h2>\n\n\n\n<p>Hinter dem Mendi-Garten verbirgt sich ein g\u00e4rtnerisches Familienerbe \u00fcber drei Generationen. Wagen Sie es, die T\u00fcr zu diesem blumigen Ort zu \u00f6ffnen und tauchen Sie ein in die spannende Geschichte der Familie Mendiburu und in das lebendige Erbe der Stadt Anglet, die einst f\u00fcr ihren Gem\u00fcseanbau bekannt und beliebt war. Tauchen Sie ein in einen Garten, der das ganze Jahr \u00fcber f\u00fcr alle zug\u00e4nglich ist.  <\/p>\n\n\n\n<p>Mendi, das ist vor allem eine Geschichte der Liebe zu Pflanzen und der Familie! Nach mehreren Jahren in Kanada beschlossen die Gro\u00dfeltern Mendiburu, Maritxu und Arnaud, zu ihren baskischen Urspr\u00fcngen und ihrer Landwirtschaft zur\u00fcckzukehren. <\/p>\n\n\n\n<div style=\"height:40px\" aria-hidden=\"true\" class=\"wp-block-spacer\"><\/div>\n\n\n\n<h2 class=\"wp-block-heading\"><strong>Ein Familienabenteuer, das auf Austausch ausgerichtet ist<\/strong><\/h2>\n\n\n\n<p>1969 lie\u00dfen sie sich im Herzen der Stadt Anglet in einem 15.000 m\u00b2 gro\u00dfen Betrieb nieder, um dort eine Gartenbauproduktion von Rosen und bl\u00fchenden Topfpflanzen aufzubauen. Sie wollten ihren Beruf zu einem Verm\u00e4chtnis machen und ihre Leidenschaft f\u00fcr Blumen an jeden weitergeben, der es w\u00fcnscht. Dies ist der Beginn eines Gartens f\u00fcr alle, ein Ort der Geselligkeit, wo sich Gartenliebhaber, Sonntagsausfl\u00fcgler und neugierige Besucher mit Freunden, der Familie oder allein treffen.  <\/p>\n\n\n\n<p>Die Gew\u00e4chsh\u00e4user der Familie wurden im Laufe der Jahre dank des Engagements der beiden \u00e4ltesten S\u00f6hne Philippe und Alain, gefolgt vom j\u00fcngsten Sohn Be\u00f1at, ihren drei Ehefrauen und einem der Urenkel, erweitert. Gemeinsam werten sie den Garten Eden auf, erhalten das \u00fcberlieferte Wissen, entwickeln die G\u00e4rtnerei und den Verkaufsraum, in dem sie stolz Pflanzen aus ihrer eigenen Mendi-Produktion neben anderen Selektionen anbieten. <\/p>\n\n\n\n<p>Diese Ecke der Natur ist 7 Tage die Woche ge\u00f6ffnet und ist reich an kleinen Nuggets &#8222;made in Mendi&#8220;, um jeden Garten zu versch\u00f6nern. Ein Team von passionierten Verk\u00e4ufern und G\u00e4rtnern steht zur Verf\u00fcgung, um die Besucher zu beraten und bei ihren Eink\u00e4ufen zu unterst\u00fctzen. Um den Moment zu verl\u00e4ngern, bietet das Restaurant <strong><a href=\"\/de\/feinschmecker\/restaurants\/anglet\/RESAQU064V5BT9K0-chez-maritxu\/\">Chez Maritxu<\/a><\/strong> zu Ehren der Matriarchin der Familie, wurde in den Gew\u00e4chsh\u00e4usern er\u00f6ffnet.<\/p>\n\n\n\n<div style=\"height:40px\" aria-hidden=\"true\" class=\"wp-block-spacer\"><\/div>\n\n\n\n<h2 class=\"wp-block-heading\"><strong>Workshops und p\u00e4dagogische Besuche<\/strong><\/h2>\n\n\n\n<p>Seit 2023 bietet der Garten Mendi die M\u00f6glichkeit, das Abenteuer G\u00e4rtnerei in Form von Workshops zu entdecken. <strong><a href=\"\/de\/bewegung-in-anglet\/aktivitaeten\/anglet\/ASCAQU064V5BKTO6-atelier-nature-avec-mendi-le-jardin-de-tous\/\">thematische Garten- und Kreativ-Workshops zur Jahreszeit<\/a><\/strong>. Diese ein- bis zweist\u00fcndigen, intensiven und gemeinsamen Momente, die ab 5 Jahren angeboten werden, wecken die Sinne, regen die Kreativit\u00e4t und das Staunen an und regen dazu an, sich von den Sinnen zu l\u00f6sen oder sich wieder mit ihnen zu verbinden. F\u00fcr kleine Entdecker gibt es auch p\u00e4dagogische F\u00fchrungen, die von G\u00e4rtnerinnen geleitet werden, die ihre H\u00e4nde in die Erde stecken, um auf spielerische Weise den Gartenbau zu entdecken und zu erlernen.<\/p>\n\n\n\n<div style=\"height:80px\" aria-hidden=\"true\" class=\"wp-block-spacer\"><\/div>\n<\/div>\n<\/div>\n\n\n\n<div class=\"wp-block-group\"><div class=\"wp-block-group__inner-container is-layout-constrained wp-block-group-is-layout-constrained\">\n<div class=\"wp-block-columns is-layout-flex wp-container-core-columns-is-layout-9d6595d7 wp-block-columns-is-layout-flex\">\n<div class=\"wp-block-column is-layout-flow wp-block-column-is-layout-flow\" style=\"flex-basis:66.66%\">\n<div class=\"wp-block-cover is-light alert\" style=\"min-height:107px;aspect-ratio:unset;\"><span aria-hidden=\"true\" class=\"wp-block-cover__background has-white-background-color has-background-dim-100 has-background-dim\"><\/span><div class=\"wp-block-cover__inner-container is-layout-constrained wp-block-cover-is-layout-constrained\">\n<div class=\"wp-block-group is-nowrap is-layout-flex wp-container-core-group-is-layout-ad2f72ca wp-block-group-is-layout-flex\"><div class=\"wp-block-image\">\n<figure class=\"alignleft size-full is-resized\"><img loading=\"lazy\" decoding=\"async\" width=\"431\" height=\"415\" src=\"https:\/\/www.anglet-tourisme.com\/wp-content\/uploads\/2024\/05\/Anglet-Cote-Basque-PICTOS-V2_page-0001-1.jpg\" alt=\"\" class=\"wp-image-2472\" style=\"aspect-ratio:1;object-fit:cover;width:67px;height:auto\"\/><\/figure>\n<\/div>\n\n\n<h3 class=\"wp-block-heading has-text-align-left has-blue-color has-text-color has-small-font-size\"><strong>INFORMATIONEN<\/strong><\/h3>\n<\/div>\n\n\n\n<p><br><strong>ADRESSE<\/strong><br>15 rue de Louillot, 64600 ANGLET<br><br><strong>KONTAKT<\/strong><br>+33 5 59 03 73 52<br><a href=\"mailto:mendi@mendiburu.eu\">mendi@mendiburu.eu<\/a><br><a href=\"https:\/\/www.mendiburu.eu\/\" data-type=\"link\" data-id=\"https:\/\/www.mendiburu.eu\/\">Siehe<\/a><a href=\"https:\/\/www.mendiburu.eu\/\" data-type=\"link\" data-id=\"https:\/\/www.mendiburu.eu\/\" target=\"_blank\" rel=\"noreferrer noopener\">die Website<\/a><br><br><strong>SPRACHEN<\/strong><br>Franz\u00f6sisch, Englisch, Spanisch<\/p>\n\n\n\n<div style=\"height:40px\" aria-hidden=\"true\" class=\"wp-block-spacer\"><\/div>\n<\/div><\/div>\n<\/div>\n\n\n\n<div class=\"wp-block-column is-vertically-aligned-center is-layout-flow wp-block-column-is-layout-flow\" style=\"flex-basis:66.66%\">\n<div class=\"wp-block-columns is-layout-flex wp-container-core-columns-is-layout-9d6595d7 wp-block-columns-is-layout-flex\">\n<div class=\"wp-block-column is-layout-flow wp-block-column-is-layout-flow\">\n<h3 class=\"wp-block-heading\">Zug\u00e4nglichkeit<\/h3>\n\n\n\n<ul class=\"wp-block-list\">\n<li>Parkplatz f\u00fcr PKW<\/li>\n\n\n\n<li>Bushaltestellen  <\/li>\n<\/ul>\n<\/div>\n\n\n\n<div class=\"wp-block-column is-vertically-aligned-center is-layout-flow wp-block-column-is-layout-flow\">\n<div class=\"wp-block-buttons is-layout-flex wp-container-core-buttons-is-layout-6b4e3324 wp-block-buttons-is-layout-flex\">\n<div class=\"wp-block-button\"><a class=\"wp-block-button__link has-text-align-center wp-element-button\" href=\"https:\/\/itineraires.txiktxak.fr\/fr\/horaires\/Anglet\/arret\/Louillot\/place_LOUI\" target=\"_blank\" rel=\"nofollow noreferrer noopener\">Anreise mit dem Bus<\/a><\/div>\n<\/div>\n<\/div>\n<\/div>\n\n\n\n<div class=\"frame-responsive\"><iframe loading=\"lazy\" width=\"425\" height=\"350\" src=\"https:\/\/www.openstreetmap.org\/export\/embed.html?bbox=-1.5227946639060974%2C43.48119228372051%2C-1.5192541480064394%2C43.48293995649145&#038;layer=mapnik&#038;marker=43.482066126425515%2C-1.5210244059562683\" style=\"border: 1px solid black\"><\/iframe><br\/><small><a href=\"https:\/\/www.openstreetmap.org\/?mlat=43.482066&#038;mlon=-1.521024#map=19\/43.482066\/-1.521024\">Eine gr\u00f6\u00dfere Karte anzeigen<\/a><\/small><\/div>\n<\/div>\n<\/div>\n<\/div><\/div>\n<\/div><\/div>\n","protected":false},"excerpt":{"rendered":"<p>Gew\u00e4chsh\u00e4user f\u00fcr jeden zug\u00e4nglich Hinter dem Mendi-Garten verbirgt sich ein g\u00e4rtnerisches Familienerbe \u00fcber drei Generationen. Wagen Sie es, die T\u00fcr zu diesem blumigen Ort zu \u00f6ffnen und tauchen Sie ein in die spannende Geschichte der Familie Mendiburu und in das lebendige Erbe der Stadt Anglet, die einst f\u00fcr ihren Gem\u00fcseanbau [&hellip;]<\/p>\n","protected":false},"author":3,"featured_media":15986,"parent":17093,"menu_order":0,"comment_status":"closed","ping_status":"closed","template":"","meta":{"_acf_changed":false,"_seopress_robots_primary_cat":"","_seopress_titles_title":"","_seopress_titles_desc":"","_seopress_robots_index":"","footnotes":""},"class_list":["post-17119","page","type-page","status-publish","has-post-thumbnail"],"acf":[],"_links":{"self":[{"href":"https:\/\/www.anglet-tourisme.com\/de\/wp-json\/wp\/v2\/pages\/17119","targetHints":{"allow":["GET"]}}],"collection":[{"href":"https:\/\/www.anglet-tourisme.com\/de\/wp-json\/wp\/v2\/pages"}],"about":[{"href":"https:\/\/www.anglet-tourisme.com\/de\/wp-json\/wp\/v2\/types\/page"}],"author":[{"embeddable":true,"href":"https:\/\/www.anglet-tourisme.com\/de\/wp-json\/wp\/v2\/users\/3"}],"replies":[{"embeddable":true,"href":"https:\/\/www.anglet-tourisme.com\/de\/wp-json\/wp\/v2\/comments?post=17119"}],"version-history":[{"count":2,"href":"https:\/\/www.anglet-tourisme.com\/de\/wp-json\/wp\/v2\/pages\/17119\/revisions"}],"predecessor-version":[{"id":17684,"href":"https:\/\/www.anglet-tourisme.com\/de\/wp-json\/wp\/v2\/pages\/17119\/revisions\/17684"}],"up":[{"embeddable":true,"href":"https:\/\/www.anglet-tourisme.com\/de\/wp-json\/wp\/v2\/pages\/17093"}],"wp:featuredmedia":[{"embeddable":true,"href":"https:\/\/www.anglet-tourisme.com\/de\/wp-json\/wp\/v2\/media\/15986"}],"wp:attachment":[{"href":"https:\/\/www.anglet-tourisme.com\/de\/wp-json\/wp\/v2\/media?parent=17119"}],"curies":[{"name":"wp","href":"https:\/\/api.w.org\/{rel}","templated":true}]}}