{"id":17124,"date":"2024-08-06T10:49:37","date_gmt":"2024-08-06T08:49:37","guid":{"rendered":"https:\/\/www.anglet-tourisme.com\/know-how\/gartenbauliches-und-landwirtschaftliches-know-how\/jardibasque-oeko-weidehaltung\/"},"modified":"2025-04-14T16:43:23","modified_gmt":"2025-04-14T14:43:23","slug":"jardibasque-oeko-weidehaltung","status":"publish","type":"page","link":"https:\/\/www.anglet-tourisme.com\/de\/know-how\/gartenbauliches-und-landwirtschaftliches-know-how\/jardibasque-oeko-weidehaltung\/","title":{"rendered":"Jardibasque \u00d6ko-Weidehaltung"},"content":{"rendered":"\n<div class=\"wp-block-group\"><div class=\"wp-block-group__inner-container is-layout-constrained wp-block-group-is-layout-constrained\">\n<div class=\"wp-block-columns is-layout-flex wp-container-core-columns-is-layout-9d6595d7 wp-block-columns-is-layout-flex\">\n<div class=\"wp-block-column is-vertically-aligned-top is-layout-flow wp-block-column-is-layout-flow\">\n<figure class=\"wp-block-gallery has-nested-images columns-2 is-cropped wp-block-gallery-1 is-layout-flex wp-block-gallery-is-layout-flex\">\n<figure data-wp-context=\"{&quot;imageId&quot;:&quot;69f10b8f7b013&quot;}\" data-wp-interactive=\"core\/image\" data-wp-key=\"69f10b8f7b013\" class=\"wp-block-image size-large wp-lightbox-container\"><img decoding=\"async\" data-wp-class--hide=\"state.isContentHidden\" data-wp-class--show=\"state.isContentVisible\" data-wp-init=\"callbacks.setButtonStyles\" data-wp-on--click=\"actions.showLightbox\" data-wp-on--load=\"callbacks.setButtonStyles\" data-wp-on-window--resize=\"callbacks.setButtonStyles\" data-id=\"5474\" src=\"https:\/\/www.anglet-tourisme.com\/wp-content\/uploads\/2024\/06\/Les-Jardins-du-Refuge-I-Love-Anglet_RIB0009_&#xA9;RiBLANC-1024x683.jpg\" alt=\"\" class=\"wp-image-5474\"\/><button\n\t\t\tclass=\"lightbox-trigger\"\n\t\t\ttype=\"button\"\n\t\t\taria-haspopup=\"dialog\"\n\t\t\taria-label=\"Vergr\u00f6\u00dfern\"\n\t\t\tdata-wp-init=\"callbacks.initTriggerButton\"\n\t\t\tdata-wp-on--click=\"actions.showLightbox\"\n\t\t\tdata-wp-style--right=\"state.imageButtonRight\"\n\t\t\tdata-wp-style--top=\"state.imageButtonTop\"\n\t\t>\n\t\t\t<svg xmlns=\"http:\/\/www.w3.org\/2000\/svg\" width=\"12\" height=\"12\" fill=\"none\" viewBox=\"0 0 12 12\">\n\t\t\t\t<path fill=\"#fff\" d=\"M2 0a2 2 0 0 0-2 2v2h1.5V2a.5.5 0 0 1 .5-.5h2V0H2Zm2 10.5H2a.5.5 0 0 1-.5-.5V8H0v2a2 2 0 0 0 2 2h2v-1.5ZM8 12v-1.5h2a.5.5 0 0 0 .5-.5V8H12v2a2 2 0 0 1-2 2H8Zm2-12a2 2 0 0 1 2 2v2h-1.5V2a.5.5 0 0 0-.5-.5H8V0h2Z\" \/>\n\t\t\t<\/svg>\n\t\t<\/button><\/figure>\n\n\n\n<figure data-wp-context=\"{&quot;imageId&quot;:&quot;69f10b8f7b6d0&quot;}\" data-wp-interactive=\"core\/image\" data-wp-key=\"69f10b8f7b6d0\" class=\"wp-block-image size-large wp-lightbox-container\"><img loading=\"lazy\" decoding=\"async\" width=\"1024\" height=\"682\" data-wp-class--hide=\"state.isContentHidden\" data-wp-class--show=\"state.isContentVisible\" data-wp-init=\"callbacks.setButtonStyles\" data-wp-on--click=\"actions.showLightbox\" data-wp-on--load=\"callbacks.setButtonStyles\" data-wp-on-window--resize=\"callbacks.setButtonStyles\" data-id=\"9049\" src=\"https:\/\/www.anglet-tourisme.com\/wp-content\/uploads\/2024\/08\/jardibasque-03-1024x682.jpg\" alt=\"\" class=\"wp-image-9049\" srcset=\"https:\/\/www.anglet-tourisme.com\/wp-content\/uploads\/2024\/08\/jardibasque-03-1024x682.jpg 1024w, https:\/\/www.anglet-tourisme.com\/wp-content\/uploads\/2024\/08\/jardibasque-03-800x533.jpg 800w, https:\/\/www.anglet-tourisme.com\/wp-content\/uploads\/2024\/08\/jardibasque-03-768x512.jpg 768w, https:\/\/www.anglet-tourisme.com\/wp-content\/uploads\/2024\/08\/jardibasque-03-1536x1024.jpg 1536w, https:\/\/www.anglet-tourisme.com\/wp-content\/uploads\/2024\/08\/jardibasque-03.jpg 2000w\" sizes=\"auto, (max-width: 1024px) 100vw, 1024px\" \/><button\n\t\t\tclass=\"lightbox-trigger\"\n\t\t\ttype=\"button\"\n\t\t\taria-haspopup=\"dialog\"\n\t\t\taria-label=\"Vergr\u00f6\u00dfern\"\n\t\t\tdata-wp-init=\"callbacks.initTriggerButton\"\n\t\t\tdata-wp-on--click=\"actions.showLightbox\"\n\t\t\tdata-wp-style--right=\"state.imageButtonRight\"\n\t\t\tdata-wp-style--top=\"state.imageButtonTop\"\n\t\t>\n\t\t\t<svg xmlns=\"http:\/\/www.w3.org\/2000\/svg\" width=\"12\" height=\"12\" fill=\"none\" viewBox=\"0 0 12 12\">\n\t\t\t\t<path fill=\"#fff\" d=\"M2 0a2 2 0 0 0-2 2v2h1.5V2a.5.5 0 0 1 .5-.5h2V0H2Zm2 10.5H2a.5.5 0 0 1-.5-.5V8H0v2a2 2 0 0 0 2 2h2v-1.5ZM8 12v-1.5h2a.5.5 0 0 0 .5-.5V8H12v2a2 2 0 0 1-2 2H8Zm2-12a2 2 0 0 1 2 2v2h-1.5V2a.5.5 0 0 0-.5-.5H8V0h2Z\" \/>\n\t\t\t<\/svg>\n\t\t<\/button><\/figure>\n\n\n\n<figure data-wp-context=\"{&quot;imageId&quot;:&quot;69f10b8f7bc4e&quot;}\" data-wp-interactive=\"core\/image\" data-wp-key=\"69f10b8f7bc4e\" class=\"wp-block-image size-large wp-lightbox-container\"><img loading=\"lazy\" decoding=\"async\" width=\"1024\" height=\"682\" data-wp-class--hide=\"state.isContentHidden\" data-wp-class--show=\"state.isContentVisible\" data-wp-init=\"callbacks.setButtonStyles\" data-wp-on--click=\"actions.showLightbox\" data-wp-on--load=\"callbacks.setButtonStyles\" data-wp-on-window--resize=\"callbacks.setButtonStyles\" data-id=\"9052\" src=\"https:\/\/www.anglet-tourisme.com\/wp-content\/uploads\/2024\/08\/jardibasque-01-1024x682.jpg\" alt=\"\" class=\"wp-image-9052\" srcset=\"https:\/\/www.anglet-tourisme.com\/wp-content\/uploads\/2024\/08\/jardibasque-01-1024x682.jpg 1024w, https:\/\/www.anglet-tourisme.com\/wp-content\/uploads\/2024\/08\/jardibasque-01-800x533.jpg 800w, https:\/\/www.anglet-tourisme.com\/wp-content\/uploads\/2024\/08\/jardibasque-01-768x512.jpg 768w, https:\/\/www.anglet-tourisme.com\/wp-content\/uploads\/2024\/08\/jardibasque-01-1536x1024.jpg 1536w, https:\/\/www.anglet-tourisme.com\/wp-content\/uploads\/2024\/08\/jardibasque-01.jpg 2000w\" sizes=\"auto, (max-width: 1024px) 100vw, 1024px\" \/><button\n\t\t\tclass=\"lightbox-trigger\"\n\t\t\ttype=\"button\"\n\t\t\taria-haspopup=\"dialog\"\n\t\t\taria-label=\"Vergr\u00f6\u00dfern\"\n\t\t\tdata-wp-init=\"callbacks.initTriggerButton\"\n\t\t\tdata-wp-on--click=\"actions.showLightbox\"\n\t\t\tdata-wp-style--right=\"state.imageButtonRight\"\n\t\t\tdata-wp-style--top=\"state.imageButtonTop\"\n\t\t>\n\t\t\t<svg xmlns=\"http:\/\/www.w3.org\/2000\/svg\" width=\"12\" height=\"12\" fill=\"none\" viewBox=\"0 0 12 12\">\n\t\t\t\t<path fill=\"#fff\" d=\"M2 0a2 2 0 0 0-2 2v2h1.5V2a.5.5 0 0 1 .5-.5h2V0H2Zm2 10.5H2a.5.5 0 0 1-.5-.5V8H0v2a2 2 0 0 0 2 2h2v-1.5ZM8 12v-1.5h2a.5.5 0 0 0 .5-.5V8H12v2a2 2 0 0 1-2 2H8Zm2-12a2 2 0 0 1 2 2v2h-1.5V2a.5.5 0 0 0-.5-.5H8V0h2Z\" \/>\n\t\t\t<\/svg>\n\t\t<\/button><\/figure>\n<\/figure>\n<\/div>\n\n\n\n<div class=\"wp-block-column is-vertically-aligned-top is-layout-flow wp-block-column-is-layout-flow\">\n<h2 class=\"wp-block-heading\"><strong>Ein landloser Sch\u00e4fer in Anglet<\/strong><\/h2>\n\n\n\n<p>Kennen Sie<strong> Ramuntxo Clausell,<\/strong> den letzten <strong>landlosen Hirten in Anglet<\/strong>? Er f\u00fchrt diese alte Tradition mit seinen Kindern Oihan und Naia fort. Unter dem wachsamen Auge seiner treuen H\u00fcterinnen Luna (Border Collie), Lilou (Baskische Sch\u00e4ferh\u00fcndin) und Bella (Pyren\u00e4en Mastiff) nutzt Ramuntxo die <strong>\u00d6ko-Weidewirtschaft<\/strong>, um die Grundst\u00fccke von Privatleuten und Gewerbetreibenden entlang der baskischen K\u00fcste zu pflegen. Seine Herde besteht aus <strong>schwarzk\u00f6pfigen Manech-Schafen<\/strong>, <strong>Xaxi Ardi<\/strong>, <strong>Pyren\u00e4en-Ziegen<\/strong>, Eseln und Pottok.   <\/p>\n\n\n\n<p>Im Winter k\u00fcmmert er sich um diese kleine Welt in seinem <strong>zerlegbaren Schafstall<\/strong> im Stadtteil Maignon in Anglet. Er hat auch die Hoffnung, eines Tages seinen eigenen Schafsk\u00e4se auf den Markt zu bringen, ein Traum, den er mit Oihan teilt. Fortsetzung folgt!  <\/p>\n\n\n\n<div style=\"height:40px\" aria-hidden=\"true\" class=\"wp-block-spacer\"><\/div>\n\n\n\n<h2 class=\"wp-block-heading\"><strong>\u00d6ko-Weidehaltung und Biodiversit\u00e4t: Eine positive Auswirkung<\/strong><\/h2>\n\n\n\n<p>&#8222;Die Ankunft der Schafe von Ramuntxo hat einen positiven Effekt auf die Biodiversit\u00e4t. Durch die \u00d6ko-Beweidung kehren die V\u00f6gel auf unser Land zur\u00fcck. Die Exkremente der Tiere bereichern den Boden, f\u00f6rdern Insekten und ziehen V\u00f6gel an. Diese umweltfreundliche Pflegemethode ersetzt Traktoren und Dieselkraftstoff und steht im Einklang mit dem Geist der G\u00e4rten. <a href=\"\/ca-bouge-a-anglet\/activites\/anglet\/ASCAQU064V5AH789-les-jardins-du-refuge\/\"><strong>G\u00e4rten der Zuflucht<\/strong><\/a>&#8222;Thierry Bandiera, Leiter der allgemeinen Dienste der Kongregation der Dienerinnen Mariens.   <\/p>\n<\/div>\n<\/div>\n<\/div><\/div>\n\n<div style=\"height:80px\" aria-hidden=\"true\" class=\"wp-block-spacer\"><\/div>\n\n<div class=\"wp-block-group\"><div class=\"wp-block-group__inner-container is-layout-constrained wp-block-group-is-layout-constrained\">\n<div class=\"wp-block-columns is-layout-flex wp-container-core-columns-is-layout-9d6595d7 wp-block-columns-is-layout-flex\">\n<div class=\"wp-block-column is-layout-flow wp-block-column-is-layout-flow\" style=\"flex-basis:100%\">\n<div class=\"wp-block-cover is-light alert\" style=\"min-height:107px;aspect-ratio:unset;\"><span aria-hidden=\"true\" class=\"wp-block-cover__background has-white-background-color has-background-dim-100 has-background-dim\"><\/span><div class=\"wp-block-cover__inner-container is-layout-constrained wp-block-cover-is-layout-constrained\">\n<div class=\"wp-block-group is-nowrap is-layout-flex wp-container-core-group-is-layout-ad2f72ca wp-block-group-is-layout-flex\"><div class=\"wp-block-image\">\n<figure class=\"alignleft size-full is-resized\"><img loading=\"lazy\" decoding=\"async\" width=\"431\" height=\"415\" src=\"https:\/\/www.anglet-tourisme.com\/wp-content\/uploads\/2024\/05\/Anglet-Cote-Basque-PICTOS-V2_page-0001-1.jpg\" alt=\"\" class=\"wp-image-2472\" style=\"aspect-ratio:1;object-fit:cover;width:67px;height:auto\"\/><\/figure>\n<\/div>\n\n\n<h3 class=\"wp-block-heading has-text-align-left has-blue-color has-text-color has-small-font-size\"><strong>BASKISCHE TRADITIONEN<\/strong><\/h3>\n<\/div>\n\n\n\n<p><strong>Treffen Sie Ramuntxo beim Ritual von Olentzero<\/strong><\/p>\n\n\n\n<p>Sie k\u00f6nnen Ramuntxo und seine Tiere auch bei dem baskischen Ritual von<strong>Olentzero<\/strong> im Dezember treffen, das von Kimua Ikastola organisiert wird. Zusammen mit Reitern, Angeluarrak-T\u00e4nzern, Ibaialde-S\u00e4ngern und Hunderten von Kindern in ihren traditionellen Gew\u00e4ndern nimmt Ramuntxo an diesem symboltr\u00e4chtigen Fest teil. <\/p>\n\n\n\n<p>Sehen Sie sich unsere <strong><a href=\"https:\/\/www.anglet-tourisme.com\/de\/terminkalender\/\">Kalender<\/a><\/strong> um diesen Feiertag nicht zu verpassen!<\/p>\n\n\n\n<div style=\"height:40px\" aria-hidden=\"true\" class=\"wp-block-spacer\"><\/div>\n<\/div><\/div>\n<\/div>\n<\/div>\n<\/div><\/div>\n","protected":false},"excerpt":{"rendered":"<p>Ein landloser Sch\u00e4fer in Anglet Kennen Sie Ramuntxo Clausell, den letzten landlosen Hirten in Anglet? Er f\u00fchrt diese alte Tradition mit seinen Kindern Oihan und Naia fort. Unter dem wachsamen Auge seiner treuen H\u00fcterinnen Luna (Border Collie), Lilou (Baskische Sch\u00e4ferh\u00fcndin) und Bella (Pyren\u00e4en Mastiff) nutzt Ramuntxo die \u00d6ko-Weidewirtschaft, um die [&hellip;]<\/p>\n","protected":false},"author":5,"featured_media":17127,"parent":17093,"menu_order":0,"comment_status":"closed","ping_status":"closed","template":"","meta":{"_acf_changed":false,"_seopress_robots_primary_cat":"","_seopress_titles_title":"","_seopress_titles_desc":"","_seopress_robots_index":"","footnotes":""},"class_list":["post-17124","page","type-page","status-publish","has-post-thumbnail"],"acf":[],"_links":{"self":[{"href":"https:\/\/www.anglet-tourisme.com\/de\/wp-json\/wp\/v2\/pages\/17124","targetHints":{"allow":["GET"]}}],"collection":[{"href":"https:\/\/www.anglet-tourisme.com\/de\/wp-json\/wp\/v2\/pages"}],"about":[{"href":"https:\/\/www.anglet-tourisme.com\/de\/wp-json\/wp\/v2\/types\/page"}],"author":[{"embeddable":true,"href":"https:\/\/www.anglet-tourisme.com\/de\/wp-json\/wp\/v2\/users\/5"}],"replies":[{"embeddable":true,"href":"https:\/\/www.anglet-tourisme.com\/de\/wp-json\/wp\/v2\/comments?post=17124"}],"version-history":[{"count":1,"href":"https:\/\/www.anglet-tourisme.com\/de\/wp-json\/wp\/v2\/pages\/17124\/revisions"}],"predecessor-version":[{"id":17130,"href":"https:\/\/www.anglet-tourisme.com\/de\/wp-json\/wp\/v2\/pages\/17124\/revisions\/17130"}],"up":[{"embeddable":true,"href":"https:\/\/www.anglet-tourisme.com\/de\/wp-json\/wp\/v2\/pages\/17093"}],"wp:featuredmedia":[{"embeddable":true,"href":"https:\/\/www.anglet-tourisme.com\/de\/wp-json\/wp\/v2\/media\/17127"}],"wp:attachment":[{"href":"https:\/\/www.anglet-tourisme.com\/de\/wp-json\/wp\/v2\/media?parent=17124"}],"curies":[{"name":"wp","href":"https:\/\/api.w.org\/{rel}","templated":true}]}}