{"id":17182,"date":"2024-06-07T10:33:51","date_gmt":"2024-06-07T08:33:51","guid":{"rendered":"https:\/\/www.anglet-tourisme.com\/shopping\/troedelmaerkte-und-flohmaerkte\/flohmarkt-in-quintaou\/"},"modified":"2026-01-28T09:53:55","modified_gmt":"2026-01-28T08:53:55","slug":"flohmarkt-in-quintaou","status":"publish","type":"page","link":"https:\/\/www.anglet-tourisme.com\/de\/shopping\/troedelmaerkte-und-flohmaerkte\/flohmarkt-in-quintaou\/","title":{"rendered":"Flohmarkt in Quintaou"},"content":{"rendered":"\n<div class=\"wp-block-group\"><div class=\"wp-block-group__inner-container is-layout-constrained wp-block-group-is-layout-constrained\">\n<div class=\"wp-block-columns is-layout-flex wp-container-core-columns-is-layout-9d6595d7 wp-block-columns-is-layout-flex\">\n<div class=\"wp-block-column is-vertically-aligned-top is-layout-flow wp-block-column-is-layout-flow\">\n<figure class=\"wp-block-gallery has-nested-images columns-2 is-cropped wp-block-gallery-1 is-layout-flex wp-block-gallery-is-layout-flex\">\n<figure data-wp-context=\"{&quot;imageId&quot;:&quot;69f8e09e9ba3e&quot;}\" data-wp-interactive=\"core\/image\" data-wp-key=\"69f8e09e9ba3e\" class=\"wp-block-image size-large wp-lightbox-container\"><img loading=\"lazy\" decoding=\"async\" width=\"1024\" height=\"716\" data-wp-class--hide=\"state.isContentHidden\" data-wp-class--show=\"state.isContentVisible\" data-wp-init=\"callbacks.setButtonStyles\" data-wp-on--click=\"actions.showLightbox\" data-wp-on--load=\"callbacks.setButtonStyles\" data-wp-on-window--resize=\"callbacks.setButtonStyles\" data-id=\"5326\" src=\"https:\/\/www.anglet-tourisme.com\/wp-content\/uploads\/2024\/05\/clem-onojeghuo-pTeZKi29EYE-unsplash-1024x716.jpg\" alt=\"\" class=\"wp-image-5326\" srcset=\"https:\/\/www.anglet-tourisme.com\/wp-content\/uploads\/2024\/05\/clem-onojeghuo-pTeZKi29EYE-unsplash-1024x716.jpg 1024w, https:\/\/www.anglet-tourisme.com\/wp-content\/uploads\/2024\/05\/clem-onojeghuo-pTeZKi29EYE-unsplash-800x559.jpg 800w, https:\/\/www.anglet-tourisme.com\/wp-content\/uploads\/2024\/05\/clem-onojeghuo-pTeZKi29EYE-unsplash-768x537.jpg 768w, https:\/\/www.anglet-tourisme.com\/wp-content\/uploads\/2024\/05\/clem-onojeghuo-pTeZKi29EYE-unsplash-1536x1074.jpg 1536w, https:\/\/www.anglet-tourisme.com\/wp-content\/uploads\/2024\/05\/clem-onojeghuo-pTeZKi29EYE-unsplash-scaled.jpg 2048w\" sizes=\"auto, (max-width: 1024px) 100vw, 1024px\" \/><button\n\t\t\tclass=\"lightbox-trigger\"\n\t\t\ttype=\"button\"\n\t\t\taria-haspopup=\"dialog\"\n\t\t\taria-label=\"Vergr\u00f6\u00dfern\"\n\t\t\tdata-wp-init=\"callbacks.initTriggerButton\"\n\t\t\tdata-wp-on--click=\"actions.showLightbox\"\n\t\t\tdata-wp-style--right=\"state.imageButtonRight\"\n\t\t\tdata-wp-style--top=\"state.imageButtonTop\"\n\t\t>\n\t\t\t<svg xmlns=\"http:\/\/www.w3.org\/2000\/svg\" width=\"12\" height=\"12\" fill=\"none\" viewBox=\"0 0 12 12\">\n\t\t\t\t<path fill=\"#fff\" d=\"M2 0a2 2 0 0 0-2 2v2h1.5V2a.5.5 0 0 1 .5-.5h2V0H2Zm2 10.5H2a.5.5 0 0 1-.5-.5V8H0v2a2 2 0 0 0 2 2h2v-1.5ZM8 12v-1.5h2a.5.5 0 0 0 .5-.5V8H12v2a2 2 0 0 1-2 2H8Zm2-12a2 2 0 0 1 2 2v2h-1.5V2a.5.5 0 0 0-.5-.5H8V0h2Z\" \/>\n\t\t\t<\/svg>\n\t\t<\/button><\/figure>\n\n\n\n<figure data-wp-context=\"{&quot;imageId&quot;:&quot;69f8e09e9c003&quot;}\" data-wp-interactive=\"core\/image\" data-wp-key=\"69f8e09e9c003\" class=\"wp-block-image size-large wp-lightbox-container\"><img loading=\"lazy\" decoding=\"async\" width=\"1024\" height=\"768\" data-wp-class--hide=\"state.isContentHidden\" data-wp-class--show=\"state.isContentVisible\" data-wp-init=\"callbacks.setButtonStyles\" data-wp-on--click=\"actions.showLightbox\" data-wp-on--load=\"callbacks.setButtonStyles\" data-wp-on-window--resize=\"callbacks.setButtonStyles\" data-id=\"5440\" src=\"https:\/\/www.anglet-tourisme.com\/wp-content\/uploads\/2024\/06\/2-Brocantes-et-puces-IMG-8242-1024x768.jpg\" alt=\"\" class=\"wp-image-5440\" srcset=\"https:\/\/www.anglet-tourisme.com\/wp-content\/uploads\/2024\/06\/2-Brocantes-et-puces-IMG-8242-1024x768.jpg 1024w, https:\/\/www.anglet-tourisme.com\/wp-content\/uploads\/2024\/06\/2-Brocantes-et-puces-IMG-8242-800x600.jpg 800w, https:\/\/www.anglet-tourisme.com\/wp-content\/uploads\/2024\/06\/2-Brocantes-et-puces-IMG-8242-768x576.jpg 768w, https:\/\/www.anglet-tourisme.com\/wp-content\/uploads\/2024\/06\/2-Brocantes-et-puces-IMG-8242-1536x1152.jpg 1536w, https:\/\/www.anglet-tourisme.com\/wp-content\/uploads\/2024\/06\/2-Brocantes-et-puces-IMG-8242-scaled.jpg 2048w\" sizes=\"auto, (max-width: 1024px) 100vw, 1024px\" \/><button\n\t\t\tclass=\"lightbox-trigger\"\n\t\t\ttype=\"button\"\n\t\t\taria-haspopup=\"dialog\"\n\t\t\taria-label=\"Vergr\u00f6\u00dfern\"\n\t\t\tdata-wp-init=\"callbacks.initTriggerButton\"\n\t\t\tdata-wp-on--click=\"actions.showLightbox\"\n\t\t\tdata-wp-style--right=\"state.imageButtonRight\"\n\t\t\tdata-wp-style--top=\"state.imageButtonTop\"\n\t\t>\n\t\t\t<svg xmlns=\"http:\/\/www.w3.org\/2000\/svg\" width=\"12\" height=\"12\" fill=\"none\" viewBox=\"0 0 12 12\">\n\t\t\t\t<path fill=\"#fff\" d=\"M2 0a2 2 0 0 0-2 2v2h1.5V2a.5.5 0 0 1 .5-.5h2V0H2Zm2 10.5H2a.5.5 0 0 1-.5-.5V8H0v2a2 2 0 0 0 2 2h2v-1.5ZM8 12v-1.5h2a.5.5 0 0 0 .5-.5V8H12v2a2 2 0 0 1-2 2H8Zm2-12a2 2 0 0 1 2 2v2h-1.5V2a.5.5 0 0 0-.5-.5H8V0h2Z\" \/>\n\t\t\t<\/svg>\n\t\t<\/button><\/figure>\n\n\n\n<figure data-wp-context=\"{&quot;imageId&quot;:&quot;69f8e09e9c43c&quot;}\" data-wp-interactive=\"core\/image\" data-wp-key=\"69f8e09e9c43c\" class=\"wp-block-image size-large wp-lightbox-container\"><img loading=\"lazy\" decoding=\"async\" width=\"1024\" height=\"683\" data-wp-class--hide=\"state.isContentHidden\" data-wp-class--show=\"state.isContentVisible\" data-wp-init=\"callbacks.setButtonStyles\" data-wp-on--click=\"actions.showLightbox\" data-wp-on--load=\"callbacks.setButtonStyles\" data-wp-on-window--resize=\"callbacks.setButtonStyles\" data-id=\"5437\" src=\"https:\/\/www.anglet-tourisme.com\/wp-content\/uploads\/2024\/06\/artificial-photography-S_bbqW4yQZA-unsplash-1024x683.jpg\" alt=\"\" class=\"wp-image-5437\" srcset=\"https:\/\/www.anglet-tourisme.com\/wp-content\/uploads\/2024\/06\/artificial-photography-S_bbqW4yQZA-unsplash-1024x683.jpg 1024w, https:\/\/www.anglet-tourisme.com\/wp-content\/uploads\/2024\/06\/artificial-photography-S_bbqW4yQZA-unsplash-800x533.jpg 800w, https:\/\/www.anglet-tourisme.com\/wp-content\/uploads\/2024\/06\/artificial-photography-S_bbqW4yQZA-unsplash-768x512.jpg 768w, https:\/\/www.anglet-tourisme.com\/wp-content\/uploads\/2024\/06\/artificial-photography-S_bbqW4yQZA-unsplash-1536x1024.jpg 1536w, https:\/\/www.anglet-tourisme.com\/wp-content\/uploads\/2024\/06\/artificial-photography-S_bbqW4yQZA-unsplash-scaled.jpg 2048w\" sizes=\"auto, (max-width: 1024px) 100vw, 1024px\" \/><button\n\t\t\tclass=\"lightbox-trigger\"\n\t\t\ttype=\"button\"\n\t\t\taria-haspopup=\"dialog\"\n\t\t\taria-label=\"Vergr\u00f6\u00dfern\"\n\t\t\tdata-wp-init=\"callbacks.initTriggerButton\"\n\t\t\tdata-wp-on--click=\"actions.showLightbox\"\n\t\t\tdata-wp-style--right=\"state.imageButtonRight\"\n\t\t\tdata-wp-style--top=\"state.imageButtonTop\"\n\t\t>\n\t\t\t<svg xmlns=\"http:\/\/www.w3.org\/2000\/svg\" width=\"12\" height=\"12\" fill=\"none\" viewBox=\"0 0 12 12\">\n\t\t\t\t<path fill=\"#fff\" d=\"M2 0a2 2 0 0 0-2 2v2h1.5V2a.5.5 0 0 1 .5-.5h2V0H2Zm2 10.5H2a.5.5 0 0 1-.5-.5V8H0v2a2 2 0 0 0 2 2h2v-1.5ZM8 12v-1.5h2a.5.5 0 0 0 .5-.5V8H12v2a2 2 0 0 1-2 2H8Zm2-12a2 2 0 0 1 2 2v2h-1.5V2a.5.5 0 0 0-.5-.5H8V0h2Z\" \/>\n\t\t\t<\/svg>\n\t\t<\/button><\/figure>\n<\/figure>\n<\/div>\n\n\n\n<div class=\"wp-block-column is-vertically-aligned-top is-layout-flow wp-block-column-is-layout-flow\">\n<h2 class=\"wp-block-heading\"><strong>Ein Vintage-Urlaub in Anglet!  <\/strong><\/h2>\n\n\n\n<p><strong>Jeden <sup>4<\/sup>. Samstag im Monat<\/strong>, von 8 bis 18 Uhr, tauchen Sie auf dem <strong>Quintaou-Flohmarkt<\/strong> in Anglet in die vibrierende und eklektische Welt der Flohm\u00e4rkte ein. Dieser Freiluftmarkt im Herzen der Stadt zieht Schn\u00e4ppchenj\u00e4ger, Antiquit\u00e4tenliebhaber, Secondhand-Liebhaber und Neugierige auf der Suche nach verborgenen Sch\u00e4tzen an.<\/p>\n\n\n\n<p>Quintaou ist der gr\u00f6\u00dfte Flohmarkt an der baskischen K\u00fcste. Er versammelt mehr als 150 Aussteller, Amateure und Profis, die viele \u00dcberraschungen bieten: antike M\u00f6bel, Vintage-Dekorationsartikel, Retro-Kleidung, altes Geschirr, B\u00fccher, Musikinstrumente und vieles mehr.<\/p>\n\n\n\n<p>Zusammenfassend l\u00e4sst sich sagen, dass ein Besuch des <strong>Quintaou-Flohmarkts<\/strong> in Anglet eine authentische Vintage-Erfahrung ist, die mit einem umweltfreundlichen Ansatz einhergeht. Es ist eine Gelegenheit, bewusster zu konsumieren, sich selbst zu verw\u00f6hnen und einzigartige und originelle Sch\u00e4tze zu finden. <\/p>\n\n\n\n<p>Sie k\u00f6nnen auch einen Stand bei Agora \u00c9v\u00e9nement buchen, um selbst auszustellen und Ihren Gegenst\u00e4nden ein zweites Leben zu geben!<\/p>\n\n\n\n<div style=\"height:40px\" aria-hidden=\"true\" class=\"wp-block-spacer\"><\/div>\n\n\n\n<div class=\"wp-block-buttons is-layout-flex wp-block-buttons-is-layout-flex\">\n<div class=\"wp-block-button\"><a class=\"wp-block-button__link wp-element-button\" href=\"https:\/\/www.anglet-tourisme.com\/wp-content\/uploads\/2026\/01\/calendrier2026_puces-quintaou.pdf\" target=\"_blank\" rel=\"noreferrer noopener\">Flohmarktkalender von Quintaou herunterladen<\/a><\/div>\n<\/div>\n<\/div>\n<\/div>\n<\/div><\/div>\n\n\n\n<div style=\"height:80px\" aria-hidden=\"true\" class=\"wp-block-spacer\"><\/div>\n\n\n\n<div class=\"wp-block-group\"><div class=\"wp-block-group__inner-container is-layout-constrained wp-block-group-is-layout-constrained\">\n<div class=\"wp-block-columns is-layout-flex wp-container-core-columns-is-layout-9d6595d7 wp-block-columns-is-layout-flex\">\n<div class=\"wp-block-column is-layout-flow wp-block-column-is-layout-flow\" style=\"flex-basis:66.66%\">\n<div class=\"wp-block-cover is-light alert\" style=\"min-height:107px;aspect-ratio:unset;\"><span aria-hidden=\"true\" class=\"wp-block-cover__background has-white-background-color has-background-dim-100 has-background-dim\"><\/span><div class=\"wp-block-cover__inner-container is-layout-constrained wp-block-cover-is-layout-constrained\">\n<div class=\"wp-block-group is-nowrap is-layout-flex wp-container-core-group-is-layout-ad2f72ca wp-block-group-is-layout-flex\"><div class=\"wp-block-image\">\n<figure class=\"alignleft size-full is-resized\"><img loading=\"lazy\" decoding=\"async\" width=\"431\" height=\"415\" src=\"https:\/\/www.anglet-tourisme.com\/wp-content\/uploads\/2024\/05\/Anglet-Cote-Basque-PICTOS-V2_page-0001-1.jpg\" alt=\"\" class=\"wp-image-2472\" style=\"aspect-ratio:1;object-fit:cover;width:67px;height:auto\"\/><\/figure>\n<\/div>\n\n\n<h3 class=\"wp-block-heading has-text-align-left has-blue-color has-text-color has-small-font-size\"><strong>INFORMATIONEN<\/strong><\/h3>\n<\/div>\n\n\n\n<p><br><strong>ADRESSE<\/strong><br>Esplanade Quintaou, 64600 ANGLET<br><br><strong>FREIER EINTRITT<\/strong><br><br><strong>PARKEN<\/strong><br>Kostenloses Parken in der blauen Zone (blaue Parkscheibe erforderlich)<br><br><strong>KONTAKT<\/strong><br>+33 6 87 01 72 25<br>contact@agora-evenements.fr<br><a href=\"https:\/\/www.puces-quintaou.com\/\" data-type=\"link\" data-id=\"https:\/\/www.puces-quintaou.com\/\" target=\"_blank\" rel=\"noreferrer noopener\">Siehe die Website<\/a><\/p>\n\n\n\n<div style=\"height:40px\" aria-hidden=\"true\" class=\"wp-block-spacer\"><\/div>\n<\/div><\/div>\n<\/div>\n\n\n\n<div class=\"wp-block-column is-vertically-aligned-center is-layout-flow wp-block-column-is-layout-flow\" style=\"flex-basis:66.66%\">\n<div class=\"wp-block-columns is-layout-flex wp-container-core-columns-is-layout-9d6595d7 wp-block-columns-is-layout-flex\">\n<div class=\"wp-block-column is-layout-flow wp-block-column-is-layout-flow\">\n<h3 class=\"wp-block-heading\">Zug\u00e4nglichkeit<\/h3>\n\n\n\n<ul class=\"wp-block-list\">\n<li>Kostenlose Parkpl\u00e4tze in der Blauen Zone (blaue Parkscheibe erforderlich)<\/li>\n\n\n\n<li>Bushaltestellen  <\/li>\n<\/ul>\n<\/div>\n\n\n\n<div class=\"wp-block-column is-vertically-aligned-center is-layout-flow wp-block-column-is-layout-flow\">\n<div class=\"wp-block-buttons is-layout-flex wp-container-core-buttons-is-layout-6b4e3324 wp-block-buttons-is-layout-flex\">\n<div class=\"wp-block-button\"><a class=\"wp-block-button__link has-text-align-center wp-element-button\" href=\"https:\/\/itineraires.txiktxak.fr\/fr\/horaires\/Anglet\/arret\/Quintaou-Endarra\/place_ENDA\" target=\"_blank\" rel=\"nofollow noreferrer noopener\">Anreise mit dem Bus<\/a><\/div>\n<\/div>\n<\/div>\n<\/div>\n\n\n\n<div class=\"frame-responsive\"><iframe loading=\"lazy\" width=\"425\" height=\"350\" src=\"https:\/\/www.openstreetmap.org\/export\/embed.html?bbox=-1.5194499492645266%2C43.4810288017219%2C-1.505652666091919%2C43.48634563233167&#038;layer=mapnik&#038;marker=43.48369116778103%2C-1.5125513076782227\" style=\"border: 1px solid black\"><\/iframe><br\/><small><a href=\"https:\/\/www.openstreetmap.org\/?mlat=43.48369&#038;mlon=-1.51255#map=17\/43.48369\/-1.51255\">\n<\/a><\/small><\/div>\n<\/div>\n<\/div>\n<\/div><\/div>\n","protected":false},"excerpt":{"rendered":"<p>Ein Vintage-Urlaub in Anglet! Jeden 4. Samstag im Monat, von 8 bis 18 Uhr, tauchen Sie auf dem Quintaou-Flohmarkt in Anglet in die vibrierende und eklektische Welt der Flohm\u00e4rkte ein. Dieser Freiluftmarkt im Herzen der Stadt zieht Schn\u00e4ppchenj\u00e4ger, Antiquit\u00e4tenliebhaber, Secondhand-Liebhaber und Neugierige auf der Suche nach verborgenen Sch\u00e4tzen an. Quintaou [&hellip;]<\/p>\n","protected":false},"author":5,"featured_media":17146,"parent":17153,"menu_order":0,"comment_status":"closed","ping_status":"closed","template":"","meta":{"_acf_changed":false,"_seopress_robots_primary_cat":"","_seopress_titles_title":"Flohmarkt in Anglet: praktische Informationen","_seopress_titles_desc":"Praktische Informationen \u00fcber den Flohmarkt in Anglet: Daten, Orte und Tipps f\u00fcr eine effiziente Schn\u00e4ppchenjagd auf dem Quintaou-Platz.","_seopress_robots_index":"","footnotes":""},"class_list":["post-17182","page","type-page","status-publish","has-post-thumbnail"],"acf":[],"_links":{"self":[{"href":"https:\/\/www.anglet-tourisme.com\/de\/wp-json\/wp\/v2\/pages\/17182","targetHints":{"allow":["GET"]}}],"collection":[{"href":"https:\/\/www.anglet-tourisme.com\/de\/wp-json\/wp\/v2\/pages"}],"about":[{"href":"https:\/\/www.anglet-tourisme.com\/de\/wp-json\/wp\/v2\/types\/page"}],"author":[{"embeddable":true,"href":"https:\/\/www.anglet-tourisme.com\/de\/wp-json\/wp\/v2\/users\/5"}],"replies":[{"embeddable":true,"href":"https:\/\/www.anglet-tourisme.com\/de\/wp-json\/wp\/v2\/comments?post=17182"}],"version-history":[{"count":3,"href":"https:\/\/www.anglet-tourisme.com\/de\/wp-json\/wp\/v2\/pages\/17182\/revisions"}],"predecessor-version":[{"id":19896,"href":"https:\/\/www.anglet-tourisme.com\/de\/wp-json\/wp\/v2\/pages\/17182\/revisions\/19896"}],"up":[{"embeddable":true,"href":"https:\/\/www.anglet-tourisme.com\/de\/wp-json\/wp\/v2\/pages\/17153"}],"wp:featuredmedia":[{"embeddable":true,"href":"https:\/\/www.anglet-tourisme.com\/de\/wp-json\/wp\/v2\/media\/17146"}],"wp:attachment":[{"href":"https:\/\/www.anglet-tourisme.com\/de\/wp-json\/wp\/v2\/media?parent=17182"}],"curies":[{"name":"wp","href":"https:\/\/api.w.org\/{rel}","templated":true}]}}