{"id":17512,"date":"2024-05-22T09:00:26","date_gmt":"2024-05-22T07:00:26","guid":{"rendered":"https:\/\/www.anglet-tourisme.com\/waelder-gebrauchsanweisung\/"},"modified":"2025-07-04T15:07:13","modified_gmt":"2025-07-04T13:07:13","slug":"waelder-gebrauchsanweisung","status":"publish","type":"page","link":"https:\/\/www.anglet-tourisme.com\/de\/waelder-gebrauchsanweisung\/","title":{"rendered":"W\u00e4lder &#8211; Gebrauchsanweisung"},"content":{"rendered":"\n<div class=\"wp-block-columns is-layout-flex wp-container-core-columns-is-layout-9d6595d7 wp-block-columns-is-layout-flex\">\n<div class=\"wp-block-column is-layout-flow wp-block-column-is-layout-flow\" style=\"flex-basis:33.33%\"><div class=\"highlight-bloc-container \" id=\"ts-block-65368af54ee28\"  >\n\t<div class=\"highlight-bloc-content\">\n\t\t<div class=\"acf-innerblocks-container\">\n\n<h1 class=\"wp-block-heading suptitle\">Schutz und Achtung unseres nat\u00fcrlichen \u00d6kosystems<\/h1>\n\n<\/div>\t<\/div>\n<\/div>\n<\/div>\n\n\n\n<div class=\"wp-block-column is-layout-flow wp-block-column-is-layout-flow\" style=\"flex-basis:66.66%\">\n<p>Die Stadt Anglet ist bestrebt, das empfindliche Gleichgewicht zwischen der Erhaltung des Waldes und der F\u00f6rderung des Zugangs der \u00d6ffentlichkeit zu gew\u00e4hrleisten.<\/p>\n\n\n\n<p>Es ist wichtig, dass wir auf unseren Wald achten, und in Anglet liegt er uns allen am Herzen. Er ist der Ort, an dem wir uns erholen, wo wir uns mit Familie oder Freunden treffen, wo wir unseren Lieblingssportarten nachgehen und wo wir einfach abschalten k\u00f6nnen. <\/p>\n\n\n\n<p>Damit dieser gesch\u00fctzte Raum auch f\u00fcr zuk\u00fcnftige Generationen ein Ort der Ruhe und Erholung bleibt, sind gute Praktiken von entscheidender Bedeutung.<\/p>\n<\/div>\n<\/div>\n\n<div style=\"height:80px\" aria-hidden=\"true\" class=\"wp-block-spacer\"><\/div>\n\n<div class=\"wp-block-columns is-layout-flex wp-container-core-columns-is-layout-9d6595d7 wp-block-columns-is-layout-flex\">\n<div class=\"wp-block-column is-layout-flow wp-block-column-is-layout-flow\">\n<figure class=\"wp-block-gallery has-nested-images columns-2 is-cropped wp-block-gallery-1 is-layout-flex wp-block-gallery-is-layout-flex\">\n<figure data-wp-context=\"{&quot;imageId&quot;:&quot;69f0e4f008f24&quot;}\" data-wp-interactive=\"core\/image\" data-wp-key=\"69f0e4f008f24\" class=\"wp-block-image size-large wp-lightbox-container\"><img decoding=\"async\" data-wp-class--hide=\"state.isContentHidden\" data-wp-class--show=\"state.isContentVisible\" data-wp-init=\"callbacks.setButtonStyles\" data-wp-on--click=\"actions.showLightbox\" data-wp-on--load=\"callbacks.setButtonStyles\" data-wp-on-window--resize=\"callbacks.setButtonStyles\" data-id=\"3512\" src=\"https:\/\/www.anglet-tourisme.com\/wp-content\/uploads\/2024\/05\/3-Foret-de-Chiberta-Anglet__RIB1572_&#xA9;RiBLANC-1024x683.jpg\" alt=\"\" class=\"wp-image-3512\"\/><button\n\t\t\tclass=\"lightbox-trigger\"\n\t\t\ttype=\"button\"\n\t\t\taria-haspopup=\"dialog\"\n\t\t\taria-label=\"Vergr\u00f6\u00dfern\"\n\t\t\tdata-wp-init=\"callbacks.initTriggerButton\"\n\t\t\tdata-wp-on--click=\"actions.showLightbox\"\n\t\t\tdata-wp-style--right=\"state.imageButtonRight\"\n\t\t\tdata-wp-style--top=\"state.imageButtonTop\"\n\t\t>\n\t\t\t<svg xmlns=\"http:\/\/www.w3.org\/2000\/svg\" width=\"12\" height=\"12\" fill=\"none\" viewBox=\"0 0 12 12\">\n\t\t\t\t<path fill=\"#fff\" d=\"M2 0a2 2 0 0 0-2 2v2h1.5V2a.5.5 0 0 1 .5-.5h2V0H2Zm2 10.5H2a.5.5 0 0 1-.5-.5V8H0v2a2 2 0 0 0 2 2h2v-1.5ZM8 12v-1.5h2a.5.5 0 0 0 .5-.5V8H12v2a2 2 0 0 1-2 2H8Zm2-12a2 2 0 0 1 2 2v2h-1.5V2a.5.5 0 0 0-.5-.5H8V0h2Z\" \/>\n\t\t\t<\/svg>\n\t\t<\/button><\/figure>\n\n\n\n<figure data-wp-context=\"{&quot;imageId&quot;:&quot;69f0e4f0094f3&quot;}\" data-wp-interactive=\"core\/image\" data-wp-key=\"69f0e4f0094f3\" class=\"wp-block-image size-large wp-lightbox-container\"><img decoding=\"async\" data-wp-class--hide=\"state.isContentHidden\" data-wp-class--show=\"state.isContentVisible\" data-wp-init=\"callbacks.setButtonStyles\" data-wp-on--click=\"actions.showLightbox\" data-wp-on--load=\"callbacks.setButtonStyles\" data-wp-on-window--resize=\"callbacks.setButtonStyles\" data-id=\"3515\" src=\"https:\/\/www.anglet-tourisme.com\/wp-content\/uploads\/2024\/05\/1-Aurore-Sarah-Foret-du-Lazaret-Anglet_5RIB0886_&#xA9;RiBLANC-1024x683.jpg\" alt=\"\" class=\"wp-image-3515\"\/><button\n\t\t\tclass=\"lightbox-trigger\"\n\t\t\ttype=\"button\"\n\t\t\taria-haspopup=\"dialog\"\n\t\t\taria-label=\"Vergr\u00f6\u00dfern\"\n\t\t\tdata-wp-init=\"callbacks.initTriggerButton\"\n\t\t\tdata-wp-on--click=\"actions.showLightbox\"\n\t\t\tdata-wp-style--right=\"state.imageButtonRight\"\n\t\t\tdata-wp-style--top=\"state.imageButtonTop\"\n\t\t>\n\t\t\t<svg xmlns=\"http:\/\/www.w3.org\/2000\/svg\" width=\"12\" height=\"12\" fill=\"none\" viewBox=\"0 0 12 12\">\n\t\t\t\t<path fill=\"#fff\" d=\"M2 0a2 2 0 0 0-2 2v2h1.5V2a.5.5 0 0 1 .5-.5h2V0H2Zm2 10.5H2a.5.5 0 0 1-.5-.5V8H0v2a2 2 0 0 0 2 2h2v-1.5ZM8 12v-1.5h2a.5.5 0 0 0 .5-.5V8H12v2a2 2 0 0 1-2 2H8Zm2-12a2 2 0 0 1 2 2v2h-1.5V2a.5.5 0 0 0-.5-.5H8V0h2Z\" \/>\n\t\t\t<\/svg>\n\t\t<\/button><\/figure>\n\n\n\n<figure data-wp-context=\"{&quot;imageId&quot;:&quot;69f0e4f0099df&quot;}\" data-wp-interactive=\"core\/image\" data-wp-key=\"69f0e4f0099df\" class=\"wp-block-image size-large wp-lightbox-container\"><img decoding=\"async\" data-wp-class--hide=\"state.isContentHidden\" data-wp-class--show=\"state.isContentVisible\" data-wp-init=\"callbacks.setButtonStyles\" data-wp-on--click=\"actions.showLightbox\" data-wp-on--load=\"callbacks.setButtonStyles\" data-wp-on-window--resize=\"callbacks.setButtonStyles\" data-id=\"3518\" src=\"https:\/\/www.anglet-tourisme.com\/wp-content\/uploads\/2024\/05\/2-Balade-a-Velo-Anglet__RIB7632_&#xA9;RiBLANC-1024x683.jpg\" alt=\"\" class=\"wp-image-3518\"\/><button\n\t\t\tclass=\"lightbox-trigger\"\n\t\t\ttype=\"button\"\n\t\t\taria-haspopup=\"dialog\"\n\t\t\taria-label=\"Vergr\u00f6\u00dfern\"\n\t\t\tdata-wp-init=\"callbacks.initTriggerButton\"\n\t\t\tdata-wp-on--click=\"actions.showLightbox\"\n\t\t\tdata-wp-style--right=\"state.imageButtonRight\"\n\t\t\tdata-wp-style--top=\"state.imageButtonTop\"\n\t\t>\n\t\t\t<svg xmlns=\"http:\/\/www.w3.org\/2000\/svg\" width=\"12\" height=\"12\" fill=\"none\" viewBox=\"0 0 12 12\">\n\t\t\t\t<path fill=\"#fff\" d=\"M2 0a2 2 0 0 0-2 2v2h1.5V2a.5.5 0 0 1 .5-.5h2V0H2Zm2 10.5H2a.5.5 0 0 1-.5-.5V8H0v2a2 2 0 0 0 2 2h2v-1.5ZM8 12v-1.5h2a.5.5 0 0 0 .5-.5V8H12v2a2 2 0 0 1-2 2H8Zm2-12a2 2 0 0 1 2 2v2h-1.5V2a.5.5 0 0 0-.5-.5H8V0h2Z\" \/>\n\t\t\t<\/svg>\n\t\t<\/button><\/figure>\n<\/figure>\n<\/div>\n\n\n\n<div class=\"wp-block-column is-layout-flow wp-block-column-is-layout-flow\">\n<h2 class=\"wp-block-heading\">Respektieren Sie die Tierwelt und die Vegetation, die Sie umgibt.<\/h2>\n\n\n\n<p>Achten Sie w\u00e4hrend Ihres Spaziergangs darauf, dass Sie die Wildtiere nicht st\u00f6ren. Halten Sie bei Ihren Beobachtungen Abstand, f\u00fcttern Sie die Tiere nicht und fassen Sie vor allem die Jungtiere nicht an! Wenn Sie mit Ihrem Haustier spazieren gehen, sollten Sie es an der Leine f\u00fchren, um die Ruhe anderer Tiere und Waldspazierg\u00e4nger nicht zu st\u00f6ren.  <\/p>\n\n\n\n<div style=\"height:40px\" aria-hidden=\"true\" class=\"wp-block-spacer\"><\/div>\n\n\n\n<h2 class=\"wp-block-heading\">Halten Sie den Wald sauber<\/h2>\n\n\n\n<p>Das Zur\u00fccklassen von Abf\u00e4llen im Wald schadet der Umwelt, indem es den Boden und das Wasser verschmutzt. Au\u00dferdem k\u00f6nnen diese Abf\u00e4lle f\u00fcr Tiere gef\u00e4hrlich sein, da sie sich darin verfangen oder schwer verletzt werden k\u00f6nnen. Nutzen Sie die zahlreichen M\u00fclleimer, die am Eingang des Waldes aufgestellt sind, oder nehmen Sie Ihren Abfall mit nach Hause, wenn keine M\u00fclleimer aufgestellt sind.  <\/p>\n\n\n\n<div style=\"height:40px\" aria-hidden=\"true\" class=\"wp-block-spacer\"><\/div>\n\n\n\n<h2 class=\"wp-block-heading\">Bewahren Sie totes Holz<\/h2>\n\n\n\n<p>Totholz ist f\u00fcr das \u00f6kologische Gleichgewicht des Waldes von entscheidender Bedeutung. Es beherbergt viele Tier- und Insektenarten sowie Pflanzen wie Flechten und Moose. Etwa 25% der Biodiversit\u00e4t des Waldes h\u00e4ngt von Totholz ab. Dar\u00fcber hinaus tr\u00e4gt seine Zersetzung zur R\u00fcckf\u00fchrung von Mineralien in den Boden bei und f\u00f6rdert so die Gesundheit der B\u00e4ume.   <\/p>\n<\/div>\n<\/div>\n\n<div style=\"height:80px\" aria-hidden=\"true\" class=\"wp-block-spacer\"><\/div>\n\n<div class=\"wp-block-columns is-layout-flex wp-container-core-columns-is-layout-9d6595d7 wp-block-columns-is-layout-flex\">\n<div class=\"wp-block-column is-layout-flow wp-block-column-is-layout-flow\">\n<h2 class=\"wp-block-heading\">Machen Sie kein Feuer oder Grill.<\/h2>\n\n\n\n<p>Es ist strengstens verboten, im Wald Feuer anzuz\u00fcnden oder zu grillen! Werfen Sie auch keine Zigarettenkippen auf den Boden. Jedes Jahr brechen etwa 3.000 Waldbr\u00e4nde aus, die h\u00e4ufig auf Fahrl\u00e4ssigkeit zur\u00fcckzuf\u00fchren sind. Die Folgen sind schwerwiegend, st\u00f6ren die Biodiversit\u00e4t und es dauert Jahrzehnte, bis die Sch\u00e4den behoben sind.   <\/p>\n\n\n\n<div style=\"height:40px\" aria-hidden=\"true\" class=\"wp-block-spacer\"><\/div>\n\n\n\n<h2 class=\"wp-block-heading\">Beachten Sie die Waldmarkierungen<\/h2>\n\n\n\n<p>Nehmen Sie sich die Zeit, die Informationstafeln an den verschiedenen Eing\u00e4ngen zum Wald aufmerksam zu lesen. Diese Schilder enthalten wichtige Informationen \u00fcber Vorschriften, Vorsichtsma\u00dfnahmen und die Besonderheiten des besuchten Waldgebiets. Stellen Sie sicher, dass Sie diese Regeln verstehen und befolgen, um eine angenehme und sichere Erfahrung f\u00fcr sich selbst und andere Besucher zu gew\u00e4hrleisten.  <\/p>\n\n\n\n<div style=\"height:40px\" aria-hidden=\"true\" class=\"wp-block-spacer\"><\/div>\n\n\n\n<h2 class=\"wp-block-heading\">Probleme melden<\/h2>\n\n\n\n<p>Wenn Sie irgendwelche Probleme im Wald bemerken, melden Sie diese den zust\u00e4ndigen Beh\u00f6rden, damit diese die notwendigen Ma\u00dfnahmen ergreifen k\u00f6nnen.<\/p>\n<\/div>\n\n\n\n<div class=\"wp-block-column is-layout-flow wp-block-column-is-layout-flow\">\n<figure class=\"wp-block-gallery has-nested-images columns-2 is-cropped wp-block-gallery-2 is-layout-flex wp-block-gallery-is-layout-flex\">\n<figure data-wp-context=\"{&quot;imageId&quot;:&quot;69f0e4f00a805&quot;}\" data-wp-interactive=\"core\/image\" data-wp-key=\"69f0e4f00a805\" class=\"wp-block-image size-large wp-lightbox-container\"><img decoding=\"async\" data-wp-class--hide=\"state.isContentHidden\" data-wp-class--show=\"state.isContentVisible\" data-wp-init=\"callbacks.setButtonStyles\" data-wp-on--click=\"actions.showLightbox\" data-wp-on--load=\"callbacks.setButtonStyles\" data-wp-on-window--resize=\"callbacks.setButtonStyles\" data-id=\"3529\" src=\"https:\/\/www.anglet-tourisme.com\/wp-content\/uploads\/2024\/05\/6-Chiberta-ILoveAnglet_&#xA9;RIBLANC-36-1024x682.jpg\" alt=\"\" class=\"wp-image-3529\"\/><button\n\t\t\tclass=\"lightbox-trigger\"\n\t\t\ttype=\"button\"\n\t\t\taria-haspopup=\"dialog\"\n\t\t\taria-label=\"Vergr\u00f6\u00dfern\"\n\t\t\tdata-wp-init=\"callbacks.initTriggerButton\"\n\t\t\tdata-wp-on--click=\"actions.showLightbox\"\n\t\t\tdata-wp-style--right=\"state.imageButtonRight\"\n\t\t\tdata-wp-style--top=\"state.imageButtonTop\"\n\t\t>\n\t\t\t<svg xmlns=\"http:\/\/www.w3.org\/2000\/svg\" width=\"12\" height=\"12\" fill=\"none\" viewBox=\"0 0 12 12\">\n\t\t\t\t<path fill=\"#fff\" d=\"M2 0a2 2 0 0 0-2 2v2h1.5V2a.5.5 0 0 1 .5-.5h2V0H2Zm2 10.5H2a.5.5 0 0 1-.5-.5V8H0v2a2 2 0 0 0 2 2h2v-1.5ZM8 12v-1.5h2a.5.5 0 0 0 .5-.5V8H12v2a2 2 0 0 1-2 2H8Zm2-12a2 2 0 0 1 2 2v2h-1.5V2a.5.5 0 0 0-.5-.5H8V0h2Z\" \/>\n\t\t\t<\/svg>\n\t\t<\/button><\/figure>\n\n\n\n<figure data-wp-context=\"{&quot;imageId&quot;:&quot;69f0e4f00ad00&quot;}\" data-wp-interactive=\"core\/image\" data-wp-key=\"69f0e4f00ad00\" class=\"wp-block-image size-large wp-lightbox-container\"><img decoding=\"async\" data-wp-class--hide=\"state.isContentHidden\" data-wp-class--show=\"state.isContentVisible\" data-wp-init=\"callbacks.setButtonStyles\" data-wp-on--click=\"actions.showLightbox\" data-wp-on--load=\"callbacks.setButtonStyles\" data-wp-on-window--resize=\"callbacks.setButtonStyles\" data-id=\"3532\" src=\"https:\/\/www.anglet-tourisme.com\/wp-content\/uploads\/2024\/05\/4-Balade-en-foret-Anglet__RIB7777_&#xA9;RiBLANC-1024x683.jpg\" alt=\"\" class=\"wp-image-3532\"\/><button\n\t\t\tclass=\"lightbox-trigger\"\n\t\t\ttype=\"button\"\n\t\t\taria-haspopup=\"dialog\"\n\t\t\taria-label=\"Vergr\u00f6\u00dfern\"\n\t\t\tdata-wp-init=\"callbacks.initTriggerButton\"\n\t\t\tdata-wp-on--click=\"actions.showLightbox\"\n\t\t\tdata-wp-style--right=\"state.imageButtonRight\"\n\t\t\tdata-wp-style--top=\"state.imageButtonTop\"\n\t\t>\n\t\t\t<svg xmlns=\"http:\/\/www.w3.org\/2000\/svg\" width=\"12\" height=\"12\" fill=\"none\" viewBox=\"0 0 12 12\">\n\t\t\t\t<path fill=\"#fff\" d=\"M2 0a2 2 0 0 0-2 2v2h1.5V2a.5.5 0 0 1 .5-.5h2V0H2Zm2 10.5H2a.5.5 0 0 1-.5-.5V8H0v2a2 2 0 0 0 2 2h2v-1.5ZM8 12v-1.5h2a.5.5 0 0 0 .5-.5V8H12v2a2 2 0 0 1-2 2H8Zm2-12a2 2 0 0 1 2 2v2h-1.5V2a.5.5 0 0 0-.5-.5H8V0h2Z\" \/>\n\t\t\t<\/svg>\n\t\t<\/button><\/figure>\n\n\n\n<figure data-wp-context=\"{&quot;imageId&quot;:&quot;69f0e4f00b256&quot;}\" data-wp-interactive=\"core\/image\" data-wp-key=\"69f0e4f00b256\" class=\"wp-block-image size-large wp-lightbox-container\"><img decoding=\"async\" data-wp-class--hide=\"state.isContentHidden\" data-wp-class--show=\"state.isContentVisible\" data-wp-init=\"callbacks.setButtonStyles\" data-wp-on--click=\"actions.showLightbox\" data-wp-on--load=\"callbacks.setButtonStyles\" data-wp-on-window--resize=\"callbacks.setButtonStyles\" data-id=\"3535\" src=\"https:\/\/www.anglet-tourisme.com\/wp-content\/uploads\/2024\/05\/5-Running-Foret-I-Love-Anglet_1RIB2318_&#xA9;RiBLANC-1024x682.jpg\" alt=\"\" class=\"wp-image-3535\"\/><button\n\t\t\tclass=\"lightbox-trigger\"\n\t\t\ttype=\"button\"\n\t\t\taria-haspopup=\"dialog\"\n\t\t\taria-label=\"Vergr\u00f6\u00dfern\"\n\t\t\tdata-wp-init=\"callbacks.initTriggerButton\"\n\t\t\tdata-wp-on--click=\"actions.showLightbox\"\n\t\t\tdata-wp-style--right=\"state.imageButtonRight\"\n\t\t\tdata-wp-style--top=\"state.imageButtonTop\"\n\t\t>\n\t\t\t<svg xmlns=\"http:\/\/www.w3.org\/2000\/svg\" width=\"12\" height=\"12\" fill=\"none\" viewBox=\"0 0 12 12\">\n\t\t\t\t<path fill=\"#fff\" d=\"M2 0a2 2 0 0 0-2 2v2h1.5V2a.5.5 0 0 1 .5-.5h2V0H2Zm2 10.5H2a.5.5 0 0 1-.5-.5V8H0v2a2 2 0 0 0 2 2h2v-1.5ZM8 12v-1.5h2a.5.5 0 0 0 .5-.5V8H12v2a2 2 0 0 1-2 2H8Zm2-12a2 2 0 0 1 2 2v2h-1.5V2a.5.5 0 0 0-.5-.5H8V0h2Z\" \/>\n\t\t\t<\/svg>\n\t\t<\/button><\/figure>\n<\/figure>\n<\/div>\n<\/div>\n\n<div style=\"height:80px\" aria-hidden=\"true\" class=\"wp-block-spacer\"><\/div>\n\n<div class=\"wp-block-columns is-layout-flex wp-container-core-columns-is-layout-9d6595d7 wp-block-columns-is-layout-flex\">\n<div class=\"wp-block-column is-layout-flow wp-block-column-is-layout-flow\">\n<figure class=\"wp-block-gallery has-nested-images columns-2 is-cropped wp-block-gallery-3 is-layout-flex wp-block-gallery-is-layout-flex\">\n<figure data-wp-context=\"{&quot;imageId&quot;:&quot;69f0e4f00ba73&quot;}\" data-wp-interactive=\"core\/image\" data-wp-key=\"69f0e4f00ba73\" class=\"wp-block-image size-large wp-lightbox-container\"><img loading=\"lazy\" decoding=\"async\" width=\"962\" height=\"1024\" data-wp-class--hide=\"state.isContentHidden\" data-wp-class--show=\"state.isContentVisible\" data-wp-init=\"callbacks.setButtonStyles\" data-wp-on--click=\"actions.showLightbox\" data-wp-on--load=\"callbacks.setButtonStyles\" data-wp-on-window--resize=\"callbacks.setButtonStyles\" data-id=\"6025\" src=\"https:\/\/www.anglet-tourisme.com\/wp-content\/uploads\/2024\/06\/CHARTE-DU-PROMENEUR-962x1024.jpg\" alt=\"\" class=\"wp-image-6025\" srcset=\"https:\/\/www.anglet-tourisme.com\/wp-content\/uploads\/2024\/06\/CHARTE-DU-PROMENEUR-962x1024.jpg 962w, https:\/\/www.anglet-tourisme.com\/wp-content\/uploads\/2024\/06\/CHARTE-DU-PROMENEUR-564x600.jpg 564w, https:\/\/www.anglet-tourisme.com\/wp-content\/uploads\/2024\/06\/CHARTE-DU-PROMENEUR-768x817.jpg 768w, https:\/\/www.anglet-tourisme.com\/wp-content\/uploads\/2024\/06\/CHARTE-DU-PROMENEUR.jpg 1091w\" sizes=\"auto, (max-width: 962px) 100vw, 962px\" \/><button\n\t\t\tclass=\"lightbox-trigger\"\n\t\t\ttype=\"button\"\n\t\t\taria-haspopup=\"dialog\"\n\t\t\taria-label=\"Vergr\u00f6\u00dfern\"\n\t\t\tdata-wp-init=\"callbacks.initTriggerButton\"\n\t\t\tdata-wp-on--click=\"actions.showLightbox\"\n\t\t\tdata-wp-style--right=\"state.imageButtonRight\"\n\t\t\tdata-wp-style--top=\"state.imageButtonTop\"\n\t\t>\n\t\t\t<svg xmlns=\"http:\/\/www.w3.org\/2000\/svg\" width=\"12\" height=\"12\" fill=\"none\" viewBox=\"0 0 12 12\">\n\t\t\t\t<path fill=\"#fff\" d=\"M2 0a2 2 0 0 0-2 2v2h1.5V2a.5.5 0 0 1 .5-.5h2V0H2Zm2 10.5H2a.5.5 0 0 1-.5-.5V8H0v2a2 2 0 0 0 2 2h2v-1.5ZM8 12v-1.5h2a.5.5 0 0 0 .5-.5V8H12v2a2 2 0 0 1-2 2H8Zm2-12a2 2 0 0 1 2 2v2h-1.5V2a.5.5 0 0 0-.5-.5H8V0h2Z\" \/>\n\t\t\t<\/svg>\n\t\t<\/button><\/figure>\n<\/figure>\n<\/div>\n\n\n\n<div class=\"wp-block-column is-layout-flow wp-block-column-is-layout-flow\">\n<div class=\"wp-block-cover is-light alert\" style=\"min-height:107px;aspect-ratio:unset;\"><span aria-hidden=\"true\" class=\"wp-block-cover__background has-white-background-color has-background-dim-100 has-background-dim\"><\/span><div class=\"wp-block-cover__inner-container is-layout-constrained wp-block-cover-is-layout-constrained\">\n<div class=\"wp-block-group is-nowrap is-layout-flex wp-container-core-group-is-layout-ad2f72ca wp-block-group-is-layout-flex\"><div class=\"wp-block-image\">\n<figure class=\"alignleft size-full is-resized\"><img loading=\"lazy\" decoding=\"async\" width=\"61\" height=\"61\" src=\"https:\/\/www.anglet-tourisme.com\/wp-content\/uploads\/2024\/05\/icon-info.png\" alt=\"\" class=\"wp-image-1178\" style=\"object-fit:cover;width:30px;height:30px\"\/><\/figure>\n<\/div>\n\n\n<p class=\"has-text-align-left has-blue-color has-text-color wp-container-content-9cfa9a5a\"><strong>Vorsicht vor Prozessionsraupen<\/strong><\/p>\n<\/div>\n\n\n\n<p>Wenn Sie den Wald erkunden, sollten Sie sich vor Prozessionsraupen in Acht nehmen. Vermeiden Sie den direkten Kontakt mit diesen Raupen, da ihre nesselnden Haare schwere allergische Reaktionen bei Menschen und Tieren ausl\u00f6sen k\u00f6nnen. <\/p>\n\n\n\n<div style=\"height:40px\" aria-hidden=\"true\" class=\"wp-block-spacer\"><\/div>\n<\/div><\/div>\n<\/div>\n<\/div>\n\n<div style=\"height:80px\" aria-hidden=\"true\" class=\"wp-block-spacer\"><\/div>\n<div id=\"ts-block-6662da47b15e0\"  class=\"\">\n\t<div id=\"ts-block-6662da47b15e0\" class=\"tis_item_box_container columns-3 img-zoom\"><article class=\"tis-box \">\r\n\t<a href=\"https:\/\/www.anglet-tourisme.com\/de\/bewegung-in-anglet\/aktivitaeten\/anglet\/PNAAQU064FS00002-foret-du-pignada\/\">\r\n\t\t<div class=\"tis-item-cover\">\r\n\t\t\t\t\t\t\t\t\t\t\t<img decoding=\"async\" src=\"https:\/\/www.anglet-tourisme.com\/wp-content\/uploads\/tis\/Balade-en-foret-Anglet--RIB7758--RiBLANC.jpg\" title=\"For\u00eat du Pignada\" alt=\"For\u00eat du Pignada\" \/>\r\n\t\t\t\t\t\t\t\t\t<div class=\"tis-item-label-container\">\r\n\t\t\t\t\t\t\t<!--<span class=\"tis-item-handicap\"><img decoding=\"async\" src=\"https:\/\/www.anglet-tourisme.com\/wp-content\/plugins\/tourinsoft-syndication\/assets\/images\/icon-handicap.svg\" title=\"\" alt=\"\" \/><\/span>-->\r\n\t\t\t\t\t\t\t\t\t\t<span class=\"tis-item-durable\"><img decoding=\"async\" src=\"https:\/\/www.anglet-tourisme.com\/wp-content\/plugins\/tourinsoft-syndication\/assets\/images\/icon-durable.svg\" title=\"D\u00e9veloppement durable\" alt=\"D\u00e9veloppement durable\" \/><\/span>\r\n\t\t\t\t\t\t<\/div>\r\n\t\t\t\t\t\t\r\n\t\t\t\t\t<\/div>\r\n\t\t\t\t<h3>For\u00eat du Pignada<\/h3>\r\n\t\t\t\t\r\n\t<\/a>\r\n\t\r\n\t<p>Anglet ist der Ort, an dem der Ozean und der Wald aufeinandertreffen. Dieses 250 Hektar gro\u00dfe Waldgebiet, das nur wenige Schritte von den Str\u00e4nden entfernt liegt, umfasst fast 10 % der Gemeindefl\u00e4che&hellip;<\/p>\t<strong class=\"tis-box-city\">ANGLET<\/strong>\t\r\n\t\t\t\t\t\t\t\t\t<\/article><article class=\"tis-box \">\r\n\t<a href=\"https:\/\/www.anglet-tourisme.com\/de\/bewegung-in-anglet\/aktivitaeten\/anglet\/PNAAQU064V5BVYE9-foret-du-lazaret\/\">\r\n\t\t<div class=\"tis-item-cover\">\r\n\t\t\t\t\t\t\t\t\t\t\t<img decoding=\"async\" src=\"https:\/\/www.anglet-tourisme.com\/wp-content\/uploads\/tis\/Running-Foret-I-Love-Anglet-1RIB2318--RiBLANC.jpg\" title=\"For\u00eat du Lazaret\" alt=\"For\u00eat du Lazaret\" \/>\r\n\t\t\t\t\t\t\t\t\t<div class=\"tis-item-label-container\">\r\n\t\t\t\t\t\t\t<!--<span class=\"tis-item-handicap\"><img decoding=\"async\" src=\"https:\/\/www.anglet-tourisme.com\/wp-content\/plugins\/tourinsoft-syndication\/assets\/images\/icon-handicap.svg\" title=\"\" alt=\"\" \/><\/span>-->\r\n\t\t\t\t\t\t\t\t\t\t<span class=\"tis-item-durable\"><img decoding=\"async\" src=\"https:\/\/www.anglet-tourisme.com\/wp-content\/plugins\/tourinsoft-syndication\/assets\/images\/icon-durable.svg\" title=\"D\u00e9veloppement durable\" alt=\"D\u00e9veloppement durable\" \/><\/span>\r\n\t\t\t\t\t\t<\/div>\r\n\t\t\t\t\t\t\r\n\t\t\t\t\t<\/div>\r\n\t\t\t\t<h3>For\u00eat du Lazaret<\/h3>\r\n\t\t\t\t\r\n\t<\/a>\r\n\t\r\n\t<p>Der im Stadtteil Blancpignon gelegene For\u00eat du Lazaret, der als Espace Naturel Sensible eingestuft ist, ist ein Ort, an dem man die Artenvielfalt entdecken kann. Er erstreckt sich \u00fcber 10 Hektar entlang&hellip;<\/p>\t<strong class=\"tis-box-city\">ANGLET<\/strong>\t\r\n\t\t\t\t\t\t\t\t\t<\/article><\/div><\/div>\n","protected":false},"excerpt":{"rendered":"<p>Die Stadt Anglet ist bestrebt, das empfindliche Gleichgewicht zwischen der Erhaltung des Waldes und der F\u00f6rderung des Zugangs der \u00d6ffentlichkeit zu gew\u00e4hrleisten. Es ist wichtig, dass wir auf unseren Wald achten, und in Anglet liegt er uns allen am Herzen. Er ist der Ort, an dem wir uns erholen, wo [&hellip;]<\/p>\n","protected":false},"author":1,"featured_media":15651,"parent":0,"menu_order":0,"comment_status":"closed","ping_status":"closed","template":"","meta":{"_acf_changed":false,"_seopress_robots_primary_cat":"","_seopress_titles_title":"Mode d'emploi pour les for\u00eats d'Anglet : les informations pratiques \u00e0 conna\u00eetre","_seopress_titles_desc":"Besoin de conseils pour les for\u00eats d'Anglet ? Trouvez toutes les informations pratiques pour une balade sereine et d\u00e9tendue.","_seopress_robots_index":"","footnotes":""},"class_list":["post-17512","page","type-page","status-publish","has-post-thumbnail"],"acf":[],"_links":{"self":[{"href":"https:\/\/www.anglet-tourisme.com\/de\/wp-json\/wp\/v2\/pages\/17512","targetHints":{"allow":["GET"]}}],"collection":[{"href":"https:\/\/www.anglet-tourisme.com\/de\/wp-json\/wp\/v2\/pages"}],"about":[{"href":"https:\/\/www.anglet-tourisme.com\/de\/wp-json\/wp\/v2\/types\/page"}],"author":[{"embeddable":true,"href":"https:\/\/www.anglet-tourisme.com\/de\/wp-json\/wp\/v2\/users\/1"}],"replies":[{"embeddable":true,"href":"https:\/\/www.anglet-tourisme.com\/de\/wp-json\/wp\/v2\/comments?post=17512"}],"version-history":[{"count":3,"href":"https:\/\/www.anglet-tourisme.com\/de\/wp-json\/wp\/v2\/pages\/17512\/revisions"}],"predecessor-version":[{"id":18175,"href":"https:\/\/www.anglet-tourisme.com\/de\/wp-json\/wp\/v2\/pages\/17512\/revisions\/18175"}],"wp:featuredmedia":[{"embeddable":true,"href":"https:\/\/www.anglet-tourisme.com\/de\/wp-json\/wp\/v2\/media\/15651"}],"wp:attachment":[{"href":"https:\/\/www.anglet-tourisme.com\/de\/wp-json\/wp\/v2\/media?parent=17512"}],"curies":[{"name":"wp","href":"https:\/\/api.w.org\/{rel}","templated":true}]}}