{"id":12773,"date":"2024-04-30T11:30:38","date_gmt":"2024-04-30T09:30:38","guid":{"rendered":"https:\/\/www.anglet-tourisme.com\/welcome-to-anglet\/"},"modified":"2025-01-09T14:21:24","modified_gmt":"2025-01-09T13:21:24","slug":"welcome-to-anglet","status":"publish","type":"page","link":"https:\/\/www.anglet-tourisme.com\/en\/welcome-to-anglet\/","title":{"rendered":"Welcome to Anglet"},"content":{"rendered":"\n<div class=\"wp-block-columns is-layout-flex wp-container-core-columns-is-layout-9d6595d7 wp-block-columns-is-layout-flex\">\n<div class=\"wp-block-column is-layout-flow wp-block-column-is-layout-flow\" style=\"flex-basis:33.33%\"><div class=\"highlight-bloc-container \" id=\"ts-block-65368af54ee28\"  >\n\t<div class=\"highlight-bloc-content\">\n\t\t<div class=\"acf-innerblocks-container\">\n\n<h1 class=\"wp-block-heading suptitle\">Anglet, a horizon of emotions<\/h1>\n\n<\/div>\t<\/div>\n<\/div>\n<\/div>\n\n\n\n<div class=\"wp-block-column is-layout-flow wp-block-column-is-layout-flow\" style=\"flex-basis:66.66%\">\n<p>Anglet is part of the Basque province of Labourd (the Basque Country has 7 provinces, 3 on the French side and 4 on the Spanish side).<\/p>\n\n\n\n<p>Situated between historic Bayonne and cosmopolitan Biarritz, Anglet represents a perfect balance between unspoilt nature and urban dynamism.\nWith 4.5 kilometers of coastline, 230 hectares of forest and a protected nature park, the third-largest town in the Pyr\u00e9n\u00e9es-Atlantiques region is not content to rest on its laurels. <\/p>\n\n\n\n<p>Anglet is a charming year-round destination, offering a unique blend of culture, gastronomy, sports and leisure activities.<\/p>\n<\/div>\n<\/div>\n\n\n\n<div style=\"height:80px\" aria-hidden=\"true\" class=\"wp-block-spacer\"><\/div>\n\n\n\n<div class=\"wp-block-media-text is-stacked-on-mobile is-image-fill-element\"><figure class=\"wp-block-media-text__media\"><img loading=\"lazy\" decoding=\"async\" width=\"1024\" height=\"683\" src=\"https:\/\/www.anglet-tourisme.com\/wp-content\/uploads\/2024\/05\/Balade-en-foret-Anglet__RIB7761_\u00a9RiBLANC-1024x683.jpg\" alt=\"\" class=\"wp-image-1190 size-full\" style=\"object-position:50% 50%\" srcset=\"https:\/\/www.anglet-tourisme.com\/wp-content\/uploads\/2024\/05\/Balade-en-foret-Anglet__RIB7761_\u00a9RiBLANC-1024x683.jpg 1024w, https:\/\/www.anglet-tourisme.com\/wp-content\/uploads\/2024\/05\/Balade-en-foret-Anglet__RIB7761_\u00a9RiBLANC-800x534.jpg 800w, https:\/\/www.anglet-tourisme.com\/wp-content\/uploads\/2024\/05\/Balade-en-foret-Anglet__RIB7761_\u00a9RiBLANC-768x512.jpg 768w, https:\/\/www.anglet-tourisme.com\/wp-content\/uploads\/2024\/05\/Balade-en-foret-Anglet__RIB7761_\u00a9RiBLANC-1536x1025.jpg 1536w, https:\/\/www.anglet-tourisme.com\/wp-content\/uploads\/2024\/05\/Balade-en-foret-Anglet__RIB7761_\u00a9RiBLANC.jpg 2000w\" sizes=\"auto, (max-width: 1024px) 100vw, 1024px\" \/><\/figure><div class=\"wp-block-media-text__content\">\n<h2 class=\"wp-block-heading\">Double-count letter<\/h2>\n\n\n\n<p>Anglet&#8230; Its pronunciation alone is enough to get you going.\nDon&#8217;t forget, when you say Anglet, you&#8217;re not forgetting the &#8216;T&#8217; that snaps in your mouth like the pelota on the pediment.\nAs for its Basque translation, Angelu, it&#8217;s pronounced &#8220;angu\u00e9lou&#8221;, which may come in handy when reading traffic signs or asking for directions.  <\/p>\n\n\n\n<p>Here, some will say Egun on (hello in Basque), others will say Adiou (hello in Gascon), because yes, it&#8217;s not just the letter that counts twice, it&#8217;s also the identity, both Basque and Gascon.\nAs the town&#8217;s motto reminds us, &#8220;Ma e pignada per m&#8217;aida&#8221; means &#8220;The sea and the pine forest to help me&#8221; in Gascon. <\/p>\n\n\n\n<div style=\"height:40px\" aria-hidden=\"true\" class=\"wp-block-spacer\"><\/div>\n\n\n\n<h2 class=\"wp-block-heading\">Anglet 4 saisons<\/h2>\n\n\n\n<p>The green lung of a dynamic urban area, between ocean, countryside and forest, Anglet extends its vast surface area and all its diversity.\nHere, all year round, people come to breathe in the sea air, soak up the sun on the terrace or cool off in the shade of the pine trees. <\/p>\n\n\n\n<div style=\"height:40px\" aria-hidden=\"true\" class=\"wp-block-spacer\"><\/div>\n\n\n\n<div class=\"wp-block-buttons is-layout-flex wp-block-buttons-is-layout-flex\">\n<div class=\"wp-block-button is-style-outline is-style-outline--1\"><a class=\"wp-block-button__link wp-element-button\" href=\"https:\/\/www.anglet-tourisme.com\/en\/anglet-4-seasons\/\">Anglet all year round<\/a><\/div>\n<\/div>\n<\/div><\/div>\n\n\n\n<div style=\"height:80px\" aria-hidden=\"true\" class=\"wp-block-spacer\"><\/div>\n\n\n\n<div class=\"wp-block-media-text has-media-on-the-right is-stacked-on-mobile is-image-fill-element\"><div class=\"wp-block-media-text__content\">\n<h2 class=\"wp-block-heading\">From the aristocracy&#8217;s garden&#8230;<\/h2>\n\n\n\n<p>In the 19th century, in the wake of Napoleon III and Eugenie, the European aristocracy flocked to Anglet.\nHunting in the forest, horse racing and parties worthy of Gatsby the Magnificent, the Roaring Twenties were in full swing in Anglet. <\/p>\n\n\n\n<p>Traces of this period can be found in the architectural gems of the Suzanna, Sofia and Prinkipo villas, as well as the Chiberta golf course commissioned by the Duke of Windsor in the 1920s.<\/p>\n\n\n\n<div style=\"height:40px\" aria-hidden=\"true\" class=\"wp-block-spacer\"><\/div>\n\n\n\n<div class=\"wp-block-buttons is-layout-flex wp-block-buttons-is-layout-flex\">\n<div class=\"wp-block-button is-style-outline is-style-outline--2\"><a class=\"wp-block-button__link wp-element-button\" href=\"https:\/\/www.anglet-tourisme.com\/en\/the-history-of-anglet\/\">Discover the history of Anglet<\/a><\/div>\n<\/div>\n\n\n\n<div style=\"height:40px\" aria-hidden=\"true\" class=\"wp-block-spacer\"><\/div>\n\n\n\n<h2 class=\"wp-block-heading\">&#8230; To Little California<\/h2>\n\n\n\n<p>Known today as France&#8217;s Little California for its state of mind, art of living and board sports culture, Anglet offers an ideal setting for outdoor activities: swimming, thalassotherapy, surfing, coastal rescue, skateboarding, yoga, golf, cycling, accrobranche, beach volleyball, beach rugby, horse-riding, pelota&#8230; and for walkers and joggers, the many greenways in the For\u00eats du Lazaret and du Pignada and the Promenade Littorale provide an ideal setting.<\/p>\n\n\n\n<div style=\"height:40px\" aria-hidden=\"true\" class=\"wp-block-spacer\"><\/div>\n\n\n\n<div class=\"wp-block-buttons is-layout-flex wp-block-buttons-is-layout-flex\">\n<div class=\"wp-block-button is-style-outline is-style-outline--3\"><a class=\"wp-block-button__link wp-element-button\" href=\"https:\/\/www.anglet-tourisme.com\/en\/on-the-move-in-anglet\/activities\/\">Choose your activity<\/a><\/div>\n<\/div>\n<\/div><figure class=\"wp-block-media-text__media\"><img loading=\"lazy\" decoding=\"async\" width=\"1024\" height=\"683\" src=\"https:\/\/www.anglet-tourisme.com\/wp-content\/uploads\/2024\/05\/Stand-up-Paddle-Rainbow-I-Love-Anglet__RIB2462_\u00a9RiBLANC-1024x683.jpg\" alt=\"\" class=\"wp-image-1208 size-full\" style=\"object-position:50% 50%\" srcset=\"https:\/\/www.anglet-tourisme.com\/wp-content\/uploads\/2024\/05\/Stand-up-Paddle-Rainbow-I-Love-Anglet__RIB2462_\u00a9RiBLANC-1024x683.jpg 1024w, https:\/\/www.anglet-tourisme.com\/wp-content\/uploads\/2024\/05\/Stand-up-Paddle-Rainbow-I-Love-Anglet__RIB2462_\u00a9RiBLANC-800x534.jpg 800w, https:\/\/www.anglet-tourisme.com\/wp-content\/uploads\/2024\/05\/Stand-up-Paddle-Rainbow-I-Love-Anglet__RIB2462_\u00a9RiBLANC-768x512.jpg 768w, https:\/\/www.anglet-tourisme.com\/wp-content\/uploads\/2024\/05\/Stand-up-Paddle-Rainbow-I-Love-Anglet__RIB2462_\u00a9RiBLANC-1536x1025.jpg 1536w, https:\/\/www.anglet-tourisme.com\/wp-content\/uploads\/2024\/05\/Stand-up-Paddle-Rainbow-I-Love-Anglet__RIB2462_\u00a9RiBLANC.jpg 2000w\" sizes=\"auto, (max-width: 1024px) 100vw, 1024px\" \/><\/figure><\/div>\n\n\n\n<div style=\"height:80px\" aria-hidden=\"true\" class=\"wp-block-spacer\"><\/div>\n\n\n\n<div class=\"wp-block-media-text is-stacked-on-mobile is-image-fill-element\"><figure class=\"wp-block-media-text__media\"><img loading=\"lazy\" decoding=\"async\" width=\"1024\" height=\"682\" src=\"https:\/\/www.anglet-tourisme.com\/wp-content\/uploads\/2024\/05\/Tibz-Nocturne-de-la-Chambre-d_Amour-Anglet_1RIB5269_\u00a9RiBLANC-1024x682.jpg\" alt=\"\" class=\"wp-image-1225 size-full\" style=\"object-position:50% 50%\" srcset=\"https:\/\/www.anglet-tourisme.com\/wp-content\/uploads\/2024\/05\/Tibz-Nocturne-de-la-Chambre-d_Amour-Anglet_1RIB5269_\u00a9RiBLANC-1024x682.jpg 1024w, https:\/\/www.anglet-tourisme.com\/wp-content\/uploads\/2024\/05\/Tibz-Nocturne-de-la-Chambre-d_Amour-Anglet_1RIB5269_\u00a9RiBLANC-800x533.jpg 800w, https:\/\/www.anglet-tourisme.com\/wp-content\/uploads\/2024\/05\/Tibz-Nocturne-de-la-Chambre-d_Amour-Anglet_1RIB5269_\u00a9RiBLANC-768x512.jpg 768w, https:\/\/www.anglet-tourisme.com\/wp-content\/uploads\/2024\/05\/Tibz-Nocturne-de-la-Chambre-d_Amour-Anglet_1RIB5269_\u00a9RiBLANC-1536x1024.jpg 1536w, https:\/\/www.anglet-tourisme.com\/wp-content\/uploads\/2024\/05\/Tibz-Nocturne-de-la-Chambre-d_Amour-Anglet_1RIB5269_\u00a9RiBLANC.jpg 2000w\" sizes=\"auto, (max-width: 1024px) 100vw, 1024px\" \/><\/figure><div class=\"wp-block-media-text__content\">\n<h2 class=\"wp-block-heading\">An inclusive destination<\/h2>\n\n\n\n<p>In addition to the Blue Flag (guaranteeing good water quality), the Petite Chambre d&#8217;Amour beach also holds the Handiplage label.\nHere, an entire system enables people with disabilities to enjoy swimming in complete safety.\nLast but not least, the same beach has also been awarded the anti-tobacco label.  <\/p>\n\n\n\n<div style=\"height:40px\" aria-hidden=\"true\" class=\"wp-block-spacer\"><\/div>\n\n\n\n<div class=\"wp-block-buttons is-layout-flex wp-block-buttons-is-layout-flex\">\n<div class=\"wp-block-button is-style-outline is-style-outline--4\"><a class=\"wp-block-button__link wp-element-button\" href=\"https:\/\/www.anglet-tourisme.com\/en\/beaches-instructions-for-use\/\">Find out more about the beaches<\/a><\/div>\n<\/div>\n\n\n\n<div style=\"height:40px\" aria-hidden=\"true\" class=\"wp-block-spacer\"><\/div>\n\n\n\n<h2 class=\"wp-block-heading\">Events for everyone<\/h2>\n\n\n\n<p>Exhibitions, festivals, concerts&#8230; highlights are organized throughout the year.\nA wide range of sporting and cultural events punctuates the town&#8217;s agenda, with festivals (cinema, music), free concerts, theater, sports competitions (surfing, beach rugby, beach volleyball, skateboarding, pelota&#8230;), traditional festivals (Basque carnival, Olentzero&#8230;) and more. Anglet is always on the move. <\/p>\n\n\n\n<div style=\"height:40px\" aria-hidden=\"true\" class=\"wp-block-spacer\"><\/div>\n\n\n\n<div class=\"wp-block-buttons is-layout-flex wp-block-buttons-is-layout-flex\">\n<div class=\"wp-block-button is-style-outline is-style-outline--5\"><a class=\"wp-block-button__link wp-element-button\" href=\"https:\/\/www.anglet-tourisme.com\/en\/anglet-highlights\/\">Discover Anglet&#8217;s not-to-be-missed highlights<\/a><\/div>\n<\/div>\n<\/div><\/div>\n\n\n\n<div style=\"height:80px\" aria-hidden=\"true\" class=\"wp-block-spacer\"><\/div>\n\n\n\n<div class=\"wp-block-media-text has-media-on-the-right is-stacked-on-mobile is-image-fill-element\"><div class=\"wp-block-media-text__content\">\n<h2 class=\"wp-block-heading\">The choice of contemporary art<\/h2>\n\n\n\n<p>When it comes to culture, Anglet has made a bold commitment to contemporary art.\nFor two decades, major names on the international art scene have been coming to Anglet to express themselves (Daniel Buren, Tadashi Kawamata&#8230;).\nEvery two years, this choice is extended beyond the town&#8217;s walls with La Littorale, a biennial contemporary art event.  <\/p>\n\n\n\n<div style=\"height:40px\" aria-hidden=\"true\" class=\"wp-block-spacer\"><\/div>\n\n\n\n<div class=\"wp-block-buttons is-layout-flex wp-block-buttons-is-layout-flex\">\n<div class=\"wp-block-button is-style-outline is-style-outline--6\"><a class=\"wp-block-button__link wp-element-button\" href=\"https:\/\/www.anglet-tourisme.com\/en\/culture-visits-and-exhibitions\/\">Learn more<\/a><\/div>\n<\/div>\n\n\n\n<div style=\"height:40px\" aria-hidden=\"true\" class=\"wp-block-spacer\"><\/div>\n\n\n\n<h2 class=\"wp-block-heading\">And living heritage<\/h2>\n\n\n\n<p>Anglet, a breeding ground for local artisan talent, where traditional skills abound.\nHere, leather, earth, iron, wood, glass, wicker&#8230; are crafted with expertise, often handed down from generation to generation.\nInstitutions such as the Fabrique de Chistera Gonzalez or the Serres Horticoles Mendi, le Jardin de Tous, perpetuate these traditions with passion.  <\/p>\n\n\n\n<p>Some artisans also choose to share their know-how through participatory workshops, open to all.\nThese unique experiences offer the opportunity to discover and learn local craft techniques, while immersing yourself in the creative and friendly atmosphere of Anglet. <\/p>\n\n\n\n<div style=\"height:40px\" aria-hidden=\"true\" class=\"wp-block-spacer\"><\/div>\n\n\n\n<div class=\"wp-block-buttons is-layout-flex wp-block-buttons-is-layout-flex\">\n<div class=\"wp-block-button is-style-outline is-style-outline--7\"><a class=\"wp-block-button__link wp-element-button\" href=\"https:\/\/www.anglet-tourisme.com\/en\/know-how\/\">Meet our passionate craftsmen<\/a><\/div>\n<\/div>\n\n\n\n<div style=\"height:40px\" aria-hidden=\"true\" class=\"wp-block-spacer\"><\/div>\n<\/div><figure class=\"wp-block-media-text__media\"><img loading=\"lazy\" decoding=\"async\" width=\"1024\" height=\"683\" src=\"https:\/\/www.anglet-tourisme.com\/wp-content\/uploads\/2024\/05\/Maison-Gonzales-Anglet__RIB1617_\u00a9RiBLANC-1024x683.jpg\" alt=\"\" class=\"wp-image-1236 size-full\" style=\"object-position:50% 50%\" srcset=\"https:\/\/www.anglet-tourisme.com\/wp-content\/uploads\/2024\/05\/Maison-Gonzales-Anglet__RIB1617_\u00a9RiBLANC-1024x683.jpg 1024w, https:\/\/www.anglet-tourisme.com\/wp-content\/uploads\/2024\/05\/Maison-Gonzales-Anglet__RIB1617_\u00a9RiBLANC-800x534.jpg 800w, https:\/\/www.anglet-tourisme.com\/wp-content\/uploads\/2024\/05\/Maison-Gonzales-Anglet__RIB1617_\u00a9RiBLANC-768x512.jpg 768w, https:\/\/www.anglet-tourisme.com\/wp-content\/uploads\/2024\/05\/Maison-Gonzales-Anglet__RIB1617_\u00a9RiBLANC-1536x1025.jpg 1536w, https:\/\/www.anglet-tourisme.com\/wp-content\/uploads\/2024\/05\/Maison-Gonzales-Anglet__RIB1617_\u00a9RiBLANC.jpg 2000w\" sizes=\"auto, (max-width: 1024px) 100vw, 1024px\" \/><\/figure><\/div>\n\n\n\n<div style=\"height:80px\" aria-hidden=\"true\" class=\"wp-block-spacer\"><\/div>\n\n\n\n<div class=\"wp-block-media-text is-stacked-on-mobile is-image-fill-element\"><figure class=\"wp-block-media-text__media\"><img loading=\"lazy\" decoding=\"async\" width=\"1024\" height=\"683\" src=\"https:\/\/www.anglet-tourisme.com\/wp-content\/uploads\/2024\/05\/Le-Sunset-La-Marinella-Anglet__RIB9723_\u00a9RiBLANC-1024x683.jpg\" alt=\"\" class=\"wp-image-1244 size-full\" style=\"object-position:50% 50%\" srcset=\"https:\/\/www.anglet-tourisme.com\/wp-content\/uploads\/2024\/05\/Le-Sunset-La-Marinella-Anglet__RIB9723_\u00a9RiBLANC-1024x683.jpg 1024w, https:\/\/www.anglet-tourisme.com\/wp-content\/uploads\/2024\/05\/Le-Sunset-La-Marinella-Anglet__RIB9723_\u00a9RiBLANC-800x534.jpg 800w, https:\/\/www.anglet-tourisme.com\/wp-content\/uploads\/2024\/05\/Le-Sunset-La-Marinella-Anglet__RIB9723_\u00a9RiBLANC-768x512.jpg 768w, https:\/\/www.anglet-tourisme.com\/wp-content\/uploads\/2024\/05\/Le-Sunset-La-Marinella-Anglet__RIB9723_\u00a9RiBLANC-1536x1025.jpg 1536w, https:\/\/www.anglet-tourisme.com\/wp-content\/uploads\/2024\/05\/Le-Sunset-La-Marinella-Anglet__RIB9723_\u00a9RiBLANC.jpg 2000w\" sizes=\"auto, (max-width: 1024px) 100vw, 1024px\" \/><\/figure><div class=\"wp-block-media-text__content\">\n<h2 class=\"wp-block-heading\">A gourmet destination<\/h2>\n\n\n\n<p>Anglet&#8217;s unique terroir is home to the green and sweet piment d&#8217;Anglet pepper.\nA real local pride, this little vegetable is used in typical dishes such as piperade, chipirons \u00e0 la plancha and poulet basquaise, all of which are a tribute to the town&#8217;s tradition of market gardening. <\/p>\n\n\n\n<p>Other gourmet specialties to try include the famous Basque cake, delicious artisanal ice creams and the unmissable Krakada.\nFor gourmets looking for fresh, local and seasonal produce, head for the March\u00e9 de Quintaou and Halles 5 Cantons. <\/p>\n\n\n\n<p>Another point of pride is the beach huts that dot the coastal promenade, like so many invitations to take a break.\nSymbols of conviviality, they are a must for locals from April onwards (and until November) to drink coffee, have lunch or admire a sunset accompanied by tapas.\nThey complete the range of gourmet addresses and fine restaurants in Anglet.    <\/p>\n\n\n\n<div style=\"height:40px\" aria-hidden=\"true\" class=\"wp-block-spacer\"><\/div>\n\n\n\n<div class=\"wp-block-buttons is-layout-flex wp-block-buttons-is-layout-flex\">\n<div class=\"wp-block-button is-style-outline is-style-outline--8\"><a class=\"wp-block-button__link wp-element-button\" href=\"https:\/\/www.anglet-tourisme.com\/en\/gourmand\/\">Feeling hungry?<\/a><\/div>\n<\/div>\n\n\n\n<div style=\"height:40px\" aria-hidden=\"true\" class=\"wp-block-spacer\"><\/div>\n<\/div><\/div>\n\n\n\n<div style=\"height:80px\" aria-hidden=\"true\" class=\"wp-block-spacer\"><\/div>\n\n\n\n<div class=\"wp-block-media-text has-media-on-the-right is-stacked-on-mobile is-image-fill-element\"><div class=\"wp-block-media-text__content\">\n<h2 class=\"wp-block-heading\">The sport of kings<\/h2>\n\n\n\n<p>N\u00e9 en Polyn\u00e9sie, le surf (surnomm\u00e9 le sport des rois) est arriv\u00e9 en France et plus pr\u00e9cis\u00e9ment sur la C\u00f4te basque dans les ann\u00e9es 50. Depuis cette \u00e9poque, \u00e0 Anglet, professionnels, amateurs et d\u00e9butants s&#8217;entra\u00eenent et \u00e9voluent dans les vagues du littoral angloy.<\/p>\n\n\n\n<p>In addition to surfing, a whole economy and culture have developed: surf schools, surf shops, shapers (board manufacturers), international competitions, surf film festival, crosswalks in the shape of surfboards&#8230; And even a Hollywood boulevard dedicated to this discipline, called Anglet Surf Avenue, where the footprints of the most illustrious are sealed: Kelly Slater, J\u00e9r\u00e9my Flores, Johane Defaye, Michel Bourez, Mick Fanning, Tom Curren&#8230;<\/p>\n\n\n\n<div style=\"height:40px\" aria-hidden=\"true\" class=\"wp-block-spacer\"><\/div>\n\n\n\n<div class=\"wp-block-buttons is-layout-flex wp-block-buttons-is-layout-flex\">\n<div class=\"wp-block-button is-style-outline is-style-outline--9\"><a class=\"wp-block-button__link wp-element-button\" href=\"https:\/\/www.anglet-tourisme.com\/en\/anglet-surf-destination\/\">Learn more<\/a><\/div>\n<\/div>\n\n\n\n<div style=\"height:40px\" aria-hidden=\"true\" class=\"wp-block-spacer\"><\/div>\n<\/div><figure class=\"wp-block-media-text__media\"><img loading=\"lazy\" decoding=\"async\" width=\"1024\" height=\"682\" src=\"https:\/\/www.anglet-tourisme.com\/wp-content\/uploads\/2024\/12\/mathis-crozon-fra-anglet_7rib3472_copyriblanc-1024x682.jpg\" alt=\"\" class=\"wp-image-14238 size-full\" style=\"object-position:51% 49%\" srcset=\"https:\/\/www.anglet-tourisme.com\/wp-content\/uploads\/2024\/12\/mathis-crozon-fra-anglet_7rib3472_copyriblanc-1024x682.jpg 1024w, https:\/\/www.anglet-tourisme.com\/wp-content\/uploads\/2024\/12\/mathis-crozon-fra-anglet_7rib3472_copyriblanc-800x533.jpg 800w, https:\/\/www.anglet-tourisme.com\/wp-content\/uploads\/2024\/12\/mathis-crozon-fra-anglet_7rib3472_copyriblanc-150x100.jpg 150w, https:\/\/www.anglet-tourisme.com\/wp-content\/uploads\/2024\/12\/mathis-crozon-fra-anglet_7rib3472_copyriblanc-768x512.jpg 768w, https:\/\/www.anglet-tourisme.com\/wp-content\/uploads\/2024\/12\/mathis-crozon-fra-anglet_7rib3472_copyriblanc-1536x1024.jpg 1536w, https:\/\/www.anglet-tourisme.com\/wp-content\/uploads\/2024\/12\/mathis-crozon-fra-anglet_7rib3472_copyriblanc.jpg 2000w\" sizes=\"auto, (max-width: 1024px) 100vw, 1024px\" \/><\/figure><\/div>\n\n\n\n<div style=\"height:80px\" aria-hidden=\"true\" class=\"wp-block-spacer\"><\/div>\n\n\n\n<div class=\"wp-block-media-text is-stacked-on-mobile\"><figure class=\"wp-block-media-text__media\"><img loading=\"lazy\" decoding=\"async\" width=\"1024\" height=\"682\" src=\"https:\/\/www.anglet-tourisme.com\/wp-content\/uploads\/2024\/12\/yoga-i-love-anglet-anglet_1rib4458_copyriblanc-1024x682.jpg\" alt=\"\" class=\"wp-image-14246 size-full\" srcset=\"https:\/\/www.anglet-tourisme.com\/wp-content\/uploads\/2024\/12\/yoga-i-love-anglet-anglet_1rib4458_copyriblanc-1024x682.jpg 1024w, https:\/\/www.anglet-tourisme.com\/wp-content\/uploads\/2024\/12\/yoga-i-love-anglet-anglet_1rib4458_copyriblanc-800x533.jpg 800w, https:\/\/www.anglet-tourisme.com\/wp-content\/uploads\/2024\/12\/yoga-i-love-anglet-anglet_1rib4458_copyriblanc-150x100.jpg 150w, https:\/\/www.anglet-tourisme.com\/wp-content\/uploads\/2024\/12\/yoga-i-love-anglet-anglet_1rib4458_copyriblanc-768x512.jpg 768w, https:\/\/www.anglet-tourisme.com\/wp-content\/uploads\/2024\/12\/yoga-i-love-anglet-anglet_1rib4458_copyriblanc-1536x1024.jpg 1536w, https:\/\/www.anglet-tourisme.com\/wp-content\/uploads\/2024\/12\/yoga-i-love-anglet-anglet_1rib4458_copyriblanc.jpg 2000w\" sizes=\"auto, (max-width: 1024px) 100vw, 1024px\" \/><\/figure><div class=\"wp-block-media-text__content\">\n<p>Anglet is a natural town where the good life reigns, and a wellness destination par excellence.\nYoga sessions, surfing lessons, initiation to Basque pelota, relaxation in the thalassotherapy, visits to first-aid posts, craft and creative workshops&#8230; <\/p>\n\n\n\n<p>Let yourself be carried away and breathe&#8230; You&#8217;re in Anglet!<\/p>\n\n\n\n<div style=\"height:40px\" aria-hidden=\"true\" class=\"wp-block-spacer\"><\/div>\n\n\n\n<div class=\"wp-block-buttons is-layout-flex wp-block-buttons-is-layout-flex\">\n<div class=\"wp-block-button is-style-outline is-style-outline--10\"><a class=\"wp-block-button__link wp-element-button\" href=\"https:\/\/www.anglet-tourisme.com\/en\/anglet-tourist-office\/\">Need more information about the destination?<\/a><\/div>\n<\/div>\n\n\n\n<div style=\"height:20px\" aria-hidden=\"true\" class=\"wp-block-spacer\"><\/div>\n<\/div><\/div>\n","protected":false},"excerpt":{"rendered":"<p>Anglet is part of the Basque province of Labourd (the Basque Country has 7 provinces, 3 on the French side and 4 on the Spanish side). Situated between historic Bayonne and cosmopolitan Biarritz, Anglet represents a perfect balance between unspoilt nature and urban dynamism. With 4.5 kilometers of coastline, 230 [&hellip;]<\/p>\n","protected":false},"author":1,"featured_media":1169,"parent":0,"menu_order":0,"comment_status":"closed","ping_status":"closed","template":"","meta":{"_acf_changed":false,"_seopress_robots_primary_cat":"","_seopress_titles_title":"Discover Anglet: welcome to Anglet, your town on the Basque Coast","_seopress_titles_desc":"Let yourself be charmed by the town of Anglet, your ideal destination on the Basque coast, where culture and relaxation meet.","_seopress_robots_index":"","footnotes":""},"class_list":["post-12773","page","type-page","status-publish","has-post-thumbnail"],"acf":[],"_links":{"self":[{"href":"https:\/\/www.anglet-tourisme.com\/en\/wp-json\/wp\/v2\/pages\/12773","targetHints":{"allow":["GET"]}}],"collection":[{"href":"https:\/\/www.anglet-tourisme.com\/en\/wp-json\/wp\/v2\/pages"}],"about":[{"href":"https:\/\/www.anglet-tourisme.com\/en\/wp-json\/wp\/v2\/types\/page"}],"author":[{"embeddable":true,"href":"https:\/\/www.anglet-tourisme.com\/en\/wp-json\/wp\/v2\/users\/1"}],"replies":[{"embeddable":true,"href":"https:\/\/www.anglet-tourisme.com\/en\/wp-json\/wp\/v2\/comments?post=12773"}],"version-history":[{"count":2,"href":"https:\/\/www.anglet-tourisme.com\/en\/wp-json\/wp\/v2\/pages\/12773\/revisions"}],"predecessor-version":[{"id":14334,"href":"https:\/\/www.anglet-tourisme.com\/en\/wp-json\/wp\/v2\/pages\/12773\/revisions\/14334"}],"wp:featuredmedia":[{"embeddable":true,"href":"https:\/\/www.anglet-tourisme.com\/en\/wp-json\/wp\/v2\/media\/1169"}],"wp:attachment":[{"href":"https:\/\/www.anglet-tourisme.com\/en\/wp-json\/wp\/v2\/media?parent=12773"}],"curies":[{"name":"wp","href":"https:\/\/api.w.org\/{rel}","templated":true}]}}