{"id":12806,"date":"2024-04-30T15:30:14","date_gmt":"2024-04-30T13:30:14","guid":{"rendered":"https:\/\/www.anglet-tourisme.com\/pignada-and-lazaret-forests\/"},"modified":"2025-11-12T10:54:56","modified_gmt":"2025-11-12T09:54:56","slug":"pignada-and-lazaret-forests","status":"publish","type":"page","link":"https:\/\/www.anglet-tourisme.com\/en\/nature\/pignada-and-lazaret-forests\/","title":{"rendered":"Pignada and Lazaret forests"},"content":{"rendered":"\n<div class=\"wp-block-columns is-layout-flex wp-container-core-columns-is-layout-9d6595d7 wp-block-columns-is-layout-flex\">\n<div class=\"wp-block-column is-layout-flow wp-block-column-is-layout-flow\" style=\"flex-basis:33.33%\"><div class=\"highlight-bloc-container \" id=\"ts-block-65368af54ee28\"  >\n\t<div class=\"highlight-bloc-content\">\n\t\t<div class=\"acf-innerblocks-container\">\n\n<h1 class=\"wp-block-heading suptitle\">Pignada and Lazaret forests<\/h1>\n\n<\/div>\t<\/div>\n<\/div>\n<\/div>\n\n\n\n<div class=\"wp-block-column is-layout-flow wp-block-column-is-layout-flow\" style=\"flex-basis:66.66%\">\n<p>A veritable <strong>jewel case of greenery<\/strong> <strong>bordered by the ocean<\/strong>, Anglet boasts a 220-hectare <strong>forest<\/strong> at its heart.<\/p>\n\n\n\n<p>Inspired by the town&#8217;s Gascon motto, <strong>&#8220;Ma e pignada per m&#8217;aida&#8221;<\/strong>, which means <strong>&#8220;The sea and the pine forest to help me&#8221;<\/strong>, this destination offers a truly <strong>green escape<\/strong>. Ideal for <strong>recharging your batteries<\/strong> and <strong>reconnecting<\/strong> with <strong>nature<\/strong>, Anglet&#8217;s forested areas invite you to take advantage of its <strong>shady paths<\/strong>, between the majestic <strong>pines<\/strong> of <strong>Pignada<\/strong> or <strong>Lazaret<\/strong>.<\/p>\n\n\n\n<p><strong>On foot<\/strong>, <strong>by bike<\/strong> or <strong>on horseback<\/strong>, explore these <strong>wooded areas<\/strong> and let the delicate <strong>scents of resin<\/strong> and wood envelop you.<\/p>\n\n\n\n<p>Treat yourself to a peaceful interlude and recharge your batteries in the heart of <strong>unspoilt nature<\/strong>, a <strong>source of plant energy<\/strong>.<\/p>\n<\/div>\n<\/div>\n\n\n\n<div style=\"height:80px\" aria-hidden=\"true\" class=\"wp-block-spacer\"><\/div>\n\n\n\n<section class=\"wp-block-group alignwide has-orange-light-background-color has-background\"><div class=\"wp-block-group__inner-container is-layout-constrained wp-block-group-is-layout-constrained\">\n<div class=\"wp-block-columns is-layout-flex wp-container-core-columns-is-layout-9d6595d7 wp-block-columns-is-layout-flex\">\n<div class=\"wp-block-column is-layout-flow wp-block-column-is-layout-flow\" style=\"flex-basis:50%\"><div class=\"banner-container  text-shadow with-overlay btn-hover img-zoom\" id=\"ts-block-6629264d16d2a\"  >\n\t\t<a href=\"\/en\/on-the-move-in-anglet\/activities\/anglet\/PNAAQU064FS00002-foret-du-pignada\/\" target=\"\">\n\t\t\t<div class=\"banner-content\">\n\n<div class=\"wp-block-cover has-custom-content-position is-position-top-left\" style=\"min-height:350px;aspect-ratio:unset;\"><img loading=\"lazy\" decoding=\"async\" width=\"2000\" height=\"1334\" class=\"wp-block-cover__image-background wp-image-5645\" alt=\"\" src=\"https:\/\/www.anglet-tourisme.com\/wp-content\/uploads\/2024\/06\/Balade-en-foret-Anglet__RIB7777_\u00a9RiBLANC-1.jpg\" data-object-fit=\"cover\" srcset=\"https:\/\/www.anglet-tourisme.com\/wp-content\/uploads\/2024\/06\/Balade-en-foret-Anglet__RIB7777_\u00a9RiBLANC-1.jpg 2000w, https:\/\/www.anglet-tourisme.com\/wp-content\/uploads\/2024\/06\/Balade-en-foret-Anglet__RIB7777_\u00a9RiBLANC-1-800x534.jpg 800w, https:\/\/www.anglet-tourisme.com\/wp-content\/uploads\/2024\/06\/Balade-en-foret-Anglet__RIB7777_\u00a9RiBLANC-1-1024x683.jpg 1024w, https:\/\/www.anglet-tourisme.com\/wp-content\/uploads\/2024\/06\/Balade-en-foret-Anglet__RIB7777_\u00a9RiBLANC-1-768x512.jpg 768w, https:\/\/www.anglet-tourisme.com\/wp-content\/uploads\/2024\/06\/Balade-en-foret-Anglet__RIB7777_\u00a9RiBLANC-1-1536x1025.jpg 1536w\" sizes=\"auto, (max-width: 2000px) 100vw, 2000px\" \/><span aria-hidden=\"true\" class=\"wp-block-cover__background has-background-dim\"><\/span><div class=\"wp-block-cover__inner-container is-layout-flow wp-block-cover-is-layout-flow\">\n<h3 class=\"wp-block-heading has-white-color has-text-color has-link-color wp-elements-e58c2697e2088e37b69ca25f7eb02e97\">Pignada forest<\/h3>\n<\/div><\/div>\n\n<\/div>\t\t\t\t\t<div class=\"wp-block-button is-style-outline\">\n\t\t\t<button class=\"wp-block-button__link\">Discover<\/button>\n\t\t<\/div>\n\t\t\t<\/a>\n\t\t<\/div>\n<\/div>\n\n\n\n<div class=\"wp-block-column is-layout-flow wp-block-column-is-layout-flow\" style=\"flex-basis:50%\"><div class=\"banner-container  text-shadow with-overlay btn-hover img-zoom\" id=\"ts-block-6629264d16e04\"  >\n\t\t<a href=\"\/en\/on-the-move-in-anglet\/activities\/anglet\/PNAAQU064V5BVYE9-foret-du-lazaret\/\" target=\"\">\n\t\t\t<div class=\"banner-content\">\n\n<div class=\"wp-block-cover has-custom-content-position is-position-top-left\" style=\"min-height:350px;aspect-ratio:unset;\"><img loading=\"lazy\" decoding=\"async\" width=\"2000\" height=\"1334\" class=\"wp-block-cover__image-background wp-image-5661\" alt=\"\" src=\"https:\/\/www.anglet-tourisme.com\/wp-content\/uploads\/2024\/06\/AURORE1.jpg\" data-object-fit=\"cover\" srcset=\"https:\/\/www.anglet-tourisme.com\/wp-content\/uploads\/2024\/06\/AURORE1.jpg 2000w, https:\/\/www.anglet-tourisme.com\/wp-content\/uploads\/2024\/06\/AURORE1-800x534.jpg 800w, https:\/\/www.anglet-tourisme.com\/wp-content\/uploads\/2024\/06\/AURORE1-1024x683.jpg 1024w, https:\/\/www.anglet-tourisme.com\/wp-content\/uploads\/2024\/06\/AURORE1-768x512.jpg 768w, https:\/\/www.anglet-tourisme.com\/wp-content\/uploads\/2024\/06\/AURORE1-1536x1025.jpg 1536w\" sizes=\"auto, (max-width: 2000px) 100vw, 2000px\" \/><span aria-hidden=\"true\" class=\"wp-block-cover__background has-background-dim\"><\/span><div class=\"wp-block-cover__inner-container is-layout-flow wp-block-cover-is-layout-flow\">\n<h3 class=\"wp-block-heading has-white-color has-text-color has-link-color wp-elements-c2d14953c7fbde073a5e69600efd1749\">Lazaret forest<\/h3>\n<\/div><\/div>\n\n<\/div>\t\t\t\t\t<div class=\"wp-block-button is-style-outline\">\n\t\t\t<button class=\"wp-block-button__link\">Discover<\/button>\n\t\t<\/div>\n\t\t\t<\/a>\n\t\t<\/div>\n<\/div>\n<\/div>\n<\/div><\/section>\n\n\n\n<div style=\"height:80px\" aria-hidden=\"true\" class=\"wp-block-spacer\"><\/div>\n\n\n<div id=\"ts-block-66390544d34f8\"  class=\"title-bloc-container\">\n\t\t<div class=\"title-bloc-content\">\n\t\t<div class=\"title-bloc\" >\n\t\t\t<div class=\"acf-innerblocks-container\">\n\n<p class=\"suptitle\">Focus on&#8230;<\/p>\n\n\n\n<h2 class=\"wp-block-heading\">Parc Izadia in Anglet, a biodiversity sanctuary at the mouth of the Adour river<\/h2>\n\n<\/div>\t\t<\/div>\n\t\t\t<\/div>\n<\/div>\n\n\n\n<div class=\"wp-block-media-text is-stacked-on-mobile is-image-fill-element\" style=\"grid-template-columns:60% auto\"><figure class=\"wp-block-media-text__media\"><img decoding=\"async\" src=\"https:\/\/www.anglet-tourisme.com\/wp-content\/uploads\/2024\/05\/ZOOM-IZADIA-13-04-23-expo-izadia-carnet-bord-de-mer-LM-2-1024x683.jpg\" alt=\"\" class=\"wp-image-1566 size-full\" style=\"object-position:50% 50%\"\/><\/figure><div class=\"wp-block-media-text__content\">\n<p>Discover the Izadia Park in Anglet, a biodiversity sanctuary nestling at the mouth of the Adour River. This 15-hectare ecological gem offers a fascinating immersion in coastal ecosystems. Follow a path lined with 10 stations to learn about the harmony and interactions between natural habitats. Observe an incredible diversity of flora and fauna as you stroll along.<\/p>\n\n\n\n<p>Classified as a Natura 2000 site and Espace Naturel Sensible, it is a haven for wildlife, as are the surrounding forests of Pignada and Lazaret.\nWhether you opt for a guided tour to deepen your understanding, or prefer to explore at your own pace with the aid of a leaflet or digital tablet, Parc Izadia promises an unforgettable experience in the heart of unspoilt nature. <\/p>\n\n\n\n<p>Izadia also offers exhibitions and scientific workshops for the general public, in collaboration with local biodiversity associations.<\/p>\n\n\n\n<div style=\"height:40px\" aria-hidden=\"true\" class=\"wp-block-spacer\"><\/div>\n\n\n\n<div class=\"wp-block-buttons is-layout-flex wp-block-buttons-is-layout-flex\">\n<div class=\"wp-block-button is-style-outline is-style-outline--1\"><a class=\"wp-block-button__link wp-element-button\" href=\"\/en\/on-the-move-in-anglet\/activities\/anglet\/LOIAQU064FS00079-parc-ecologique-izadia\/\">Learn more<\/a><\/div>\n<\/div>\n<\/div><\/div>\n\n\n\n<div style=\"height:80px\" aria-hidden=\"true\" class=\"wp-block-spacer\"><\/div>\n\n\n\n<section class=\"wp-block-group alignwide has-light-green-background-color has-background\"><div class=\"wp-block-group__inner-container is-layout-constrained wp-block-group-is-layout-constrained\"><div id=\"ts-block-66390544d3551\"  class=\"title-bloc-container px-xl aligncenter\">\n\t\t<div class=\"title-bloc-content\">\n\t\t<div class=\"title-bloc\" >\n\t\t\t<div class=\"acf-innerblocks-container\">\n\n<h2 class=\"wp-block-heading\">You may also like&#8230;<\/h2>\n\n<\/div>\t\t<\/div>\n\t\t\t<\/div>\n<\/div>\n\n\n<div id=\"ts-block-66390544d64d3\"  class=\"is-style-horizontal\">\n\t<div class=\"swiper-container tis_item_box-swiper\"><div data-block_id=\"ts-block-66390544d64d3\" class=\"tis_item_box_container img-zoom columns-2  with-slide slide-ts-block-66390544d64d3\"><div class=\"swiper-wrapper\" data-nb_col=\"2\" id=\"ts-block-66390544d64d3\"><article class=\"tis-box swiper-slide \">\n\t<a href=\"https:\/\/www.anglet-tourisme.com\/en\/on-the-move-in-anglet\/activities\/anglet\/ASCAQU064V5BN823-chasse-au-tresor-terra-aventura-touche-pas-a-mon-pignada\/\">\n\t\t<div class=\"tis-item-cover \">\n\t\t\t\t\t\t<img decoding=\"async\" src=\"https:\/\/cdt64.media.tourinsoft.eu\/upload\/Terra-Aventura-Anglet--RIB7602-Modifier--RiBLANC--1-.jpg?width=450\" title=\"Chasse au tr\u00e9sor T\u00e8rra Aventura Touche pas \u00e0 mon Pignada !\" alt=\"Chasse au tr\u00e9sor T\u00e8rra Aventura Touche pas \u00e0 mon Pignada !\" loading=\"lazy\" \/>\n\t\t\t\t\t<div class=\"tis-item-label-container\">\n\t\t\t\t\t\t\t<!--<span class=\"tis-item-handicap\"><img decoding=\"async\" src=\"https:\/\/www.anglet-tourisme.com\/wp-content\/plugins\/tourinsoft-syndication\/assets\/images\/icon-handicap.svg\" title=\"\" alt=\"\" \/><\/span>-->\n\t\t\t\t\t\t\t\t\t<\/div>\n\t\t\t\t\t<\/div>\t\t\n\t<\/a>\n\t<div class=\"tis-item-info\">\n\t\t<span class=\"tis-item-type\">Activit\u00e9s sportives, activit\u00e9s culturelles et prestataires de s\u00e9jours itin\u00e9rants<\/span>\t\t<h3>Chasse au tr\u00e9sor T\u00e8rra Aventura &#8220;Touche pas \u00e0 mon Pignada !&#8221;<\/h3>\n\t\t\t\t\t\t\t\t<p>&#8220;T\u00e8rra Aventura&#8221; is an original walk, a treasure hunt of just a few kilometers, which&hellip;<\/p>\t\t<strong class=\"tis-box-city\">ANGLET<\/strong>\t\t\n\t\t\n\t\t\t\t\t<div class=\"wp-block-button\">\n\t\t\t\t<a href=\"https:\/\/www.anglet-tourisme.com\/en\/on-the-move-in-anglet\/activities\/anglet\/ASCAQU064V5BN823-chasse-au-tresor-terra-aventura-touche-pas-a-mon-pignada\/\" class=\"has-black-color has-white-background-color has-text-color has-background has-link-color wp-element-button\"><img decoding=\"async\" src=\"https:\/\/www.anglet-tourisme.com\/wp-content\/themes\/onk-tourisme\/assets\/images\/arrow-right-2.svg\" alt=\"See more\" \/><\/a>\n\t\t\t<\/div>\n\t\t\t\t\n\t<\/div>\n<\/article><article class=\"tis-box swiper-slide \">\n\t<a href=\"https:\/\/www.anglet-tourisme.com\/en\/itineraries\/anglet\/ITIAQU064V5BDNQV-voie-verte-du-pignada\/\">\n\t\t<div class=\"tis-item-cover \">\n\t\t\t\t\t\t<img decoding=\"async\" src=\"https:\/\/cdt64.media.tourinsoft.eu\/upload\/Balade-a-Velo-Anglet--RIB7669--RiBLANC-2.jpg?width=450\" title=\"Voie verte du Pignada\" alt=\"Voie verte du Pignada\" loading=\"lazy\" \/>\n\t\t\t\t\t<div class=\"tis-item-label-container\">\n\t\t\t\t\t\t\t<!--<span class=\"tis-item-handicap\"><img decoding=\"async\" src=\"https:\/\/www.anglet-tourisme.com\/wp-content\/plugins\/tourinsoft-syndication\/assets\/images\/icon-handicap.svg\" title=\"\" alt=\"\" \/><\/span>-->\n\t\t\t\t\t\t\t\t\t<\/div>\n\t\t\t\t\t<\/div>\t\t\n\t<\/a>\n\t<div class=\"tis-item-info\">\n\t\t<span class=\"tis-item-type\">Itin\u00e9raires touristiques<\/span>\t\t<h3>Voie verte du Pignada<\/h3>\n\t\t\t\t\t\t\t\t<p>Direction Anglet for a bike ride on equipped roads. We leave to the discovery of&hellip;<\/p>\t\t<strong class=\"tis-box-city\">ANGLET<\/strong>\t\t\n\t\t\n\t\t\t\t\t<div class=\"wp-block-button\">\n\t\t\t\t<a href=\"https:\/\/www.anglet-tourisme.com\/en\/itineraries\/anglet\/ITIAQU064V5BDNQV-voie-verte-du-pignada\/\" class=\"has-black-color has-white-background-color has-text-color has-background has-link-color wp-element-button\"><img decoding=\"async\" src=\"https:\/\/www.anglet-tourisme.com\/wp-content\/themes\/onk-tourisme\/assets\/images\/arrow-right-2.svg\" alt=\"See more\" \/><\/a>\n\t\t\t<\/div>\n\t\t\t\t\n\t<\/div>\n<\/article><\/div><\/div><div class=\"swiper-button-prev prev-ts-block-66390544d64d3\"><\/div><div class=\"swiper-button-next next-ts-block-66390544d64d3\"><\/div><\/div><\/div>\n<\/div><\/section>\n","protected":false},"excerpt":{"rendered":"<p>A veritable jewel case of greenery bordered by the ocean, Anglet boasts a 220-hectare forest at its heart. Inspired by the town&#8217;s Gascon motto, &#8220;Ma e pignada per m&#8217;aida&#8221;, which means &#8220;The sea and the pine forest to help me&#8221;, this destination offers a truly green escape. Ideal for recharging [&hellip;]<\/p>\n","protected":false},"author":1,"featured_media":5643,"parent":12961,"menu_order":0,"comment_status":"closed","ping_status":"closed","template":"","meta":{"_acf_changed":false,"_seopress_robots_primary_cat":"","_seopress_titles_title":"For\u00eats du Pignada et du Lazaret in Anglet: sensitive natural sites in Anglet","_seopress_titles_desc":"Discover the Pignada and Lazaret forests in Anglet, true green refuges ideal for escape and natural relaxation.","_seopress_robots_index":"","footnotes":""},"class_list":["post-12806","page","type-page","status-publish","has-post-thumbnail"],"acf":[],"_links":{"self":[{"href":"https:\/\/www.anglet-tourisme.com\/en\/wp-json\/wp\/v2\/pages\/12806","targetHints":{"allow":["GET"]}}],"collection":[{"href":"https:\/\/www.anglet-tourisme.com\/en\/wp-json\/wp\/v2\/pages"}],"about":[{"href":"https:\/\/www.anglet-tourisme.com\/en\/wp-json\/wp\/v2\/types\/page"}],"author":[{"embeddable":true,"href":"https:\/\/www.anglet-tourisme.com\/en\/wp-json\/wp\/v2\/users\/1"}],"replies":[{"embeddable":true,"href":"https:\/\/www.anglet-tourisme.com\/en\/wp-json\/wp\/v2\/comments?post=12806"}],"version-history":[{"count":2,"href":"https:\/\/www.anglet-tourisme.com\/en\/wp-json\/wp\/v2\/pages\/12806\/revisions"}],"predecessor-version":[{"id":19319,"href":"https:\/\/www.anglet-tourisme.com\/en\/wp-json\/wp\/v2\/pages\/12806\/revisions\/19319"}],"up":[{"embeddable":true,"href":"https:\/\/www.anglet-tourisme.com\/en\/wp-json\/wp\/v2\/pages\/12961"}],"wp:featuredmedia":[{"embeddable":true,"href":"https:\/\/www.anglet-tourisme.com\/en\/wp-json\/wp\/v2\/media\/5643"}],"wp:attachment":[{"href":"https:\/\/www.anglet-tourisme.com\/en\/wp-json\/wp\/v2\/media?parent=12806"}],"curies":[{"name":"wp","href":"https:\/\/api.w.org\/{rel}","templated":true}]}}