{"id":12862,"date":"2024-05-30T10:21:21","date_gmt":"2024-05-30T08:21:21","guid":{"rendered":"https:\/\/www.anglet-tourisme.com\/from-anglet\/bayonne-chocolate-museum\/"},"modified":"2024-10-18T15:58:57","modified_gmt":"2024-10-18T13:58:57","slug":"bayonne-chocolate-museum","status":"publish","type":"page","link":"https:\/\/www.anglet-tourisme.com\/en\/from-anglet\/bayonne-chocolate-museum\/","title":{"rendered":"Bayonne Chocolate Museum"},"content":{"rendered":"\n<div class=\"wp-block-group\"><div class=\"wp-block-group__inner-container is-layout-constrained wp-block-group-is-layout-constrained\">\n<div class=\"wp-block-columns is-layout-flex wp-container-core-columns-is-layout-9d6595d7 wp-block-columns-is-layout-flex\">\n<div class=\"wp-block-column is-vertically-aligned-top is-layout-flow wp-block-column-is-layout-flow\">\n<figure class=\"wp-block-gallery has-nested-images columns-2 is-cropped wp-block-gallery-1 is-layout-flex wp-block-gallery-is-layout-flex\">\n<figure data-wp-context=\"{&quot;imageId&quot;:&quot;69f0f79b5fade&quot;}\" data-wp-interactive=\"core\/image\" data-wp-key=\"69f0f79b5fade\" class=\"wp-block-image size-large wp-lightbox-container\"><img loading=\"lazy\" decoding=\"async\" width=\"1024\" height=\"682\" data-wp-class--hide=\"state.isContentHidden\" data-wp-class--show=\"state.isContentVisible\" data-wp-init=\"callbacks.setButtonStyles\" data-wp-on--click=\"actions.showLightbox\" data-wp-on--load=\"callbacks.setButtonStyles\" data-wp-on-window--resize=\"callbacks.setButtonStyles\" data-id=\"4618\" src=\"https:\/\/www.anglet-tourisme.com\/wp-content\/uploads\/2024\/05\/POL_0086-modifie-1-1024x682.jpg\" alt=\"\" class=\"wp-image-4618\" srcset=\"https:\/\/www.anglet-tourisme.com\/wp-content\/uploads\/2024\/05\/POL_0086-modifie-1-1024x682.jpg 1024w, https:\/\/www.anglet-tourisme.com\/wp-content\/uploads\/2024\/05\/POL_0086-modifie-1-800x533.jpg 800w, https:\/\/www.anglet-tourisme.com\/wp-content\/uploads\/2024\/05\/POL_0086-modifie-1-768x512.jpg 768w, https:\/\/www.anglet-tourisme.com\/wp-content\/uploads\/2024\/05\/POL_0086-modifie-1-1536x1024.jpg 1536w, https:\/\/www.anglet-tourisme.com\/wp-content\/uploads\/2024\/05\/POL_0086-modifie-1.jpg 2000w\" sizes=\"auto, (max-width: 1024px) 100vw, 1024px\" \/><button\n\t\t\tclass=\"lightbox-trigger\"\n\t\t\ttype=\"button\"\n\t\t\taria-haspopup=\"dialog\"\n\t\t\taria-label=\"Enlarge\"\n\t\t\tdata-wp-init=\"callbacks.initTriggerButton\"\n\t\t\tdata-wp-on--click=\"actions.showLightbox\"\n\t\t\tdata-wp-style--right=\"state.imageButtonRight\"\n\t\t\tdata-wp-style--top=\"state.imageButtonTop\"\n\t\t>\n\t\t\t<svg xmlns=\"http:\/\/www.w3.org\/2000\/svg\" width=\"12\" height=\"12\" fill=\"none\" viewBox=\"0 0 12 12\">\n\t\t\t\t<path fill=\"#fff\" d=\"M2 0a2 2 0 0 0-2 2v2h1.5V2a.5.5 0 0 1 .5-.5h2V0H2Zm2 10.5H2a.5.5 0 0 1-.5-.5V8H0v2a2 2 0 0 0 2 2h2v-1.5ZM8 12v-1.5h2a.5.5 0 0 0 .5-.5V8H12v2a2 2 0 0 1-2 2H8Zm2-12a2 2 0 0 1 2 2v2h-1.5V2a.5.5 0 0 0-.5-.5H8V0h2Z\" \/>\n\t\t\t<\/svg>\n\t\t<\/button><\/figure>\n\n\n\n<figure data-wp-context=\"{&quot;imageId&quot;:&quot;69f0f79b6017f&quot;}\" data-wp-interactive=\"core\/image\" data-wp-key=\"69f0f79b6017f\" class=\"wp-block-image size-large wp-lightbox-container\"><img loading=\"lazy\" decoding=\"async\" width=\"1024\" height=\"683\" data-wp-class--hide=\"state.isContentHidden\" data-wp-class--show=\"state.isContentVisible\" data-wp-init=\"callbacks.setButtonStyles\" data-wp-on--click=\"actions.showLightbox\" data-wp-on--load=\"callbacks.setButtonStyles\" data-wp-on-window--resize=\"callbacks.setButtonStyles\" data-id=\"4621\" src=\"https:\/\/www.anglet-tourisme.com\/wp-content\/uploads\/2024\/05\/bixoko-atelier-du-chocolat-19-1-1024x683.jpg\" alt=\"\" class=\"wp-image-4621\" srcset=\"https:\/\/www.anglet-tourisme.com\/wp-content\/uploads\/2024\/05\/bixoko-atelier-du-chocolat-19-1-1024x683.jpg 1024w, https:\/\/www.anglet-tourisme.com\/wp-content\/uploads\/2024\/05\/bixoko-atelier-du-chocolat-19-1-800x534.jpg 800w, https:\/\/www.anglet-tourisme.com\/wp-content\/uploads\/2024\/05\/bixoko-atelier-du-chocolat-19-1-768x512.jpg 768w, https:\/\/www.anglet-tourisme.com\/wp-content\/uploads\/2024\/05\/bixoko-atelier-du-chocolat-19-1-1536x1025.jpg 1536w, https:\/\/www.anglet-tourisme.com\/wp-content\/uploads\/2024\/05\/bixoko-atelier-du-chocolat-19-1.jpg 2000w\" sizes=\"auto, (max-width: 1024px) 100vw, 1024px\" \/><button\n\t\t\tclass=\"lightbox-trigger\"\n\t\t\ttype=\"button\"\n\t\t\taria-haspopup=\"dialog\"\n\t\t\taria-label=\"Enlarge\"\n\t\t\tdata-wp-init=\"callbacks.initTriggerButton\"\n\t\t\tdata-wp-on--click=\"actions.showLightbox\"\n\t\t\tdata-wp-style--right=\"state.imageButtonRight\"\n\t\t\tdata-wp-style--top=\"state.imageButtonTop\"\n\t\t>\n\t\t\t<svg xmlns=\"http:\/\/www.w3.org\/2000\/svg\" width=\"12\" height=\"12\" fill=\"none\" viewBox=\"0 0 12 12\">\n\t\t\t\t<path fill=\"#fff\" d=\"M2 0a2 2 0 0 0-2 2v2h1.5V2a.5.5 0 0 1 .5-.5h2V0H2Zm2 10.5H2a.5.5 0 0 1-.5-.5V8H0v2a2 2 0 0 0 2 2h2v-1.5ZM8 12v-1.5h2a.5.5 0 0 0 .5-.5V8H12v2a2 2 0 0 1-2 2H8Zm2-12a2 2 0 0 1 2 2v2h-1.5V2a.5.5 0 0 0-.5-.5H8V0h2Z\" \/>\n\t\t\t<\/svg>\n\t\t<\/button><\/figure>\n\n\n\n<figure data-wp-context=\"{&quot;imageId&quot;:&quot;69f0f79b60779&quot;}\" data-wp-interactive=\"core\/image\" data-wp-key=\"69f0f79b60779\" class=\"wp-block-image size-large wp-lightbox-container\"><img loading=\"lazy\" decoding=\"async\" width=\"1024\" height=\"683\" data-wp-class--hide=\"state.isContentHidden\" data-wp-class--show=\"state.isContentVisible\" data-wp-init=\"callbacks.setButtonStyles\" data-wp-on--click=\"actions.showLightbox\" data-wp-on--load=\"callbacks.setButtonStyles\" data-wp-on-window--resize=\"callbacks.setButtonStyles\" data-id=\"4615\" src=\"https:\/\/www.anglet-tourisme.com\/wp-content\/uploads\/2024\/05\/bixoko-atelier-du-chocolat-2-1-1024x683.jpg\" alt=\"\" class=\"wp-image-4615\" srcset=\"https:\/\/www.anglet-tourisme.com\/wp-content\/uploads\/2024\/05\/bixoko-atelier-du-chocolat-2-1-1024x683.jpg 1024w, https:\/\/www.anglet-tourisme.com\/wp-content\/uploads\/2024\/05\/bixoko-atelier-du-chocolat-2-1-800x534.jpg 800w, https:\/\/www.anglet-tourisme.com\/wp-content\/uploads\/2024\/05\/bixoko-atelier-du-chocolat-2-1-768x512.jpg 768w, https:\/\/www.anglet-tourisme.com\/wp-content\/uploads\/2024\/05\/bixoko-atelier-du-chocolat-2-1-1536x1025.jpg 1536w, https:\/\/www.anglet-tourisme.com\/wp-content\/uploads\/2024\/05\/bixoko-atelier-du-chocolat-2-1.jpg 2000w\" sizes=\"auto, (max-width: 1024px) 100vw, 1024px\" \/><button\n\t\t\tclass=\"lightbox-trigger\"\n\t\t\ttype=\"button\"\n\t\t\taria-haspopup=\"dialog\"\n\t\t\taria-label=\"Enlarge\"\n\t\t\tdata-wp-init=\"callbacks.initTriggerButton\"\n\t\t\tdata-wp-on--click=\"actions.showLightbox\"\n\t\t\tdata-wp-style--right=\"state.imageButtonRight\"\n\t\t\tdata-wp-style--top=\"state.imageButtonTop\"\n\t\t>\n\t\t\t<svg xmlns=\"http:\/\/www.w3.org\/2000\/svg\" width=\"12\" height=\"12\" fill=\"none\" viewBox=\"0 0 12 12\">\n\t\t\t\t<path fill=\"#fff\" d=\"M2 0a2 2 0 0 0-2 2v2h1.5V2a.5.5 0 0 1 .5-.5h2V0H2Zm2 10.5H2a.5.5 0 0 1-.5-.5V8H0v2a2 2 0 0 0 2 2h2v-1.5ZM8 12v-1.5h2a.5.5 0 0 0 .5-.5V8H12v2a2 2 0 0 1-2 2H8Zm2-12a2 2 0 0 1 2 2v2h-1.5V2a.5.5 0 0 0-.5-.5H8V0h2Z\" \/>\n\t\t\t<\/svg>\n\t\t<\/button><\/figure>\n<\/figure>\n<\/div>\n\n\n\n<div class=\"wp-block-column is-vertically-aligned-top is-layout-flow wp-block-column-is-layout-flow\">\n<h2 class=\"wp-block-heading\"><strong>Chocolate Xocoalt<\/strong><\/h2>\n\n\n\n<p>Museums educate, inspire, take you on journeys, nourish the mind and, sometimes, the body!  <br>The Basque Coast invites you to discover an unexpected part of its history and tradition: chocolate.\nThe history of chocolate began with the Basque sailors who set sail for the Americas.\nIt was a ritual drink in pre-Columbian civilizations, known as Xocoalt, a symbol of abundance and fertility.  <\/p>\n\n\n\n<p>In the 17<sup>th<\/sup> century, Jewish communities fleeing the Inquisition settled in the Basque Country, bringing with them the recipe for making chocolate. The Basque Country quickly made a name for itself by producing strong, intense chocolate, becoming a major player in the field.<\/p>\n\n\n\n<div style=\"height:40px\" aria-hidden=\"true\" class=\"wp-block-spacer\"><\/div>\n\n\n\n<h2 class=\"wp-block-heading\"><strong>Gourmet immersion<\/strong><\/h2>\n\n\n\n<p>The Atelier du Chocolat in Bayonne is dedicated to this universe.\nIt invites you to discover cocoa, from its origins to your palate, via its transformation in the chocolate factory.\nThe visit ends with a visit to the boutique, where you&#8217;ll be offered subtle or original chocolates, such as chocolate with Espelette chilli pepper.  <\/p>\n\n\n\n<p>Immerse yourself in this unique sensory experience and let yourself be seduced by the richness of Basque chocolate.<\/p>\n<\/div>\n<\/div>\n<\/div><\/div>\n\n\n\n<div style=\"height:80px\" aria-hidden=\"true\" class=\"wp-block-spacer\"><\/div>\n\n\n\n<div class=\"wp-block-group\"><div class=\"wp-block-group__inner-container is-layout-constrained wp-block-group-is-layout-constrained\">\n<div class=\"wp-block-columns is-layout-flex wp-container-core-columns-is-layout-9d6595d7 wp-block-columns-is-layout-flex\">\n<div class=\"wp-block-column is-layout-flow wp-block-column-is-layout-flow\" style=\"flex-basis:66.66%\">\n<div class=\"wp-block-cover is-light alert\" style=\"min-height:107px;aspect-ratio:unset;\"><span aria-hidden=\"true\" class=\"wp-block-cover__background has-white-background-color has-background-dim-100 has-background-dim\"><\/span><div class=\"wp-block-cover__inner-container is-layout-constrained wp-block-cover-is-layout-constrained\">\n<div class=\"wp-block-group is-nowrap is-layout-flex wp-container-core-group-is-layout-ad2f72ca wp-block-group-is-layout-flex\"><div class=\"wp-block-image\">\n<figure class=\"alignleft size-full is-resized\"><img loading=\"lazy\" decoding=\"async\" width=\"431\" height=\"415\" src=\"https:\/\/www.anglet-tourisme.com\/wp-content\/uploads\/2024\/05\/Anglet-Cote-Basque-PICTOS-V2_page-0001-1.jpg\" alt=\"\" class=\"wp-image-2472\" style=\"aspect-ratio:1;object-fit:cover;width:67px;height:auto\"\/><\/figure>\n<\/div>\n\n\n<h3 class=\"wp-block-heading has-text-align-left has-blue-color has-text-color has-small-font-size\"><strong>INFORMATION<\/strong><\/h3>\n<\/div>\n\n\n\n<p><br><strong>ADDRESS<\/strong><br> <a href=\"https:\/\/www.google.com\/maps\/place\/\/data=!4m2!3m1!1s0xd5140b8de901a17:0x58fdb0d41db1b92?sa=X&amp;ved=1t:8290&amp;ictx=111\" target=\"_blank\" rel=\"noreferrer noopener nofollow\">7 all\u00e9e de Gib\u00e9l\u00e9ou, 64100 BAYONNE<\/a><br><br><strong>CONTACT<\/strong><br>+33 5 59 55 70 23<br><a href=\"https:\/\/www.atelierduchocolat.fr\/fr\/page\/2-le-musee-du-chocolat\" data-type=\"link\" data-id=\"https:\/\/www.atelierduchocolat.fr\/fr\/page\/2-le-musee-du-chocolat\" target=\"_blank\" rel=\"noreferrer noopener nofollow\">See the website<\/a><br><br><strong>LANGUAGES SPOKEN<\/strong><br>French<\/p>\n\n\n\n<div style=\"height:40px\" aria-hidden=\"true\" class=\"wp-block-spacer\"><\/div>\n<\/div><\/div>\n<\/div>\n\n\n\n<div class=\"wp-block-column is-vertically-aligned-center is-layout-flow wp-block-column-is-layout-flow\" style=\"flex-basis:66.66%\">\n<div class=\"wp-block-columns is-layout-flex wp-container-core-columns-is-layout-9d6595d7 wp-block-columns-is-layout-flex\">\n<div class=\"wp-block-column is-layout-flow wp-block-column-is-layout-flow\">\n<h3 class=\"wp-block-heading\">Accessibility<\/h3>\n\n\n\n<ul class=\"wp-block-list\">\n<li>Car parking<\/li>\n\n\n\n<li>Bus stops  <\/li>\n<\/ul>\n<\/div>\n\n\n\n<div class=\"wp-block-column is-vertically-aligned-center is-layout-flow wp-block-column-is-layout-flow\">\n<div class=\"wp-block-buttons is-layout-flex wp-container-core-buttons-is-layout-6b4e3324 wp-block-buttons-is-layout-flex\">\n<div class=\"wp-block-button\"><a class=\"wp-block-button__link has-text-align-center wp-element-button\" href=\"https:\/\/itineraires.txiktxak.fr\/fr\/horaires\/Bayonne\/arret\/Stade--D.-Deschamps\/place_DESC\" target=\"_blank\" rel=\"nofollow noreferrer noopener\">Coming by bus<\/a><\/div>\n<\/div>\n<\/div>\n<\/div>\n\n\n\n<div class=\"frame-responsive\"><iframe loading=\"lazy\" width=\"425\" height=\"350\" src=\"https:\/\/www.openstreetmap.org\/export\/embed.html?bbox=-1.4647758007049563%2C43.488735329085785%2C-1.4509785175323486%2C43.494051481425&#038;layer=mapnik&#038;marker=43.49139346374808%2C-1.4578771591186523\" style=\"border: 1px solid black\"><\/iframe><br\/><small><a href=\"https:\/\/www.openstreetmap.org\/?mlat=43.49139&#038;mlon=-1.45788#map=17\/43.49139\/-1.45788\">iframe<\/a><\/small><\/div>\n<\/div>\n<\/div>\n<\/div><\/div>\n","protected":false},"excerpt":{"rendered":"<p>Chocolate Xocoalt Museums educate, inspire, take you on journeys, nourish the mind and, sometimes, the body! The Basque Coast invites you to discover an unexpected part of its history and tradition: chocolate. The history of chocolate began with the Basque sailors who set sail for the Americas. It was a [&hellip;]<\/p>\n","protected":false},"author":5,"featured_media":3275,"parent":12775,"menu_order":4,"comment_status":"closed","ping_status":"closed","template":"","meta":{"_acf_changed":false,"_seopress_robots_primary_cat":"","_seopress_titles_title":"Bayonne Chocolate Museum: chocolate discovery trail","_seopress_titles_desc":"Visit Bayonne's Mus\u00e9e du Chocolat for a unique journey of discovery that will awaken your senses.\r\nImmerse yourself in the delicious history of chocolate.","_seopress_robots_index":"","footnotes":""},"class_list":["post-12862","page","type-page","status-publish","has-post-thumbnail"],"acf":[],"_links":{"self":[{"href":"https:\/\/www.anglet-tourisme.com\/en\/wp-json\/wp\/v2\/pages\/12862","targetHints":{"allow":["GET"]}}],"collection":[{"href":"https:\/\/www.anglet-tourisme.com\/en\/wp-json\/wp\/v2\/pages"}],"about":[{"href":"https:\/\/www.anglet-tourisme.com\/en\/wp-json\/wp\/v2\/types\/page"}],"author":[{"embeddable":true,"href":"https:\/\/www.anglet-tourisme.com\/en\/wp-json\/wp\/v2\/users\/5"}],"replies":[{"embeddable":true,"href":"https:\/\/www.anglet-tourisme.com\/en\/wp-json\/wp\/v2\/comments?post=12862"}],"version-history":[{"count":0,"href":"https:\/\/www.anglet-tourisme.com\/en\/wp-json\/wp\/v2\/pages\/12862\/revisions"}],"up":[{"embeddable":true,"href":"https:\/\/www.anglet-tourisme.com\/en\/wp-json\/wp\/v2\/pages\/12775"}],"wp:featuredmedia":[{"embeddable":true,"href":"https:\/\/www.anglet-tourisme.com\/en\/wp-json\/wp\/v2\/media\/3275"}],"wp:attachment":[{"href":"https:\/\/www.anglet-tourisme.com\/en\/wp-json\/wp\/v2\/media?parent=12862"}],"curies":[{"name":"wp","href":"https:\/\/api.w.org\/{rel}","templated":true}]}}