{"id":12945,"date":"2020-02-07T17:15:52","date_gmt":"2020-02-07T16:15:52","guid":{"rendered":"https:\/\/www.anglet-tourisme.com\/terms-of-use\/"},"modified":"2024-10-22T17:42:40","modified_gmt":"2024-10-22T15:42:40","slug":"terms-of-use","status":"publish","type":"page","link":"https:\/\/www.anglet-tourisme.com\/en\/terms-of-use\/","title":{"rendered":"Terms of use"},"content":{"rendered":"\n<p>The <strong>Agence D\u00e9partementale du Tourisme 64 B\u00e9arn Pays Basque<\/strong> has shared its web ecosystem with the Tourist Offices of Anglet, Bayonne, Cambo-les-Bains and Hendaye.<br>A collective dynamic that has enabled the local authorities to achieve economies of scale, work on eco-design and page accessibility, and offer our visitors a shared user experience (UX). A fruitful collaboration at the service of our visitors, our territories and more responsible tourism.<\/p>\n\n\n\n<div style=\"height:40px\" aria-hidden=\"true\" class=\"wp-block-spacer\"><\/div>\n\n\n\n<p class=\"has-text-align-left\">In accordance with article 6 of the law of June 21, 2004, for confidence in the digital economy, we inform you that this online public communication service is set up by:<\/p>\n\n\n\n<div style=\"height:80px\" aria-hidden=\"true\" class=\"wp-block-spacer\"><\/div>\n\n\n\n<h2 class=\"wp-block-heading\">This site is published by:<\/h2>\n\n\n\n<p>The <strong>Anglet Tourism and Leisure Office<\/strong> whose head office is located at:<br>1 avenue de la Chambre d&#8217;Amour &#8211; 64600 ANGLET &#8211; FRANCE<\/p>\n\n\n\n<p><strong>SIRET:<\/strong> 78223460300010<br><strong>Code APE:<\/strong> 7990Z<\/p>\n\n\n\n<p><strong>Telephone:<\/strong> +33 5 59 03 77 01<br><strong>E-mail:<\/strong> <a href=\"mailto:information@anglet-tourisme.com\">information@anglet-tourisme.com<\/a><br><strong>Publication manager:<\/strong> Ms. Pantxika LABROUCHE<br><strong>Site manager:<\/strong> Mr. Fran\u00e7ois IRIARTE<\/p>\n\n\n\n<div style=\"height:80px\" aria-hidden=\"true\" class=\"wp-block-spacer\"><\/div>\n\n\n\n<div class=\"wp-block-columns has-2-columns is-layout-flex wp-container-core-columns-is-layout-9d6595d7 wp-block-columns-is-layout-flex\">\n<div class=\"wp-block-column is-layout-flow wp-block-column-is-layout-flow\">\n<h2 class=\"wp-block-heading\">This site is hosted by:<\/h2>\n\n\n\n<p><strong>SARL O2Switch<\/strong><br>222 Boulevard Gustave Flaubert &#8211; 63000 Clermont-Ferrand &#8211; FRANCE<\/p>\n\n\n\n<p><strong>SIRET:<\/strong> 510 909 80700024<br><strong>RCS: <\/strong>Clermont-Ferrand<\/p>\n\n\n\n<p><strong>Telephone:<\/strong> +33 4 44 44 60 40<\/p>\n<\/div>\n\n\n\n<div class=\"wp-block-column is-layout-flow wp-block-column-is-layout-flow\">\n<h2 class=\"wp-block-heading\">Site designed by:<\/h2>\n\n\n\n<p><strong>Webdesign<\/strong><\/p>\n\n\n\n<p><strong>Studio Svelt<\/strong><br>30 rue Tran &#8211; 64000 Pau &#8211; FRANCE<\/p>\n\n\n\n<p><strong>Telephone:<\/strong> +33 9 84 31 86 15<br><strong>E-mail:<\/strong> <a href=\"mailto:contact@sveltstudio.com\">contact@sveltstudio.com<\/a><br><strong>Website: <\/strong><a href=\"https:\/\/sveltstudio.com\/\" target=\"_blank\" rel=\"noreferrer noopener\">https:\/\/sveltstudio.com\/<\/a><\/p>\n\n\n\n<p><strong>Development<\/strong><\/p>\n\n\n\n<p><strong>Agence Onokaa<\/strong><br>14 avenue du Stade Nautique &#8211; 64000 Pau &#8211; FRANCE<\/p>\n\n\n\n<p><strong>SIRET:<\/strong> 83394811000022<\/p>\n\n\n\n<p><strong>Telephone:<\/strong> +33 7 63 48 03 30<br><strong>E-mail:<\/strong> <a href=\"mailto:contact@onokaa.com\">contact@onokaa.com<\/a><br><strong>Website: <\/strong><a href=\"https:\/\/www.onokaa.com\" target=\"_blank\" rel=\"noreferrer noopener\">https:\/\/www.onokaa.com<\/a><\/p>\n<\/div>\n<\/div>\n\n\n\n<div style=\"height:80px\" aria-hidden=\"true\" class=\"wp-block-spacer\"><\/div>\n\n\n\n<h2 class=\"wp-block-heading\">Photo credits:<\/h2>\n\n\n\n<p>Most of the photos on this website come from the Anglet Tourist Office photo library.<br>@ photos : R\u00e9mi Blanc, Karine Pierret-Delage, L\u00e9o Micouin, Christophe Rambeau, Loicia Fouillen, Pierre Chambion, Jean-Charles Rivas, Kevin Jeanneteau, Tommy Pierucki, Christopher Turckoski, World Archery, WSL \/ Laurant Masurel, William Morice \/ Flickr, Martin Einer, Dario Tonini.<\/p>\n\n\n\n<div style=\"height:80px\" aria-hidden=\"true\" class=\"wp-block-spacer\"><\/div>\n\n\n\n<h2 class=\"wp-block-heading\">Copyright, reproduction:<\/h2>\n\n\n\n<p>The content of the site consists of text, photos and downloadable documents, making up the <strong>www.anglet-tourisme.com<\/strong> website.<\/p>\n\n\n\n<p>Reproduction of all or part of the contents for publication purposes is strictly forbidden without the prior written consent of Anglet Tourist Office.<\/p>\n\n\n\n<div style=\"height:80px\" aria-hidden=\"true\" class=\"wp-block-spacer\"><\/div>\n\n\n\n<h2 class=\"wp-block-heading\">CNIL declaration:<\/h2>\n\n\n\n<p>The Anglet Tourism and Leisure Office website is registered with the Commission Nationale de l&#8217;Informatique et des Libert\u00e9s (CNIL) <strong>www.cnil.fr<\/strong><\/p>\n\n\n\n<div style=\"height:80px\" aria-hidden=\"true\" class=\"wp-block-spacer\"><\/div>\n\n\n\n<h2 class=\"wp-block-heading\">Tourist information:<\/h2>\n\n\n\n<p>SIRTAQUI is the AQUItaine Regional Tourist Information System.<br>Information on accommodation, activities and leisure, heritage, restaurants, festivals and events is collected by the Anglet Tourist Office and a network of partners (tourist offices), and consolidated in a common database that meets quality requirements for the collection, entry, formatting, verification, updating and distribution of information.<br>Co-financed by Europe and the Nouvelle-Aquitaine Region, and steered by the Comit\u00e9 R\u00e9gional du Tourisme de Nouvelle-Aquitaine, this scheme brings together Gironde Tourisme, the Comit\u00e9s D\u00e9partementaux du Tourisme de la Dordogne, des Landes, du Lot-et-Garonne, the Conseils D\u00e9partementaux des Deux-S\u00e8vres and de la Vienne, and ADT64 B\u00e9arn Pays Basque.\nThe latter organize and manage their departmental networks. <\/p>\n","protected":false},"excerpt":{"rendered":"<p>The Agence D\u00e9partementale du Tourisme 64 B\u00e9arn Pays Basque has shared its web ecosystem with the Tourist Offices of Anglet, Bayonne, Cambo-les-Bains and Hendaye.A collective dynamic that has enabled the local authorities to achieve economies of scale, work on eco-design and page accessibility, and offer our visitors a shared user [&hellip;]<\/p>\n","protected":false},"author":1,"featured_media":7464,"parent":0,"menu_order":0,"comment_status":"closed","ping_status":"closed","template":"","meta":{"_acf_changed":false,"_seopress_robots_primary_cat":"","_seopress_titles_title":"","_seopress_titles_desc":"","_seopress_robots_index":"","footnotes":""},"class_list":["post-12945","page","type-page","status-publish","has-post-thumbnail"],"acf":[],"_links":{"self":[{"href":"https:\/\/www.anglet-tourisme.com\/en\/wp-json\/wp\/v2\/pages\/12945","targetHints":{"allow":["GET"]}}],"collection":[{"href":"https:\/\/www.anglet-tourisme.com\/en\/wp-json\/wp\/v2\/pages"}],"about":[{"href":"https:\/\/www.anglet-tourisme.com\/en\/wp-json\/wp\/v2\/types\/page"}],"author":[{"embeddable":true,"href":"https:\/\/www.anglet-tourisme.com\/en\/wp-json\/wp\/v2\/users\/1"}],"replies":[{"embeddable":true,"href":"https:\/\/www.anglet-tourisme.com\/en\/wp-json\/wp\/v2\/comments?post=12945"}],"version-history":[{"count":0,"href":"https:\/\/www.anglet-tourisme.com\/en\/wp-json\/wp\/v2\/pages\/12945\/revisions"}],"wp:featuredmedia":[{"embeddable":true,"href":"https:\/\/www.anglet-tourisme.com\/en\/wp-json\/wp\/v2\/media\/7464"}],"wp:attachment":[{"href":"https:\/\/www.anglet-tourisme.com\/en\/wp-json\/wp\/v2\/media?parent=12945"}],"curies":[{"name":"wp","href":"https:\/\/api.w.org\/{rel}","templated":true}]}}