{"id":11689,"date":"2024-04-30T11:30:38","date_gmt":"2024-04-30T09:30:38","guid":{"rendered":"https:\/\/www.anglet-tourisme.com\/bienvenido-a-anglet\/"},"modified":"2024-12-23T17:09:33","modified_gmt":"2024-12-23T16:09:33","slug":"bienvenido-a-anglet","status":"publish","type":"page","link":"https:\/\/www.anglet-tourisme.com\/es\/bienvenido-a-anglet\/","title":{"rendered":"Bienvenido a Anglet"},"content":{"rendered":"\n<div class=\"wp-block-columns is-layout-flex wp-container-core-columns-is-layout-9d6595d7 wp-block-columns-is-layout-flex\">\n<div class=\"wp-block-column is-layout-flow wp-block-column-is-layout-flow\" style=\"flex-basis:33.33%\"><div class=\"highlight-bloc-container \" id=\"ts-block-65368af54ee28\"  >\n\t<div class=\"highlight-bloc-content\">\n\t\t<div class=\"acf-innerblocks-container\">\n\n<h1 class=\"wp-block-heading suptitle\">Anglet, un horizonte de emociones<\/h1>\n\n<\/div>\t<\/div>\n<\/div>\n<\/div>\n\n\n\n<div class=\"wp-block-column is-layout-flow wp-block-column-is-layout-flow\" style=\"flex-basis:66.66%\">\n<p>Anglet forma parte de la provincia vasca de Labourd (el Pa\u00eds Vasco tiene 7 provincias, 3 del lado franc\u00e9s y 4 del lado espa\u00f1ol).<\/p>\n\n\n\n<p>Situada entre la hist\u00f3rica Bayona y la cosmopolita Biarritz, Anglet representa un equilibrio perfecto entre naturaleza virgen y dinamismo urbano.\nCon 4,5 kil\u00f3metros de costa, 230 hect\u00e1reas de bosque y un parque natural protegido, la tercera ciudad m\u00e1s grande de los Pirineos Atl\u00e1nticos no se contenta con sus fabulosos atributos naturales. <\/p>\n\n\n\n<p>Anglet es un destino encantador todo el a\u00f1o, que ofrece una mezcla \u00fanica de cultura, gastronom\u00eda, deportes y actividades de ocio.<\/p>\n<\/div>\n<\/div>\n\n<div style=\"height:80px\" aria-hidden=\"true\" class=\"wp-block-spacer\"><\/div>\n\n<div class=\"wp-block-media-text is-stacked-on-mobile is-image-fill-element\"><figure class=\"wp-block-media-text__media\"><img loading=\"lazy\" decoding=\"async\" width=\"1024\" height=\"683\" src=\"https:\/\/www.anglet-tourisme.com\/wp-content\/uploads\/2024\/05\/Balade-en-foret-Anglet__RIB7761_\u00a9RiBLANC-1024x683.jpg\" alt=\"\" class=\"wp-image-1190 size-full\" style=\"object-position:50% 50%\" srcset=\"https:\/\/www.anglet-tourisme.com\/wp-content\/uploads\/2024\/05\/Balade-en-foret-Anglet__RIB7761_\u00a9RiBLANC-1024x683.jpg 1024w, https:\/\/www.anglet-tourisme.com\/wp-content\/uploads\/2024\/05\/Balade-en-foret-Anglet__RIB7761_\u00a9RiBLANC-800x534.jpg 800w, https:\/\/www.anglet-tourisme.com\/wp-content\/uploads\/2024\/05\/Balade-en-foret-Anglet__RIB7761_\u00a9RiBLANC-768x512.jpg 768w, https:\/\/www.anglet-tourisme.com\/wp-content\/uploads\/2024\/05\/Balade-en-foret-Anglet__RIB7761_\u00a9RiBLANC-1536x1025.jpg 1536w, https:\/\/www.anglet-tourisme.com\/wp-content\/uploads\/2024\/05\/Balade-en-foret-Anglet__RIB7761_\u00a9RiBLANC.jpg 2000w\" sizes=\"auto, (max-width: 1024px) 100vw, 1024px\" \/><\/figure><div class=\"wp-block-media-text__content\">\n<h2 class=\"wp-block-heading\">Letra doble<\/h2>\n\n\n\n<p>Anglet&#8230; S\u00f3lo su pronunciaci\u00f3n ya es suficiente para ponerte en marcha.\nNo olvides que, cuando dices Anglet, no se te olvida la \u00abT\u00bb que chasquea en la boca como la pelota del front\u00f3n.\nEn cuanto a su traducci\u00f3n al euskera, Angelu, se pronuncia \u00abangu\u00e9lou\u00bb, lo que puede resultarte \u00fatil al leer las se\u00f1ales de tr\u00e1fico o pedir indicaciones.  <\/p>\n\n\n\n<p>Aqu\u00ed, algunas personas dir\u00e1n Egun on (hola en euskera), otras dir\u00e1n Adiou (hola en gasc\u00f3n) porque, s\u00ed, no es s\u00f3lo la letra lo que cuenta, sino tambi\u00e9n la identidad, tanto vasca como gascona.\nComo recuerda el lema de la ciudad, \u00abMa e pignada per m&#8217;aida\u00bb significa \u00abEl mar y el pinar para ayudarme\u00bb en gasc\u00f3n. <\/p>\n\n\n\n<div style=\"height:40px\" aria-hidden=\"true\" class=\"wp-block-spacer\"><\/div>\n\n\n\n<h2 class=\"wp-block-heading\">Anglet 4 estaciones<\/h2>\n\n\n\n<p>Pulm\u00f3n verde de una din\u00e1mica zona urbana, entre oc\u00e9ano, campo y bosque, Anglet extiende su vasta superficie y toda su diversidad.\nAqu\u00ed, durante todo el a\u00f1o, la gente viene a respirar el aire marino, disfrutar del sol en la terraza o refrescarse a la sombra de los pinos. <\/p>\n\n\n\n<div style=\"height:40px\" aria-hidden=\"true\" class=\"wp-block-spacer\"><\/div>\n\n\n\n<div class=\"wp-block-buttons is-layout-flex wp-block-buttons-is-layout-flex\">\n<div class=\"wp-block-button is-style-outline is-style-outline--1\"><a class=\"wp-block-button__link wp-element-button\" href=\"https:\/\/www.anglet-tourisme.com\/es\/anglet-4-estaciones\/\">Anglet todo el a\u00f1o<\/a><\/div>\n<\/div>\n<\/div><\/div>\n\n<div style=\"height:80px\" aria-hidden=\"true\" class=\"wp-block-spacer\"><\/div>\n\n<div class=\"wp-block-media-text has-media-on-the-right is-stacked-on-mobile is-image-fill-element\"><div class=\"wp-block-media-text__content\">\n<h2 class=\"wp-block-heading\">Desde el jard\u00edn de la aristocracia&#8230;<\/h2>\n\n\n\n<p>En el siglo XIX, en la estela de Napole\u00f3n III y Eugenia, la aristocracia europea acudi\u00f3 en masa a Anglet.\nCaza en el bosque, carreras de caballos y fiestas dignas de Gatsby el Magn\u00edfico, los locos a\u00f1os veinte estaban en pleno apogeo en Anglet. <\/p>\n\n\n\n<p>Se pueden encontrar huellas de este periodo en las joyas arquitect\u00f3nicas de las villas Suzanna, Sof\u00eda y Prinkipo, as\u00ed como en el campo de golf Chiberta, encargado por el duque de Windsor en los a\u00f1os veinte.<\/p>\n\n\n\n<div style=\"height:40px\" aria-hidden=\"true\" class=\"wp-block-spacer\"><\/div>\n\n\n\n<div class=\"wp-block-buttons is-layout-flex wp-block-buttons-is-layout-flex\">\n<div class=\"wp-block-button is-style-outline is-style-outline--2\"><a class=\"wp-block-button__link wp-element-button\" href=\"\/es\/la-historia-de-anglet\/\">Descubre la historia de Anglet<\/a><\/div>\n<\/div>\n\n\n\n<div style=\"height:40px\" aria-hidden=\"true\" class=\"wp-block-spacer\"><\/div>\n\n\n\n<h2 class=\"wp-block-heading\">&#8230; A la peque\u00f1a California<\/h2>\n\n\n\n<p>Apodada la \u00abPeque\u00f1a California francesa\u00bb por su estado de \u00e1nimo, su arte de vivir y su cultura de los deportes de tabla, Anglet ofrece un marco ideal para las actividades al aire libre: nataci\u00f3n, talasoterapia, surf, salvamento costero, monopat\u00edn, yoga, golf, ciclismo, accrobranche, v\u00f3ley-playa, rugby-playa, equitaci\u00f3n, pelota vasca&#8230; En cuanto a los paseantes y corredores, las numerosas v\u00edas verdes de los For\u00eats du Lazaret y du Pignada y el Promenade Littorale ofrecen un marco ideal.<\/p>\n\n\n\n<div style=\"height:40px\" aria-hidden=\"true\" class=\"wp-block-spacer\"><\/div>\n\n\n\n<div class=\"wp-block-buttons is-layout-flex wp-block-buttons-is-layout-flex\">\n<div class=\"wp-block-button is-style-outline is-style-outline--3\"><a class=\"wp-block-button__link wp-element-button\" href=\"\/es\/actividades\/\">Elige tu actividad<\/a><\/div>\n<\/div>\n<\/div><figure class=\"wp-block-media-text__media\"><img loading=\"lazy\" decoding=\"async\" width=\"1024\" height=\"683\" src=\"https:\/\/www.anglet-tourisme.com\/wp-content\/uploads\/2024\/05\/Stand-up-Paddle-Rainbow-I-Love-Anglet__RIB2462_\u00a9RiBLANC-1024x683.jpg\" alt=\"\" class=\"wp-image-1208 size-full\" style=\"object-position:50% 50%\" srcset=\"https:\/\/www.anglet-tourisme.com\/wp-content\/uploads\/2024\/05\/Stand-up-Paddle-Rainbow-I-Love-Anglet__RIB2462_\u00a9RiBLANC-1024x683.jpg 1024w, https:\/\/www.anglet-tourisme.com\/wp-content\/uploads\/2024\/05\/Stand-up-Paddle-Rainbow-I-Love-Anglet__RIB2462_\u00a9RiBLANC-800x534.jpg 800w, https:\/\/www.anglet-tourisme.com\/wp-content\/uploads\/2024\/05\/Stand-up-Paddle-Rainbow-I-Love-Anglet__RIB2462_\u00a9RiBLANC-768x512.jpg 768w, https:\/\/www.anglet-tourisme.com\/wp-content\/uploads\/2024\/05\/Stand-up-Paddle-Rainbow-I-Love-Anglet__RIB2462_\u00a9RiBLANC-1536x1025.jpg 1536w, https:\/\/www.anglet-tourisme.com\/wp-content\/uploads\/2024\/05\/Stand-up-Paddle-Rainbow-I-Love-Anglet__RIB2462_\u00a9RiBLANC.jpg 2000w\" sizes=\"auto, (max-width: 1024px) 100vw, 1024px\" \/><\/figure><\/div>\n\n<div style=\"height:80px\" aria-hidden=\"true\" class=\"wp-block-spacer\"><\/div>\n\n<div class=\"wp-block-media-text is-stacked-on-mobile is-image-fill-element\"><figure class=\"wp-block-media-text__media\"><img loading=\"lazy\" decoding=\"async\" width=\"1024\" height=\"682\" src=\"https:\/\/www.anglet-tourisme.com\/wp-content\/uploads\/2024\/05\/Tibz-Nocturne-de-la-Chambre-d_Amour-Anglet_1RIB5269_\u00a9RiBLANC-1024x682.jpg\" alt=\"\" class=\"wp-image-1225 size-full\" style=\"object-position:50% 50%\" srcset=\"https:\/\/www.anglet-tourisme.com\/wp-content\/uploads\/2024\/05\/Tibz-Nocturne-de-la-Chambre-d_Amour-Anglet_1RIB5269_\u00a9RiBLANC-1024x682.jpg 1024w, https:\/\/www.anglet-tourisme.com\/wp-content\/uploads\/2024\/05\/Tibz-Nocturne-de-la-Chambre-d_Amour-Anglet_1RIB5269_\u00a9RiBLANC-800x533.jpg 800w, https:\/\/www.anglet-tourisme.com\/wp-content\/uploads\/2024\/05\/Tibz-Nocturne-de-la-Chambre-d_Amour-Anglet_1RIB5269_\u00a9RiBLANC-768x512.jpg 768w, https:\/\/www.anglet-tourisme.com\/wp-content\/uploads\/2024\/05\/Tibz-Nocturne-de-la-Chambre-d_Amour-Anglet_1RIB5269_\u00a9RiBLANC-1536x1024.jpg 1536w, https:\/\/www.anglet-tourisme.com\/wp-content\/uploads\/2024\/05\/Tibz-Nocturne-de-la-Chambre-d_Amour-Anglet_1RIB5269_\u00a9RiBLANC.jpg 2000w\" sizes=\"auto, (max-width: 1024px) 100vw, 1024px\" \/><\/figure><div class=\"wp-block-media-text__content\">\n<h2 class=\"wp-block-heading\">Un destino inclusivo<\/h2>\n\n\n\n<p>Adem\u00e1s de la Bandera Azul (que garantiza la buena calidad del agua), la playa de la Petite Chambre d&#8217;Amour tambi\u00e9n ha obtenido la etiqueta Handiplage.\nAqu\u00ed, toda una serie de instalaciones permiten a las personas con discapacidad disfrutar del ba\u00f1o con total seguridad.\nPor \u00faltimo, pero no por ello menos importante, la misma playa tambi\u00e9n ha recibido la etiqueta antitabaco.  <\/p>\n\n\n\n<div style=\"height:40px\" aria-hidden=\"true\" class=\"wp-block-spacer\"><\/div>\n\n\n\n<div class=\"wp-block-buttons is-layout-flex wp-block-buttons-is-layout-flex\">\n<div class=\"wp-block-button is-style-outline is-style-outline--4\"><a class=\"wp-block-button__link wp-element-button\" href=\"https:\/\/www.anglet-tourisme.com\/es\/playas-instrucciones-de-uso\/\">M\u00e1s informaci\u00f3n sobre las playas<\/a><\/div>\n<\/div>\n\n\n\n<div style=\"height:40px\" aria-hidden=\"true\" class=\"wp-block-spacer\"><\/div>\n\n\n\n<h2 class=\"wp-block-heading\">Eventos para todos<\/h2>\n\n\n\n<p>A lo largo del a\u00f1o se organizan exposiciones, festivales, conciertos y otros actos destacados.\nUn amplio abanico de acontecimientos deportivos y culturales punt\u00faan el calendario de la ciudad, con festivales (cine, m\u00fasica), conciertos gratuitos, teatro, competiciones deportivas (surf, rugby playa, voley playa, monopat\u00edn, pelota vasca, etc.) y fiestas tradicionales (carnaval vasco, Olentzero, etc.) Anglet est\u00e1 siempre en movimiento. <\/p>\n\n\n\n<div style=\"height:40px\" aria-hidden=\"true\" class=\"wp-block-spacer\"><\/div>\n\n\n\n<div class=\"wp-block-buttons is-layout-flex wp-block-buttons-is-layout-flex\">\n<div class=\"wp-block-button is-style-outline is-style-outline--5\"><a class=\"wp-block-button__link wp-element-button\" href=\"https:\/\/www.anglet-tourisme.com\/es\/lo-mas-destacado-de-anglet\/\">Descubre lo que no te puedes perder de Anglet<\/a><\/div>\n<\/div>\n<\/div><\/div>\n\n<div style=\"height:80px\" aria-hidden=\"true\" class=\"wp-block-spacer\"><\/div>\n\n<div class=\"wp-block-media-text has-media-on-the-right is-stacked-on-mobile is-image-fill-element\"><div class=\"wp-block-media-text__content\">\n<h2 class=\"wp-block-heading\">La elecci\u00f3n del arte contempor\u00e1neo<\/h2>\n\n\n\n<p>En materia de cultura, Anglet ha apostado decididamente por el arte contempor\u00e1neo.\nDesde hace dos d\u00e9cadas, grandes nombres de la escena art\u00edstica internacional acuden a Anglet para expresarse (Daniel Buren, Tadashi Kawamata&#8230;).\nY cada dos a\u00f1os, la bienal de arte contempor\u00e1neo de la ciudad, La Littorale, va m\u00e1s all\u00e1 de sus muros.  <\/p>\n\n\n\n<div style=\"height:40px\" aria-hidden=\"true\" class=\"wp-block-spacer\"><\/div>\n\n\n\n<div class=\"wp-block-buttons is-layout-flex wp-block-buttons-is-layout-flex\">\n<div class=\"wp-block-button is-style-outline is-style-outline--6\"><a class=\"wp-block-button__link wp-element-button\" href=\"https:\/\/www.anglet-tourisme.com\/es\/cultura-visitas-y-exposiciones\/\">M\u00e1s informaci\u00f3n<\/a><\/div>\n<\/div>\n\n\n\n<div style=\"height:40px\" aria-hidden=\"true\" class=\"wp-block-spacer\"><\/div>\n\n\n\n<h2 class=\"wp-block-heading\">Y patrimonio vivo<\/h2>\n\n\n\n<p>Anglet, un caldo de cultivo para el talento artesanal local, donde abundan las habilidades tradicionales.\nAqu\u00ed, el cuero, la arcilla, el hierro, la madera, el vidrio, el mimbre&#8230; se elaboran con maestr\u00eda, a menudo transmitida de generaci\u00f3n en generaci\u00f3n.\nInstituciones como la Fabrique de Chistera Gonz\u00e1lez o los Serres Horticoles Mendi, le Jardin de Tous, perpet\u00faan estas tradiciones con pasi\u00f3n.  <\/p>\n\n\n\n<p>Algunos artesanos tambi\u00e9n optan por compartir sus habilidades a trav\u00e9s de talleres participativos, abiertos a todos.\nEstas experiencias \u00fanicas ofrecen la oportunidad de descubrir y aprender t\u00e9cnicas artesanales locales, mientras te sumerges en el ambiente creativo y acogedor de Anglet. <\/p>\n\n\n\n<div style=\"height:40px\" aria-hidden=\"true\" class=\"wp-block-spacer\"><\/div>\n\n\n\n<div class=\"wp-block-buttons is-layout-flex wp-block-buttons-is-layout-flex\">\n<div class=\"wp-block-button is-style-outline is-style-outline--7\"><a class=\"wp-block-button__link wp-element-button\" href=\"https:\/\/www.anglet-tourisme.com\/es\/saber-hacer\/\">Conoce a nuestros apasionados artesanos<\/a><\/div>\n<\/div>\n\n\n\n<div style=\"height:40px\" aria-hidden=\"true\" class=\"wp-block-spacer\"><\/div>\n<\/div><figure class=\"wp-block-media-text__media\"><img loading=\"lazy\" decoding=\"async\" width=\"1024\" height=\"683\" src=\"https:\/\/www.anglet-tourisme.com\/wp-content\/uploads\/2024\/05\/Maison-Gonzales-Anglet__RIB1617_\u00a9RiBLANC-1024x683.jpg\" alt=\"\" class=\"wp-image-1236 size-full\" style=\"object-position:50% 50%\" srcset=\"https:\/\/www.anglet-tourisme.com\/wp-content\/uploads\/2024\/05\/Maison-Gonzales-Anglet__RIB1617_\u00a9RiBLANC-1024x683.jpg 1024w, https:\/\/www.anglet-tourisme.com\/wp-content\/uploads\/2024\/05\/Maison-Gonzales-Anglet__RIB1617_\u00a9RiBLANC-800x534.jpg 800w, https:\/\/www.anglet-tourisme.com\/wp-content\/uploads\/2024\/05\/Maison-Gonzales-Anglet__RIB1617_\u00a9RiBLANC-768x512.jpg 768w, https:\/\/www.anglet-tourisme.com\/wp-content\/uploads\/2024\/05\/Maison-Gonzales-Anglet__RIB1617_\u00a9RiBLANC-1536x1025.jpg 1536w, https:\/\/www.anglet-tourisme.com\/wp-content\/uploads\/2024\/05\/Maison-Gonzales-Anglet__RIB1617_\u00a9RiBLANC.jpg 2000w\" sizes=\"auto, (max-width: 1024px) 100vw, 1024px\" \/><\/figure><\/div>\n\n<div style=\"height:80px\" aria-hidden=\"true\" class=\"wp-block-spacer\"><\/div>\n\n<div class=\"wp-block-media-text is-stacked-on-mobile is-image-fill-element\"><figure class=\"wp-block-media-text__media\"><img loading=\"lazy\" decoding=\"async\" width=\"1024\" height=\"683\" src=\"https:\/\/www.anglet-tourisme.com\/wp-content\/uploads\/2024\/05\/Le-Sunset-La-Marinella-Anglet__RIB9723_\u00a9RiBLANC-1024x683.jpg\" alt=\"\" class=\"wp-image-1244 size-full\" style=\"object-position:50% 50%\" srcset=\"https:\/\/www.anglet-tourisme.com\/wp-content\/uploads\/2024\/05\/Le-Sunset-La-Marinella-Anglet__RIB9723_\u00a9RiBLANC-1024x683.jpg 1024w, https:\/\/www.anglet-tourisme.com\/wp-content\/uploads\/2024\/05\/Le-Sunset-La-Marinella-Anglet__RIB9723_\u00a9RiBLANC-800x534.jpg 800w, https:\/\/www.anglet-tourisme.com\/wp-content\/uploads\/2024\/05\/Le-Sunset-La-Marinella-Anglet__RIB9723_\u00a9RiBLANC-768x512.jpg 768w, https:\/\/www.anglet-tourisme.com\/wp-content\/uploads\/2024\/05\/Le-Sunset-La-Marinella-Anglet__RIB9723_\u00a9RiBLANC-1536x1025.jpg 1536w, https:\/\/www.anglet-tourisme.com\/wp-content\/uploads\/2024\/05\/Le-Sunset-La-Marinella-Anglet__RIB9723_\u00a9RiBLANC.jpg 2000w\" sizes=\"auto, (max-width: 1024px) 100vw, 1024px\" \/><\/figure><div class=\"wp-block-media-text__content\">\n<h2 class=\"wp-block-heading\">Un destino gourmet<\/h2>\n\n\n\n<p>La guindilla de Anglet (verde y dulce) se cultiva en esta regi\u00f3n \u00fanica.\nAut\u00e9ntico orgullo local, esta peque\u00f1a hortaliza se utiliza en platos t\u00edpicos como la piperade, los chipirons \u00e0 la plancha y el poulet basquaise, homenaje a la tradici\u00f3n hortelana de la ciudad. <\/p>\n\n\n\n<p>Otras especialidades gastron\u00f3micas que debes probar son el famoso pastel vasco, los deliciosos helados caseros y la imperdible Krakada.\nPara los gourmets que buscan productos frescos, locales y de temporada, dir\u00edgete al Mercado de Quintaou y a las Halles 5 Cantons. <\/p>\n\n\n\n<p>Otro punto de orgullo son las casetas de playa que salpican el paseo mar\u00edtimo, como otras tantas invitaciones a tomarse un descanso.\nS\u00edmbolos de convivencia, son el lugar de encuentro de los lugare\u00f1os a partir de abril (y hasta noviembre) para tomar un caf\u00e9, almorzar o admirar una puesta de sol acompa\u00f1ada de tapas.\nCompletan la oferta de direcciones gastron\u00f3micas y restaurantes finos de Anglet.    <\/p>\n\n\n\n<div style=\"height:40px\" aria-hidden=\"true\" class=\"wp-block-spacer\"><\/div>\n\n\n\n<div class=\"wp-block-buttons is-layout-flex wp-block-buttons-is-layout-flex\">\n<div class=\"wp-block-button is-style-outline is-style-outline--8\"><a class=\"wp-block-button__link wp-element-button\" href=\"https:\/\/www.anglet-tourisme.com\/es\/gastronomia\/\">\u00bfTienes hambre?<\/a><\/div>\n<\/div>\n\n\n\n<div style=\"height:40px\" aria-hidden=\"true\" class=\"wp-block-spacer\"><\/div>\n<\/div><\/div>\n\n<div style=\"height:80px\" aria-hidden=\"true\" class=\"wp-block-spacer\"><\/div>\n\n<div class=\"wp-block-media-text has-media-on-the-right is-stacked-on-mobile is-image-fill-element\"><div class=\"wp-block-media-text__content\">\n<h2 class=\"wp-block-heading\">El deporte de los reyes<\/h2>\n\n\n\n<p>N\u00e9 en Polyn\u00e9sie, le surf (surnomm\u00e9 le sport des rois) est arriv\u00e9 en France et plus pr\u00e9cis\u00e9ment sur la C\u00f4te basque dans les ann\u00e9es 50. Depuis cette \u00e9poque, \u00e0 Anglet, professionnels, amateurs et d\u00e9butants s&#8217;entra\u00eenent et \u00e9voluent dans les vagues du littoral angloy.<\/p>\n\n\n\n<p>Adem\u00e1s del surf, se ha desarrollado toda una econom\u00eda y una cultura: escuelas de surf, tiendas de surf, shapers (fabricantes de tablas), competiciones internacionales, festival de cine de surf, pasos de peatones con forma de tablas de surf&#8230; E incluso un bulevar de Hollywood dedicado a esta disciplina, llamado Anglet Surf Avenue, donde est\u00e1n selladas las huellas de los m\u00e1s ilustres: Kelly Slater, J\u00e9r\u00e9my Flores, Johane Defaye, Michel Bourez, Mick Fanning, Tom Curren&#8230;<\/p>\n\n\n\n<div style=\"height:40px\" aria-hidden=\"true\" class=\"wp-block-spacer\"><\/div>\n\n\n\n<div class=\"wp-block-buttons is-layout-flex wp-block-buttons-is-layout-flex\">\n<div class=\"wp-block-button is-style-outline is-style-outline--9\"><a class=\"wp-block-button__link wp-element-button\" href=\"https:\/\/www.anglet-tourisme.com\/es\/anglet-destino-de-surf\/\">M\u00e1s informaci\u00f3n<\/a><\/div>\n<\/div>\n\n\n\n<div style=\"height:40px\" aria-hidden=\"true\" class=\"wp-block-spacer\"><\/div>\n<\/div><figure class=\"wp-block-media-text__media\"><img loading=\"lazy\" decoding=\"async\" width=\"1024\" height=\"682\" src=\"https:\/\/www.anglet-tourisme.com\/wp-content\/uploads\/2024\/12\/mathis-crozon-fra-anglet_7rib3472_copyriblanc-1024x682.jpg\" alt=\"\" class=\"wp-image-14238 size-full\" style=\"object-position:51% 49%\" srcset=\"https:\/\/www.anglet-tourisme.com\/wp-content\/uploads\/2024\/12\/mathis-crozon-fra-anglet_7rib3472_copyriblanc-1024x682.jpg 1024w, https:\/\/www.anglet-tourisme.com\/wp-content\/uploads\/2024\/12\/mathis-crozon-fra-anglet_7rib3472_copyriblanc-800x533.jpg 800w, https:\/\/www.anglet-tourisme.com\/wp-content\/uploads\/2024\/12\/mathis-crozon-fra-anglet_7rib3472_copyriblanc-150x100.jpg 150w, https:\/\/www.anglet-tourisme.com\/wp-content\/uploads\/2024\/12\/mathis-crozon-fra-anglet_7rib3472_copyriblanc-768x512.jpg 768w, https:\/\/www.anglet-tourisme.com\/wp-content\/uploads\/2024\/12\/mathis-crozon-fra-anglet_7rib3472_copyriblanc-1536x1024.jpg 1536w, https:\/\/www.anglet-tourisme.com\/wp-content\/uploads\/2024\/12\/mathis-crozon-fra-anglet_7rib3472_copyriblanc.jpg 2000w\" sizes=\"auto, (max-width: 1024px) 100vw, 1024px\" \/><\/figure><\/div>\n\n<div style=\"height:80px\" aria-hidden=\"true\" class=\"wp-block-spacer\"><\/div>\n\n<div class=\"wp-block-media-text is-stacked-on-mobile\"><figure class=\"wp-block-media-text__media\"><img loading=\"lazy\" decoding=\"async\" width=\"1024\" height=\"682\" src=\"https:\/\/www.anglet-tourisme.com\/wp-content\/uploads\/2024\/12\/yoga-i-love-anglet-anglet_1rib4458_copyriblanc-1024x682.jpg\" alt=\"\" class=\"wp-image-14246 size-full\" srcset=\"https:\/\/www.anglet-tourisme.com\/wp-content\/uploads\/2024\/12\/yoga-i-love-anglet-anglet_1rib4458_copyriblanc-1024x682.jpg 1024w, https:\/\/www.anglet-tourisme.com\/wp-content\/uploads\/2024\/12\/yoga-i-love-anglet-anglet_1rib4458_copyriblanc-800x533.jpg 800w, https:\/\/www.anglet-tourisme.com\/wp-content\/uploads\/2024\/12\/yoga-i-love-anglet-anglet_1rib4458_copyriblanc-150x100.jpg 150w, https:\/\/www.anglet-tourisme.com\/wp-content\/uploads\/2024\/12\/yoga-i-love-anglet-anglet_1rib4458_copyriblanc-768x512.jpg 768w, https:\/\/www.anglet-tourisme.com\/wp-content\/uploads\/2024\/12\/yoga-i-love-anglet-anglet_1rib4458_copyriblanc-1536x1024.jpg 1536w, https:\/\/www.anglet-tourisme.com\/wp-content\/uploads\/2024\/12\/yoga-i-love-anglet-anglet_1rib4458_copyriblanc.jpg 2000w\" sizes=\"auto, (max-width: 1024px) 100vw, 1024px\" \/><\/figure><div class=\"wp-block-media-text__content\">\n<p>Ciudad natural donde reina la buena vida, Anglet es un destino de bienestar por excelencia.\nSesiones de yoga, clases de surf, iniciaci\u00f3n a la pelota vasca, un momento de relajaci\u00f3n en el centro de talasoterapia, una visita a los puestos de primeros auxilios, talleres artesanales y creativos&#8230; <\/p>\n\n\n\n<p>D\u00e9jate llevar y respira&#8230; \u00a1Est\u00e1s en Anglet!<\/p>\n\n\n\n<div style=\"height:40px\" aria-hidden=\"true\" class=\"wp-block-spacer\"><\/div>\n\n\n\n<div class=\"wp-block-buttons is-layout-flex wp-block-buttons-is-layout-flex\">\n<div class=\"wp-block-button is-style-outline is-style-outline--10\"><a class=\"wp-block-button__link wp-element-button\" href=\"https:\/\/www.anglet-tourisme.com\/es\/oficina-de-turismo-y-ocio-de-anglet\/\">M\u00e1s informaci\u00f3n sobre el destino<\/a><\/div>\n<\/div>\n\n\n\n<div style=\"height:20px\" aria-hidden=\"true\" class=\"wp-block-spacer\"><\/div>\n<\/div><\/div>\n","protected":false},"excerpt":{"rendered":"<p>Anglet forma parte de la provincia vasca de Labourd (el Pa\u00eds Vasco tiene 7 provincias, 3 del lado franc\u00e9s y 4 del lado espa\u00f1ol). Situada entre la hist\u00f3rica Bayona y la cosmopolita Biarritz, Anglet representa un equilibrio perfecto entre naturaleza virgen y dinamismo urbano. Con 4,5 kil\u00f3metros de costa, 230 [&hellip;]<\/p>\n","protected":false},"author":1,"featured_media":1170,"parent":0,"menu_order":0,"comment_status":"closed","ping_status":"closed","template":"","meta":{"_acf_changed":false,"_seopress_robots_primary_cat":"","_seopress_titles_title":"Descubre Anglet: bienvenido a Anglet, tu ciudad en la Costa Vasca","_seopress_titles_desc":"D\u00e9jate seducir por la ciudad de Anglet, tu destino ideal en la costa vasca, donde la cultura se une a la relajaci\u00f3n.","_seopress_robots_index":"","footnotes":""},"class_list":["post-11689","page","type-page","status-publish","has-post-thumbnail"],"acf":[],"_links":{"self":[{"href":"https:\/\/www.anglet-tourisme.com\/es\/wp-json\/wp\/v2\/pages\/11689","targetHints":{"allow":["GET"]}}],"collection":[{"href":"https:\/\/www.anglet-tourisme.com\/es\/wp-json\/wp\/v2\/pages"}],"about":[{"href":"https:\/\/www.anglet-tourisme.com\/es\/wp-json\/wp\/v2\/types\/page"}],"author":[{"embeddable":true,"href":"https:\/\/www.anglet-tourisme.com\/es\/wp-json\/wp\/v2\/users\/1"}],"replies":[{"embeddable":true,"href":"https:\/\/www.anglet-tourisme.com\/es\/wp-json\/wp\/v2\/comments?post=11689"}],"version-history":[{"count":2,"href":"https:\/\/www.anglet-tourisme.com\/es\/wp-json\/wp\/v2\/pages\/11689\/revisions"}],"predecessor-version":[{"id":14274,"href":"https:\/\/www.anglet-tourisme.com\/es\/wp-json\/wp\/v2\/pages\/11689\/revisions\/14274"}],"wp:featuredmedia":[{"embeddable":true,"href":"https:\/\/www.anglet-tourisme.com\/es\/wp-json\/wp\/v2\/media\/1170"}],"wp:attachment":[{"href":"https:\/\/www.anglet-tourisme.com\/es\/wp-json\/wp\/v2\/media?parent=11689"}],"curies":[{"name":"wp","href":"https:\/\/api.w.org\/{rel}","templated":true}]}}