{"id":11827,"date":"2024-05-24T14:43:59","date_gmt":"2024-05-24T12:43:59","guid":{"rendered":"https:\/\/www.anglet-tourisme.com\/lo-mas-destacado-de-anglet\/les-nocturnes-de-la-chambre-damour-conciertos-gratuitos-al-aire-libre\/"},"modified":"2025-02-25T16:07:43","modified_gmt":"2025-02-25T15:07:43","slug":"les-nocturnes-de-la-chambre-amour","status":"publish","type":"page","link":"https:\/\/www.anglet-tourisme.com\/es\/lo-mas-destacado-de-anglet\/les-nocturnes-de-la-chambre-amour\/","title":{"rendered":"Les Nocturnes de la Chambre d&#8217;Amour: conciertos gratuitos al aire libre"},"content":{"rendered":"\n<div class=\"wp-block-group\"><div class=\"wp-block-group__inner-container is-layout-constrained wp-block-group-is-layout-constrained\">\n<div class=\"wp-block-columns is-layout-flex wp-container-core-columns-is-layout-9d6595d7 wp-block-columns-is-layout-flex\">\n<div class=\"wp-block-column is-vertically-aligned-top is-layout-flow wp-block-column-is-layout-flow\">\n<figure class=\"wp-block-gallery has-nested-images columns-2 is-cropped wp-block-gallery-1 is-layout-flex wp-block-gallery-is-layout-flex\">\n<figure data-wp-context=\"{&quot;imageId&quot;:&quot;69f0f891e1b50&quot;}\" data-wp-interactive=\"core\/image\" data-wp-key=\"69f0f891e1b50\" class=\"wp-block-image size-large wp-lightbox-container\"><img loading=\"lazy\" decoding=\"async\" width=\"1024\" height=\"683\" data-wp-class--hide=\"state.isContentHidden\" data-wp-class--show=\"state.isContentVisible\" data-wp-init=\"callbacks.setButtonStyles\" data-wp-on--click=\"actions.showLightbox\" data-wp-on--load=\"callbacks.setButtonStyles\" data-wp-on-window--resize=\"callbacks.setButtonStyles\" data-id=\"3148\" src=\"https:\/\/www.anglet-tourisme.com\/wp-content\/uploads\/2024\/05\/Nocturnes-de-la-Chambre-d_Amour-Anglet__RIB4635_\u00a9RiBLANC-1024x683.jpg\" alt=\"Numeroso p\u00fablico ante el escenario de las Nocturnes de la Chambre d'Amour de Anglet\" class=\"wp-image-3148\" srcset=\"https:\/\/www.anglet-tourisme.com\/wp-content\/uploads\/2024\/05\/Nocturnes-de-la-Chambre-d_Amour-Anglet__RIB4635_\u00a9RiBLANC-1024x683.jpg 1024w, https:\/\/www.anglet-tourisme.com\/wp-content\/uploads\/2024\/05\/Nocturnes-de-la-Chambre-d_Amour-Anglet__RIB4635_\u00a9RiBLANC-800x534.jpg 800w, https:\/\/www.anglet-tourisme.com\/wp-content\/uploads\/2024\/05\/Nocturnes-de-la-Chambre-d_Amour-Anglet__RIB4635_\u00a9RiBLANC-768x512.jpg 768w, https:\/\/www.anglet-tourisme.com\/wp-content\/uploads\/2024\/05\/Nocturnes-de-la-Chambre-d_Amour-Anglet__RIB4635_\u00a9RiBLANC-1536x1025.jpg 1536w, https:\/\/www.anglet-tourisme.com\/wp-content\/uploads\/2024\/05\/Nocturnes-de-la-Chambre-d_Amour-Anglet__RIB4635_\u00a9RiBLANC.jpg 2000w\" sizes=\"auto, (max-width: 1024px) 100vw, 1024px\" \/><button\n\t\t\tclass=\"lightbox-trigger\"\n\t\t\ttype=\"button\"\n\t\t\taria-haspopup=\"dialog\"\n\t\t\taria-label=\"Agrandar\"\n\t\t\tdata-wp-init=\"callbacks.initTriggerButton\"\n\t\t\tdata-wp-on--click=\"actions.showLightbox\"\n\t\t\tdata-wp-style--right=\"state.imageButtonRight\"\n\t\t\tdata-wp-style--top=\"state.imageButtonTop\"\n\t\t>\n\t\t\t<svg xmlns=\"http:\/\/www.w3.org\/2000\/svg\" width=\"12\" height=\"12\" fill=\"none\" viewBox=\"0 0 12 12\">\n\t\t\t\t<path fill=\"#fff\" d=\"M2 0a2 2 0 0 0-2 2v2h1.5V2a.5.5 0 0 1 .5-.5h2V0H2Zm2 10.5H2a.5.5 0 0 1-.5-.5V8H0v2a2 2 0 0 0 2 2h2v-1.5ZM8 12v-1.5h2a.5.5 0 0 0 .5-.5V8H12v2a2 2 0 0 1-2 2H8Zm2-12a2 2 0 0 1 2 2v2h-1.5V2a.5.5 0 0 0-.5-.5H8V0h2Z\" \/>\n\t\t\t<\/svg>\n\t\t<\/button><\/figure>\n\n\n\n<figure data-wp-context=\"{&quot;imageId&quot;:&quot;69f0f891e211c&quot;}\" data-wp-interactive=\"core\/image\" data-wp-key=\"69f0f891e211c\" class=\"wp-block-image size-large wp-lightbox-container\"><img loading=\"lazy\" decoding=\"async\" width=\"1024\" height=\"683\" data-wp-class--hide=\"state.isContentHidden\" data-wp-class--show=\"state.isContentVisible\" data-wp-init=\"callbacks.setButtonStyles\" data-wp-on--click=\"actions.showLightbox\" data-wp-on--load=\"callbacks.setButtonStyles\" data-wp-on-window--resize=\"callbacks.setButtonStyles\" data-id=\"3145\" src=\"https:\/\/www.anglet-tourisme.com\/wp-content\/uploads\/2024\/05\/O-C_est-Nous-Nocturnes-de-la-Chambre-d_Amour-Anglet__RIB4500_\u00a9RiBLANC-1024x683.jpg\" alt=\"Puesta de sol en la Chambre d'Amour nocturnes de Anglet\" class=\"wp-image-3145\" srcset=\"https:\/\/www.anglet-tourisme.com\/wp-content\/uploads\/2024\/05\/O-C_est-Nous-Nocturnes-de-la-Chambre-d_Amour-Anglet__RIB4500_\u00a9RiBLANC-1024x683.jpg 1024w, https:\/\/www.anglet-tourisme.com\/wp-content\/uploads\/2024\/05\/O-C_est-Nous-Nocturnes-de-la-Chambre-d_Amour-Anglet__RIB4500_\u00a9RiBLANC-800x534.jpg 800w, https:\/\/www.anglet-tourisme.com\/wp-content\/uploads\/2024\/05\/O-C_est-Nous-Nocturnes-de-la-Chambre-d_Amour-Anglet__RIB4500_\u00a9RiBLANC-768x512.jpg 768w, https:\/\/www.anglet-tourisme.com\/wp-content\/uploads\/2024\/05\/O-C_est-Nous-Nocturnes-de-la-Chambre-d_Amour-Anglet__RIB4500_\u00a9RiBLANC-1536x1025.jpg 1536w, https:\/\/www.anglet-tourisme.com\/wp-content\/uploads\/2024\/05\/O-C_est-Nous-Nocturnes-de-la-Chambre-d_Amour-Anglet__RIB4500_\u00a9RiBLANC.jpg 2000w\" sizes=\"auto, (max-width: 1024px) 100vw, 1024px\" \/><button\n\t\t\tclass=\"lightbox-trigger\"\n\t\t\ttype=\"button\"\n\t\t\taria-haspopup=\"dialog\"\n\t\t\taria-label=\"Agrandar\"\n\t\t\tdata-wp-init=\"callbacks.initTriggerButton\"\n\t\t\tdata-wp-on--click=\"actions.showLightbox\"\n\t\t\tdata-wp-style--right=\"state.imageButtonRight\"\n\t\t\tdata-wp-style--top=\"state.imageButtonTop\"\n\t\t>\n\t\t\t<svg xmlns=\"http:\/\/www.w3.org\/2000\/svg\" width=\"12\" height=\"12\" fill=\"none\" viewBox=\"0 0 12 12\">\n\t\t\t\t<path fill=\"#fff\" d=\"M2 0a2 2 0 0 0-2 2v2h1.5V2a.5.5 0 0 1 .5-.5h2V0H2Zm2 10.5H2a.5.5 0 0 1-.5-.5V8H0v2a2 2 0 0 0 2 2h2v-1.5ZM8 12v-1.5h2a.5.5 0 0 0 .5-.5V8H12v2a2 2 0 0 1-2 2H8Zm2-12a2 2 0 0 1 2 2v2h-1.5V2a.5.5 0 0 0-.5-.5H8V0h2Z\" \/>\n\t\t\t<\/svg>\n\t\t<\/button><\/figure>\n\n\n\n<figure data-wp-context=\"{&quot;imageId&quot;:&quot;69f0f891e261d&quot;}\" data-wp-interactive=\"core\/image\" data-wp-key=\"69f0f891e261d\" class=\"wp-block-image size-large wp-lightbox-container\"><img loading=\"lazy\" decoding=\"async\" width=\"1024\" height=\"683\" data-wp-class--hide=\"state.isContentHidden\" data-wp-class--show=\"state.isContentVisible\" data-wp-init=\"callbacks.setButtonStyles\" data-wp-on--click=\"actions.showLightbox\" data-wp-on--load=\"callbacks.setButtonStyles\" data-wp-on-window--resize=\"callbacks.setButtonStyles\" data-id=\"3142\" src=\"https:\/\/www.anglet-tourisme.com\/wp-content\/uploads\/2024\/05\/Pierre-de-Maere-Nocturnes-de-la-Chambre-d_Amour-Anglet__RIB4689_\u00a9RiBLANC-1024x683.jpg\" alt=\"Pierre de Maere en el escenario de los Nocturnos de la C\u00e1mara de Amor\" class=\"wp-image-3142\" srcset=\"https:\/\/www.anglet-tourisme.com\/wp-content\/uploads\/2024\/05\/Pierre-de-Maere-Nocturnes-de-la-Chambre-d_Amour-Anglet__RIB4689_\u00a9RiBLANC-1024x683.jpg 1024w, https:\/\/www.anglet-tourisme.com\/wp-content\/uploads\/2024\/05\/Pierre-de-Maere-Nocturnes-de-la-Chambre-d_Amour-Anglet__RIB4689_\u00a9RiBLANC-800x534.jpg 800w, https:\/\/www.anglet-tourisme.com\/wp-content\/uploads\/2024\/05\/Pierre-de-Maere-Nocturnes-de-la-Chambre-d_Amour-Anglet__RIB4689_\u00a9RiBLANC-768x512.jpg 768w, https:\/\/www.anglet-tourisme.com\/wp-content\/uploads\/2024\/05\/Pierre-de-Maere-Nocturnes-de-la-Chambre-d_Amour-Anglet__RIB4689_\u00a9RiBLANC-1536x1025.jpg 1536w, https:\/\/www.anglet-tourisme.com\/wp-content\/uploads\/2024\/05\/Pierre-de-Maere-Nocturnes-de-la-Chambre-d_Amour-Anglet__RIB4689_\u00a9RiBLANC.jpg 2000w\" sizes=\"auto, (max-width: 1024px) 100vw, 1024px\" \/><button\n\t\t\tclass=\"lightbox-trigger\"\n\t\t\ttype=\"button\"\n\t\t\taria-haspopup=\"dialog\"\n\t\t\taria-label=\"Agrandar\"\n\t\t\tdata-wp-init=\"callbacks.initTriggerButton\"\n\t\t\tdata-wp-on--click=\"actions.showLightbox\"\n\t\t\tdata-wp-style--right=\"state.imageButtonRight\"\n\t\t\tdata-wp-style--top=\"state.imageButtonTop\"\n\t\t>\n\t\t\t<svg xmlns=\"http:\/\/www.w3.org\/2000\/svg\" width=\"12\" height=\"12\" fill=\"none\" viewBox=\"0 0 12 12\">\n\t\t\t\t<path fill=\"#fff\" d=\"M2 0a2 2 0 0 0-2 2v2h1.5V2a.5.5 0 0 1 .5-.5h2V0H2Zm2 10.5H2a.5.5 0 0 1-.5-.5V8H0v2a2 2 0 0 0 2 2h2v-1.5ZM8 12v-1.5h2a.5.5 0 0 0 .5-.5V8H12v2a2 2 0 0 1-2 2H8Zm2-12a2 2 0 0 1 2 2v2h-1.5V2a.5.5 0 0 0-.5-.5H8V0h2Z\" \/>\n\t\t\t<\/svg>\n\t\t<\/button><\/figure>\n<\/figure>\n<\/div>\n\n\n\n<div class=\"wp-block-column is-vertically-aligned-top is-layout-flow wp-block-column-is-layout-flow\">\n<h2 class=\"wp-block-heading\"><strong>Una cita musical ineludible<\/strong><\/h2>\n\n\n\n<p>Todos los a\u00f1os, el <strong>\u00faltimo fin de semana de junio<\/strong> <strong>(o el primero de julio)<\/strong>, la ciudad de Anglet organiza dos veladas de conciertos gratuitos al aire libre en el Jardin de la Grotte de la Chambre d&#8217;Amour.<\/p>\n\n\n\n<p>Este acontecimiento se ha convertido en una parte esencial del verano en la Costa Vasca, atrayendo a un p\u00fablico cada vez m\u00e1s numeroso.<\/p>\n\n\n\n<div style=\"height:40px\" aria-hidden=\"true\" class=\"wp-block-spacer\"><\/div>\n\n\n\n<h2 class=\"wp-block-heading\"><strong>Un programa ecl\u00e9ctico y de calidad<\/strong><\/h2>\n\n\n\n<p><strong>Los Nocturnos de la Chambre d&#8217;Amour<\/strong> ofrecen un programa rico y variado.\nCada edici\u00f3n cuenta con cuatro artistas de renombre en escena.\nEl p\u00fablico, sentado frente al oc\u00e9ano, disfruta de un espect\u00e1culo \u00fanico con la puesta de sol como tel\u00f3n de fondo.  <\/p>\n\n\n\n<p>En ediciones anteriores han participado artistas famosos de la escena musical francesa como Lilly Wood &amp; The Prick, Les N\u00e9gresses Vertes, Amir, Skip the Use, Pierre de Maere e Izia.<\/p>\n\n\n\n<p>Estos momentos de convivencia musical crean un ambiente festivo y cordial, apreciado por todos.\n\u00a1No te pierdas esta cita estival y ven a disfrutar de una experiencia musical inolvidable en el Jardin de la Grotte de la Chambre d&#8217;Amour! <\/p>\n<\/div>\n<\/div>\n<\/div><\/div>\n\n\n\n<div style=\"height:80px\" aria-hidden=\"true\" class=\"wp-block-spacer\"><\/div>\n\n\n\n<div class=\"wp-block-group\"><div class=\"wp-block-group__inner-container is-layout-constrained wp-block-group-is-layout-constrained\">\n<div class=\"wp-block-columns is-layout-flex wp-container-core-columns-is-layout-9d6595d7 wp-block-columns-is-layout-flex\">\n<div class=\"wp-block-column is-layout-flow wp-block-column-is-layout-flow\" style=\"flex-basis:66.66%\">\n<div class=\"wp-block-cover is-light alert\" style=\"min-height:107px;aspect-ratio:unset;\"><span aria-hidden=\"true\" class=\"wp-block-cover__background has-white-background-color has-background-dim-100 has-background-dim\"><\/span><div class=\"wp-block-cover__inner-container is-layout-constrained wp-block-cover-is-layout-constrained\">\n<div class=\"wp-block-group is-nowrap is-layout-flex wp-container-core-group-is-layout-ad2f72ca wp-block-group-is-layout-flex\"><div class=\"wp-block-image\">\n<figure class=\"alignleft size-full is-resized\"><img loading=\"lazy\" decoding=\"async\" width=\"431\" height=\"415\" src=\"https:\/\/www.anglet-tourisme.com\/wp-content\/uploads\/2024\/05\/Anglet-Cote-Basque-PICTOS-V2_page-0001-1.jpg\" alt=\"\" class=\"wp-image-2472\" style=\"aspect-ratio:1;object-fit:cover;width:67px;height:auto\"\/><\/figure>\n<\/div>\n\n\n<h3 class=\"wp-block-heading has-text-align-left has-blue-color has-text-color has-small-font-size\"><strong>INFORMACI\u00d3N<\/strong><\/h3>\n<\/div>\n\n\n\n<p><br><strong>DIRECCI\u00d3N<\/strong><br>Jardin de la Grotte, Chambre d&#8217;Amour, 64600 ANGLET<br><br><strong>CONTACTO<\/strong><br>+33 (0)5 59 03 77 01<br><br><strong>ORGANIZACI\u00d3N<\/strong><br>Oficina de Turismo y Ocio de Anglet<\/p>\n\n\n\n<div style=\"height:40px\" aria-hidden=\"true\" class=\"wp-block-spacer\"><\/div>\n<\/div><\/div>\n<\/div>\n\n\n\n<div class=\"wp-block-column is-vertically-aligned-center is-layout-flow wp-block-column-is-layout-flow\" style=\"flex-basis:66.66%\">\n<div class=\"wp-block-columns is-layout-flex wp-container-core-columns-is-layout-9d6595d7 wp-block-columns-is-layout-flex\">\n<div class=\"wp-block-column is-layout-flow wp-block-column-is-layout-flow\">\n<h3 class=\"wp-block-heading\">Accesibilidad<\/h3>\n\n\n\n<ul class=\"wp-block-list\">\n<li>Aparcamiento<\/li>\n\n\n\n<li>Paradas de autob\u00fas <\/li>\n<\/ul>\n<\/div>\n\n\n\n<div class=\"wp-block-column is-vertically-aligned-center is-layout-flow wp-block-column-is-layout-flow\">\n<div class=\"wp-block-buttons is-layout-flex wp-container-core-buttons-is-layout-6b4e3324 wp-block-buttons-is-layout-flex\">\n<div class=\"wp-block-button\"><a class=\"wp-block-button__link has-text-align-center wp-element-button\" href=\"https:\/\/itineraires.txiktxak.fr\/fr\/horaires\/Anglet\/arret\/Chambre%20d%27Amour\/place_PLAG\" target=\"_blank\" rel=\"noreferrer noopener\">Venir en autob\u00fas<\/a><\/div>\n<\/div>\n<\/div>\n<\/div>\n\n\n\n<div class=\"frame-responsive\"><iframe loading=\"lazy\" width=\"425\" height=\"350\" src=\"https:\/\/www.openstreetmap.org\/export\/embed.html?bbox=-1.5447136759757998%2C43.49760829423571%2C-1.5411731600761416%2C43.49928934072751&#038;layer=mapnik&#038;marker=43.498448823331856%2C-1.5429434180259705\" style=\"border: 1px solid black\"><\/iframe><br\/><small><a href=\"https:\/\/www.openstreetmap.org\/?mlat=43.49845&#038;mlon=-1.54294#map=19\/43.49845\/-1.54294\">Mostrar un mapa m\u00e1s grande<\/a><\/small><\/div>\n<\/div>\n<\/div>\n<\/div><\/div>\n","protected":false},"excerpt":{"rendered":"<p>Una cita musical ineludible Todos los a\u00f1os, el \u00faltimo fin de semana de junio (o el primero de julio), la ciudad de Anglet organiza dos veladas de conciertos gratuitos al aire libre en el Jardin de la Grotte de la Chambre d&#8217;Amour. Este acontecimiento se ha convertido en una parte [&hellip;]<\/p>\n","protected":false},"author":2,"featured_media":3651,"parent":11699,"menu_order":7,"comment_status":"closed","ping_status":"closed","template":"","meta":{"_acf_changed":false,"_seopress_robots_primary_cat":"","_seopress_titles_title":"Nocturnes de la chambre d'Amour: programa y fiestas en Anglet","_seopress_titles_desc":"Descubre las Nocturnes de la Chambre d'Amour en Anglet, un festival \u00fanico que combina conciertos y surf en el coraz\u00f3n del Pa\u00eds Vasco, cerca de Biarritz, Francia.\r\n\u00a1Siente el ritmo de esta excepcional experiencia nocturna!","_seopress_robots_index":"","footnotes":""},"class_list":["post-11827","page","type-page","status-publish","has-post-thumbnail"],"acf":[],"_links":{"self":[{"href":"https:\/\/www.anglet-tourisme.com\/es\/wp-json\/wp\/v2\/pages\/11827","targetHints":{"allow":["GET"]}}],"collection":[{"href":"https:\/\/www.anglet-tourisme.com\/es\/wp-json\/wp\/v2\/pages"}],"about":[{"href":"https:\/\/www.anglet-tourisme.com\/es\/wp-json\/wp\/v2\/types\/page"}],"author":[{"embeddable":true,"href":"https:\/\/www.anglet-tourisme.com\/es\/wp-json\/wp\/v2\/users\/2"}],"replies":[{"embeddable":true,"href":"https:\/\/www.anglet-tourisme.com\/es\/wp-json\/wp\/v2\/comments?post=11827"}],"version-history":[{"count":2,"href":"https:\/\/www.anglet-tourisme.com\/es\/wp-json\/wp\/v2\/pages\/11827\/revisions"}],"predecessor-version":[{"id":15158,"href":"https:\/\/www.anglet-tourisme.com\/es\/wp-json\/wp\/v2\/pages\/11827\/revisions\/15158"}],"up":[{"embeddable":true,"href":"https:\/\/www.anglet-tourisme.com\/es\/wp-json\/wp\/v2\/pages\/11699"}],"wp:featuredmedia":[{"embeddable":true,"href":"https:\/\/www.anglet-tourisme.com\/es\/wp-json\/wp\/v2\/media\/3651"}],"wp:attachment":[{"href":"https:\/\/www.anglet-tourisme.com\/es\/wp-json\/wp\/v2\/media?parent=11827"}],"curies":[{"name":"wp","href":"https:\/\/api.w.org\/{rel}","templated":true}]}}