{"id":11906,"date":"2024-04-30T15:36:51","date_gmt":"2024-04-30T13:36:51","guid":{"rendered":"https:\/\/www.anglet-tourisme.com\/formadores\/"},"modified":"2024-11-28T15:47:11","modified_gmt":"2024-11-28T14:47:11","slug":"shapers","status":"publish","type":"page","link":"https:\/\/www.anglet-tourisme.com\/es\/saber-hacer\/artesania-y-saber-hacer-vascos\/shapers\/","title":{"rendered":"Shapers"},"content":{"rendered":"\n<div class=\"wp-block-group\"><div class=\"wp-block-group__inner-container is-layout-constrained wp-block-group-is-layout-constrained\">\n<div class=\"wp-block-columns is-layout-flex wp-container-core-columns-is-layout-9d6595d7 wp-block-columns-is-layout-flex\">\n<div class=\"wp-block-column is-vertically-aligned-top is-layout-flow wp-block-column-is-layout-flow\">\n<figure class=\"wp-block-gallery has-nested-images columns-2 is-cropped wp-block-gallery-1 is-layout-flex wp-block-gallery-is-layout-flex\">\n<figure data-wp-context=\"{&quot;imageId&quot;:&quot;69f10823d4bed&quot;}\" data-wp-interactive=\"core\/image\" data-wp-key=\"69f10823d4bed\" class=\"wp-block-image size-large wp-lightbox-container\"><img loading=\"lazy\" decoding=\"async\" width=\"1024\" height=\"682\" data-wp-class--hide=\"state.isContentHidden\" data-wp-class--show=\"state.isContentVisible\" data-wp-init=\"callbacks.setButtonStyles\" data-wp-on--click=\"actions.showLightbox\" data-wp-on--load=\"callbacks.setButtonStyles\" data-wp-on-window--resize=\"callbacks.setButtonStyles\" data-id=\"5110\" src=\"https:\/\/www.anglet-tourisme.com\/wp-content\/uploads\/2024\/05\/Eric-Rouge-Surfboards_1RIB1607_\u00a9RiBLANC-1024x682.jpg\" alt=\"\" class=\"wp-image-5110\" srcset=\"https:\/\/www.anglet-tourisme.com\/wp-content\/uploads\/2024\/05\/Eric-Rouge-Surfboards_1RIB1607_\u00a9RiBLANC-1024x682.jpg 1024w, https:\/\/www.anglet-tourisme.com\/wp-content\/uploads\/2024\/05\/Eric-Rouge-Surfboards_1RIB1607_\u00a9RiBLANC-800x533.jpg 800w, https:\/\/www.anglet-tourisme.com\/wp-content\/uploads\/2024\/05\/Eric-Rouge-Surfboards_1RIB1607_\u00a9RiBLANC-768x512.jpg 768w, https:\/\/www.anglet-tourisme.com\/wp-content\/uploads\/2024\/05\/Eric-Rouge-Surfboards_1RIB1607_\u00a9RiBLANC-1536x1024.jpg 1536w, https:\/\/www.anglet-tourisme.com\/wp-content\/uploads\/2024\/05\/Eric-Rouge-Surfboards_1RIB1607_\u00a9RiBLANC.jpg 2000w\" sizes=\"auto, (max-width: 1024px) 100vw, 1024px\" \/><button\n\t\t\tclass=\"lightbox-trigger\"\n\t\t\ttype=\"button\"\n\t\t\taria-haspopup=\"dialog\"\n\t\t\taria-label=\"Agrandar\"\n\t\t\tdata-wp-init=\"callbacks.initTriggerButton\"\n\t\t\tdata-wp-on--click=\"actions.showLightbox\"\n\t\t\tdata-wp-style--right=\"state.imageButtonRight\"\n\t\t\tdata-wp-style--top=\"state.imageButtonTop\"\n\t\t>\n\t\t\t<svg xmlns=\"http:\/\/www.w3.org\/2000\/svg\" width=\"12\" height=\"12\" fill=\"none\" viewBox=\"0 0 12 12\">\n\t\t\t\t<path fill=\"#fff\" d=\"M2 0a2 2 0 0 0-2 2v2h1.5V2a.5.5 0 0 1 .5-.5h2V0H2Zm2 10.5H2a.5.5 0 0 1-.5-.5V8H0v2a2 2 0 0 0 2 2h2v-1.5ZM8 12v-1.5h2a.5.5 0 0 0 .5-.5V8H12v2a2 2 0 0 1-2 2H8Zm2-12a2 2 0 0 1 2 2v2h-1.5V2a.5.5 0 0 0-.5-.5H8V0h2Z\" \/>\n\t\t\t<\/svg>\n\t\t<\/button><\/figure>\n\n\n\n<figure data-wp-context=\"{&quot;imageId&quot;:&quot;69f10823d528b&quot;}\" data-wp-interactive=\"core\/image\" data-wp-key=\"69f10823d528b\" class=\"wp-block-image size-large wp-lightbox-container\"><img loading=\"lazy\" decoding=\"async\" width=\"1024\" height=\"682\" data-wp-class--hide=\"state.isContentHidden\" data-wp-class--show=\"state.isContentVisible\" data-wp-init=\"callbacks.setButtonStyles\" data-wp-on--click=\"actions.showLightbox\" data-wp-on--load=\"callbacks.setButtonStyles\" data-wp-on-window--resize=\"callbacks.setButtonStyles\" data-id=\"4996\" src=\"https:\/\/www.anglet-tourisme.com\/wp-content\/uploads\/2024\/05\/MixmiX-Handcraft_1RIB1374_\u00a9RiBLANC-1024x682.jpg\" alt=\"\" class=\"wp-image-4996\" srcset=\"https:\/\/www.anglet-tourisme.com\/wp-content\/uploads\/2024\/05\/MixmiX-Handcraft_1RIB1374_\u00a9RiBLANC-1024x682.jpg 1024w, https:\/\/www.anglet-tourisme.com\/wp-content\/uploads\/2024\/05\/MixmiX-Handcraft_1RIB1374_\u00a9RiBLANC-800x533.jpg 800w, https:\/\/www.anglet-tourisme.com\/wp-content\/uploads\/2024\/05\/MixmiX-Handcraft_1RIB1374_\u00a9RiBLANC-768x512.jpg 768w, https:\/\/www.anglet-tourisme.com\/wp-content\/uploads\/2024\/05\/MixmiX-Handcraft_1RIB1374_\u00a9RiBLANC-1536x1024.jpg 1536w, https:\/\/www.anglet-tourisme.com\/wp-content\/uploads\/2024\/05\/MixmiX-Handcraft_1RIB1374_\u00a9RiBLANC.jpg 2000w\" sizes=\"auto, (max-width: 1024px) 100vw, 1024px\" \/><button\n\t\t\tclass=\"lightbox-trigger\"\n\t\t\ttype=\"button\"\n\t\t\taria-haspopup=\"dialog\"\n\t\t\taria-label=\"Agrandar\"\n\t\t\tdata-wp-init=\"callbacks.initTriggerButton\"\n\t\t\tdata-wp-on--click=\"actions.showLightbox\"\n\t\t\tdata-wp-style--right=\"state.imageButtonRight\"\n\t\t\tdata-wp-style--top=\"state.imageButtonTop\"\n\t\t>\n\t\t\t<svg xmlns=\"http:\/\/www.w3.org\/2000\/svg\" width=\"12\" height=\"12\" fill=\"none\" viewBox=\"0 0 12 12\">\n\t\t\t\t<path fill=\"#fff\" d=\"M2 0a2 2 0 0 0-2 2v2h1.5V2a.5.5 0 0 1 .5-.5h2V0H2Zm2 10.5H2a.5.5 0 0 1-.5-.5V8H0v2a2 2 0 0 0 2 2h2v-1.5ZM8 12v-1.5h2a.5.5 0 0 0 .5-.5V8H12v2a2 2 0 0 1-2 2H8Zm2-12a2 2 0 0 1 2 2v2h-1.5V2a.5.5 0 0 0-.5-.5H8V0h2Z\" \/>\n\t\t\t<\/svg>\n\t\t<\/button><\/figure>\n\n\n\n<figure data-wp-context=\"{&quot;imageId&quot;:&quot;69f10823d582e&quot;}\" data-wp-interactive=\"core\/image\" data-wp-key=\"69f10823d582e\" class=\"wp-block-image size-large wp-lightbox-container\"><img loading=\"lazy\" decoding=\"async\" width=\"1024\" height=\"682\" data-wp-class--hide=\"state.isContentHidden\" data-wp-class--show=\"state.isContentVisible\" data-wp-init=\"callbacks.setButtonStyles\" data-wp-on--click=\"actions.showLightbox\" data-wp-on--load=\"callbacks.setButtonStyles\" data-wp-on-window--resize=\"callbacks.setButtonStyles\" data-id=\"5098\" src=\"https:\/\/www.anglet-tourisme.com\/wp-content\/uploads\/2024\/05\/MixmiX-Handcraft_1RIB1568_\u00a9RiBLANC-1024x682.jpg\" alt=\"\" class=\"wp-image-5098\" srcset=\"https:\/\/www.anglet-tourisme.com\/wp-content\/uploads\/2024\/05\/MixmiX-Handcraft_1RIB1568_\u00a9RiBLANC-1024x682.jpg 1024w, https:\/\/www.anglet-tourisme.com\/wp-content\/uploads\/2024\/05\/MixmiX-Handcraft_1RIB1568_\u00a9RiBLANC-800x533.jpg 800w, https:\/\/www.anglet-tourisme.com\/wp-content\/uploads\/2024\/05\/MixmiX-Handcraft_1RIB1568_\u00a9RiBLANC-768x512.jpg 768w, https:\/\/www.anglet-tourisme.com\/wp-content\/uploads\/2024\/05\/MixmiX-Handcraft_1RIB1568_\u00a9RiBLANC-1536x1024.jpg 1536w, https:\/\/www.anglet-tourisme.com\/wp-content\/uploads\/2024\/05\/MixmiX-Handcraft_1RIB1568_\u00a9RiBLANC.jpg 2000w\" sizes=\"auto, (max-width: 1024px) 100vw, 1024px\" \/><button\n\t\t\tclass=\"lightbox-trigger\"\n\t\t\ttype=\"button\"\n\t\t\taria-haspopup=\"dialog\"\n\t\t\taria-label=\"Agrandar\"\n\t\t\tdata-wp-init=\"callbacks.initTriggerButton\"\n\t\t\tdata-wp-on--click=\"actions.showLightbox\"\n\t\t\tdata-wp-style--right=\"state.imageButtonRight\"\n\t\t\tdata-wp-style--top=\"state.imageButtonTop\"\n\t\t>\n\t\t\t<svg xmlns=\"http:\/\/www.w3.org\/2000\/svg\" width=\"12\" height=\"12\" fill=\"none\" viewBox=\"0 0 12 12\">\n\t\t\t\t<path fill=\"#fff\" d=\"M2 0a2 2 0 0 0-2 2v2h1.5V2a.5.5 0 0 1 .5-.5h2V0H2Zm2 10.5H2a.5.5 0 0 1-.5-.5V8H0v2a2 2 0 0 0 2 2h2v-1.5ZM8 12v-1.5h2a.5.5 0 0 0 .5-.5V8H12v2a2 2 0 0 1-2 2H8Zm2-12a2 2 0 0 1 2 2v2h-1.5V2a.5.5 0 0 0-.5-.5H8V0h2Z\" \/>\n\t\t\t<\/svg>\n\t\t<\/button><\/figure>\n<\/figure>\n<\/div>\n\n\n\n<div class=\"wp-block-column is-vertically-aligned-top is-layout-flow wp-block-column-is-layout-flow\">\n<h2 class=\"wp-block-heading\"><strong>Artesanos de las tablas<\/strong><\/h2>\n\n\n\n<p>\u00bfNecesitas una tabla de surf \u00fanica y de alto rendimiento? Algunos de los mejores shapers del mundo practican su arte no lejos del puerto deportivo de Brise Lames o al borde del bosque de Lazaret.<\/p>\n\n\n\n<p>A orillas del Adour, es un lugar venerado por los surfistas, donde se ha escrito parte de la historia del surf en la costa vasca&#8230;\nMientras unas notas musicales y el aroma de la resina emanan del hangar, echemos un vistazo al interior: \u00a1aqu\u00ed trabajan algunos de los shapers con m\u00e1s talento de Francia! <\/p>\n\n\n\n<div style=\"height:40px\" aria-hidden=\"true\" class=\"wp-block-spacer\"><\/div>\n\n\n\n<h2 class=\"wp-block-heading\"><strong>Moldeadores, vidrieros, lijadores&#8230; a cada cual su estilo<\/strong><\/h2>\n\n\n\n<p>La \u00abShaper Family Angloye\u00bb elabora artesanalmente un centenar de las mejores tablas del mercado cada semana, en un animado intercambio de ideas. Artesanos y artistas, shapers, vidrieros, lijadores&#8230; cada uno con su estilo y sus t\u00e9cnicas aporta su toque personal, y podr\u00e1s conocer a las leyendas \u00c9ric Roug\u00e9 y Alain Minvielle o al at\u00edpico Xavier de MixMix Surfboard con sus tablas retro&#8230; \u00a1y a muchas otras figuras del mundo del surf de Anglet!<\/p>\n<\/div>\n<\/div>\n<\/div><\/div>\n\n\n\n<div style=\"height:80px\" aria-hidden=\"true\" class=\"wp-block-spacer\"><\/div>\n\n\n\n<div class=\"wp-block-group\"><div class=\"wp-block-group__inner-container is-layout-constrained wp-block-group-is-layout-constrained\">\n<div class=\"wp-block-columns is-layout-flex wp-container-core-columns-is-layout-9d6595d7 wp-block-columns-is-layout-flex\">\n<div class=\"wp-block-column is-vertically-aligned-top is-layout-flow wp-block-column-is-layout-flow\"><div id=\"ts-block-66390544d34f8\"  class=\"title-bloc-container\">\n\t\t<div class=\"title-bloc-content\">\n\t\t<div class=\"title-bloc\" >\n\t\t\t<div class=\"acf-innerblocks-container\">\n\n<p class=\"suptitle\">C\u00e9ntrate en&#8230;<\/p>\n\n\n\n<h2 class=\"wp-block-heading\">El artista que da forma: Luc Rolland, modelador polifac\u00e9tico<\/h2>\n\n<\/div>\t\t<\/div>\n\t\t\t<\/div>\n<\/div>\n\n\n\n<p>Ha trabajado para Courr\u00e8ges, cree que el surf es ante todo una actividad divertida y acu\u00e1tica, y expone sus tablas en lugares tan lejanos como Jap\u00f3n.\nSi a esto a\u00f1adimos que a este hombre de ojos risue\u00f1os tambi\u00e9n le gusta trabajar la cer\u00e1mica, y que es pintor y escultor, el retrato de Luc Rolland, un shaper polifac\u00e9tico, se habr\u00e1 engrosado a\u00fan m\u00e1s.\nLas l\u00edneas puras de sus tablas de surf las convierten en verdaderas obras de arte, lo que es f\u00e1cil de entender cuando lees su lema: \u00abnunca hagas lo mismo dos veces\u00bb.\nLo mejor que puedes hacer es ir a admirar su trabajo.   <\/p>\n\n\n\n<div style=\"height:40px\" aria-hidden=\"true\" class=\"wp-block-spacer\"><\/div>\n\n\n\n<div class=\"wp-block-buttons is-layout-flex wp-block-buttons-is-layout-flex\">\n<div class=\"wp-block-button\"><a class=\"wp-block-button__link wp-element-button\" href=\"https:\/\/www.facebook.com\/luc.rolland.surfart\" target=\"_blank\" rel=\"noreferrer noopener\">M\u00e1s informaci\u00f3n<\/a><\/div>\n<\/div>\n<\/div>\n\n\n\n<div class=\"wp-block-column is-layout-flow wp-block-column-is-layout-flow\" style=\"flex-basis:50%\">\n<div class=\"wp-block-cover is-light alert\" style=\"min-height:107px;aspect-ratio:unset;\"><span aria-hidden=\"true\" class=\"wp-block-cover__background has-white-background-color has-background-dim-100 has-background-dim\"><\/span><div class=\"wp-block-cover__inner-container is-layout-constrained wp-block-cover-is-layout-constrained\">\n<div class=\"wp-block-group is-nowrap is-layout-flex wp-container-core-group-is-layout-ad2f72ca wp-block-group-is-layout-flex\"><div class=\"wp-block-image\">\n<figure class=\"alignleft size-full is-resized\"><img loading=\"lazy\" decoding=\"async\" width=\"431\" height=\"415\" src=\"https:\/\/www.anglet-tourisme.com\/wp-content\/uploads\/2024\/05\/Anglet-Cote-Basque-PICTOS-V2_page-0001-1.jpg\" alt=\"\" class=\"wp-image-2472\" style=\"aspect-ratio:1;object-fit:cover;width:67px;height:auto\"\/><\/figure>\n<\/div>\n\n\n<h3 class=\"wp-block-heading has-text-align-left has-blue-color has-text-color has-small-font-size\"><strong>LISTA DE MOLDEADORES ANGLOSAJONES<\/strong><\/h3>\n<\/div>\n\n\n\n<p>Forjadores de renombre internacional, algunos con procesos innovadores y otros comprometidos con la ecorresponsabilidad:<\/p>\n\n\n\n<div style=\"height:40px\" aria-hidden=\"true\" class=\"wp-block-spacer\"><\/div>\n\n\n\n<div class=\"wp-block-columns is-layout-flex wp-container-core-columns-is-layout-9d6595d7 wp-block-columns-is-layout-flex\">\n<div class=\"wp-block-column is-layout-flow wp-block-column-is-layout-flow\">\n<ul class=\"wp-block-list\">\n<li>Tabla de surf Stark<\/li>\n\n\n\n<li>Tabla de surf Minvielle<\/li>\n\n\n\n<li>Eric Roug\u00e9<\/li>\n\n\n\n<li>\u00c1cido fant\u00e1stico<\/li>\n\n\n\n<li>Samy<\/li>\n\n\n\n<li>L\u00edneas de grasa<\/li>\n\n\n\n<li>Tabla de surf Mix Mix<\/li>\n\n\n\n<li>Circo<\/li>\n<\/ul>\n<\/div>\n\n\n\n<div class=\"wp-block-column is-vertically-aligned-top is-layout-flow wp-block-column-is-layout-flow\">\n<ul class=\"wp-block-list\">\n<li>Tablas de surf Clean Cut<\/li>\n\n\n\n<li>Tabla de surf RT Surfboards<\/li>\n\n\n\n<li>La tabla de surf de Daniel<\/li>\n\n\n\n<li>Notox<\/li>\n\n\n\n<li>Johan tabla de surf<\/li>\n\n\n\n<li>Tabla de surf Wyve<\/li>\n\n\n\n<li>Luc Rolland<\/li>\n<\/ul>\n<\/div>\n<\/div>\n<\/div><\/div>\n<\/div>\n<\/div>\n<\/div><\/div>\n","protected":false},"excerpt":{"rendered":"<p>Artesanos de las tablas \u00bfNecesitas una tabla de surf \u00fanica y de alto rendimiento? Algunos de los mejores shapers del mundo practican su arte no lejos del puerto deportivo de Brise Lames o al borde del bosque de Lazaret. A orillas del Adour, es un lugar venerado por los surfistas, [&hellip;]<\/p>\n","protected":false},"author":1,"featured_media":11628,"parent":12050,"menu_order":0,"comment_status":"closed","ping_status":"closed","template":"","meta":{"_acf_changed":false,"_seopress_robots_primary_cat":"","_seopress_titles_title":"","_seopress_titles_desc":"","_seopress_robots_index":"","footnotes":""},"class_list":["post-11906","page","type-page","status-publish","has-post-thumbnail"],"acf":[],"_links":{"self":[{"href":"https:\/\/www.anglet-tourisme.com\/es\/wp-json\/wp\/v2\/pages\/11906","targetHints":{"allow":["GET"]}}],"collection":[{"href":"https:\/\/www.anglet-tourisme.com\/es\/wp-json\/wp\/v2\/pages"}],"about":[{"href":"https:\/\/www.anglet-tourisme.com\/es\/wp-json\/wp\/v2\/types\/page"}],"author":[{"embeddable":true,"href":"https:\/\/www.anglet-tourisme.com\/es\/wp-json\/wp\/v2\/users\/1"}],"replies":[{"embeddable":true,"href":"https:\/\/www.anglet-tourisme.com\/es\/wp-json\/wp\/v2\/comments?post=11906"}],"version-history":[{"count":1,"href":"https:\/\/www.anglet-tourisme.com\/es\/wp-json\/wp\/v2\/pages\/11906\/revisions"}],"predecessor-version":[{"id":13946,"href":"https:\/\/www.anglet-tourisme.com\/es\/wp-json\/wp\/v2\/pages\/11906\/revisions\/13946"}],"up":[{"embeddable":true,"href":"https:\/\/www.anglet-tourisme.com\/es\/wp-json\/wp\/v2\/pages\/12050"}],"wp:featuredmedia":[{"embeddable":true,"href":"https:\/\/www.anglet-tourisme.com\/es\/wp-json\/wp\/v2\/media\/11628"}],"wp:attachment":[{"href":"https:\/\/www.anglet-tourisme.com\/es\/wp-json\/wp\/v2\/media?parent=11906"}],"curies":[{"name":"wp","href":"https:\/\/api.w.org\/{rel}","templated":true}]}}