{"id":11967,"date":"2024-04-30T14:53:28","date_gmt":"2024-04-30T12:53:28","guid":{"rendered":"https:\/\/www.anglet-tourisme.com\/parques-y-areas-de-juego\/"},"modified":"2025-07-03T12:11:45","modified_gmt":"2025-07-03T10:11:45","slug":"parques-y-areas-de-juego","status":"publish","type":"page","link":"https:\/\/www.anglet-tourisme.com\/es\/en-movimiento-en-anglet\/ocio-y-entretenimiento\/parques-y-areas-de-juego\/","title":{"rendered":"Parques y \u00e1reas de juego"},"content":{"rendered":"\n<div class=\"wp-block-columns is-layout-flex wp-container-core-columns-is-layout-9d6595d7 wp-block-columns-is-layout-flex\">\n<div class=\"wp-block-column is-layout-flow wp-block-column-is-layout-flow\" style=\"flex-basis:33.33%\"><div class=\"highlight-bloc-container \" id=\"ts-block-65368af54ee28\"  >\n\t<div class=\"highlight-bloc-content\">\n\t\t<div class=\"acf-innerblocks-container\">\n\n<h1 class=\"wp-block-heading suptitle\">Parques infantiles y \u00e1reas de juego para ni\u00f1os<\/h1>\n\n<\/div>\t<\/div>\n<\/div>\n<\/div>\n\n\n\n<div class=\"wp-block-column is-layout-flow wp-block-column-is-layout-flow\" style=\"flex-basis:66.66%\">\n<p>Trepar, deslizarse, columpiarse, jugar y hacer ejercicio&#8230; <strong>\u00a1Los ni\u00f1os nunca se aburrir\u00e1n en Anglet!<\/strong><\/p>\n\n\n\n<p>Descubre nuestro <strong><a href=\"https:\/\/carte.anglet-tourisme.com\/#map=12.11\/43.48946\/-1.55065\" target=\"_blank\" rel=\"noreferrer noopener\">mapa interactivo de Anglet<\/a><\/strong> para encontrar f\u00e1cilmente <strong>el parque infantil ideal <\/strong>cerca de ti.<\/p>\n\n\n\n<p>Para divertirte bajo techo, dir\u00edgete al <strong>parque infantil Grenadine et Crayonnade, <\/strong>que ofrece <strong>actividades creativas,<\/strong> <strong>fiestas de cumplea\u00f1os<\/strong> e incluso <strong>una escuela de circo.<\/strong><\/p>\n\n\n\n<p>Cuando hace buen tiempo, <strong>el club de playa Les Petits Mailhouns<\/strong>, en la playa de Marinella, ofrece juegos y <strong>clases de nataci\u00f3n<\/strong>.<\/p>\n\n\n\n<p>A los ni\u00f1os mayores les encantar\u00e1n los <strong>estadios de la ciudad<\/strong> con sus <strong>campos de f\u00fatbol y baloncesto<\/strong>, los <strong>aparatos deportivos<\/strong> y la <strong>pista de patinaje de La Barre<\/strong>.<\/p>\n\n\n\n<p>El Pa\u00eds Vasco, \u00a1un parque infantil al aire libre para todos!<\/p>\n<\/div>\n<\/div>\n\n\n\n<div style=\"height:80px\" aria-hidden=\"true\" class=\"wp-block-spacer\"><\/div>\n\n\n<div id=\"ts-block-667bd586796dc\"  class=\"\">\n\t<div id=\"ts-block-667bd586796dc\" class=\"tis_item_box_container columns-3 \"><article class=\"tis-box \">\r\n\t<a href=\"https:\/\/www.anglet-tourisme.com\/es\/en-movimiento-en-anglet\/actividades\/anglet\/LOIAQU064FS0007A-skatepark-de-la-barre\/\">\r\n\t\t<div class=\"tis-item-cover\">\r\n\t\t\t\t\t\t\t\t\t\t\t<img decoding=\"async\" src=\"https:\/\/www.anglet-tourisme.com\/wp-content\/uploads\/tis\/Skatepark-et-aire-de-jeux-1---Dario-T.jpg\" title=\"Skatepark de La Barre\" alt=\"Skatepark de La Barre\" \/>\r\n\t\t\t\t\t\t\t\t\t<div class=\"tis-item-label-container\">\r\n\t\t\t\t\t\t\t<!--<span class=\"tis-item-handicap\"><img decoding=\"async\" src=\"https:\/\/www.anglet-tourisme.com\/wp-content\/plugins\/tourinsoft-syndication\/assets\/images\/icon-handicap.svg\" title=\"\" alt=\"\" \/><\/span>-->\r\n\t\t\t\t\t\t\t\t\t<\/div>\r\n\t\t\t\t\t\t\r\n\t\t\t\t\t<\/div>\r\n\t\t\t\t<h3>Skatepark de La Barre<\/h3>\r\n\t\t\t\t\r\n\t<\/a>\r\n\t\r\n\t<p>Entre el mar y el parque ecol\u00f3gico, al lado de la pista de patinaje, un espacio de 1700 m2 que incluye una zona de street (dos bowls y otros m\u00f3dulos) destinada al&hellip;<\/p>\t<strong class=\"tis-box-city\">ANGLET<\/strong>\t\r\n\t\t\t\t\t\t\t\t\t<\/article><article class=\"tis-box \">\r\n\t<a href=\"https:\/\/www.anglet-tourisme.com\/es\/en-movimiento-en-anglet\/actividades\/anglet\/LOIAQU064FS000ER-city-stade-de-lespes\/\">\r\n\t\t<div class=\"tis-item-cover\">\r\n\t\t\t\t\t\t\t\t\t\t\t<img decoding=\"async\" src=\"https:\/\/www.anglet-tourisme.com\/wp-content\/uploads\/tis\/DSC-37967.jpg\" title=\"City Stade de Lesp\u00e8s\" alt=\"City Stade de Lesp\u00e8s\" \/>\r\n\t\t\t\t\t\t\t\t\t<div class=\"tis-item-label-container\">\r\n\t\t\t\t\t\t\t<!--<span class=\"tis-item-handicap\"><img decoding=\"async\" src=\"https:\/\/www.anglet-tourisme.com\/wp-content\/plugins\/tourinsoft-syndication\/assets\/images\/icon-handicap.svg\" title=\"\" alt=\"\" \/><\/span>-->\r\n\t\t\t\t\t\t\t\t\t<\/div>\r\n\t\t\t\t\t\t\r\n\t\t\t\t\t<\/div>\r\n\t\t\t\t<h3>City Stade de Lesp\u00e8s<\/h3>\r\n\t\t\t\t\r\n\t<\/a>\r\n\t\r\n\t<p>Terreno de juegos para ni\u00f1os.<\/p>\t<strong class=\"tis-box-city\">ANGLET<\/strong>\t\r\n\t\t\t\t\t\t\t\t\t<\/article><article class=\"tis-box \">\r\n\t<a href=\"https:\/\/www.anglet-tourisme.com\/es\/en-movimiento-en-anglet\/actividades\/anglet\/LOIAQU064V506CCL-grenadine-crayonnade\/\">\r\n\t\t<div class=\"tis-item-cover\">\r\n\t\t\t\t\t\t\t\t\t\t\t<img decoding=\"async\" src=\"https:\/\/www.anglet-tourisme.com\/wp-content\/uploads\/tis\/Grenadine-et-crayonnade-1-2.jpg\" title=\"Grenadine &#038; Crayonnade\" alt=\"Grenadine &#038; Crayonnade\" \/>\r\n\t\t\t\t\t\t\t\t\t<div class=\"tis-item-label-container\">\r\n\t\t\t\t\t\t\t<!--<span class=\"tis-item-handicap\"><img decoding=\"async\" src=\"https:\/\/www.anglet-tourisme.com\/wp-content\/plugins\/tourinsoft-syndication\/assets\/images\/icon-handicap.svg\" title=\"\" alt=\"\" \/><\/span>-->\r\n\t\t\t\t\t\t\t\t\t<\/div>\r\n\t\t\t\t\t\t<div class=\"tis-item-online-booking\">\r\n\t\t\t\t<span>Reservas en l\u00ednea<\/span>\r\n\t\t\t<\/div>\r\n\t\t\t\t\t\t\r\n\t\t\t\t\t<\/div>\r\n\t\t\t\t<h3>Grenadine &#038; Crayonnade<\/h3>\r\n\t\t\t\t\r\n\t<\/a>\r\n\t\r\n\t<p>Grenadine &#038; Crayonnade es un parque de juegos \u00fanico en Francia&#8230; \u00a1y est\u00e1 en Anglet! Fue idea de una madre que buscaba una alternativa a los parques de juegos para sus 2&hellip;<\/p>\t<strong class=\"tis-box-city\">ANGLET<\/strong>\t\r\n\t\t\t\t\t\t<div class=\"wp-block-button\">\r\n\t\t\t\t<a target=\"_blank\" href=\"https:\/\/grenadine-et-crayonnade.qweekle.com\/shop\/grenadine-et-crayonnade?lang=fr&#038;_ga=2.85695641.1697388420.1773407621-1415818344.1773407621\" class=\"wp-block-button__link has-white-color has-btn-background-color\">Reservar en l\u00ednea<\/a>\r\n\t\t\t<\/div>\r\n\t\t\t<\/article><article class=\"tis-box \">\r\n\t<a href=\"https:\/\/www.anglet-tourisme.com\/es\/en-movimiento-en-anglet\/actividades\/anglet\/LOIAQU064V50FIJN-city-stade-de-la-barre\/\">\r\n\t\t<div class=\"tis-item-cover\">\r\n\t\t\t\t\t\t\t\t\t\t\t<img decoding=\"async\" src=\"https:\/\/www.anglet-tourisme.com\/wp-content\/uploads\/tis\/Skatepark-et-aire-de-jeux-5---Dario-T-2.jpg\" title=\"City Stade de La Barre\" alt=\"City Stade de La Barre\" \/>\r\n\t\t\t\t\t\t\t\t\t<div class=\"tis-item-label-container\">\r\n\t\t\t\t\t\t\t<!--<span class=\"tis-item-handicap\"><img decoding=\"async\" src=\"https:\/\/www.anglet-tourisme.com\/wp-content\/plugins\/tourinsoft-syndication\/assets\/images\/icon-handicap.svg\" title=\"\" alt=\"\" \/><\/span>-->\r\n\t\t\t\t\t\t\t\t\t<\/div>\r\n\t\t\t\t\t\t\r\n\t\t\t\t\t<\/div>\r\n\t\t\t\t<h3>City Stade de La Barre<\/h3>\r\n\t\t\t\t\r\n\t<\/a>\r\n\t\r\n\t<p>Zona polideportiva para ni\u00f1os con cancha de baloncesto y f\u00fatbol.<\/p>\t<strong class=\"tis-box-city\">ANGLET<\/strong>\t\r\n\t\t\t\t\t\t\t\t\t<\/article><article class=\"tis-box \">\r\n\t<a href=\"https:\/\/www.anglet-tourisme.com\/es\/en-movimiento-en-anglet\/actividades\/anglet\/LOIAQU064V5BT9KY-club-de-plage-les-petits-mailhouns\/\">\r\n\t\t<div class=\"tis-item-cover\">\r\n\t\t\t\t\t\t\t\t\t\t\t<img decoding=\"async\" src=\"https:\/\/www.anglet-tourisme.com\/wp-content\/uploads\/tis\/Les-petits-Mailhouns-4---Dario-T.jpg\" title=\"Club de plage Les Petits Mailhouns\" alt=\"Club de plage Les Petits Mailhouns\" \/>\r\n\t\t\t\t\t\t\t\t\t<div class=\"tis-item-label-container\">\r\n\t\t\t\t\t\t\t<!--<span class=\"tis-item-handicap\"><img decoding=\"async\" src=\"https:\/\/www.anglet-tourisme.com\/wp-content\/plugins\/tourinsoft-syndication\/assets\/images\/icon-handicap.svg\" title=\"\" alt=\"\" \/><\/span>-->\r\n\t\t\t\t\t\t\t\t\t<\/div>\r\n\t\t\t\t\t\t\r\n\t\t\t\t\t<\/div>\r\n\t\t\t\t<h3>Club de plage Les Petits Mailhouns<\/h3>\r\n\t\t\t\t\r\n\t<\/a>\r\n\t\r\n\t<p>El club de playa acoge a ni\u00f1os de 3 a 12 a\u00f1os. En julio y agosto: un amplio abanico de actividades para todas las edades (juegos deportivos en equipo, competiciones y torneos&hellip;<\/p>\t<strong class=\"tis-box-city\">ANGLET<\/strong>\t\r\n\t\t\t\t\t\t\t\t\t<\/article><\/div><\/div>\n\n\n\n<div style=\"height:80px\" aria-hidden=\"true\" class=\"wp-block-spacer\"><\/div>\n\n\n\n<section class=\"wp-block-group alignwide has-light-green-background-color has-background\"><div class=\"wp-block-group__inner-container is-layout-constrained wp-block-group-is-layout-constrained\"><div id=\"ts-block-66390544d3551\"  class=\"title-bloc-container px-xl aligncenter\">\n\t\t<div class=\"title-bloc-content\">\n\t\t<div class=\"title-bloc\" >\n\t\t\t<div class=\"acf-innerblocks-container\">\n\n<h2 class=\"wp-block-heading\">Tambi\u00e9n te gustar\u00e1&#8230;<\/h2>\n\n<\/div>\t\t<\/div>\n\t\t\t<\/div>\n<\/div>\n\n\n<div id=\"ts-block-66390544d64d3\"  class=\"is-style-horizontal\">\n\t<div class=\"swiper-container tis_item_box-swiper\"><div data-block_id=\"ts-block-66390544d64d3\" class=\"tis_item_box_container columns-2 img-zoom  with-slide slide-ts-block-66390544d64d3\"><div class=\"swiper-wrapper\" data-nb_col=\"2\" id=\"ts-block-66390544d64d3\"><article class=\"tis-box swiper-slide \">\n\t<a href=\"https:\/\/www.anglet-tourisme.com\/es\/en-movimiento-en-anglet\/actividades\/anglet\/LOIAQU064V57LXPF-escape-you\/\">\n\t\t<div class=\"tis-item-cover \">\n\t\t\t\t\t\t<img decoding=\"async\" src=\"https:\/\/cdt64.media.tourinsoft.eu\/upload\/Escape-You-logo.jpg?width=450\" title=\"Escape You\" alt=\"Escape You\" loading=\"lazy\" \/>\n\t\t\t\t\t<div class=\"tis-item-label-container\">\n\t\t\t\t\t\t\t<!--<span class=\"tis-item-handicap\"><img decoding=\"async\" src=\"https:\/\/www.anglet-tourisme.com\/wp-content\/plugins\/tourinsoft-syndication\/assets\/images\/icon-handicap.svg\" title=\"\" alt=\"\" \/><\/span>-->\n\t\t\t\t\t\t\t\t\t<\/div>\n\t\t\t\t\t<\/div>\t\t\n\t<\/a>\n\t<div class=\"tis-item-info\">\n\t\t<span class=\"tis-item-type\"><\/span>\t\t<h3>Escape You<\/h3>\n\t\t\t\t\t\t\t\t<p>Bienvenido a Escape You, \u00a1su destino definitivo para vivir una aventura inolvidable! Sum\u00e9rjase en nuestras&hellip;<\/p>\t\t<strong class=\"tis-box-city\">ANGLET<\/strong>\t\t\n\t\t\n\t\t\t\t\t<div class=\"wp-block-button\">\n\t\t\t\t<a href=\"https:\/\/www.anglet-tourisme.com\/es\/en-movimiento-en-anglet\/actividades\/anglet\/LOIAQU064V57LXPF-escape-you\/\" class=\"has-black-color has-white-background-color has-text-color has-background has-link-color wp-element-button\"><img decoding=\"async\" src=\"https:\/\/www.anglet-tourisme.com\/wp-content\/themes\/onk-tourisme\/assets\/images\/arrow-right-2.svg\" alt=\"Ver m\u00e1s\" \/><\/a>\n\t\t\t<\/div>\n\t\t\t\t\n\t<\/div>\n<\/article><article class=\"tis-box swiper-slide \">\n\t<a href=\"https:\/\/www.anglet-tourisme.com\/es\/en-movimiento-en-anglet\/actividades\/anglet\/LOIAQU064V5AYEPB-escape-game-ilusiom\/\">\n\t\t<div class=\"tis-item-cover \">\n\t\t\t\t\t\t<img decoding=\"async\" src=\"https:\/\/cdt64.media.tourinsoft.eu\/upload\/Escape-game-Ilusiom-2.jpg?width=450\" title=\"Escape game ilusiom\" alt=\"Escape game ilusiom\" loading=\"lazy\" \/>\n\t\t\t\t\t<div class=\"tis-item-label-container\">\n\t\t\t\t\t\t\t<!--<span class=\"tis-item-handicap\"><img decoding=\"async\" src=\"https:\/\/www.anglet-tourisme.com\/wp-content\/plugins\/tourinsoft-syndication\/assets\/images\/icon-handicap.svg\" title=\"\" alt=\"\" \/><\/span>-->\n\t\t\t\t\t\t\t\t\t<\/div>\n\t\t\t\t\t<\/div>\t\t\n\t<\/a>\n\t<div class=\"tis-item-info\">\n\t\t<span class=\"tis-item-type\"><\/span>\t\t<h3>Escape game ilusiom<\/h3>\n\t\t\t\t\t\t\t\t<p>\u00a1Ilusiom, el nuevo Juego de Escape en Anglet que te desaf\u00eda! \u00bfTe atreves? Venga a&hellip;<\/p>\t\t<strong class=\"tis-box-city\">ANGLET<\/strong>\t\t\n\t\t\n\t\t\t\t\t<div class=\"wp-block-button\">\n\t\t\t\t<a href=\"https:\/\/www.anglet-tourisme.com\/es\/en-movimiento-en-anglet\/actividades\/anglet\/LOIAQU064V5AYEPB-escape-game-ilusiom\/\" class=\"has-black-color has-white-background-color has-text-color has-background has-link-color wp-element-button\"><img decoding=\"async\" src=\"https:\/\/www.anglet-tourisme.com\/wp-content\/themes\/onk-tourisme\/assets\/images\/arrow-right-2.svg\" alt=\"Ver m\u00e1s\" \/><\/a>\n\t\t\t<\/div>\n\t\t\t\t\n\t<\/div>\n<\/article><\/div><\/div><div class=\"swiper-button-prev prev-ts-block-66390544d64d3\"><\/div><div class=\"swiper-button-next next-ts-block-66390544d64d3\"><\/div><\/div><\/div>\n<\/div><\/section>\n","protected":false},"excerpt":{"rendered":"<p>Trepar, deslizarse, columpiarse, jugar y hacer ejercicio&#8230; \u00a1Los ni\u00f1os nunca se aburrir\u00e1n en Anglet! Descubre nuestro mapa interactivo de Anglet para encontrar f\u00e1cilmente el parque infantil ideal cerca de ti. Para divertirte bajo techo, dir\u00edgete al parque infantil Grenadine et Crayonnade, que ofrece actividades creativas, fiestas de cumplea\u00f1os e incluso [&hellip;]<\/p>\n","protected":false},"author":1,"featured_media":7125,"parent":11973,"menu_order":0,"comment_status":"closed","ping_status":"closed","template":"","meta":{"_acf_changed":false,"_seopress_robots_primary_cat":"","_seopress_titles_title":"","_seopress_titles_desc":"","_seopress_robots_index":"","footnotes":""},"class_list":["post-11967","page","type-page","status-publish","has-post-thumbnail"],"acf":[],"_links":{"self":[{"href":"https:\/\/www.anglet-tourisme.com\/es\/wp-json\/wp\/v2\/pages\/11967","targetHints":{"allow":["GET"]}}],"collection":[{"href":"https:\/\/www.anglet-tourisme.com\/es\/wp-json\/wp\/v2\/pages"}],"about":[{"href":"https:\/\/www.anglet-tourisme.com\/es\/wp-json\/wp\/v2\/types\/page"}],"author":[{"embeddable":true,"href":"https:\/\/www.anglet-tourisme.com\/es\/wp-json\/wp\/v2\/users\/1"}],"replies":[{"embeddable":true,"href":"https:\/\/www.anglet-tourisme.com\/es\/wp-json\/wp\/v2\/comments?post=11967"}],"version-history":[{"count":1,"href":"https:\/\/www.anglet-tourisme.com\/es\/wp-json\/wp\/v2\/pages\/11967\/revisions"}],"predecessor-version":[{"id":18148,"href":"https:\/\/www.anglet-tourisme.com\/es\/wp-json\/wp\/v2\/pages\/11967\/revisions\/18148"}],"up":[{"embeddable":true,"href":"https:\/\/www.anglet-tourisme.com\/es\/wp-json\/wp\/v2\/pages\/11973"}],"wp:featuredmedia":[{"embeddable":true,"href":"https:\/\/www.anglet-tourisme.com\/es\/wp-json\/wp\/v2\/media\/7125"}],"wp:attachment":[{"href":"https:\/\/www.anglet-tourisme.com\/es\/wp-json\/wp\/v2\/media?parent=11967"}],"curies":[{"name":"wp","href":"https:\/\/api.w.org\/{rel}","templated":true}]}}