{"id":11983,"date":"2024-04-30T14:45:10","date_gmt":"2024-04-30T12:45:10","guid":{"rendered":"https:\/\/www.anglet-tourisme.com\/pesca-maritima\/"},"modified":"2024-10-08T15:43:44","modified_gmt":"2024-10-08T13:43:44","slug":"pesca-maritima","status":"publish","type":"page","link":"https:\/\/www.anglet-tourisme.com\/es\/en-movimiento-en-anglet\/actividades-al-aire-libre\/pesca-maritima\/","title":{"rendered":"Pesca mar\u00edtima"},"content":{"rendered":"\n<div class=\"wp-block-columns is-layout-flex wp-container-core-columns-is-layout-9d6595d7 wp-block-columns-is-layout-flex\">\n<div class=\"wp-block-column is-layout-flow wp-block-column-is-layout-flow\" style=\"flex-basis:33.33%\"><div class=\"highlight-bloc-container \" id=\"ts-block-65368af54ee28\"  >\n\t<div class=\"highlight-bloc-content\">\n\t\t<div class=\"acf-innerblocks-container\">\n\n<h1 class=\"wp-block-heading suptitle\">Excursi\u00f3n de pesca mar\u00edtima desde Anglet<\/h1>\n\n<\/div>\t<\/div>\n<\/div>\n<\/div>\n\n\n\n<div class=\"wp-block-column is-layout-flow wp-block-column-is-layout-flow\" style=\"flex-basis:66.66%\">\n<p>\u00bfEres un aficionado a la pesca o simplemente tienes curiosidad por descubrir este pasatiempo mar\u00edtimo? Desde Anglet, emb\u00e1rcate en una aventura memorable de un d\u00eda o medio d\u00eda con nuestros expertos en <strong>pesca mar\u00edtima<\/strong>: el <strong>Yacht Club Adour Atlantique<\/strong>, escuela federal de pesca, y el <strong>Capit\u00e1nJ<\/strong>, instructor y gu\u00eda de pesca especializado en el at\u00fan y otras especies del golfo de Vizcaya.<\/p>\n\n\n\n<p>Explora los mejores lugares de pesca de la Costa Vasca, donde cada salida promete paisajes impresionantes y <strong>una fauna marina fascinante<\/strong>.\nS\u00f3lo tienes que tener paciencia y esperar a que pique el anzuelo. <\/p>\n\n\n\n<p>Reserva hoy mismo tu <strong>salida de pesca<\/strong> y dir\u00edgete al <strong>puerto deportivo<\/strong> Brise-Lames de Anglet.<\/p>\n<\/div>\n<\/div>\n\n\n\n<div style=\"height:80px\" aria-hidden=\"true\" class=\"wp-block-spacer\"><\/div>\n\n\n<div id=\"ts-block-667054b0f00ea\"  class=\"\">\n\t<div id=\"ts-block-667054b0f00ea\" class=\"tis_item_box_container columns-3 \"><article class=\"tis-box \">\r\n\t<a href=\"https:\/\/www.anglet-tourisme.com\/es\/en-movimiento-en-anglet\/actividades\/anglet\/ASCAQU064FS000AD-yacht-club-adour-atlantique\/\">\r\n\t\t<div class=\"tis-item-cover\">\r\n\t\t\t\t\t\t\t\t\t\t\t<img decoding=\"async\" src=\"https:\/\/www.anglet-tourisme.com\/wp-content\/uploads\/tis\/Yacht-Club-Peche.jpg\" title=\"Yacht Club Adour Atlantique\" alt=\"Yacht Club Adour Atlantique\" \/>\r\n\t\t\t\t\t\t\t\t\t<div class=\"tis-item-label-container\">\r\n\t\t\t\t\t\t\t<!--<span class=\"tis-item-handicap\"><img decoding=\"async\" src=\"https:\/\/www.anglet-tourisme.com\/wp-content\/plugins\/tourinsoft-syndication\/assets\/images\/icon-handicap.svg\" title=\"\" alt=\"\" \/><\/span>-->\r\n\t\t\t\t\t\t\t\t\t<\/div>\r\n\t\t\t\t\t\t\r\n\t\t\t\t\t<\/div>\r\n\t\t\t\t<h3>Yacht Club Adour Atlantique<\/h3>\r\n\t\t\t\t\r\n\t<\/a>\r\n\t\r\n\t<p>Pesca de mar en barco. Establecimiento autorizado de formaci\u00f3n para obtener licencias de barco: permiso costero, permiso costero certificado y limitado de radiotelefon\u00eda. Escuela federal de pesca para j\u00f3venes y adultos. Salidas&hellip;<\/p>\t<strong class=\"tis-box-city\">ANGLET<\/strong>\t\r\n\t\t\t\t\t\t\t\t\t<\/article><article class=\"tis-box \">\r\n\t<a href=\"https:\/\/www.anglet-tourisme.com\/es\/en-movimiento-en-anglet\/actividades\/anglet\/ASCAQU064V5BDL52-captainej\/\">\r\n\t\t<div class=\"tis-item-cover\">\r\n\t\t\t\t\t\t\t\t\t\t\t<img decoding=\"async\" src=\"https:\/\/www.anglet-tourisme.com\/wp-content\/uploads\/tis\/Captaine-J-01.jpg\" title=\"CaptaineJ\" alt=\"CaptaineJ\" \/>\r\n\t\t\t\t\t\t\t\t\t<div class=\"tis-item-label-container\">\r\n\t\t\t\t\t\t\t<!--<span class=\"tis-item-handicap\"><img decoding=\"async\" src=\"https:\/\/www.anglet-tourisme.com\/wp-content\/plugins\/tourinsoft-syndication\/assets\/images\/icon-handicap.svg\" title=\"\" alt=\"\" \/><\/span>-->\r\n\t\t\t\t\t\t\t\t\t<\/div>\r\n\t\t\t\t\t\t\r\n\t\t\t\t\t<\/div>\r\n\t\t\t\t<h3>CaptaineJ<\/h3>\r\n\t\t\t\t\r\n\t<\/a>\r\n\t\r\n\t<p>Tras 10 a\u00f1os recorriendo el mundo en busca de los peces m\u00e1s bellos, CaptaineJ le invita a compartir su experiencia durante una jornada llena de sensaciones. Ahora gu\u00eda de pesca especializado en&hellip;<\/p>\t<strong class=\"tis-box-city\">ANGLET<\/strong>\t\r\n\t\t\t\t\t\t\t\t\t<\/article><\/div><\/div>\n\n\n\n<div style=\"height:80px\" aria-hidden=\"true\" class=\"wp-block-spacer\"><\/div>\n\n\n\n<section class=\"wp-block-group alignwide has-light-green-background-color has-background\"><div class=\"wp-block-group__inner-container is-layout-constrained wp-block-group-is-layout-constrained\"><div id=\"ts-block-66390544d3551\"  class=\"title-bloc-container px-xl aligncenter\">\n\t\t<div class=\"title-bloc-content\">\n\t\t<div class=\"title-bloc\" >\n\t\t\t<div class=\"acf-innerblocks-container\">\n\n<h2 class=\"wp-block-heading\">Tambi\u00e9n te gustar\u00e1&#8230;<\/h2>\n\n<\/div>\t\t<\/div>\n\t\t\t<\/div>\n<\/div>\n\n\n<div id=\"ts-block-66390544d64d3\"  class=\"is-style-horizontal\">\n\t<div class=\"swiper-container tis_item_box-swiper\"><div data-block_id=\"ts-block-66390544d64d3\" class=\"tis_item_box_container columns-2 img-zoom  with-slide slide-ts-block-66390544d64d3\"><div class=\"swiper-wrapper\" data-nb_col=\"2\" id=\"ts-block-66390544d64d3\"><article class=\"tis-box swiper-slide \">\n\t<a href=\"https:\/\/www.anglet-tourisme.com\/es\/en-movimiento-en-anglet\/actividades\/anglet\/ASCAQU064FS00001-club-hippique-de-la-cote-basque\/\">\n\t\t<div class=\"tis-item-cover \">\n\t\t\t\t\t\t<img decoding=\"async\" src=\"https:\/\/cdt64.media.tourinsoft.eu\/upload\/club-hippique-CB-Dario-Tonini-01.jpg?width=450\" title=\"Club Hippique de la C\u00f4te Basque\" alt=\"Club Hippique de la C\u00f4te Basque\" loading=\"lazy\" \/>\n\t\t\t\t\t<div class=\"tis-item-label-container\">\n\t\t\t\t\t\t\t<!--<span class=\"tis-item-handicap\"><img decoding=\"async\" src=\"https:\/\/www.anglet-tourisme.com\/wp-content\/plugins\/tourinsoft-syndication\/assets\/images\/icon-handicap.svg\" title=\"\" alt=\"\" \/><\/span>-->\n\t\t\t\t\t\t\t\t\t<\/div>\n\t\t\t\t\t\t<div class=\"tis-item-online-booking\">\n\t\t\t\t<span>Reservas en l\u00ednea<\/span>\n\t\t\t<\/div>\n\t\t\t\t\t<\/div>\t\t\n\t<\/a>\n\t<div class=\"tis-item-info\">\n\t\t<span class=\"tis-item-type\"><\/span>\t\t<h3>Club Hippique de la C\u00f4te Basque<\/h3>\n\t\t\t\t\t\t\t\t<p>A cinco minutos de las playas y al borde del bosque de Chiberta, el Club&hellip;<\/p>\t\t<strong class=\"tis-box-city\">ANGLET<\/strong>\t\t\n\t\t\n\t\t\t\t\t<div class=\"wp-block-button\">\n\t\t\t\t<a href=\"https:\/\/www.anglet-tourisme.com\/es\/en-movimiento-en-anglet\/actividades\/anglet\/ASCAQU064FS00001-club-hippique-de-la-cote-basque\/\" class=\"has-black-color has-white-background-color has-text-color has-background has-link-color wp-element-button\"><img decoding=\"async\" src=\"https:\/\/www.anglet-tourisme.com\/wp-content\/themes\/onk-tourisme\/assets\/images\/arrow-right-2.svg\" alt=\"Ver m\u00e1s\" \/><\/a>\n\t\t\t<\/div>\n\t\t\t\t\n\t<\/div>\n<\/article><article class=\"tis-box swiper-slide \">\n\t<a href=\"https:\/\/www.anglet-tourisme.com\/es\/en-movimiento-en-anglet\/actividades\/anglet\/ASCAQU064FS00019-aeroclub-basque\/\">\n\t\t<div class=\"tis-item-cover \">\n\t\t\t\t\t\t<img decoding=\"async\" src=\"https:\/\/cdt64.media.tourinsoft.eu\/upload\/Aeroclub-Basque-1.jpg?width=450\" title=\"A\u00e9roclub Basque\" alt=\"A\u00e9roclub Basque\" loading=\"lazy\" \/>\n\t\t\t\t\t<div class=\"tis-item-label-container\">\n\t\t\t\t\t\t\t<!--<span class=\"tis-item-handicap\"><img decoding=\"async\" src=\"https:\/\/www.anglet-tourisme.com\/wp-content\/plugins\/tourinsoft-syndication\/assets\/images\/icon-handicap.svg\" title=\"\" alt=\"\" \/><\/span>-->\n\t\t\t\t\t\t\t\t\t<\/div>\n\t\t\t\t\t<\/div>\t\t\n\t<\/a>\n\t<div class=\"tis-item-info\">\n\t\t<span class=\"tis-item-type\"><\/span>\t\t<h3>A\u00e9roclub Basque<\/h3>\n\t\t\t\t\t\t\t\t<p>Bautismo del aire, escuela de pilotos, aviones y ULM. Salida de Anglet: Aer\u00f3dromo de Parme.<\/p>\t\t<strong class=\"tis-box-city\">ANGLET<\/strong>\t\t\n\t\t\n\t\t\t\t\t<div class=\"wp-block-button\">\n\t\t\t\t<a href=\"https:\/\/www.anglet-tourisme.com\/es\/en-movimiento-en-anglet\/actividades\/anglet\/ASCAQU064FS00019-aeroclub-basque\/\" class=\"has-black-color has-white-background-color has-text-color has-background has-link-color wp-element-button\"><img decoding=\"async\" src=\"https:\/\/www.anglet-tourisme.com\/wp-content\/themes\/onk-tourisme\/assets\/images\/arrow-right-2.svg\" alt=\"Ver m\u00e1s\" \/><\/a>\n\t\t\t<\/div>\n\t\t\t\t\n\t<\/div>\n<\/article><article class=\"tis-box swiper-slide \">\n\t<a href=\"https:\/\/www.anglet-tourisme.com\/es\/en-movimiento-en-anglet\/actividades\/anglet\/ASCAQU064FS00059-ecole-de-surf-cote-francaise-anglet\/\">\n\t\t<div class=\"tis-item-cover \">\n\t\t\t\t\t\t<img decoding=\"async\" src=\"https:\/\/cdt64.media.tourinsoft.eu\/upload\/ESCF-ANGLET.jpg?width=450\" title=\"Ecole de Surf C\u00f4te Fran\u00e7aise Anglet\" alt=\"Ecole de Surf C\u00f4te Fran\u00e7aise Anglet\" loading=\"lazy\" \/>\n\t\t\t\t\t<div class=\"tis-item-label-container\">\n\t\t\t\t\t\t\t<!--<span class=\"tis-item-handicap\"><img decoding=\"async\" src=\"https:\/\/www.anglet-tourisme.com\/wp-content\/plugins\/tourinsoft-syndication\/assets\/images\/icon-handicap.svg\" title=\"\" alt=\"\" \/><\/span>-->\n\t\t\t\t\t\t\t\t\t<\/div>\n\t\t\t\t\t<\/div>\t\t\n\t<\/a>\n\t<div class=\"tis-item-info\">\n\t\t<span class=\"tis-item-type\"><\/span>\t\t<h3>Ecole de Surf C\u00f4te Fran\u00e7aise Anglet<\/h3>\n\t\t\t\t\t\t\t\t<p>Surf y bodyboarding para adultos y ni\u00f1os en la playa de Marinella. Disfrute, venga a&hellip;<\/p>\t\t<strong class=\"tis-box-city\">ANGLET<\/strong>\t\t\n\t\t\n\t\t\t\t\t<div class=\"wp-block-button\">\n\t\t\t\t<a href=\"https:\/\/www.anglet-tourisme.com\/es\/en-movimiento-en-anglet\/actividades\/anglet\/ASCAQU064FS00059-ecole-de-surf-cote-francaise-anglet\/\" class=\"has-black-color has-white-background-color has-text-color has-background has-link-color wp-element-button\"><img decoding=\"async\" src=\"https:\/\/www.anglet-tourisme.com\/wp-content\/themes\/onk-tourisme\/assets\/images\/arrow-right-2.svg\" alt=\"Ver m\u00e1s\" \/><\/a>\n\t\t\t<\/div>\n\t\t\t\t\n\t<\/div>\n<\/article><article class=\"tis-box swiper-slide \">\n\t<a href=\"https:\/\/www.anglet-tourisme.com\/es\/en-movimiento-en-anglet\/actividades\/anglet\/ASCAQU064FS0005A-ecole-de-surf-uhaina\/\">\n\t\t<div class=\"tis-item-cover \">\n\t\t\t\t\t\t<img decoding=\"async\" src=\"https:\/\/cdt64.media.tourinsoft.eu\/upload\/ECOLE-UHAINA-01.jpg?width=450\" title=\"Ecole de Surf Uhaina\" alt=\"Ecole de Surf Uhaina\" loading=\"lazy\" \/>\n\t\t\t\t\t<div class=\"tis-item-label-container\">\n\t\t\t\t\t\t\t<!--<span class=\"tis-item-handicap\"><img decoding=\"async\" src=\"https:\/\/www.anglet-tourisme.com\/wp-content\/plugins\/tourinsoft-syndication\/assets\/images\/icon-handicap.svg\" title=\"\" alt=\"\" \/><\/span>-->\n\t\t\t\t\t\t\t\t\t<\/div>\n\t\t\t\t\t<\/div>\t\t\n\t<\/a>\n\t<div class=\"tis-item-info\">\n\t\t<span class=\"tis-item-type\"><\/span>\t\t<h3>Ecole de Surf Uhaina<\/h3>\n\t\t\t\t\t\t\t\t<p>Escuela de surf Uhaina, en la playa de Corsaires, situada en un litoral vigilado de&hellip;<\/p>\t\t<strong class=\"tis-box-city\">ANGLET<\/strong>\t\t\n\t\t\n\t\t\t\t\t<div class=\"wp-block-button\">\n\t\t\t\t<a href=\"https:\/\/www.anglet-tourisme.com\/es\/en-movimiento-en-anglet\/actividades\/anglet\/ASCAQU064FS0005A-ecole-de-surf-uhaina\/\" class=\"has-black-color has-white-background-color has-text-color has-background has-link-color wp-element-button\"><img decoding=\"async\" src=\"https:\/\/www.anglet-tourisme.com\/wp-content\/themes\/onk-tourisme\/assets\/images\/arrow-right-2.svg\" alt=\"Ver m\u00e1s\" \/><\/a>\n\t\t\t<\/div>\n\t\t\t\t\n\t<\/div>\n<\/article><article class=\"tis-box swiper-slide \">\n\t<a href=\"https:\/\/www.anglet-tourisme.com\/es\/en-movimiento-en-anglet\/actividades\/anglet\/ASCAQU064FS0005C-le-club-de-la-glisse\/\">\n\t\t<div class=\"tis-item-cover \">\n\t\t\t\t\t\t<img decoding=\"async\" src=\"https:\/\/cdt64.media.tourinsoft.eu\/upload\/7surf.jpg?width=450\" title=\"Le Club de la Glisse\" alt=\"Le Club de la Glisse\" loading=\"lazy\" \/>\n\t\t\t\t\t<div class=\"tis-item-label-container\">\n\t\t\t\t\t\t\t<!--<span class=\"tis-item-handicap\"><img decoding=\"async\" src=\"https:\/\/www.anglet-tourisme.com\/wp-content\/plugins\/tourinsoft-syndication\/assets\/images\/icon-handicap.svg\" title=\"\" alt=\"\" \/><\/span>-->\n\t\t\t\t\t\t\t\t\t<\/div>\n\t\t\t\t\t<\/div>\t\t\n\t<\/a>\n\t<div class=\"tis-item-info\">\n\t\t<span class=\"tis-item-type\"><\/span>\t\t<h3>Le Club de la Glisse<\/h3>\n\t\t\t\t\t\t\t\t<p>Escuela de surf homologada por la Federaci\u00f3n Francesa de Surf (junio de 2000). Entrega de&hellip;<\/p>\t\t<strong class=\"tis-box-city\">ANGLET<\/strong>\t\t\n\t\t\n\t\t\t\t\t<div class=\"wp-block-button\">\n\t\t\t\t<a href=\"https:\/\/www.anglet-tourisme.com\/es\/en-movimiento-en-anglet\/actividades\/anglet\/ASCAQU064FS0005C-le-club-de-la-glisse\/\" class=\"has-black-color has-white-background-color has-text-color has-background has-link-color wp-element-button\"><img decoding=\"async\" src=\"https:\/\/www.anglet-tourisme.com\/wp-content\/themes\/onk-tourisme\/assets\/images\/arrow-right-2.svg\" alt=\"Ver m\u00e1s\" \/><\/a>\n\t\t\t<\/div>\n\t\t\t\t\n\t<\/div>\n<\/article><article class=\"tis-box swiper-slide \">\n\t<a href=\"https:\/\/www.anglet-tourisme.com\/es\/en-movimiento-en-anglet\/actividades\/anglet\/ASCAQU064FS0006J-anglet-olympique-tennis-club\/\">\n\t\t<div class=\"tis-item-cover \">\n\t\t\t\t\t\t<img decoding=\"async\" src=\"https:\/\/cdt64.media.tourinsoft.eu\/upload\/anglet-olympique-tennis-01.jpg?width=450\" title=\"Anglet Olympique Tennis Club\" alt=\"Anglet Olympique Tennis Club\" loading=\"lazy\" \/>\n\t\t\t\t\t<div class=\"tis-item-label-container\">\n\t\t\t\t\t\t\t<!--<span class=\"tis-item-handicap\"><img decoding=\"async\" src=\"https:\/\/www.anglet-tourisme.com\/wp-content\/plugins\/tourinsoft-syndication\/assets\/images\/icon-handicap.svg\" title=\"\" alt=\"\" \/><\/span>-->\n\t\t\t\t\t\t\t\t\t<\/div>\n\t\t\t\t\t\t<div class=\"tis-item-online-booking\">\n\t\t\t\t<span>Reservas en l\u00ednea<\/span>\n\t\t\t<\/div>\n\t\t\t\t\t<\/div>\t\t\n\t<\/a>\n\t<div class=\"tis-item-info\">\n\t\t<span class=\"tis-item-type\"><\/span>\t\t<h3>Anglet Olympique Tennis Club<\/h3>\n\t\t\t\t\t\t\t\t<p>7 pistas de hierba y 2 pistas cubiertas de resina.<\/p>\t\t<strong class=\"tis-box-city\">ANGLET<\/strong>\t\t\n\t\t\n\t\t\t\t\t<div class=\"wp-block-button\">\n\t\t\t\t<a href=\"https:\/\/www.anglet-tourisme.com\/es\/en-movimiento-en-anglet\/actividades\/anglet\/ASCAQU064FS0006J-anglet-olympique-tennis-club\/\" class=\"has-black-color has-white-background-color has-text-color has-background has-link-color wp-element-button\"><img decoding=\"async\" src=\"https:\/\/www.anglet-tourisme.com\/wp-content\/themes\/onk-tourisme\/assets\/images\/arrow-right-2.svg\" alt=\"Ver m\u00e1s\" \/><\/a>\n\t\t\t<\/div>\n\t\t\t\t\n\t<\/div>\n<\/article><article class=\"tis-box swiper-slide \">\n\t<a href=\"https:\/\/www.anglet-tourisme.com\/es\/en-movimiento-en-anglet\/actividades\/anglet\/ASCAQU064FS0009P-madrague-surf-school\/\">\n\t\t<div class=\"tis-item-cover \">\n\t\t\t\t\t\t<img decoding=\"async\" src=\"https:\/\/cdt64.media.tourinsoft.eu\/upload\/MSC-08.jpg?width=450\" title=\"Madrague Surf School\" alt=\"Madrague Surf School\" loading=\"lazy\" \/>\n\t\t\t\t\t<div class=\"tis-item-label-container\">\n\t\t\t\t\t\t\t<!--<span class=\"tis-item-handicap\"><img decoding=\"async\" src=\"https:\/\/www.anglet-tourisme.com\/wp-content\/plugins\/tourinsoft-syndication\/assets\/images\/icon-handicap.svg\" title=\"\" alt=\"\" \/><\/span>-->\n\t\t\t\t\t\t\t\t\t<\/div>\n\t\t\t\t\t\t<div class=\"tis-item-online-booking\">\n\t\t\t\t<span>Reservas en l\u00ednea<\/span>\n\t\t\t<\/div>\n\t\t\t\t\t<\/div>\t\t\n\t<\/a>\n\t<div class=\"tis-item-info\">\n\t\t<span class=\"tis-item-type\"><\/span>\t\t<h3>Madrague Surf School<\/h3>\n\t\t\t\t\t\t\t\t<p>Escuela francesa de Surf. Lugares de pr\u00e1ctica: Playas de la Madrague, Corsaires y L\u2019Oc\u00e9an. Alquiler&hellip;<\/p>\t\t<strong class=\"tis-box-city\">ANGLET<\/strong>\t\t\n\t\t\n\t\t\t\t\t<div class=\"wp-block-button\">\n\t\t\t\t<a href=\"https:\/\/www.anglet-tourisme.com\/es\/en-movimiento-en-anglet\/actividades\/anglet\/ASCAQU064FS0009P-madrague-surf-school\/\" class=\"has-black-color has-white-background-color has-text-color has-background has-link-color wp-element-button\"><img decoding=\"async\" src=\"https:\/\/www.anglet-tourisme.com\/wp-content\/themes\/onk-tourisme\/assets\/images\/arrow-right-2.svg\" alt=\"Ver m\u00e1s\" \/><\/a>\n\t\t\t<\/div>\n\t\t\t\t\n\t<\/div>\n<\/article><article class=\"tis-box swiper-slide \">\n\t<a href=\"https:\/\/www.anglet-tourisme.com\/es\/en-movimiento-en-anglet\/actividades\/anglet\/ASCAQU064FS0009Q-ecole-de-surf-rainbow\/\">\n\t\t<div class=\"tis-item-cover \">\n\t\t\t\t\t\t<img decoding=\"async\" src=\"https:\/\/cdt64.media.tourinsoft.eu\/upload\/Rainbow-Surf-School-01.jpg?width=450\" title=\"Ecole de Surf Rainbow\" alt=\"Ecole de Surf Rainbow\" loading=\"lazy\" \/>\n\t\t\t\t\t<div class=\"tis-item-label-container\">\n\t\t\t\t\t\t\t<!--<span class=\"tis-item-handicap\"><img decoding=\"async\" src=\"https:\/\/www.anglet-tourisme.com\/wp-content\/plugins\/tourinsoft-syndication\/assets\/images\/icon-handicap.svg\" title=\"\" alt=\"\" \/><\/span>-->\n\t\t\t\t\t\t\t\t\t<\/div>\n\t\t\t\t\t\t<div class=\"tis-item-online-booking\">\n\t\t\t\t<span>Reservas en l\u00ednea<\/span>\n\t\t\t<\/div>\n\t\t\t\t\t<\/div>\t\t\n\t<\/a>\n\t<div class=\"tis-item-info\">\n\t\t<span class=\"tis-item-type\"><\/span>\t\t<h3>Ecole de Surf Rainbow<\/h3>\n\t\t\t\t\t\t\t\t<p>La escuela de surf Rainbow est\u00e1 situada en la playa de VVF en Anglet, frente&hellip;<\/p>\t\t<strong class=\"tis-box-city\">ANGLET<\/strong>\t\t\n\t\t\n\t\t\t\t\t<div class=\"wp-block-button\">\n\t\t\t\t<a href=\"https:\/\/www.anglet-tourisme.com\/es\/en-movimiento-en-anglet\/actividades\/anglet\/ASCAQU064FS0009Q-ecole-de-surf-rainbow\/\" class=\"has-black-color has-white-background-color has-text-color has-background has-link-color wp-element-button\"><img decoding=\"async\" src=\"https:\/\/www.anglet-tourisme.com\/wp-content\/themes\/onk-tourisme\/assets\/images\/arrow-right-2.svg\" alt=\"Ver m\u00e1s\" \/><\/a>\n\t\t\t<\/div>\n\t\t\t\t\n\t<\/div>\n<\/article><article class=\"tis-box swiper-slide \">\n\t<a href=\"https:\/\/www.anglet-tourisme.com\/es\/en-movimiento-en-anglet\/actividades\/anglet\/ASCAQU064FS0009R-waimea-surf-school\/\">\n\t\t<div class=\"tis-item-cover \">\n\t\t\t\t\t\t<img decoding=\"async\" src=\"https:\/\/cdt64.media.tourinsoft.eu\/upload\/Waimea-Surf-School-03.jpg?width=450\" title=\"Wa\u00efmea Surf School\" alt=\"Wa\u00efmea Surf School\" loading=\"lazy\" \/>\n\t\t\t\t\t<div class=\"tis-item-label-container\">\n\t\t\t\t\t\t\t<!--<span class=\"tis-item-handicap\"><img decoding=\"async\" src=\"https:\/\/www.anglet-tourisme.com\/wp-content\/plugins\/tourinsoft-syndication\/assets\/images\/icon-handicap.svg\" title=\"\" alt=\"\" \/><\/span>-->\n\t\t\t\t\t\t\t\t\t<\/div>\n\t\t\t\t\t<\/div>\t\t\n\t<\/a>\n\t<div class=\"tis-item-info\">\n\t\t<span class=\"tis-item-type\"><\/span>\t\t<h3>Wa\u00efmea Surf School<\/h3>\n\t\t\t\t\t\t\t\t<p>Escuela francesa de Surf. Lugares de pr\u00e1ctica: Playas de Anglet y de la Costa Vasca.&hellip;<\/p>\t\t<strong class=\"tis-box-city\">ANGLET<\/strong>\t\t\n\t\t\n\t\t\t\t\t<div class=\"wp-block-button\">\n\t\t\t\t<a href=\"https:\/\/www.anglet-tourisme.com\/es\/en-movimiento-en-anglet\/actividades\/anglet\/ASCAQU064FS0009R-waimea-surf-school\/\" class=\"has-black-color has-white-background-color has-text-color has-background has-link-color wp-element-button\"><img decoding=\"async\" src=\"https:\/\/www.anglet-tourisme.com\/wp-content\/themes\/onk-tourisme\/assets\/images\/arrow-right-2.svg\" alt=\"Ver m\u00e1s\" \/><\/a>\n\t\t\t<\/div>\n\t\t\t\t\n\t<\/div>\n<\/article><article class=\"tis-box swiper-slide \">\n\t<a href=\"https:\/\/www.anglet-tourisme.com\/es\/en-movimiento-en-anglet\/actividades\/anglet\/ASCAQU064FS000AD-yacht-club-adour-atlantique\/\">\n\t\t<div class=\"tis-item-cover \">\n\t\t\t\t\t\t<img decoding=\"async\" src=\"https:\/\/cdt64.media.tourinsoft.eu\/upload\/Yacht-Club-Peche.jpg?width=450\" title=\"Yacht Club Adour Atlantique\" alt=\"Yacht Club Adour Atlantique\" loading=\"lazy\" \/>\n\t\t\t\t\t<div class=\"tis-item-label-container\">\n\t\t\t\t\t\t\t<!--<span class=\"tis-item-handicap\"><img decoding=\"async\" src=\"https:\/\/www.anglet-tourisme.com\/wp-content\/plugins\/tourinsoft-syndication\/assets\/images\/icon-handicap.svg\" title=\"\" alt=\"\" \/><\/span>-->\n\t\t\t\t\t\t\t\t\t<\/div>\n\t\t\t\t\t<\/div>\t\t\n\t<\/a>\n\t<div class=\"tis-item-info\">\n\t\t<span class=\"tis-item-type\"><\/span>\t\t<h3>Yacht Club Adour Atlantique<\/h3>\n\t\t\t\t\t\t\t\t<p>Pesca de mar en barco. Establecimiento autorizado de formaci\u00f3n para obtener licencias de barco: permiso&hellip;<\/p>\t\t<strong class=\"tis-box-city\">ANGLET<\/strong>\t\t\n\t\t\n\t\t\t\t\t<div class=\"wp-block-button\">\n\t\t\t\t<a href=\"https:\/\/www.anglet-tourisme.com\/es\/en-movimiento-en-anglet\/actividades\/anglet\/ASCAQU064FS000AD-yacht-club-adour-atlantique\/\" class=\"has-black-color has-white-background-color has-text-color has-background has-link-color wp-element-button\"><img decoding=\"async\" src=\"https:\/\/www.anglet-tourisme.com\/wp-content\/themes\/onk-tourisme\/assets\/images\/arrow-right-2.svg\" alt=\"Ver m\u00e1s\" \/><\/a>\n\t\t\t<\/div>\n\t\t\t\t\n\t<\/div>\n<\/article><\/div><\/div><div class=\"swiper-button-prev prev-ts-block-66390544d64d3\"><\/div><div class=\"swiper-button-next next-ts-block-66390544d64d3\"><\/div><\/div><\/div>\n<\/div><\/section>\n","protected":false},"excerpt":{"rendered":"<p>\u00bfEres un aficionado a la pesca o simplemente tienes curiosidad por descubrir este pasatiempo mar\u00edtimo? Desde Anglet, emb\u00e1rcate en una aventura memorable de un d\u00eda o medio d\u00eda con nuestros expertos en pesca mar\u00edtima: el Yacht Club Adour Atlantique, escuela federal de pesca, y el Capit\u00e1nJ, instructor y gu\u00eda de [&hellip;]<\/p>\n","protected":false},"author":1,"featured_media":6606,"parent":11987,"menu_order":0,"comment_status":"closed","ping_status":"closed","template":"","meta":{"_acf_changed":false,"_seopress_robots_primary_cat":"","_seopress_titles_title":"Pesca mar\u00edtima en Anglet: gu\u00eda y actividades de pesca mar\u00edtima en Anglet","_seopress_titles_desc":"Explora la pesca mar\u00edtima en Anglet: consejos, gu\u00edas, excursiones.\r\n\u00a1Descubre los mejores lugares para una jornada de pesca inolvidable!","_seopress_robots_index":"","footnotes":""},"class_list":["post-11983","page","type-page","status-publish","has-post-thumbnail"],"acf":[],"_links":{"self":[{"href":"https:\/\/www.anglet-tourisme.com\/es\/wp-json\/wp\/v2\/pages\/11983","targetHints":{"allow":["GET"]}}],"collection":[{"href":"https:\/\/www.anglet-tourisme.com\/es\/wp-json\/wp\/v2\/pages"}],"about":[{"href":"https:\/\/www.anglet-tourisme.com\/es\/wp-json\/wp\/v2\/types\/page"}],"author":[{"embeddable":true,"href":"https:\/\/www.anglet-tourisme.com\/es\/wp-json\/wp\/v2\/users\/1"}],"replies":[{"embeddable":true,"href":"https:\/\/www.anglet-tourisme.com\/es\/wp-json\/wp\/v2\/comments?post=11983"}],"version-history":[{"count":0,"href":"https:\/\/www.anglet-tourisme.com\/es\/wp-json\/wp\/v2\/pages\/11983\/revisions"}],"up":[{"embeddable":true,"href":"https:\/\/www.anglet-tourisme.com\/es\/wp-json\/wp\/v2\/pages\/11987"}],"wp:featuredmedia":[{"embeddable":true,"href":"https:\/\/www.anglet-tourisme.com\/es\/wp-json\/wp\/v2\/media\/6606"}],"wp:attachment":[{"href":"https:\/\/www.anglet-tourisme.com\/es\/wp-json\/wp\/v2\/media?parent=11983"}],"curies":[{"name":"wp","href":"https:\/\/api.w.org\/{rel}","templated":true}]}}