{"id":12039,"date":"2024-05-06T17:53:31","date_gmt":"2024-05-06T15:53:31","guid":{"rendered":"https:\/\/www.anglet-tourisme.com\/naturaleza\/fauna-y-flora\/"},"modified":"2025-11-12T11:06:32","modified_gmt":"2025-11-12T10:06:32","slug":"fauna-y-flora","status":"publish","type":"page","link":"https:\/\/www.anglet-tourisme.com\/es\/naturaleza\/fauna-y-flora\/","title":{"rendered":"Fauna y flora"},"content":{"rendered":"\n<div class=\"wp-block-columns is-layout-flex wp-container-core-columns-is-layout-9d6595d7 wp-block-columns-is-layout-flex\">\n<div class=\"wp-block-column is-layout-flow wp-block-column-is-layout-flow\" style=\"flex-basis:33.33%\"><div class=\"highlight-bloc-container \" id=\"ts-block-65368af54ee28\"  >\n\t<div class=\"highlight-bloc-content\">\n\t\t<div class=\"acf-innerblocks-container\">\n\n<h1 class=\"wp-block-heading suptitle\">Conoce la flora y fauna locales<\/h1>\n\n<\/div>\t<\/div>\n<\/div>\n<\/div>\n\n\n\n<div class=\"wp-block-column is-layout-flow wp-block-column-is-layout-flow\" style=\"flex-basis:66.66%\">\n<blockquote class=\"wp-block-quote is-layout-flow wp-block-quote-is-layout-flow\">\n<p><em>El hombre s\u00f3lo puede comprender el mundo si el propio mundo es comprendido en su integridad, es decir, en su relaci\u00f3n con la naturaleza.<\/em>  &#8211; Ren\u00e9 Descartes<\/p>\n<\/blockquote>\n\n\n\n<p>\u00a1Qu\u00e9 divertido es nombrar las especies de plantas que encuentras en tus paseos, o reconocer los animales que se cruzan en tu camino!<\/p>\n\n\n\n<p>A trav\u00e9s de los ojos de <strong>L\u00e9o Micouin, Inspector de Medio Ambiente de la Oficina Francesa de la Biodiversidad,<\/strong> y de <strong>Olivier Eudes, guarda del Parque Izadia de Anglet, se revela<\/strong> la riqueza de nuestra <strong>flora y fauna locales <\/strong>mediante una selecci\u00f3n de <strong>20 especies de animales y plantas que pueden observarse en Anglet.<\/strong><\/p>\n\n\n\n<p><strong>Sus fotograf\u00edas, <\/strong>compartidas en Internet, captan<strong> la belleza de los entornos <\/strong>que observan y protegen.\nSon testimonio de la pasi\u00f3n que sienten por su profesi\u00f3n y nos recuerdan la importancia de <strong>conservar nuestro patrimonio natural.<\/strong> <\/p>\n<\/div>\n<\/div>\n\n\n\n<div style=\"height:80px\" aria-hidden=\"true\" class=\"wp-block-spacer\"><\/div>\n\n\n\n<section class=\"wp-block-group alignwide has-orange-light-background-color has-background\"><div class=\"wp-block-group__inner-container is-layout-constrained wp-block-group-is-layout-constrained\">\n<div class=\"wp-block-columns is-layout-flex wp-container-core-columns-is-layout-9d6595d7 wp-block-columns-is-layout-flex\">\n<div class=\"wp-block-column is-layout-flow wp-block-column-is-layout-flow\"><div class=\"banner-container  text-shadow with-overlay btn-hover img-zoom\" id=\"ts-block-6629264d16d2a\"  >\n\t\t<a href=\"\/es\/naturaleza\/fauna-y-flora\/vida-salvaje-en-anglet\/\" target=\"\">\n\t\t\t<div class=\"banner-content\">\n\n<div class=\"wp-block-cover has-custom-content-position is-position-top-left\" style=\"min-height:350px;aspect-ratio:unset;\"><img loading=\"lazy\" decoding=\"async\" width=\"2000\" height=\"1600\" class=\"wp-block-cover__image-background wp-image-9846\" alt=\"\" src=\"https:\/\/www.anglet-tourisme.com\/wp-content\/uploads\/2024\/08\/Izadia-Anglet.jpg\" data-object-fit=\"cover\" srcset=\"https:\/\/www.anglet-tourisme.com\/wp-content\/uploads\/2024\/08\/Izadia-Anglet.jpg 2000w, https:\/\/www.anglet-tourisme.com\/wp-content\/uploads\/2024\/08\/Izadia-Anglet-750x600.jpg 750w, https:\/\/www.anglet-tourisme.com\/wp-content\/uploads\/2024\/08\/Izadia-Anglet-1024x819.jpg 1024w, https:\/\/www.anglet-tourisme.com\/wp-content\/uploads\/2024\/08\/Izadia-Anglet-768x614.jpg 768w, https:\/\/www.anglet-tourisme.com\/wp-content\/uploads\/2024\/08\/Izadia-Anglet-1536x1229.jpg 1536w\" sizes=\"auto, (max-width: 2000px) 100vw, 2000px\" \/><span aria-hidden=\"true\" class=\"wp-block-cover__background has-background-dim\"><\/span><div class=\"wp-block-cover__inner-container is-layout-flow wp-block-cover-is-layout-flow\">\n<h3 class=\"wp-block-heading has-white-color has-text-color has-link-color wp-elements-2b120059285276895c87e00a9e2d486e\">Vida salvaje en Anglet<\/h3>\n<\/div><\/div>\n\n<\/div>\t\t\t\t\t<div class=\"wp-block-button is-style-outline\">\n\t\t\t<button class=\"wp-block-button__link\">Descubre<\/button>\n\t\t<\/div>\n\t\t\t<\/a>\n\t\t<\/div>\n<\/div>\n\n\n\n<div class=\"wp-block-column is-layout-flow wp-block-column-is-layout-flow\"><div class=\"banner-container  text-shadow with-overlay btn-hover img-zoom\" id=\"ts-block-6629264d16e04\"  >\n\t\t<a href=\"\/es\/naturaleza\/fauna-y-flora\/la-flora-de-anglet\/\" target=\"\">\n\t\t\t<div class=\"banner-content\">\n\n<div class=\"wp-block-cover has-custom-content-position is-position-top-left\" style=\"min-height:350px;aspect-ratio:unset;\"><img loading=\"lazy\" decoding=\"async\" width=\"1080\" height=\"773\" class=\"wp-block-cover__image-background wp-image-9849\" alt=\"\" src=\"https:\/\/www.anglet-tourisme.com\/wp-content\/uploads\/2024\/08\/Izadia_Petite-centauree-a-feuilles-serrees-Centaurium-chloodes-\u00a9-Leo.jpg\" data-object-fit=\"cover\" srcset=\"https:\/\/www.anglet-tourisme.com\/wp-content\/uploads\/2024\/08\/Izadia_Petite-centauree-a-feuilles-serrees-Centaurium-chloodes-\u00a9-Leo.jpg 1080w, https:\/\/www.anglet-tourisme.com\/wp-content\/uploads\/2024\/08\/Izadia_Petite-centauree-a-feuilles-serrees-Centaurium-chloodes-\u00a9-Leo-800x573.jpg 800w, https:\/\/www.anglet-tourisme.com\/wp-content\/uploads\/2024\/08\/Izadia_Petite-centauree-a-feuilles-serrees-Centaurium-chloodes-\u00a9-Leo-1024x733.jpg 1024w, https:\/\/www.anglet-tourisme.com\/wp-content\/uploads\/2024\/08\/Izadia_Petite-centauree-a-feuilles-serrees-Centaurium-chloodes-\u00a9-Leo-768x550.jpg 768w\" sizes=\"auto, (max-width: 1080px) 100vw, 1080px\" \/><span aria-hidden=\"true\" class=\"wp-block-cover__background has-background-dim\"><\/span><div class=\"wp-block-cover__inner-container is-layout-flow wp-block-cover-is-layout-flow\">\n<h3 class=\"wp-block-heading has-white-color has-text-color has-link-color wp-elements-142554ff30e34b552dade70c07592ae6\">La flora de Anglet<\/h3>\n<\/div><\/div>\n\n<\/div>\t\t\t\t\t<div class=\"wp-block-button is-style-outline\">\n\t\t\t<button class=\"wp-block-button__link\">Descubre<\/button>\n\t\t<\/div>\n\t\t\t<\/a>\n\t\t<\/div>\n<\/div>\n<\/div>\n<\/div><\/section>\n\n\n\n<div style=\"height:80px\" aria-hidden=\"true\" class=\"wp-block-spacer\"><\/div>\n\n\n\n<div class=\"wp-block-media-text is-stacked-on-mobile is-image-fill-element\" style=\"grid-template-columns:60% auto\"><figure class=\"wp-block-media-text__media\"><img loading=\"lazy\" decoding=\"async\" width=\"1024\" height=\"683\" src=\"https:\/\/www.anglet-tourisme.com\/wp-content\/uploads\/2024\/08\/Leo-Izadia-I-Love-Anglet__RIB3878_\u00a9RiBLANC-1024x683.jpg\" alt=\"\" class=\"wp-image-9881 size-full\" style=\"object-position:50% 50%\" srcset=\"https:\/\/www.anglet-tourisme.com\/wp-content\/uploads\/2024\/08\/Leo-Izadia-I-Love-Anglet__RIB3878_\u00a9RiBLANC-1024x683.jpg 1024w, https:\/\/www.anglet-tourisme.com\/wp-content\/uploads\/2024\/08\/Leo-Izadia-I-Love-Anglet__RIB3878_\u00a9RiBLANC-800x534.jpg 800w, https:\/\/www.anglet-tourisme.com\/wp-content\/uploads\/2024\/08\/Leo-Izadia-I-Love-Anglet__RIB3878_\u00a9RiBLANC-768x512.jpg 768w, https:\/\/www.anglet-tourisme.com\/wp-content\/uploads\/2024\/08\/Leo-Izadia-I-Love-Anglet__RIB3878_\u00a9RiBLANC-1536x1025.jpg 1536w, https:\/\/www.anglet-tourisme.com\/wp-content\/uploads\/2024\/08\/Leo-Izadia-I-Love-Anglet__RIB3878_\u00a9RiBLANC.jpg 2000w\" sizes=\"auto, (max-width: 1024px) 100vw, 1024px\" \/><\/figure><div class=\"wp-block-media-text__content\"><div id=\"ts-block-66390544d34f8\"  class=\"title-bloc-container\">\n\t\t<div class=\"title-bloc-content\">\n\t\t<div class=\"title-bloc\" >\n\t\t\t<div class=\"acf-innerblocks-container\">\n\n<p class=\"suptitle\">C\u00e9ntrate en&#8230;<\/p>\n\n\n\n<h2 class=\"wp-block-heading\">L\u00e9o Micouin<\/h2>\n\n<\/div>\t\t<\/div>\n\t\t\t<\/div>\n<\/div>\n\n\n\n<blockquote class=\"wp-block-quote is-layout-flow wp-block-quote-is-layout-flow\">\n<p><em>Observar la flora y la fauna se ha convertido en un h\u00e1bito a lo largo de los a\u00f1os. Tras estudiar ecolog\u00eda urbana en Par\u00eds, continuar esta labor de observaci\u00f3n en Anglet es una bendici\u00f3n para m\u00ed. Es una ciudad muy diversa y rica en muchos aspectos, como demuestran los numerosos espacios naturales que la componen. El litoral y sus dunas, del que forma parte Izadia, los macizos de Pignada y Lazaret, los senderos salvajes cerca de Parme&#8230; Me gusta mucho explorar estas zonas para fotografiar su diversidad. Adem\u00e1s, cada visita me permite redescubrir el lugar en funci\u00f3n de la \u00e9poca del a\u00f1o: al tratarse de espacios naturales, cambian constantemente.<\/em>.<\/p>\n<\/blockquote>\n\n\n\n<div style=\"height:40px\" aria-hidden=\"true\" class=\"wp-block-spacer\"><\/div>\n\n\n\n<p>Tras estudiar ecolog\u00eda en el <strong>Museo Nacional de Historia Natural de Par\u00eds<\/strong>, L\u00e9o trabaj\u00f3 en el <strong>Parque Izadia<\/strong> de Anglet como <strong>gu\u00eda naturalista.<\/strong><\/p>\n\n\n\n<p>Ahora es <strong>Inspector de Medio Ambiente en la Oficina Francesa de Biodiversidad<\/strong> de Lot-et-Garonne. Tambi\u00e9n es un gran fot\u00f3grafo, que captura las especies que encuentra en sus paseos. Vuelve regularmente a Anglet y sigue compartiendo sus fotos con nosotros.<\/p>\n\n\n\n<p>Te invitamos a descubrir las magn\u00edficas fotos de L\u00e9o en su cuenta de Instagram.<\/p>\n\n\n\n<div style=\"height:40px\" aria-hidden=\"true\" class=\"wp-block-spacer\"><\/div>\n\n\n\n<div class=\"wp-block-buttons is-layout-flex wp-block-buttons-is-layout-flex\">\n<div class=\"wp-block-button is-style-outline is-style-outline--1\"><a class=\"wp-block-button__link wp-element-button\" href=\"https:\/\/www.instagram.com\/leonaturaliste\/\" target=\"_blank\" rel=\"noreferrer noopener\">M\u00e1s informaci\u00f3n<\/a><\/div>\n<\/div>\n<\/div><\/div>\n\n\n\n<div style=\"height:80px\" aria-hidden=\"true\" class=\"wp-block-spacer\"><\/div>\n\n\n\n<section class=\"wp-block-group alignwide has-light-green-background-color has-background\"><div class=\"wp-block-group__inner-container is-layout-constrained wp-block-group-is-layout-constrained\"><div id=\"ts-block-66390544d3551\"  class=\"title-bloc-container px-xl aligncenter\">\n\t\t<div class=\"title-bloc-content\">\n\t\t<div class=\"title-bloc\" >\n\t\t\t<div class=\"acf-innerblocks-container\">\n\n<h2 class=\"wp-block-heading\">Descubre los ecosistemas de Anglet<\/h2>\n\n<\/div>\t\t<\/div>\n\t\t\t<\/div>\n<\/div>\n\n\n<div id=\"ts-block-66390544d64d3\"  class=\"is-style-horizontal\">\n\t<div class=\"swiper-container tis_item_box-swiper\"><div data-block_id=\"ts-block-66390544d64d3\" class=\"tis_item_box_container img-zoom columns-2  with-slide slide-ts-block-66390544d64d3\"><div class=\"swiper-wrapper\" data-nb_col=\"2\" id=\"ts-block-66390544d64d3\"><article class=\"tis-box swiper-slide \">\n\t<a href=\"https:\/\/www.anglet-tourisme.com\/es\/en-movimiento-en-anglet\/actividades\/anglet\/LOIAQU064FS00079-la-maison-de-lenvironnement\/\">\n\t\t<div class=\"tis-item-cover \">\n\t\t\t\t\t\t<img decoding=\"async\" src=\"https:\/\/cdt64.media.tourinsoft.eu\/upload\/La-Maison-de-l-Environnemen-Anglet-4.jpg?width=450\" title=\"La Maison de l'Environnement\" alt=\"La Maison de l'Environnement\" loading=\"lazy\" \/>\n\t\t\t\t\t<div class=\"tis-item-label-container\">\n\t\t\t\t\t\t\t<!--<span class=\"tis-item-handicap\"><img decoding=\"async\" src=\"https:\/\/www.anglet-tourisme.com\/wp-content\/plugins\/tourinsoft-syndication\/assets\/images\/icon-handicap.svg\" title=\"\" alt=\"\" \/><\/span>-->\n\t\t\t\t\t\t\t\t\t\t<span class=\"tis-item-durable\"><img decoding=\"async\" src=\"https:\/\/www.anglet-tourisme.com\/wp-content\/plugins\/tourinsoft-syndication\/assets\/images\/icon-durable.svg\" title=\"D\u00e9veloppement durable\" alt=\"D\u00e9veloppement durable\" \/><\/span>\n\t\t\t\t\t\t<\/div>\n\t\t\t\t\t\t<div class=\"tis-item-online-booking\">\n\t\t\t\t<span>Reservas en l\u00ednea<\/span>\n\t\t\t<\/div>\n\t\t\t\t\t<\/div>\t\t\n\t<\/a>\n\t<div class=\"tis-item-info\">\n\t\t<span class=\"tis-item-type\">Equipements de loisirs<\/span>\t\t<h3>La Maison de l&#8217;Environnement<\/h3>\n\t\t\t\t\t\t\t\t<p>En la desembocadura del Adour, el parque ecol\u00f3gico Izadia le invita a descubrir la biodiversidad&hellip;<\/p>\t\t<strong class=\"tis-box-city\">ANGLET<\/strong>\t\t\n\t\t\n\t\t\t\t\t<div class=\"wp-block-button\">\n\t\t\t\t<a href=\"https:\/\/www.anglet-tourisme.com\/es\/en-movimiento-en-anglet\/actividades\/anglet\/LOIAQU064FS00079-la-maison-de-lenvironnement\/\" class=\"has-black-color has-white-background-color has-text-color has-background has-link-color wp-element-button\"><img decoding=\"async\" src=\"https:\/\/www.anglet-tourisme.com\/wp-content\/themes\/onk-tourisme\/assets\/images\/arrow-right-2.svg\" alt=\"Ver m\u00e1s\" \/><\/a>\n\t\t\t<\/div>\n\t\t\t\t\n\t<\/div>\n<\/article><article class=\"tis-box swiper-slide \">\n\t<a href=\"https:\/\/www.anglet-tourisme.com\/es\/en-movimiento-en-anglet\/actividades\/anglet\/PNAAQU064FS00002-foret-du-pignada\/\">\n\t\t<div class=\"tis-item-cover \">\n\t\t\t\t\t\t<img decoding=\"async\" src=\"https:\/\/cdt64.media.tourinsoft.eu\/upload\/Balade-en-foret-Anglet--RIB7758--RiBLANC.jpg?width=450\" title=\"For\u00eat du Pignada\" alt=\"For\u00eat du Pignada\" loading=\"lazy\" \/>\n\t\t\t\t\t<div class=\"tis-item-label-container\">\n\t\t\t\t\t\t\t<!--<span class=\"tis-item-handicap\"><img decoding=\"async\" src=\"https:\/\/www.anglet-tourisme.com\/wp-content\/plugins\/tourinsoft-syndication\/assets\/images\/icon-handicap.svg\" title=\"\" alt=\"\" \/><\/span>-->\n\t\t\t\t\t\t\t\t\t\t<span class=\"tis-item-durable\"><img decoding=\"async\" src=\"https:\/\/www.anglet-tourisme.com\/wp-content\/plugins\/tourinsoft-syndication\/assets\/images\/icon-durable.svg\" title=\"D\u00e9veloppement durable\" alt=\"D\u00e9veloppement durable\" \/><\/span>\n\t\t\t\t\t\t<\/div>\n\t\t\t\t\t<\/div>\t\t\n\t<\/a>\n\t<div class=\"tis-item-info\">\n\t\t<span class=\"tis-item-type\">Patrimoine naturel<\/span>\t\t<h3>For\u00eat du Pignada<\/h3>\n\t\t\t\t\t\t\t\t<p>Anglet es el punto de encuentro del mar y del bosque. Situado a dos pasos&hellip;<\/p>\t\t<strong class=\"tis-box-city\">ANGLET<\/strong>\t\t\n\t\t\n\t\t\t\t\t<div class=\"wp-block-button\">\n\t\t\t\t<a href=\"https:\/\/www.anglet-tourisme.com\/es\/en-movimiento-en-anglet\/actividades\/anglet\/PNAAQU064FS00002-foret-du-pignada\/\" class=\"has-black-color has-white-background-color has-text-color has-background has-link-color wp-element-button\"><img decoding=\"async\" src=\"https:\/\/www.anglet-tourisme.com\/wp-content\/themes\/onk-tourisme\/assets\/images\/arrow-right-2.svg\" alt=\"Ver m\u00e1s\" \/><\/a>\n\t\t\t<\/div>\n\t\t\t\t\n\t<\/div>\n<\/article><article class=\"tis-box swiper-slide \">\n\t<a href=\"https:\/\/www.anglet-tourisme.com\/es\/en-movimiento-en-anglet\/actividades\/anglet\/PNAAQU064V5BVYE9-foret-du-lazaret\/\">\n\t\t<div class=\"tis-item-cover \">\n\t\t\t\t\t\t<img decoding=\"async\" src=\"https:\/\/cdt64.media.tourinsoft.eu\/upload\/Running-Foret-I-Love-Anglet-1RIB2318--RiBLANC.jpg?width=450\" title=\"For\u00eat du Lazaret\" alt=\"For\u00eat du Lazaret\" loading=\"lazy\" \/>\n\t\t\t\t\t<div class=\"tis-item-label-container\">\n\t\t\t\t\t\t\t<!--<span class=\"tis-item-handicap\"><img decoding=\"async\" src=\"https:\/\/www.anglet-tourisme.com\/wp-content\/plugins\/tourinsoft-syndication\/assets\/images\/icon-handicap.svg\" title=\"\" alt=\"\" \/><\/span>-->\n\t\t\t\t\t\t\t\t\t\t<span class=\"tis-item-durable\"><img decoding=\"async\" src=\"https:\/\/www.anglet-tourisme.com\/wp-content\/plugins\/tourinsoft-syndication\/assets\/images\/icon-durable.svg\" title=\"D\u00e9veloppement durable\" alt=\"D\u00e9veloppement durable\" \/><\/span>\n\t\t\t\t\t\t<\/div>\n\t\t\t\t\t<\/div>\t\t\n\t<\/a>\n\t<div class=\"tis-item-info\">\n\t\t<span class=\"tis-item-type\">Patrimoine naturel<\/span>\t\t<h3>For\u00eat du Lazaret<\/h3>\n\t\t\t\t\t\t\t\t<p>Situado en el barrio de Blancpignon, el Bosque del Lazareto, declarado Espacio Natural Sensible, es&hellip;<\/p>\t\t<strong class=\"tis-box-city\">ANGLET<\/strong>\t\t\n\t\t\n\t\t\t\t\t<div class=\"wp-block-button\">\n\t\t\t\t<a href=\"https:\/\/www.anglet-tourisme.com\/es\/en-movimiento-en-anglet\/actividades\/anglet\/PNAAQU064V5BVYE9-foret-du-lazaret\/\" class=\"has-black-color has-white-background-color has-text-color has-background has-link-color wp-element-button\"><img decoding=\"async\" src=\"https:\/\/www.anglet-tourisme.com\/wp-content\/themes\/onk-tourisme\/assets\/images\/arrow-right-2.svg\" alt=\"Ver m\u00e1s\" \/><\/a>\n\t\t\t<\/div>\n\t\t\t\t\n\t<\/div>\n<\/article><article class=\"tis-box swiper-slide \">\n\t<a href=\"https:\/\/www.anglet-tourisme.com\/es\/en-movimiento-en-anglet\/actividades\/anglet\/PNAAQU064V54P9R1-le-maharin\/\">\n\t\t<div class=\"tis-item-cover \">\n\t\t\t\t\t\t<img decoding=\"async\" src=\"https:\/\/cdt64.media.tourinsoft.eu\/upload\/Maharin-I-Love-Anglet-1RIB1642--RiBLANC.jpg?width=450\" title=\"Le Maharin\" alt=\"Le Maharin\" loading=\"lazy\" \/>\n\t\t\t\t\t<div class=\"tis-item-label-container\">\n\t\t\t\t\t\t\t<!--<span class=\"tis-item-handicap\"><img decoding=\"async\" src=\"https:\/\/www.anglet-tourisme.com\/wp-content\/plugins\/tourinsoft-syndication\/assets\/images\/icon-handicap.svg\" title=\"\" alt=\"\" \/><\/span>-->\n\t\t\t\t\t\t\t\t\t<\/div>\n\t\t\t\t\t<\/div>\t\t\n\t<\/a>\n\t<div class=\"tis-item-info\">\n\t\t<span class=\"tis-item-type\">Patrimoine naturel<\/span>\t\t<h3>Le Maharin<\/h3>\n\t\t\t\t\t\t\t\t<p>Situado entre Montbrun y la Butte-aux-Cailles, el Maharin impresiona por la calidad de sus instalaciones.&hellip;<\/p>\t\t<strong class=\"tis-box-city\">ANGLET<\/strong>\t\t\n\t\t\n\t\t\t\t\t<div class=\"wp-block-button\">\n\t\t\t\t<a href=\"https:\/\/www.anglet-tourisme.com\/es\/en-movimiento-en-anglet\/actividades\/anglet\/PNAAQU064V54P9R1-le-maharin\/\" class=\"has-black-color has-white-background-color has-text-color has-background has-link-color wp-element-button\"><img decoding=\"async\" src=\"https:\/\/www.anglet-tourisme.com\/wp-content\/themes\/onk-tourisme\/assets\/images\/arrow-right-2.svg\" alt=\"Ver m\u00e1s\" \/><\/a>\n\t\t\t<\/div>\n\t\t\t\t\n\t<\/div>\n<\/article><\/div><\/div><div class=\"swiper-button-prev prev-ts-block-66390544d64d3\"><\/div><div class=\"swiper-button-next next-ts-block-66390544d64d3\"><\/div><\/div><\/div>\n<\/div><\/section>\n","protected":false},"excerpt":{"rendered":"<p>El hombre s\u00f3lo puede comprender el mundo si el propio mundo es comprendido en su integridad, es decir, en su relaci\u00f3n con la naturaleza. &#8211; Ren\u00e9 Descartes \u00a1Qu\u00e9 divertido es nombrar las especies de plantas que encuentras en tus paseos, o reconocer los animales que se cruzan en tu camino! [&hellip;]<\/p>\n","protected":false},"author":1,"featured_media":9845,"parent":12020,"menu_order":0,"comment_status":"closed","ping_status":"closed","template":"","meta":{"_acf_changed":false,"_seopress_robots_primary_cat":"","_seopress_titles_title":"Fauna y flora de Anglet: descubre la fauna y flora locales de Anglet.","_seopress_titles_desc":"\u00bfTe preguntas por la flora y la fauna de Anglet?\r\nExplora la riqueza natural de Anglet y sus especies \u00fanicas.","_seopress_robots_index":"","footnotes":""},"class_list":["post-12039","page","type-page","status-publish","has-post-thumbnail"],"acf":[],"_links":{"self":[{"href":"https:\/\/www.anglet-tourisme.com\/es\/wp-json\/wp\/v2\/pages\/12039","targetHints":{"allow":["GET"]}}],"collection":[{"href":"https:\/\/www.anglet-tourisme.com\/es\/wp-json\/wp\/v2\/pages"}],"about":[{"href":"https:\/\/www.anglet-tourisme.com\/es\/wp-json\/wp\/v2\/types\/page"}],"author":[{"embeddable":true,"href":"https:\/\/www.anglet-tourisme.com\/es\/wp-json\/wp\/v2\/users\/1"}],"replies":[{"embeddable":true,"href":"https:\/\/www.anglet-tourisme.com\/es\/wp-json\/wp\/v2\/comments?post=12039"}],"version-history":[{"count":1,"href":"https:\/\/www.anglet-tourisme.com\/es\/wp-json\/wp\/v2\/pages\/12039\/revisions"}],"predecessor-version":[{"id":19338,"href":"https:\/\/www.anglet-tourisme.com\/es\/wp-json\/wp\/v2\/pages\/12039\/revisions\/19338"}],"up":[{"embeddable":true,"href":"https:\/\/www.anglet-tourisme.com\/es\/wp-json\/wp\/v2\/pages\/12020"}],"wp:featuredmedia":[{"embeddable":true,"href":"https:\/\/www.anglet-tourisme.com\/es\/wp-json\/wp\/v2\/media\/9845"}],"wp:attachment":[{"href":"https:\/\/www.anglet-tourisme.com\/es\/wp-json\/wp\/v2\/media?parent=12039"}],"curies":[{"name":"wp","href":"https:\/\/api.w.org\/{rel}","templated":true}]}}