{"id":12083,"date":"2024-04-30T16:18:56","date_gmt":"2024-04-30T14:18:56","guid":{"rendered":"https:\/\/www.anglet-tourisme.com\/gastronomia\/pasteleria-local\/"},"modified":"2025-10-13T17:12:40","modified_gmt":"2025-10-13T15:12:40","slug":"pasteleria-local","status":"publish","type":"page","link":"https:\/\/www.anglet-tourisme.com\/es\/gastronomia\/pasteleria-local\/","title":{"rendered":"Pasteler\u00eda local"},"content":{"rendered":"\n<div class=\"wp-block-columns is-layout-flex wp-container-core-columns-is-layout-9d6595d7 wp-block-columns-is-layout-flex\">\n<div class=\"wp-block-column is-layout-flow wp-block-column-is-layout-flow\" style=\"flex-basis:33.33%\"><div class=\"highlight-bloc-container \" id=\"ts-block-65368af54ee28\"  >\n\t<div class=\"highlight-bloc-content\">\n\t\t<div class=\"acf-innerblocks-container\">\n\n<h1 class=\"wp-block-heading suptitle\">Pasteler\u00eda local: gourmandises d&#8217;Anglet<\/h1>\n\n<\/div>\t<\/div>\n<\/div>\n<\/div>\n\n\n\n<div class=\"wp-block-column is-layout-flow wp-block-column-is-layout-flow\" style=\"flex-basis:66.66%\">\n<p>\u00bfTienes antojo de algo dulce? \u00a1No hay problema! <br>Anglet est\u00e1 lleno de <strong>panader\u00edas y pasteler\u00edas<\/strong> <strong>de reconocida<\/strong> experiencia dispuestas a recibirte, \u00a1cada una con su <strong>especialidad<\/strong>!<\/p>\n\n\n\n<p>Aprovecha para probar el famoso <strong>pastel vasco<\/strong>, ya sea cl\u00e1sico, de cerezas o de caf\u00e9. <strong>\u00a1Los <\/strong><strong>gourmets<\/strong> quedar\u00e1n encantados!<\/p>\n<\/div>\n<\/div>\n\n\n\n<div style=\"height:80px\" aria-hidden=\"true\" class=\"wp-block-spacer\"><\/div>\n\n\n\n<div class=\"wp-block-group alignwide\"><div class=\"wp-block-group__inner-container is-layout-constrained wp-block-group-is-layout-constrained\">\n<section class=\"wp-block-group alignwide has-orange-light-background-color has-background\"><div class=\"wp-block-group__inner-container is-layout-constrained wp-block-group-is-layout-constrained\">\n<div class=\"wp-block-columns is-layout-flex wp-container-core-columns-is-layout-9d6595d7 wp-block-columns-is-layout-flex\">\n<div class=\"wp-block-column is-layout-flow wp-block-column-is-layout-flow\" style=\"flex-basis:50%\"><div class=\"banner-container  text-shadow with-overlay btn-hover img-zoom\" id=\"ts-block-6629264d16d2a\"  >\n\t\t<a href=\"\/es\/en-movimiento-en-anglet\/actividades\/anglet\/DEGAQU064V5BVSCZ-maison-gautier\/\" target=\"\">\n\t\t\t<div class=\"banner-content\">\n\n<div class=\"wp-block-cover has-custom-content-position is-position-top-left\" style=\"min-height:350px;aspect-ratio:unset;\"><img loading=\"lazy\" decoding=\"async\" width=\"1365\" height=\"2048\" class=\"wp-block-cover__image-background wp-image-6561\" alt=\"\" src=\"https:\/\/www.anglet-tourisme.com\/wp-content\/uploads\/2024\/06\/D5F563BB-FEFF-415A-9751-47BC45BFF4D2-2-scaled.jpg\" data-object-fit=\"cover\" srcset=\"https:\/\/www.anglet-tourisme.com\/wp-content\/uploads\/2024\/06\/D5F563BB-FEFF-415A-9751-47BC45BFF4D2-2-scaled.jpg 1365w, https:\/\/www.anglet-tourisme.com\/wp-content\/uploads\/2024\/06\/D5F563BB-FEFF-415A-9751-47BC45BFF4D2-2-400x600.jpg 400w, https:\/\/www.anglet-tourisme.com\/wp-content\/uploads\/2024\/06\/D5F563BB-FEFF-415A-9751-47BC45BFF4D2-2-683x1024.jpg 683w, https:\/\/www.anglet-tourisme.com\/wp-content\/uploads\/2024\/06\/D5F563BB-FEFF-415A-9751-47BC45BFF4D2-2-768x1152.jpg 768w, https:\/\/www.anglet-tourisme.com\/wp-content\/uploads\/2024\/06\/D5F563BB-FEFF-415A-9751-47BC45BFF4D2-2-1024x1536.jpg 1024w\" sizes=\"auto, (max-width: 1365px) 100vw, 1365px\" \/><span aria-hidden=\"true\" class=\"wp-block-cover__background has-background-dim\"><\/span><div class=\"wp-block-cover__inner-container is-layout-flow wp-block-cover-is-layout-flow\">\n<h3 class=\"wp-block-heading has-white-color has-text-color has-link-color wp-elements-fcbd849b4e50ffb459c6991bd4ad3c5e\">Casa Gautier<\/h3>\n<\/div><\/div>\n\n<\/div>\t\t\t\t\t<div class=\"wp-block-button is-style-outline\">\n\t\t\t<button class=\"wp-block-button__link\">Descubre<\/button>\n\t\t<\/div>\n\t\t\t<\/a>\n\t\t<\/div>\n<\/div>\n\n\n\n<div class=\"wp-block-column is-layout-flow wp-block-column-is-layout-flow\" style=\"flex-basis:50%\"><div class=\"banner-container  text-shadow with-overlay btn-hover img-zoom\" id=\"ts-block-6629264d16ec8\"  >\n\t\t<a href=\"\/es\/en-movimiento-en-anglet\/actividades\/anglet\/DEGAQU064V5BKQRR-maison-pommiers\/\" target=\"\">\n\t\t\t<div class=\"banner-content\">\n\n<div class=\"wp-block-cover has-custom-content-position is-position-top-left\" style=\"min-height:351px;aspect-ratio:unset;\"><img loading=\"lazy\" decoding=\"async\" width=\"2000\" height=\"1500\" class=\"wp-block-cover__image-background wp-image-14612\" alt=\"\" src=\"https:\/\/www.anglet-tourisme.com\/wp-content\/uploads\/2025\/01\/pommiers-16.jpg\" data-object-fit=\"cover\" srcset=\"https:\/\/www.anglet-tourisme.com\/wp-content\/uploads\/2025\/01\/pommiers-16.jpg 2000w, https:\/\/www.anglet-tourisme.com\/wp-content\/uploads\/2025\/01\/pommiers-16-800x600.jpg 800w, https:\/\/www.anglet-tourisme.com\/wp-content\/uploads\/2025\/01\/pommiers-16-1024x768.jpg 1024w, https:\/\/www.anglet-tourisme.com\/wp-content\/uploads\/2025\/01\/pommiers-16-150x113.jpg 150w, https:\/\/www.anglet-tourisme.com\/wp-content\/uploads\/2025\/01\/pommiers-16-768x576.jpg 768w, https:\/\/www.anglet-tourisme.com\/wp-content\/uploads\/2025\/01\/pommiers-16-1536x1152.jpg 1536w\" sizes=\"auto, (max-width: 2000px) 100vw, 2000px\" \/><span aria-hidden=\"true\" class=\"wp-block-cover__background has-background-dim\"><\/span><div class=\"wp-block-cover__inner-container is-layout-flow wp-block-cover-is-layout-flow\">\n<h3 class=\"wp-block-heading has-white-color has-text-color has-link-color wp-elements-44057f6af1d5038dbdbf828bd3ad6622\">Casa Pommiers<\/h3>\n<\/div><\/div>\n\n<\/div>\t\t\t\t\t<div class=\"wp-block-button is-style-outline\">\n\t\t\t<button class=\"wp-block-button__link\">Descubre<\/button>\n\t\t<\/div>\n\t\t\t<\/a>\n\t\t<\/div>\n<\/div>\n<\/div>\n<\/div><\/section>\n<\/div><\/div>\n\n\n\n<div style=\"height:80px\" aria-hidden=\"true\" class=\"wp-block-spacer\"><\/div>\n\n\n\n<div class=\"wp-block-group alignwide\"><div class=\"wp-block-group__inner-container is-layout-constrained wp-block-group-is-layout-constrained\">\n<section class=\"wp-block-group alignwide has-light-green-background-color has-background\"><div class=\"wp-block-group__inner-container is-layout-constrained wp-block-group-is-layout-constrained\"><div id=\"ts-block-661d0b5748733\"  class=\"title-bloc-container px-xl aligncenter\">\n\t\t<div class=\"title-bloc-content\">\n\t\t<div class=\"title-bloc\" >\n\t\t\t<div class=\"acf-innerblocks-container\">\n\n<h2 class=\"wp-block-heading\">Tambi\u00e9n te gustar\u00e1&#8230;<\/h2>\n\n<\/div>\t\t<\/div>\n\t\t\t<\/div>\n<\/div>\n\n\n\n<div style=\"height:25px\" aria-hidden=\"true\" class=\"wp-block-spacer\"><\/div>\n\n\n<div id=\"ts-block-661d077f94750\"  class=\"custom-box-slider-container nb_col-3\">\n\t<div class=\"swiper-container\">\n\t\t<div class=\"swiper swiper-ts-block-661d077f94750\" data-block_id=\"ts-block-661d077f94750\">\n\t\t\t<!--<div class=\"swiper-wrapper\" data-nb_col=\"2\">-->\n\t\t\t\t<div class=\"custom-box-slider-content swiper-wrapper nb_col-3 allowedBlocks=\">\n<div id=\"ts-block-661d077f947cf\"  class=\"swiper-slide custom-box-container has-white-background-color has-background\">\n\t<div class=\"custom-box-content\">\n\n<figure class=\"wp-block-image size-large\"><img loading=\"lazy\" decoding=\"async\" width=\"1334\" height=\"1001\" src=\"https:\/\/www.anglet-tourisme.com\/wp-content\/uploads\/2024\/06\/I-Love-Anglet-Boutique-Anglet_5RIB8510_\u00a9RiBLANC-1-edited-1.jpg\" alt=\"\" class=\"wp-image-6583\" style=\"object-fit:cover\" srcset=\"https:\/\/www.anglet-tourisme.com\/wp-content\/uploads\/2024\/06\/I-Love-Anglet-Boutique-Anglet_5RIB8510_\u00a9RiBLANC-1-edited-1.jpg 1334w, https:\/\/www.anglet-tourisme.com\/wp-content\/uploads\/2024\/06\/I-Love-Anglet-Boutique-Anglet_5RIB8510_\u00a9RiBLANC-1-edited-1-800x600.jpg 800w, https:\/\/www.anglet-tourisme.com\/wp-content\/uploads\/2024\/06\/I-Love-Anglet-Boutique-Anglet_5RIB8510_\u00a9RiBLANC-1-edited-1-1024x768.jpg 1024w, https:\/\/www.anglet-tourisme.com\/wp-content\/uploads\/2024\/06\/I-Love-Anglet-Boutique-Anglet_5RIB8510_\u00a9RiBLANC-1-edited-1-768x576.jpg 768w\" sizes=\"auto, (max-width: 1334px) 100vw, 1334px\" \/><\/figure>\n\n\n\n<h3 class=\"wp-block-heading\">Heladeras artesanales<\/h3>\n\n\n\n<p class=\"box-content\">\u00bfBuscas los mejores helados artesanales de Anglet?<br>Ya sea entre actividad y actividad, despu\u00e9s de una tarde en la playa o para disfrutar de una puesta de sol con los pies en la arena, Anglet es el lugar ideal para saborear deliciosos helados.<\/p>\n\n\n\n<div class=\"wp-block-button is-style-outline is-style-outline--1\"><a class=\"wp-block-button__link wp-element-button\" href=\"https:\/\/www.anglet-tourisme.com\/es\/gastronomia\/heladeras-artesanales\/\">Descubre<\/a><\/div>\n\n<\/div><\/div>\n\n\n<div id=\"ts-block-661d077f94834\"  class=\"swiper-slide custom-box-container has-white-background-color has-background\">\n\t<div class=\"custom-box-content\">\n\n<figure class=\"wp-block-image size-large\"><img loading=\"lazy\" decoding=\"async\" width=\"1024\" height=\"682\" src=\"https:\/\/www.anglet-tourisme.com\/wp-content\/uploads\/2024\/06\/HA77351-1024x682.jpg\" alt=\"\" class=\"wp-image-6586\" style=\"object-fit:cover\" srcset=\"https:\/\/www.anglet-tourisme.com\/wp-content\/uploads\/2024\/06\/HA77351-1024x682.jpg 1024w, https:\/\/www.anglet-tourisme.com\/wp-content\/uploads\/2024\/06\/HA77351-800x533.jpg 800w, https:\/\/www.anglet-tourisme.com\/wp-content\/uploads\/2024\/06\/HA77351-768x512.jpg 768w, https:\/\/www.anglet-tourisme.com\/wp-content\/uploads\/2024\/06\/HA77351-1536x1024.jpg 1536w, https:\/\/www.anglet-tourisme.com\/wp-content\/uploads\/2024\/06\/HA77351.jpg 2000w\" sizes=\"auto, (max-width: 1024px) 100vw, 1024px\" \/><\/figure>\n\n\n\n<h3 class=\"wp-block-heading\">MERCADO CUBIERTO<\/h3>\n\n\n\n<p class=\"box-content\">Les \u00abHalles Biltoki Anglet\u00bb es uno de los lugares de visita obligada de Anglet. Aqu\u00ed no s\u00f3lo puedes hacer la compra, sino tambi\u00e9n disfrutar de una agradable comida a base de tapas y otros platos.<\/p>\n\n\n\n<div class=\"wp-block-button is-style-outline is-style-outline--2\"><a class=\"wp-block-button__link wp-element-button\" href=\"\/es\/en-movimiento-en-anglet\/actividades\/anglet\/LOIAQU064V5BRFA1-halles-biltoki-anglet\/\">Descubre<\/a><\/div>\n\n<\/div><\/div>\n\n\n<div id=\"ts-block-661d077f94804\"  class=\"swiper-slide custom-box-container has-white-background-color has-background\">\n\t<div class=\"custom-box-content\">\n\n<figure class=\"wp-block-image size-large\"><img loading=\"lazy\" decoding=\"async\" width=\"1024\" height=\"683\" src=\"https:\/\/www.anglet-tourisme.com\/wp-content\/uploads\/2024\/06\/LESUNS3-1024x683.jpg\" alt=\"\" class=\"wp-image-6277\" srcset=\"https:\/\/www.anglet-tourisme.com\/wp-content\/uploads\/2024\/06\/LESUNS3-1024x683.jpg 1024w, https:\/\/www.anglet-tourisme.com\/wp-content\/uploads\/2024\/06\/LESUNS3-800x534.jpg 800w, https:\/\/www.anglet-tourisme.com\/wp-content\/uploads\/2024\/06\/LESUNS3-768x512.jpg 768w, https:\/\/www.anglet-tourisme.com\/wp-content\/uploads\/2024\/06\/LESUNS3-1536x1025.jpg 1536w, https:\/\/www.anglet-tourisme.com\/wp-content\/uploads\/2024\/06\/LESUNS3.jpg 2000w\" sizes=\"auto, (max-width: 1024px) 100vw, 1024px\" \/><\/figure>\n\n\n\n<h3 class=\"wp-block-heading\">casetas de playa<\/h3>\n\n\n\n<p class=\"box-content\">Descubre las casetas de playa de Anglet, diseminadas a lo largo del Paseo Mar\u00edtimo Victor Mendiboure.\nDe marzo a noviembre, estos ef\u00edmeros restaurantes de playa encarnan el arte de vivir en Anglet. <br><\/p>\n\n\n\n<div class=\"wp-block-button is-style-outline is-style-outline--3\"><a class=\"wp-block-button__link wp-element-button\" href=\"https:\/\/www.anglet-tourisme.com\/es\/gastronomia\/casetas-de-playa\/\">Descubre<\/a><\/div>\n\n<\/div><\/div>\n\n<\/div>\t\t\t<!--<\/div>-->\n\t\t<\/div>\n\t\t<!-- If we need navigation buttons -->\n\t\t<div class=\"swiper-button-prev prev-ts-block-661d077f94750\"><\/div>\n\t\t<div class=\"swiper-button-next next-ts-block-661d077f94750\"><\/div>\n\t<\/div>\n<\/div>\n\n\n\n<div style=\"height:25px\" aria-hidden=\"true\" class=\"wp-block-spacer\"><\/div>\n<\/div><\/section>\n<\/div><\/div>\n","protected":false},"excerpt":{"rendered":"<p>\u00bfTienes antojo de algo dulce? \u00a1No hay problema! Anglet est\u00e1 lleno de panader\u00edas y pasteler\u00edas de reconocida experiencia dispuestas a recibirte, \u00a1cada una con su especialidad! Aprovecha para probar el famoso pastel vasco, ya sea cl\u00e1sico, de cerezas o de caf\u00e9. \u00a1Los gourmets quedar\u00e1n encantados!<\/p>\n","protected":false},"author":1,"featured_media":6566,"parent":11794,"menu_order":0,"comment_status":"closed","ping_status":"closed","template":"","meta":{"_acf_changed":false,"_seopress_robots_primary_cat":"","_seopress_titles_title":"Pasteler\u00eda vasca: descubre la pasteler\u00eda vasca local en Anglet","_seopress_titles_desc":"\"Satisface tus ganas de dulce con la reposter\u00eda vasca en Anglet, un viaje culinario ineludible para los amantes de los dulces regionales. \"","_seopress_robots_index":"","footnotes":""},"class_list":["post-12083","page","type-page","status-publish","has-post-thumbnail"],"acf":[],"_links":{"self":[{"href":"https:\/\/www.anglet-tourisme.com\/es\/wp-json\/wp\/v2\/pages\/12083","targetHints":{"allow":["GET"]}}],"collection":[{"href":"https:\/\/www.anglet-tourisme.com\/es\/wp-json\/wp\/v2\/pages"}],"about":[{"href":"https:\/\/www.anglet-tourisme.com\/es\/wp-json\/wp\/v2\/types\/page"}],"author":[{"embeddable":true,"href":"https:\/\/www.anglet-tourisme.com\/es\/wp-json\/wp\/v2\/users\/1"}],"replies":[{"embeddable":true,"href":"https:\/\/www.anglet-tourisme.com\/es\/wp-json\/wp\/v2\/comments?post=12083"}],"version-history":[{"count":3,"href":"https:\/\/www.anglet-tourisme.com\/es\/wp-json\/wp\/v2\/pages\/12083\/revisions"}],"predecessor-version":[{"id":19057,"href":"https:\/\/www.anglet-tourisme.com\/es\/wp-json\/wp\/v2\/pages\/12083\/revisions\/19057"}],"up":[{"embeddable":true,"href":"https:\/\/www.anglet-tourisme.com\/es\/wp-json\/wp\/v2\/pages\/11794"}],"wp:featuredmedia":[{"embeddable":true,"href":"https:\/\/www.anglet-tourisme.com\/es\/wp-json\/wp\/v2\/media\/6566"}],"wp:attachment":[{"href":"https:\/\/www.anglet-tourisme.com\/es\/wp-json\/wp\/v2\/media?parent=12083"}],"curies":[{"name":"wp","href":"https:\/\/api.w.org\/{rel}","templated":true}]}}