{"id":12098,"date":"2024-06-06T17:21:40","date_gmt":"2024-06-06T15:21:40","guid":{"rendered":"https:\/\/www.anglet-tourisme.com\/oficina-de-turismo-y-ocio-de-anglet\/nuestra-tienda\/"},"modified":"2024-10-02T11:26:34","modified_gmt":"2024-10-02T09:26:34","slug":"nuestra-tienda","status":"publish","type":"page","link":"https:\/\/www.anglet-tourisme.com\/es\/oficina-de-turismo-y-ocio-de-anglet\/nuestra-tienda\/","title":{"rendered":"Nuestra tienda"},"content":{"rendered":"\n<div class=\"wp-block-columns is-layout-flex wp-container-core-columns-is-layout-9d6595d7 wp-block-columns-is-layout-flex\">\n<div class=\"wp-block-column is-layout-flow wp-block-column-is-layout-flow\" style=\"flex-basis:33.33%\"><div class=\"highlight-bloc-container \" id=\"ts-block-65368af54ee28\"  >\n\t<div class=\"highlight-bloc-content\">\n\t\t<div class=\"acf-innerblocks-container\">\n\n<h1 class=\"wp-block-heading suptitle\">Una tienda de recuerdos dedicada al destino<\/h1>\n\n<\/div>\t<\/div>\n<\/div>\n<\/div>\n\n\n\n<div class=\"wp-block-column is-layout-flow wp-block-column-is-layout-flow\" style=\"flex-basis:66.66%\">\n<p>Orgulloso de ser angloyano o amante del destino, qu\u00e9 placer poder mostrar un poco de Anglet en tu propia casa.<\/p>\n\n\n\n<p>Esto es lo que ofrece la Oficina de Turismo y Ocio de Anglet con su marca <strong>Anglet C\u00f4te<\/strong> <strong>Basque<\/strong> y su selecci\u00f3n de dise\u00f1adores y artesanos locales.<\/p>\n\n\n\n<p>Nuestros productos est\u00e1n a la venta exclusivamente en nuestras boutiques, \u00a1as\u00ed que no esperes m\u00e1s para descubrir esta preciosa colecci\u00f3n!<\/p>\n<\/div>\n<\/div>\n\n\n\n<div style=\"height:80px\" aria-hidden=\"true\" class=\"wp-block-spacer\"><\/div>\n\n\n\n<div class=\"wp-block-columns is-layout-flex wp-container-core-columns-is-layout-9d6595d7 wp-block-columns-is-layout-flex\">\n<div class=\"wp-block-column is-vertically-aligned-center is-layout-flow wp-block-column-is-layout-flow\">\n<figure class=\"wp-block-gallery has-nested-images columns-2 is-cropped wp-block-gallery-1 is-layout-flex wp-block-gallery-is-layout-flex\">\n<figure data-wp-context=\"{&quot;imageId&quot;:&quot;69f0e52e6baed&quot;}\" data-wp-interactive=\"core\/image\" data-wp-key=\"69f0e52e6baed\" class=\"wp-block-image size-large wp-lightbox-container\"><img loading=\"lazy\" decoding=\"async\" width=\"1024\" height=\"683\" data-wp-class--hide=\"state.isContentHidden\" data-wp-class--show=\"state.isContentVisible\" data-wp-init=\"callbacks.setButtonStyles\" data-wp-on--click=\"actions.showLightbox\" data-wp-on--load=\"callbacks.setButtonStyles\" data-wp-on-window--resize=\"callbacks.setButtonStyles\" data-id=\"5925\" src=\"https:\/\/www.anglet-tourisme.com\/wp-content\/uploads\/2024\/06\/Office-I-Love-Anglet_RIB0027_\u00a9RiBLANC-1024x683.jpg\" alt=\"\" class=\"wp-image-5925\" srcset=\"https:\/\/www.anglet-tourisme.com\/wp-content\/uploads\/2024\/06\/Office-I-Love-Anglet_RIB0027_\u00a9RiBLANC-1024x683.jpg 1024w, https:\/\/www.anglet-tourisme.com\/wp-content\/uploads\/2024\/06\/Office-I-Love-Anglet_RIB0027_\u00a9RiBLANC-800x534.jpg 800w, https:\/\/www.anglet-tourisme.com\/wp-content\/uploads\/2024\/06\/Office-I-Love-Anglet_RIB0027_\u00a9RiBLANC-768x512.jpg 768w, https:\/\/www.anglet-tourisme.com\/wp-content\/uploads\/2024\/06\/Office-I-Love-Anglet_RIB0027_\u00a9RiBLANC-1536x1025.jpg 1536w, https:\/\/www.anglet-tourisme.com\/wp-content\/uploads\/2024\/06\/Office-I-Love-Anglet_RIB0027_\u00a9RiBLANC.jpg 2000w\" sizes=\"auto, (max-width: 1024px) 100vw, 1024px\" \/><button\n\t\t\tclass=\"lightbox-trigger\"\n\t\t\ttype=\"button\"\n\t\t\taria-haspopup=\"dialog\"\n\t\t\taria-label=\"Agrandar\"\n\t\t\tdata-wp-init=\"callbacks.initTriggerButton\"\n\t\t\tdata-wp-on--click=\"actions.showLightbox\"\n\t\t\tdata-wp-style--right=\"state.imageButtonRight\"\n\t\t\tdata-wp-style--top=\"state.imageButtonTop\"\n\t\t>\n\t\t\t<svg xmlns=\"http:\/\/www.w3.org\/2000\/svg\" width=\"12\" height=\"12\" fill=\"none\" viewBox=\"0 0 12 12\">\n\t\t\t\t<path fill=\"#fff\" d=\"M2 0a2 2 0 0 0-2 2v2h1.5V2a.5.5 0 0 1 .5-.5h2V0H2Zm2 10.5H2a.5.5 0 0 1-.5-.5V8H0v2a2 2 0 0 0 2 2h2v-1.5ZM8 12v-1.5h2a.5.5 0 0 0 .5-.5V8H12v2a2 2 0 0 1-2 2H8Zm2-12a2 2 0 0 1 2 2v2h-1.5V2a.5.5 0 0 0-.5-.5H8V0h2Z\" \/>\n\t\t\t<\/svg>\n\t\t<\/button><\/figure>\n\n\n\n<figure data-wp-context=\"{&quot;imageId&quot;:&quot;69f0e52e6c0d1&quot;}\" data-wp-interactive=\"core\/image\" data-wp-key=\"69f0e52e6c0d1\" class=\"wp-block-image size-large wp-lightbox-container\"><img loading=\"lazy\" decoding=\"async\" width=\"1024\" height=\"683\" data-wp-class--hide=\"state.isContentHidden\" data-wp-class--show=\"state.isContentVisible\" data-wp-init=\"callbacks.setButtonStyles\" data-wp-on--click=\"actions.showLightbox\" data-wp-on--load=\"callbacks.setButtonStyles\" data-wp-on-window--resize=\"callbacks.setButtonStyles\" data-id=\"5931\" src=\"https:\/\/www.anglet-tourisme.com\/wp-content\/uploads\/2024\/06\/Office-I-Love-Anglet_RIB0042_\u00a9RiBLANC-1024x683.jpg\" alt=\"\" class=\"wp-image-5931\" srcset=\"https:\/\/www.anglet-tourisme.com\/wp-content\/uploads\/2024\/06\/Office-I-Love-Anglet_RIB0042_\u00a9RiBLANC-1024x683.jpg 1024w, https:\/\/www.anglet-tourisme.com\/wp-content\/uploads\/2024\/06\/Office-I-Love-Anglet_RIB0042_\u00a9RiBLANC-800x534.jpg 800w, https:\/\/www.anglet-tourisme.com\/wp-content\/uploads\/2024\/06\/Office-I-Love-Anglet_RIB0042_\u00a9RiBLANC-768x512.jpg 768w, https:\/\/www.anglet-tourisme.com\/wp-content\/uploads\/2024\/06\/Office-I-Love-Anglet_RIB0042_\u00a9RiBLANC-1536x1025.jpg 1536w, https:\/\/www.anglet-tourisme.com\/wp-content\/uploads\/2024\/06\/Office-I-Love-Anglet_RIB0042_\u00a9RiBLANC.jpg 2000w\" sizes=\"auto, (max-width: 1024px) 100vw, 1024px\" \/><button\n\t\t\tclass=\"lightbox-trigger\"\n\t\t\ttype=\"button\"\n\t\t\taria-haspopup=\"dialog\"\n\t\t\taria-label=\"Agrandar\"\n\t\t\tdata-wp-init=\"callbacks.initTriggerButton\"\n\t\t\tdata-wp-on--click=\"actions.showLightbox\"\n\t\t\tdata-wp-style--right=\"state.imageButtonRight\"\n\t\t\tdata-wp-style--top=\"state.imageButtonTop\"\n\t\t>\n\t\t\t<svg xmlns=\"http:\/\/www.w3.org\/2000\/svg\" width=\"12\" height=\"12\" fill=\"none\" viewBox=\"0 0 12 12\">\n\t\t\t\t<path fill=\"#fff\" d=\"M2 0a2 2 0 0 0-2 2v2h1.5V2a.5.5 0 0 1 .5-.5h2V0H2Zm2 10.5H2a.5.5 0 0 1-.5-.5V8H0v2a2 2 0 0 0 2 2h2v-1.5ZM8 12v-1.5h2a.5.5 0 0 0 .5-.5V8H12v2a2 2 0 0 1-2 2H8Zm2-12a2 2 0 0 1 2 2v2h-1.5V2a.5.5 0 0 0-.5-.5H8V0h2Z\" \/>\n\t\t\t<\/svg>\n\t\t<\/button><\/figure>\n\n\n\n<figure data-wp-context=\"{&quot;imageId&quot;:&quot;69f0e52e6c551&quot;}\" data-wp-interactive=\"core\/image\" data-wp-key=\"69f0e52e6c551\" class=\"wp-block-image size-large wp-lightbox-container\"><img loading=\"lazy\" decoding=\"async\" width=\"1024\" height=\"683\" data-wp-class--hide=\"state.isContentHidden\" data-wp-class--show=\"state.isContentVisible\" data-wp-init=\"callbacks.setButtonStyles\" data-wp-on--click=\"actions.showLightbox\" data-wp-on--load=\"callbacks.setButtonStyles\" data-wp-on-window--resize=\"callbacks.setButtonStyles\" data-id=\"5898\" src=\"https:\/\/www.anglet-tourisme.com\/wp-content\/uploads\/2024\/06\/Office-I-Love-Anglet_RIB0044_\u00a9RiBLANC-1024x683.jpg\" alt=\"\" class=\"wp-image-5898\" srcset=\"https:\/\/www.anglet-tourisme.com\/wp-content\/uploads\/2024\/06\/Office-I-Love-Anglet_RIB0044_\u00a9RiBLANC-1024x683.jpg 1024w, https:\/\/www.anglet-tourisme.com\/wp-content\/uploads\/2024\/06\/Office-I-Love-Anglet_RIB0044_\u00a9RiBLANC-800x534.jpg 800w, https:\/\/www.anglet-tourisme.com\/wp-content\/uploads\/2024\/06\/Office-I-Love-Anglet_RIB0044_\u00a9RiBLANC-768x512.jpg 768w, https:\/\/www.anglet-tourisme.com\/wp-content\/uploads\/2024\/06\/Office-I-Love-Anglet_RIB0044_\u00a9RiBLANC-1536x1025.jpg 1536w, https:\/\/www.anglet-tourisme.com\/wp-content\/uploads\/2024\/06\/Office-I-Love-Anglet_RIB0044_\u00a9RiBLANC.jpg 2000w\" sizes=\"auto, (max-width: 1024px) 100vw, 1024px\" \/><button\n\t\t\tclass=\"lightbox-trigger\"\n\t\t\ttype=\"button\"\n\t\t\taria-haspopup=\"dialog\"\n\t\t\taria-label=\"Agrandar\"\n\t\t\tdata-wp-init=\"callbacks.initTriggerButton\"\n\t\t\tdata-wp-on--click=\"actions.showLightbox\"\n\t\t\tdata-wp-style--right=\"state.imageButtonRight\"\n\t\t\tdata-wp-style--top=\"state.imageButtonTop\"\n\t\t>\n\t\t\t<svg xmlns=\"http:\/\/www.w3.org\/2000\/svg\" width=\"12\" height=\"12\" fill=\"none\" viewBox=\"0 0 12 12\">\n\t\t\t\t<path fill=\"#fff\" d=\"M2 0a2 2 0 0 0-2 2v2h1.5V2a.5.5 0 0 1 .5-.5h2V0H2Zm2 10.5H2a.5.5 0 0 1-.5-.5V8H0v2a2 2 0 0 0 2 2h2v-1.5ZM8 12v-1.5h2a.5.5 0 0 0 .5-.5V8H12v2a2 2 0 0 1-2 2H8Zm2-12a2 2 0 0 1 2 2v2h-1.5V2a.5.5 0 0 0-.5-.5H8V0h2Z\" \/>\n\t\t\t<\/svg>\n\t\t<\/button><\/figure>\n<\/figure>\n<\/div>\n\n\n\n<div class=\"wp-block-column is-vertically-aligned-center is-layout-flow wp-block-column-is-layout-flow\">\n<h2 class=\"wp-block-heading\">Un nuevo escaparate para la creatividad local  <\/h2>\n\n\n\n<p>En 2021, la Oficina de Turismo y Ocio de Anglet crear\u00e1 una tienda de recuerdos de nuevo estilo en el coraz\u00f3n de sus dos \u00e1reas de recepci\u00f3n.\nEsta tienda conceptual mostrar\u00e1 el saber hacer local para ofrecer a los visitantes una experiencia a\u00fan m\u00e1s envolvente del destino, gracias a los recuerdos de producci\u00f3n local y artesanal. <\/p>\n\n\n\n<p>Abrir de un empuj\u00f3n la puerta de entrada de este espacio natural y despejado, compuesto por muebles de madera y elementos reciclados, es como embarcarse en un viaje a un mundo de deporte, naturaleza y bienestar, donde el dise\u00f1o responsable y el compromiso ocupan un lugar destacado.\nVelas, ropa de hogar, p\u00f3sters, cajas gourmet&#8230; no faltan los souvenirs. <\/p>\n\n\n\n<p>El equipo tiene incluso su propia marca, <strong>Anglet C\u00f4te Basque<\/strong> y <strong>La Chambre d&#8217;Amour Anglet<\/strong>.\nCamisetas, sudaderas y otros art\u00edculos de una nueva colecci\u00f3n totalmente de algod\u00f3n org\u00e1nico, ya disponibles. <\/p>\n\n\n\n<p>El saber hacer local tambi\u00e9n se exhibe en atractivos escaparates tem\u00e1ticos y estacionales, que animan a los transe\u00fantes a descubrir el aut\u00e9ntico Anglet de los barrios y los oficios, lejos de la costa y el bosque.\nTambi\u00e9n hay nuevas creaciones y colaboraciones que descubrir, como la de la pasteler\u00eda Maison Gautier y sus deliciosos Sabl\u00e9s d&#8217;Or. <\/p>\n<\/div>\n<\/div>\n\n\n\n<div style=\"height:70px\" aria-hidden=\"true\" class=\"wp-block-spacer\"><\/div>\n\n\n\n<div class=\"wp-block-group\"><div class=\"wp-block-group__inner-container is-layout-constrained wp-block-group-is-layout-constrained\">\n<div class=\"wp-block-columns is-layout-flex wp-container-core-columns-is-layout-9d6595d7 wp-block-columns-is-layout-flex\">\n<div class=\"wp-block-column is-layout-flow wp-block-column-is-layout-flow\" style=\"flex-basis:50%\">\n<div class=\"wp-block-cover is-light alert\" style=\"min-height:107px;aspect-ratio:unset;\"><span aria-hidden=\"true\" class=\"wp-block-cover__background has-white-background-color has-background-dim-100 has-background-dim\"><\/span><div class=\"wp-block-cover__inner-container is-layout-constrained wp-block-cover-is-layout-constrained\">\n<div class=\"wp-block-group is-nowrap is-layout-flex wp-container-core-group-is-layout-ad2f72ca wp-block-group-is-layout-flex\"><div class=\"wp-block-image\">\n<figure class=\"alignleft size-full is-resized\"><img loading=\"lazy\" decoding=\"async\" width=\"431\" height=\"415\" src=\"https:\/\/www.anglet-tourisme.com\/wp-content\/uploads\/2024\/05\/Anglet-Cote-Basque-PICTOS-V2_page-0001-1.jpg\" alt=\"\" class=\"wp-image-2472\" style=\"aspect-ratio:1;object-fit:cover;width:43px;height:auto\"\/><\/figure>\n<\/div>\n\n\n<h2 class=\"wp-block-heading has-text-align-left has-blue-color has-text-color has-small-font-size\"><strong>DESCUBRE NUESTRAS TIENDAS<\/strong><\/h2>\n<\/div>\n\n\n\n<p><strong>Boutique des Cinq Cantons<\/strong><br>1 avenue de la Chambre d&#8217;Amour, Anglet<\/p>\n\n\n\n<p><strong>Boutique de la Chambre d&#8217;Amour<\/strong><br>Avenue des Dauphins, Anglet<\/p>\n\n\n\n<div style=\"height:40px\" aria-hidden=\"true\" class=\"wp-block-spacer\"><\/div>\n<\/div><\/div>\n<\/div>\n<\/div>\n<\/div><\/div>\n","protected":false},"excerpt":{"rendered":"<p>Orgulloso de ser angloyano o amante del destino, qu\u00e9 placer poder mostrar un poco de Anglet en tu propia casa. Esto es lo que ofrece la Oficina de Turismo y Ocio de Anglet con su marca Anglet C\u00f4te Basque y su selecci\u00f3n de dise\u00f1adores y artesanos locales. Nuestros productos est\u00e1n [&hellip;]<\/p>\n","protected":false},"author":5,"featured_media":5900,"parent":11796,"menu_order":0,"comment_status":"closed","ping_status":"closed","template":"","meta":{"_acf_changed":false,"_seopress_robots_primary_cat":"","_seopress_titles_title":"Boutique Anglet C\u00f4te Basque: Un nuevo escaparate para el dise\u00f1o local.","_seopress_titles_desc":"Una tienda de recuerdos en Anglet que muestra el saber hacer local para ofrecer a los visitantes una experiencia a\u00fan m\u00e1s envolvente del destino.","_seopress_robots_index":"","footnotes":""},"class_list":["post-12098","page","type-page","status-publish","has-post-thumbnail"],"acf":[],"_links":{"self":[{"href":"https:\/\/www.anglet-tourisme.com\/es\/wp-json\/wp\/v2\/pages\/12098","targetHints":{"allow":["GET"]}}],"collection":[{"href":"https:\/\/www.anglet-tourisme.com\/es\/wp-json\/wp\/v2\/pages"}],"about":[{"href":"https:\/\/www.anglet-tourisme.com\/es\/wp-json\/wp\/v2\/types\/page"}],"author":[{"embeddable":true,"href":"https:\/\/www.anglet-tourisme.com\/es\/wp-json\/wp\/v2\/users\/5"}],"replies":[{"embeddable":true,"href":"https:\/\/www.anglet-tourisme.com\/es\/wp-json\/wp\/v2\/comments?post=12098"}],"version-history":[{"count":0,"href":"https:\/\/www.anglet-tourisme.com\/es\/wp-json\/wp\/v2\/pages\/12098\/revisions"}],"up":[{"embeddable":true,"href":"https:\/\/www.anglet-tourisme.com\/es\/wp-json\/wp\/v2\/pages\/11796"}],"wp:featuredmedia":[{"embeddable":true,"href":"https:\/\/www.anglet-tourisme.com\/es\/wp-json\/wp\/v2\/media\/5900"}],"wp:attachment":[{"href":"https:\/\/www.anglet-tourisme.com\/es\/wp-json\/wp\/v2\/media?parent=12098"}],"curies":[{"name":"wp","href":"https:\/\/api.w.org\/{rel}","templated":true}]}}