{"id":12123,"date":"2024-06-07T10:33:51","date_gmt":"2024-06-07T08:33:51","guid":{"rendered":"https:\/\/www.anglet-tourisme.com\/de-compras\/brocantes-y-mercadillos\/rastro-de-quintaou\/"},"modified":"2026-01-28T09:55:37","modified_gmt":"2026-01-28T08:55:37","slug":"rastro-de-quintaou","status":"publish","type":"page","link":"https:\/\/www.anglet-tourisme.com\/es\/de-compras\/brocantes-y-mercadillos\/rastro-de-quintaou\/","title":{"rendered":"Rastro de Quintaou"},"content":{"rendered":"\n<div class=\"wp-block-group\"><div class=\"wp-block-group__inner-container is-layout-constrained wp-block-group-is-layout-constrained\">\n<div class=\"wp-block-columns is-layout-flex wp-container-core-columns-is-layout-9d6595d7 wp-block-columns-is-layout-flex\">\n<div class=\"wp-block-column is-vertically-aligned-top is-layout-flow wp-block-column-is-layout-flow\">\n<figure class=\"wp-block-gallery has-nested-images columns-2 is-cropped wp-block-gallery-1 is-layout-flex wp-block-gallery-is-layout-flex\">\n<figure data-wp-context=\"{&quot;imageId&quot;:&quot;69f8df304ae13&quot;}\" data-wp-interactive=\"core\/image\" data-wp-key=\"69f8df304ae13\" class=\"wp-block-image size-large wp-lightbox-container\"><img loading=\"lazy\" decoding=\"async\" width=\"1024\" height=\"716\" data-wp-class--hide=\"state.isContentHidden\" data-wp-class--show=\"state.isContentVisible\" data-wp-init=\"callbacks.setButtonStyles\" data-wp-on--click=\"actions.showLightbox\" data-wp-on--load=\"callbacks.setButtonStyles\" data-wp-on-window--resize=\"callbacks.setButtonStyles\" data-id=\"5326\" src=\"https:\/\/www.anglet-tourisme.com\/wp-content\/uploads\/2024\/05\/clem-onojeghuo-pTeZKi29EYE-unsplash-1024x716.jpg\" alt=\"\" class=\"wp-image-5326\" srcset=\"https:\/\/www.anglet-tourisme.com\/wp-content\/uploads\/2024\/05\/clem-onojeghuo-pTeZKi29EYE-unsplash-1024x716.jpg 1024w, https:\/\/www.anglet-tourisme.com\/wp-content\/uploads\/2024\/05\/clem-onojeghuo-pTeZKi29EYE-unsplash-800x559.jpg 800w, https:\/\/www.anglet-tourisme.com\/wp-content\/uploads\/2024\/05\/clem-onojeghuo-pTeZKi29EYE-unsplash-768x537.jpg 768w, https:\/\/www.anglet-tourisme.com\/wp-content\/uploads\/2024\/05\/clem-onojeghuo-pTeZKi29EYE-unsplash-1536x1074.jpg 1536w, https:\/\/www.anglet-tourisme.com\/wp-content\/uploads\/2024\/05\/clem-onojeghuo-pTeZKi29EYE-unsplash-scaled.jpg 2048w\" sizes=\"auto, (max-width: 1024px) 100vw, 1024px\" \/><button\n\t\t\tclass=\"lightbox-trigger\"\n\t\t\ttype=\"button\"\n\t\t\taria-haspopup=\"dialog\"\n\t\t\taria-label=\"Agrandar\"\n\t\t\tdata-wp-init=\"callbacks.initTriggerButton\"\n\t\t\tdata-wp-on--click=\"actions.showLightbox\"\n\t\t\tdata-wp-style--right=\"state.imageButtonRight\"\n\t\t\tdata-wp-style--top=\"state.imageButtonTop\"\n\t\t>\n\t\t\t<svg xmlns=\"http:\/\/www.w3.org\/2000\/svg\" width=\"12\" height=\"12\" fill=\"none\" viewBox=\"0 0 12 12\">\n\t\t\t\t<path fill=\"#fff\" d=\"M2 0a2 2 0 0 0-2 2v2h1.5V2a.5.5 0 0 1 .5-.5h2V0H2Zm2 10.5H2a.5.5 0 0 1-.5-.5V8H0v2a2 2 0 0 0 2 2h2v-1.5ZM8 12v-1.5h2a.5.5 0 0 0 .5-.5V8H12v2a2 2 0 0 1-2 2H8Zm2-12a2 2 0 0 1 2 2v2h-1.5V2a.5.5 0 0 0-.5-.5H8V0h2Z\" \/>\n\t\t\t<\/svg>\n\t\t<\/button><\/figure>\n\n\n\n<figure data-wp-context=\"{&quot;imageId&quot;:&quot;69f8df304b500&quot;}\" data-wp-interactive=\"core\/image\" data-wp-key=\"69f8df304b500\" class=\"wp-block-image size-large wp-lightbox-container\"><img loading=\"lazy\" decoding=\"async\" width=\"1024\" height=\"768\" data-wp-class--hide=\"state.isContentHidden\" data-wp-class--show=\"state.isContentVisible\" data-wp-init=\"callbacks.setButtonStyles\" data-wp-on--click=\"actions.showLightbox\" data-wp-on--load=\"callbacks.setButtonStyles\" data-wp-on-window--resize=\"callbacks.setButtonStyles\" data-id=\"5440\" src=\"https:\/\/www.anglet-tourisme.com\/wp-content\/uploads\/2024\/06\/2-Brocantes-et-puces-IMG-8242-1024x768.jpg\" alt=\"\" class=\"wp-image-5440\" srcset=\"https:\/\/www.anglet-tourisme.com\/wp-content\/uploads\/2024\/06\/2-Brocantes-et-puces-IMG-8242-1024x768.jpg 1024w, https:\/\/www.anglet-tourisme.com\/wp-content\/uploads\/2024\/06\/2-Brocantes-et-puces-IMG-8242-800x600.jpg 800w, https:\/\/www.anglet-tourisme.com\/wp-content\/uploads\/2024\/06\/2-Brocantes-et-puces-IMG-8242-768x576.jpg 768w, https:\/\/www.anglet-tourisme.com\/wp-content\/uploads\/2024\/06\/2-Brocantes-et-puces-IMG-8242-1536x1152.jpg 1536w, https:\/\/www.anglet-tourisme.com\/wp-content\/uploads\/2024\/06\/2-Brocantes-et-puces-IMG-8242-scaled.jpg 2048w\" sizes=\"auto, (max-width: 1024px) 100vw, 1024px\" \/><button\n\t\t\tclass=\"lightbox-trigger\"\n\t\t\ttype=\"button\"\n\t\t\taria-haspopup=\"dialog\"\n\t\t\taria-label=\"Agrandar\"\n\t\t\tdata-wp-init=\"callbacks.initTriggerButton\"\n\t\t\tdata-wp-on--click=\"actions.showLightbox\"\n\t\t\tdata-wp-style--right=\"state.imageButtonRight\"\n\t\t\tdata-wp-style--top=\"state.imageButtonTop\"\n\t\t>\n\t\t\t<svg xmlns=\"http:\/\/www.w3.org\/2000\/svg\" width=\"12\" height=\"12\" fill=\"none\" viewBox=\"0 0 12 12\">\n\t\t\t\t<path fill=\"#fff\" d=\"M2 0a2 2 0 0 0-2 2v2h1.5V2a.5.5 0 0 1 .5-.5h2V0H2Zm2 10.5H2a.5.5 0 0 1-.5-.5V8H0v2a2 2 0 0 0 2 2h2v-1.5ZM8 12v-1.5h2a.5.5 0 0 0 .5-.5V8H12v2a2 2 0 0 1-2 2H8Zm2-12a2 2 0 0 1 2 2v2h-1.5V2a.5.5 0 0 0-.5-.5H8V0h2Z\" \/>\n\t\t\t<\/svg>\n\t\t<\/button><\/figure>\n\n\n\n<figure data-wp-context=\"{&quot;imageId&quot;:&quot;69f8df304b9fb&quot;}\" data-wp-interactive=\"core\/image\" data-wp-key=\"69f8df304b9fb\" class=\"wp-block-image size-large wp-lightbox-container\"><img loading=\"lazy\" decoding=\"async\" width=\"1024\" height=\"683\" data-wp-class--hide=\"state.isContentHidden\" data-wp-class--show=\"state.isContentVisible\" data-wp-init=\"callbacks.setButtonStyles\" data-wp-on--click=\"actions.showLightbox\" data-wp-on--load=\"callbacks.setButtonStyles\" data-wp-on-window--resize=\"callbacks.setButtonStyles\" data-id=\"5437\" src=\"https:\/\/www.anglet-tourisme.com\/wp-content\/uploads\/2024\/06\/artificial-photography-S_bbqW4yQZA-unsplash-1024x683.jpg\" alt=\"\" class=\"wp-image-5437\" srcset=\"https:\/\/www.anglet-tourisme.com\/wp-content\/uploads\/2024\/06\/artificial-photography-S_bbqW4yQZA-unsplash-1024x683.jpg 1024w, https:\/\/www.anglet-tourisme.com\/wp-content\/uploads\/2024\/06\/artificial-photography-S_bbqW4yQZA-unsplash-800x533.jpg 800w, https:\/\/www.anglet-tourisme.com\/wp-content\/uploads\/2024\/06\/artificial-photography-S_bbqW4yQZA-unsplash-768x512.jpg 768w, https:\/\/www.anglet-tourisme.com\/wp-content\/uploads\/2024\/06\/artificial-photography-S_bbqW4yQZA-unsplash-1536x1024.jpg 1536w, https:\/\/www.anglet-tourisme.com\/wp-content\/uploads\/2024\/06\/artificial-photography-S_bbqW4yQZA-unsplash-scaled.jpg 2048w\" sizes=\"auto, (max-width: 1024px) 100vw, 1024px\" \/><button\n\t\t\tclass=\"lightbox-trigger\"\n\t\t\ttype=\"button\"\n\t\t\taria-haspopup=\"dialog\"\n\t\t\taria-label=\"Agrandar\"\n\t\t\tdata-wp-init=\"callbacks.initTriggerButton\"\n\t\t\tdata-wp-on--click=\"actions.showLightbox\"\n\t\t\tdata-wp-style--right=\"state.imageButtonRight\"\n\t\t\tdata-wp-style--top=\"state.imageButtonTop\"\n\t\t>\n\t\t\t<svg xmlns=\"http:\/\/www.w3.org\/2000\/svg\" width=\"12\" height=\"12\" fill=\"none\" viewBox=\"0 0 12 12\">\n\t\t\t\t<path fill=\"#fff\" d=\"M2 0a2 2 0 0 0-2 2v2h1.5V2a.5.5 0 0 1 .5-.5h2V0H2Zm2 10.5H2a.5.5 0 0 1-.5-.5V8H0v2a2 2 0 0 0 2 2h2v-1.5ZM8 12v-1.5h2a.5.5 0 0 0 .5-.5V8H12v2a2 2 0 0 1-2 2H8Zm2-12a2 2 0 0 1 2 2v2h-1.5V2a.5.5 0 0 0-.5-.5H8V0h2Z\" \/>\n\t\t\t<\/svg>\n\t\t<\/button><\/figure>\n<\/figure>\n<\/div>\n\n\n\n<div class=\"wp-block-column is-vertically-aligned-top is-layout-flow wp-block-column-is-layout-flow\">\n<h2 class=\"wp-block-heading\"><strong>\u00a1Una escapada vintage en Anglet!  <\/strong><\/h2>\n\n\n\n<p><strong>Cada cuarto s\u00e1bado de mes<\/strong>, de 8 a 18 h, las <strong>Puces de Quintaou<\/strong> de Anglet te sumergen en el vibrante y ecl\u00e9ctico mundo de los mercadillos. Enclavado en el coraz\u00f3n de la ciudad, este mercado al aire libre atrae a buscadores de gangas, entusiastas de las antig\u00fcedades, amantes de los art\u00edculos de segunda mano y curiosos en busca de tesoros ocultos.<\/p>\n\n\n\n<p>Quintaou es el mayor rastro de la Costa Vasca, que re\u00fane a m\u00e1s de 150 expositores, aficionados y profesionales, que ofrecen un sinf\u00edn de sorpresas: muebles antiguos, objetos de decoraci\u00f3n vintage, ropa retro, vajillas antiguas, libros, instrumentos musicales y mucho m\u00e1s.<\/p>\n\n\n\n<p>En resumen, una visita a las <strong>Puces de Quintaou<\/strong> en Anglet es una experiencia vintage y aut\u00e9ntica, al tiempo que se adopta un enfoque ecorresponsable.\nEs una oportunidad para consumir de forma m\u00e1s sensata, mientras te das un capricho y descubres tesoros \u00fanicos y originales. <\/p>\n\n\n\n<p>Organizado por <strong>Agora \u00c9v\u00e9nement<\/strong>, \u00a1tambi\u00e9n puedes reservar un stand con ellos para exponer tus objetos y darles una segunda vida!<\/p>\n\n\n\n<div style=\"height:40px\" aria-hidden=\"true\" class=\"wp-block-spacer\"><\/div>\n\n\n\n<div class=\"wp-block-buttons is-layout-flex wp-block-buttons-is-layout-flex\">\n<div class=\"wp-block-button\"><a class=\"wp-block-button__link wp-element-button\" href=\"https:\/\/www.anglet-tourisme.com\/wp-content\/uploads\/2026\/01\/calendrier2026_puces-quintaou.pdf\" target=\"_blank\" rel=\"noreferrer noopener\">Descargar el calendario del Rastro de Quintaou<\/a><\/div>\n<\/div>\n<\/div>\n<\/div>\n<\/div><\/div>\n\n\n\n<div style=\"height:80px\" aria-hidden=\"true\" class=\"wp-block-spacer\"><\/div>\n\n\n\n<div class=\"wp-block-group\"><div class=\"wp-block-group__inner-container is-layout-constrained wp-block-group-is-layout-constrained\">\n<div class=\"wp-block-columns is-layout-flex wp-container-core-columns-is-layout-9d6595d7 wp-block-columns-is-layout-flex\">\n<div class=\"wp-block-column is-layout-flow wp-block-column-is-layout-flow\" style=\"flex-basis:66.66%\">\n<div class=\"wp-block-cover is-light alert\" style=\"min-height:107px;aspect-ratio:unset;\"><span aria-hidden=\"true\" class=\"wp-block-cover__background has-white-background-color has-background-dim-100 has-background-dim\"><\/span><div class=\"wp-block-cover__inner-container is-layout-constrained wp-block-cover-is-layout-constrained\">\n<div class=\"wp-block-group is-nowrap is-layout-flex wp-container-core-group-is-layout-ad2f72ca wp-block-group-is-layout-flex\"><div class=\"wp-block-image\">\n<figure class=\"alignleft size-full is-resized\"><img loading=\"lazy\" decoding=\"async\" width=\"431\" height=\"415\" src=\"https:\/\/www.anglet-tourisme.com\/wp-content\/uploads\/2024\/05\/Anglet-Cote-Basque-PICTOS-V2_page-0001-1.jpg\" alt=\"\" class=\"wp-image-2472\" style=\"aspect-ratio:1;object-fit:cover;width:67px;height:auto\"\/><\/figure>\n<\/div>\n\n\n<h3 class=\"wp-block-heading has-text-align-left has-blue-color has-text-color has-small-font-size\"><strong>INFORMACI\u00d3N<\/strong><\/h3>\n<\/div>\n\n\n\n<p><br><strong>DIRECCI\u00d3N<\/strong><br>Esplanade Quintaou, 64600 ANGLET<\/p>\n\n\n\n<p><strong>ENTRADA GRATUITA<\/strong><\/p>\n\n\n\n<p><strong>CONTACTO<\/strong><br>+33 (0)6 87 01 72 25<br><a href=\"mailto:contact@agora-evenements.fr\">contact@agora-evenements.fr<\/a><br><a href=\"https:\/\/www.puces-quintaou.com\/\" data-type=\"link\" data-id=\"https:\/\/www.puces-quintaou.com\/\" target=\"_blank\" rel=\"noreferrer noopener\">Ver el sitio web<\/a><\/p>\n\n\n\n<p><strong>MASCOTAS<\/strong><br>Se admiten mascotas<\/p>\n\n\n\n<div style=\"height:40px\" aria-hidden=\"true\" class=\"wp-block-spacer\"><\/div>\n<\/div><\/div>\n<\/div>\n\n\n\n<div class=\"wp-block-column is-vertically-aligned-center is-layout-flow wp-block-column-is-layout-flow\" style=\"flex-basis:66.66%\">\n<div class=\"wp-block-columns is-layout-flex wp-container-core-columns-is-layout-9d6595d7 wp-block-columns-is-layout-flex\">\n<div class=\"wp-block-column is-layout-flow wp-block-column-is-layout-flow\">\n<h3 class=\"wp-block-heading\">Accesibilidad<\/h3>\n\n\n\n<ul class=\"wp-block-list\">\n<li>Aparcamiento gratuito en la Zona Azul (se necesita disco azul)<\/li>\n\n\n\n<li>Paradas de autob\u00fas <\/li>\n<\/ul>\n<\/div>\n\n\n\n<div class=\"wp-block-column is-vertically-aligned-center is-layout-flow wp-block-column-is-layout-flow\">\n<div class=\"wp-block-buttons is-layout-flex wp-container-core-buttons-is-layout-6b4e3324 wp-block-buttons-is-layout-flex\">\n<div class=\"wp-block-button\"><a class=\"wp-block-button__link has-text-align-center wp-element-button\" href=\"https:\/\/itineraires.txiktxak.fr\/fr\/horaires\/Anglet\/arret\/Quintaou-Endarra\/place_ENDA\" target=\"_blank\" rel=\"nofollow noreferrer noopener\">Venir en autob\u00fas<\/a><\/div>\n<\/div>\n<\/div>\n<\/div>\n\n\n\n<div class=\"frame-responsive\"><iframe loading=\"lazy\" width=\"425\" height=\"350\" src=\"https:\/\/www.openstreetmap.org\/export\/embed.html?bbox=-1.5194499492645266%2C43.4810288017219%2C-1.505652666091919%2C43.48634563233167&#038;layer=mapnik&#038;marker=43.48369116778103%2C-1.5125513076782227\" style=\"border: 1px solid black\"><\/iframe><br\/><small><a href=\"https:\/\/www.openstreetmap.org\/?mlat=43.48369&#038;mlon=-1.51255#map=17\/43.48369\/-1.51255\">\n<\/a><\/small><\/div>\n<\/div>\n<\/div>\n<\/div><\/div>\n","protected":false},"excerpt":{"rendered":"<p>\u00a1Una escapada vintage en Anglet! Cada cuarto s\u00e1bado de mes, de 8 a 18 h, las Puces de Quintaou de Anglet te sumergen en el vibrante y ecl\u00e9ctico mundo de los mercadillos. Enclavado en el coraz\u00f3n de la ciudad, este mercado al aire libre atrae a buscadores de gangas, entusiastas [&hellip;]<\/p>\n","protected":false},"author":5,"featured_media":3048,"parent":12121,"menu_order":0,"comment_status":"closed","ping_status":"closed","template":"","meta":{"_acf_changed":false,"_seopress_robots_primary_cat":"","_seopress_titles_title":"Rastro en Anglet: informaci\u00f3n pr\u00e1ctica","_seopress_titles_desc":"Informaci\u00f3n pr\u00e1ctica sobre el mercadillo de Anglet: fechas, lugares y consejos para buscar gangas de forma eficaz en la plaza de Quintaou.","_seopress_robots_index":"","footnotes":""},"class_list":["post-12123","page","type-page","status-publish","has-post-thumbnail"],"acf":[],"_links":{"self":[{"href":"https:\/\/www.anglet-tourisme.com\/es\/wp-json\/wp\/v2\/pages\/12123","targetHints":{"allow":["GET"]}}],"collection":[{"href":"https:\/\/www.anglet-tourisme.com\/es\/wp-json\/wp\/v2\/pages"}],"about":[{"href":"https:\/\/www.anglet-tourisme.com\/es\/wp-json\/wp\/v2\/types\/page"}],"author":[{"embeddable":true,"href":"https:\/\/www.anglet-tourisme.com\/es\/wp-json\/wp\/v2\/users\/5"}],"replies":[{"embeddable":true,"href":"https:\/\/www.anglet-tourisme.com\/es\/wp-json\/wp\/v2\/comments?post=12123"}],"version-history":[{"count":3,"href":"https:\/\/www.anglet-tourisme.com\/es\/wp-json\/wp\/v2\/pages\/12123\/revisions"}],"predecessor-version":[{"id":19897,"href":"https:\/\/www.anglet-tourisme.com\/es\/wp-json\/wp\/v2\/pages\/12123\/revisions\/19897"}],"up":[{"embeddable":true,"href":"https:\/\/www.anglet-tourisme.com\/es\/wp-json\/wp\/v2\/pages\/12121"}],"wp:featuredmedia":[{"embeddable":true,"href":"https:\/\/www.anglet-tourisme.com\/es\/wp-json\/wp\/v2\/media\/3048"}],"wp:attachment":[{"href":"https:\/\/www.anglet-tourisme.com\/es\/wp-json\/wp\/v2\/media?parent=12123"}],"curies":[{"name":"wp","href":"https:\/\/api.w.org\/{rel}","templated":true}]}}